{"id":77,"date":"2022-10-24T13:38:40","date_gmt":"2022-10-24T10:38:40","guid":{"rendered":"https:\/\/papunet.net\/saavutettavuus\/?page_id=77"},"modified":"2023-02-02T13:48:52","modified_gmt":"2023-02-02T11:48:52","slug":"vad-ar-anvandbarhet","status":"publish","type":"page","link":"https:\/\/papunet.net\/saavutettavuus\/pa-svenska\/varfor-tillgangligt\/vad-ar-anvandbarhet\/","title":{"rendered":"Vad \u00e4r anv\u00e4ndbarhet?"},"content":{"rendered":"\n<p>Anv\u00e4ndbarhet inneb\u00e4r att en apparat eller en tj\u00e4nst \u00e4r l\u00e4tt att anv\u00e4nda. Till anv\u00e4ndbarhet anknyter \u00e4ven hur nyttig och tillg\u00e4nglig apparaten eller tj\u00e4nsten \u00e4r.<\/p>\n<p>Enligt Jakob Nielsen, forskare i anv\u00e4ndbarhet, best\u00e5r anv\u00e4ndbarhet av f\u00f6ljande faktorer:<\/p>\n<ul>\n<li>L\u00e4rbarhet. Hur snabbt kan anv\u00e4ndaren b\u00f6rja anv\u00e4nda en apparat eller en tj\u00e4nst?<\/li>\n<li>Effektivitet. Hur effektivt kan anv\u00e4ndaren genomf\u00f6ra det hen vill uppn\u00e5?<\/li>\n<li>F\u00f6rm\u00e5ga att komma ih\u00e5g. Hur v\u00e4l bevaras anv\u00e4ndarens f\u00e4rdighet att anv\u00e4nda apparaten eller tj\u00e4nsten efter en paus i anv\u00e4ndningen?<\/li>\n<li>Felfrihet. Hur m\u00e5nga fel g\u00f6r anv\u00e4ndaren under anv\u00e4ndningen? Hur l\u00e4tt kan hen observera och korrigera sina fel?<\/li>\n<li>Tillfredsst\u00e4llelse. Hur positiv och tillfredsst\u00e4llande upplever anv\u00e4ndaren att anv\u00e4ndningen av apparaten eller tj\u00e4nsten \u00e4r?<\/li>\n<\/ul>\n<h2>Hur utv\u00e4rderas anv\u00e4ndbarhet?<\/h2>\n<p>N\u00e4r man utv\u00e4rderar anv\u00e4ndbarhet str\u00e4var man efter att utv\u00e4rdera hur de verkliga anv\u00e4ndarna av apparaten eller tj\u00e4nsten anv\u00e4nder dem i verkliga situationer.<\/p>\n<p>Om anv\u00e4ndarna klarar av att uppn\u00e5 sina m\u00e5l snabbt och utan problem \u00e4r apparaten eller tj\u00e4nsten till sin anv\u00e4ndbarhet god. Om anv\u00e4ndaren inte kan anv\u00e4nda apparaten eller tj\u00e4nsten, \u00e4r det inte anv\u00e4ndarens fel, utan anv\u00e4ndningen av apparaten eller tj\u00e4nsten \u00e4r d\u00e5ligt planerad.<\/p>\n<p>N\u00e4r man exempelvis utv\u00e4rderar anv\u00e4ndbarheten av n\u00e4tbanken kunde man som en anv\u00e4ndningssituation utv\u00e4rdera betalning av r\u00e4kningar. Om n\u00e4tbanksanv\u00e4ndaren lyckas betala sina r\u00e4kningar, och dessutom p\u00e5 en t\u00e4mligen kort tid, kan man konstatera att anv\u00e4ndbarheten i n\u00e4tbanken, n\u00e4r det g\u00e4ller att betala r\u00e4kningar, \u00e4r god.<\/p>\n\n","protected":false},"excerpt":{"rendered":"<p>Anv\u00e4ndbarhet inneb\u00e4r att en apparat eller en tj\u00e4nst \u00e4r l\u00e4tt att anv\u00e4nda. Till anv\u00e4ndbarhet anknyter \u00e4ven hur nyttig och tillg\u00e4nglig apparaten eller tj\u00e4nsten \u00e4r. Enligt Jakob Nielsen, forskare i anv\u00e4ndbarhet, best\u00e5r anv\u00e4ndbarhet av f\u00f6ljande faktorer: L\u00e4rbarhet. [&hellip;]<span class=\"moretag\">L\u00e4s mer \u2026<\/span><\/p>\n","protected":false},"author":10,"featured_media":78,"parent":9,"menu_order":2,"comment_status":"closed","ping_status":"closed","template":"","meta":{"_acf_changed":false,"footnotes":""},"class_list":["post-77","page","type-page","status-publish","has-post-thumbnail","hentry"],"acf":[],"_links":{"self":[{"href":"https:\/\/papunet.net\/saavutettavuus\/pa-svenska\/wp-json\/wp\/v2\/pages\/77","targetHints":{"allow":["GET"]}}],"collection":[{"href":"https:\/\/papunet.net\/saavutettavuus\/pa-svenska\/wp-json\/wp\/v2\/pages"}],"about":[{"href":"https:\/\/papunet.net\/saavutettavuus\/pa-svenska\/wp-json\/wp\/v2\/types\/page"}],"author":[{"embeddable":true,"href":"https:\/\/papunet.net\/saavutettavuus\/pa-svenska\/wp-json\/wp\/v2\/users\/10"}],"replies":[{"embeddable":true,"href":"https:\/\/papunet.net\/saavutettavuus\/pa-svenska\/wp-json\/wp\/v2\/comments?post=77"}],"version-history":[{"count":0,"href":"https:\/\/papunet.net\/saavutettavuus\/pa-svenska\/wp-json\/wp\/v2\/pages\/77\/revisions"}],"up":[{"embeddable":true,"href":"https:\/\/papunet.net\/saavutettavuus\/pa-svenska\/wp-json\/wp\/v2\/pages\/9"}],"wp:featuredmedia":[{"embeddable":true,"href":"https:\/\/papunet.net\/saavutettavuus\/pa-svenska\/wp-json\/wp\/v2\/media\/78"}],"wp:attachment":[{"href":"https:\/\/papunet.net\/saavutettavuus\/pa-svenska\/wp-json\/wp\/v2\/media?parent=77"}],"curies":[{"name":"wp","href":"https:\/\/api.w.org\/{rel}","templated":true}]}}