{"id":81,"date":"2022-10-26T09:53:20","date_gmt":"2022-10-26T06:53:20","guid":{"rendered":"https:\/\/papunet.net\/saavutettavuus\/?page_id=81"},"modified":"2023-04-03T12:09:05","modified_gmt":"2023-04-03T09:09:05","slug":"vem-har-nytta-av-tillganglighet","status":"publish","type":"page","link":"https:\/\/papunet.net\/saavutettavuus\/pa-svenska\/varfor-tillgangligt\/vem-har-nytta-av-tillganglighet\/","title":{"rendered":"Vem har nytta av tillg\u00e4nglighet?"},"content":{"rendered":"\n<p>Tillg\u00e4ngliga webbsidor \u00e4r till nytta f\u00f6r alla anv\u00e4ndare. Tillg\u00e4nglighet \u00e4r s\u00e4rskilt viktigt, f\u00f6r att inte s\u00e4ga n\u00f6dv\u00e4ndigt, f\u00f6r m\u00e4nniskor som har en skada, en funktionsneds\u00e4ttning eller utmaningar som beror av h\u00f6g \u00e5lder.<\/p>\n<p>Om tillg\u00e4nglighet har beaktats kan anv\u00e4ndarna trots sina funktionsneds\u00e4ttningar och skador utr\u00e4tta \u00e4renden p\u00e5 webbsidor j\u00e4mlikt med andra.<\/p>\n<p>Bakgrunden till funktionsneds\u00e4ttningar kan vara en medf\u00f6dd skada, ett olycksfall eller en sjukdom. \u00c4ven milj\u00f6faktorer eller det instrument som anv\u00e4nds f\u00f6r att l\u00e4sa webbsidor kan vara begr\u00e4nsande f\u00f6r anv\u00e4ndare.<\/p>\n<p>Exempelvis kan starkt solsken g\u00f6ra det sv\u00e5rt att urskilja objekt p\u00e5 en liten mobiltelefons sk\u00e4rm. H\u00f6gt buller och ov\u00e4sen kan utg\u00f6ra ett hinder f\u00f6r att h\u00f6ra ljud fr\u00e5n webbsidor. F\u00f6r s\u00e4kerhets skull \u00e4r det d\u00e4rf\u00f6r bra att exempelvis f\u00f6rse videor med text.<\/p>\n<h2>Skador och funktionsneds\u00e4ttningar<\/h2>\n<p>Det finns m\u00e5nga olika slag av skador och funktionsneds\u00e4ttningar. Anv\u00e4ndare av webbsidor kan ocks\u00e5 ha fler \u00e4n en funktionsneds\u00e4ttning eller skada.<\/p>\n<p>F\u00f6ljande funktionsneds\u00e4ttningar och skador inverkar p\u00e5 anv\u00e4ndningen av webbsidor:<\/p>\n<ul>\n<li>variationer i anknytning till synen<\/li>\n<li>variationer i anknytning till h\u00f6rseln<\/li>\n<li>fysiska och motoriska variationer<\/li>\n<li>kognitiva sv\u00e5righeter<\/li>\n<li>talsv\u00e5righeter<\/li>\n<li>neurologiska sjukdomar<\/li>\n<\/ul>\n<p>Anv\u00e4ndarens h\u00f6ga \u00e5lder och variationer i anknytning till \u00e5ldern kan ocks\u00e5 f\u00f6rsv\u00e5ra anv\u00e4ndningen av internet. Dessa \u00e4r ofta ovan n\u00e4mnda sv\u00e5righeter med synen, h\u00f6rseln, kognitiva sv\u00e5righeter eller variationer i motoriska f\u00e4rdigheter.<\/p>\n<p>World Wide Web Consortium (W3C), som utvecklar och underh\u00e5ller WWW-standarderna, p\u00e5minner om att variationer som anknyter till \u00e5lder ofta ocks\u00e5 inbegriper anv\u00e4ndarens datatekniska f\u00e4rdigheter. M\u00e5nga \u00e4ldre personer anv\u00e4nder dator och internet endast s\u00e4llan.<\/p>\n<h2>Tillg\u00e4nglighet \u00e4r till nytta i olika anv\u00e4ndningssituationer<\/h2>\n<p>God tillg\u00e4nglighet \u00e4r till nytta f\u00f6r anv\u00e4ndare ocks\u00e5 i exempelvis f\u00f6ljande situationer:<\/p>\n<ul>\n<li>d\u00e5 man anv\u00e4nder en gammal terminal<\/li>\n<li>d\u00e5 man anv\u00e4nder en gammal webbl\u00e4sare<\/li>\n<li>d\u00e5 webbplatsen anv\u00e4nds med olika terminaler (datorer, mobiltelefoner eller pekdatorer)<\/li>\n<li>d\u00e5 dataf\u00f6rbindelsen \u00e4r l\u00e5ngsam<\/li>\n<li>d\u00e5 spr\u00e5ket p\u00e5 webbplatsen \u00e4r fr\u00e4mmande f\u00f6r anv\u00e4ndaren<\/li>\n<li>d\u00e5 anv\u00e4ndaren anv\u00e4nder internet s\u00e4llan<\/li>\n<\/ul>\n<p>Anv\u00e4ndarna har s\u00e5ledes nytta av god tillg\u00e4nglighet oberoende av om de har funktionsneds\u00e4ttningar eller inte.<\/p>\n<p>D\u00e4rf\u00f6r \u00e4r det viktigt att i planeringen av tj\u00e4nster fundera p\u00e5 anv\u00e4ndarnas funktionella behov och inte klassificera dem p\u00e5 basis av funktionsneds\u00e4ttningar, \u00e5lder eller sjukdomar.<\/p>\n\n<a href=\"https:\/\/papunet.net\/saavutettavuus\/pa-svenska\/varfor-tillgangligt\/vem-har-nytta-av-tillganglighet\/variationer-i-anknytning-till-synen\/\" class=\"wp-block-tiptip-hyperlink-group-block\">\n<div class=\"wp-block-media-text alignwide\" style=\"grid-template-columns:15% auto\">\n<figure class=\"wp-block-media-text__media\"><img loading=\"lazy\" decoding=\"async\" width=\"300\" height=\"300\" src=\"https:\/\/papunet.net\/saavutettavuus\/pa-svenska\/wp-content\/uploads\/sites\/2\/2023\/02\/kukahyotyy_nako.png\" alt=\"\" class=\"wp-image-385 size-full img-responsive\" srcset=\"https:\/\/papunet.net\/saavutettavuus\/pa-svenska\/wp-content\/uploads\/sites\/2\/2023\/02\/kukahyotyy_nako.png 300w, https:\/\/papunet.net\/saavutettavuus\/pa-svenska\/wp-content\/uploads\/sites\/2\/2023\/02\/kukahyotyy_nako-150x150.png 150w\" sizes=\"auto, (max-width: 300px) 100vw, 300px\" \/><\/figure><div class=\"wp-block-media-text__content\">\n<h2 class=\"wp-block-heading\">Variationer i anknytning till synen<\/h2>\n\n\n\n<p>Information om olika variationer i anknytning till synen och om hur dessa variationer p\u00e5verkar anv\u00e4ndningen av webbtj\u00e4nster.<\/p>\n<\/div>\n<\/div>\n<\/a>\n\n<a href=\"https:\/\/papunet.net\/saavutettavuus\/pa-svenska\/varfor-tillgangligt\/vem-har-nytta-av-tillganglighet\/variationer-i-anknytning-till-horseln\/\" class=\"wp-block-tiptip-hyperlink-group-block\">\n<div class=\"wp-block-media-text alignwide\" style=\"grid-template-columns:15% auto\">\n<figure class=\"wp-block-media-text__media\"><img loading=\"lazy\" decoding=\"async\" width=\"300\" height=\"300\" src=\"https:\/\/papunet.net\/saavutettavuus\/pa-svenska\/wp-content\/uploads\/sites\/2\/2023\/02\/kukahyotyy_kuulo.png\" alt=\"\" class=\"wp-image-386 size-full img-responsive\" srcset=\"https:\/\/papunet.net\/saavutettavuus\/pa-svenska\/wp-content\/uploads\/sites\/2\/2023\/02\/kukahyotyy_kuulo.png 300w, https:\/\/papunet.net\/saavutettavuus\/pa-svenska\/wp-content\/uploads\/sites\/2\/2023\/02\/kukahyotyy_kuulo-150x150.png 150w\" sizes=\"auto, (max-width: 300px) 100vw, 300px\" \/><\/figure><div class=\"wp-block-media-text__content\">\n<h2 class=\"wp-block-heading\">Variationer i anknytning till h\u00f6rseln<\/h2>\n\n\n\n<p>Information om olika variationer i anknytning till h\u00f6rseln och om hur dessa variationer p\u00e5verkar anv\u00e4ndningen av webbtj\u00e4nster.<\/p>\n<\/div>\n<\/div>\n<\/a>\n\n<a href=\"https:\/\/papunet.net\/saavutettavuus\/pa-svenska\/varfor-tillgangligt\/vem-har-nytta-av-tillganglighet\/fysiska-och-motoriska-begransningar\/\" class=\"wp-block-tiptip-hyperlink-group-block\">\n<div class=\"wp-block-media-text alignwide\" style=\"grid-template-columns:15% auto\">\n<figure class=\"wp-block-media-text__media\"><img loading=\"lazy\" decoding=\"async\" width=\"300\" height=\"300\" src=\"https:\/\/papunet.net\/saavutettavuus\/pa-svenska\/wp-content\/uploads\/sites\/2\/2023\/02\/kukahyotyy_motor.png\" alt=\"\" class=\"wp-image-387 size-full img-responsive\" srcset=\"https:\/\/papunet.net\/saavutettavuus\/pa-svenska\/wp-content\/uploads\/sites\/2\/2023\/02\/kukahyotyy_motor.png 300w, https:\/\/papunet.net\/saavutettavuus\/pa-svenska\/wp-content\/uploads\/sites\/2\/2023\/02\/kukahyotyy_motor-150x150.png 150w\" sizes=\"auto, (max-width: 300px) 100vw, 300px\" \/><\/figure><div class=\"wp-block-media-text__content\">\n<h2 class=\"wp-block-heading\">Fysiska och motoriska variationer<\/h2>\n\n\n\n<p>Information om olika fysiska och motoriska variationer och om hur dessa variationer p\u00e5verkar anv\u00e4ndningen av webbtj\u00e4nster.<\/p>\n<\/div>\n<\/div>\n<\/a>\n\n<a href=\"https:\/\/papunet.net\/saavutettavuus\/pa-svenska\/varfor-tillgangligt\/vem-har-nytta-av-tillganglighet\/kognitiva-och-sprakliga-svarigheter\/\" class=\"wp-block-tiptip-hyperlink-group-block\">\n<div class=\"wp-block-media-text alignwide\" style=\"grid-template-columns:15% auto\">\n<figure class=\"wp-block-media-text__media\"><img loading=\"lazy\" decoding=\"async\" width=\"300\" height=\"300\" src=\"https:\/\/papunet.net\/saavutettavuus\/pa-svenska\/wp-content\/uploads\/sites\/2\/2023\/02\/kukahyotyy_kogn.png\" alt=\"\" class=\"wp-image-388 size-full img-responsive\" srcset=\"https:\/\/papunet.net\/saavutettavuus\/pa-svenska\/wp-content\/uploads\/sites\/2\/2023\/02\/kukahyotyy_kogn.png 300w, https:\/\/papunet.net\/saavutettavuus\/pa-svenska\/wp-content\/uploads\/sites\/2\/2023\/02\/kukahyotyy_kogn-150x150.png 150w\" sizes=\"auto, (max-width: 300px) 100vw, 300px\" \/><\/figure><div class=\"wp-block-media-text__content\">\n<h2 class=\"wp-block-heading\">Kognitiva och spr\u00e5kliga sv\u00e5righeter<\/h2>\n\n\n\n<p>Information om olika kognitiva och spr\u00e5kliga sv\u00e5righeter och om hur dessa sv\u00e5righeter p\u00e5verkar anv\u00e4ndningen av webbtj\u00e4nster.<\/p>\n<\/div>\n<\/div>\n<\/a>\n\n","protected":false},"excerpt":{"rendered":"<p>Tillg\u00e4ngliga webbsidor \u00e4r till nytta f\u00f6r alla anv\u00e4ndare. Tillg\u00e4nglighet \u00e4r s\u00e4rskilt viktigt, f\u00f6r att inte s\u00e4ga n\u00f6dv\u00e4ndigt, f\u00f6r m\u00e4nniskor som har en skada, en funktionsneds\u00e4ttning eller utmaningar som beror av h\u00f6g \u00e5lder. Om tillg\u00e4nglighet har beaktats [&hellip;]<span class=\"moretag\">L\u00e4s mer \u2026<\/span><\/p>\n","protected":false},"author":10,"featured_media":82,"parent":9,"menu_order":4,"comment_status":"closed","ping_status":"closed","template":"","meta":{"_acf_changed":false,"footnotes":""},"class_list":["post-81","page","type-page","status-publish","has-post-thumbnail","hentry"],"acf":[],"_links":{"self":[{"href":"https:\/\/papunet.net\/saavutettavuus\/pa-svenska\/wp-json\/wp\/v2\/pages\/81","targetHints":{"allow":["GET"]}}],"collection":[{"href":"https:\/\/papunet.net\/saavutettavuus\/pa-svenska\/wp-json\/wp\/v2\/pages"}],"about":[{"href":"https:\/\/papunet.net\/saavutettavuus\/pa-svenska\/wp-json\/wp\/v2\/types\/page"}],"author":[{"embeddable":true,"href":"https:\/\/papunet.net\/saavutettavuus\/pa-svenska\/wp-json\/wp\/v2\/users\/10"}],"replies":[{"embeddable":true,"href":"https:\/\/papunet.net\/saavutettavuus\/pa-svenska\/wp-json\/wp\/v2\/comments?post=81"}],"version-history":[{"count":0,"href":"https:\/\/papunet.net\/saavutettavuus\/pa-svenska\/wp-json\/wp\/v2\/pages\/81\/revisions"}],"up":[{"embeddable":true,"href":"https:\/\/papunet.net\/saavutettavuus\/pa-svenska\/wp-json\/wp\/v2\/pages\/9"}],"wp:featuredmedia":[{"embeddable":true,"href":"https:\/\/papunet.net\/saavutettavuus\/pa-svenska\/wp-json\/wp\/v2\/media\/82"}],"wp:attachment":[{"href":"https:\/\/papunet.net\/saavutettavuus\/pa-svenska\/wp-json\/wp\/v2\/media?parent=81"}],"curies":[{"name":"wp","href":"https:\/\/api.w.org\/{rel}","templated":true}]}}