{"id":84,"date":"2022-10-26T10:08:24","date_gmt":"2022-10-26T07:08:24","guid":{"rendered":"https:\/\/papunet.net\/saavutettavuus\/?page_id=84"},"modified":"2023-01-19T15:34:30","modified_gmt":"2023-01-19T13:34:30","slug":"variationer-i-anknytning-till-horseln","status":"publish","type":"page","link":"https:\/\/papunet.net\/saavutettavuus\/pa-svenska\/varfor-tillgangligt\/vem-har-nytta-av-tillganglighet\/variationer-i-anknytning-till-horseln\/","title":{"rendered":"Variationer i anknytning till h\u00f6rseln"},"content":{"rendered":"\n<p>Webbanv\u00e4ndare kan ha olika variationer i anknytning till h\u00f6rseln. Medieinneh\u00e5ll, som videor och ljudfiler, kan f\u00f6r s\u00e5dana anv\u00e4ndare vara sv\u00e5ra att ta del av.<\/p>\n<p>Medieinneh\u00e5ll kan g\u00f6ras tillg\u00e4ngligt genom att man l\u00e4gger text till inneh\u00e5llet eller genom att man erbjuder n\u00e5got alternativt presentationss\u00e4tt f\u00f6r det.<\/p>\n<p>De flesta personer som \u00e4r helt d\u00f6va har teckenspr\u00e5k som sitt modersm\u00e5l. Inneh\u00e5llet p\u00e5 webbsidor kan s\u00e5ledes erbjudas dem ocks\u00e5 p\u00e5 deras eget modersm\u00e5l.<\/p>\n<p>Om det h\u00e4r inte \u00e4r m\u00f6jligt \u00e4r det bra att anv\u00e4nda tydligt och gott standardspr\u00e5k eller till och med l\u00e4ttl\u00e4st spr\u00e5k. Spr\u00e5kkunskapen hos m\u00e5nga finl\u00e4ndare som talar teckenspr\u00e5k \u00e4r klart s\u00e4mre \u00e4n hos den \u00f6vriga befolkningen.<\/p>\n<p>Datorprogram och utrustning meddelar ofta om fel med hj\u00e4lp av korta ljudsignaler. F\u00f6r anv\u00e4ndare med normal h\u00f6rsel \u00e4r det h\u00e4r ofta ett bra s\u00e4tt att meddela dem om att de inte har lyckats utf\u00f6ra n\u00e5gon viss funktion.<\/p>\n<p>Anv\u00e4ndare som \u00e4r d\u00f6va eller som har en sv\u00e5r h\u00f6rselneds\u00e4ttning kan inte h\u00f6ra dessa felmeddelanden, vilket inneb\u00e4r att meddelandet i fr\u00e5ga m\u00e5ste delges anv\u00e4ndaren ocks\u00e5 visuellt. Exempelvis genom att f\u00e5 sk\u00e4rmen att blinka snabbt.<\/p>\n<p>Personer med normal h\u00f6rsel kan anv\u00e4nda sig av samma egenskaper om de exempelvis vill anv\u00e4nda en terminal utan ljud, s\u00e5 att personer i omgivningen inte blir st\u00f6rda av ljudet.<\/p>\n<h2>Varf\u00f6r ska h\u00f6rselst\u00f6rningar beaktas?<\/h2>\n<p>I Finland finns uppskattningsvis 740 000 personer med h\u00f6rselskador, varav cirka 8\u00a0000 \u00e4r helt d\u00f6va.<\/p>\n<p>Om man beaktar h\u00f6rselst\u00f6rningar n\u00e4r man planerar och skapar webbsidor har alla anv\u00e4ndare nytta av det. Man har exempelvis stor nytta av att videor \u00e4r textade, i en bullrig milj\u00f6 kan det n\u00e4mligen vara sv\u00e5rt att h\u00f6ra ljudet p\u00e5 videor.<\/p>\n<p>Textningar \u00e4r s\u00e4rskilt nyttiga i videor som delas p\u00e5 sociala medier. Man har uppskattat att 85 procent av alla videor p\u00e5 Facebook tittas p\u00e5 utan ljud.<\/p>\n<p>I Finlands finns cirka 4 000 \u2013 5 000 personer med teckenspr\u00e5k som modersm\u00e5l. Dessa personer har stor nytta av att inneh\u00e5llet p\u00e5 webbsidor presenteras p\u00e5 teckenspr\u00e5k, p\u00e5 klart standardspr\u00e5k eller p\u00e5 l\u00e4ttl\u00e4st spr\u00e5k.<\/p>\n<p>Ocks\u00e5 personer som talar ett annat spr\u00e5k, personer med l\u00e4s- och skrivsv\u00e5righeter eller personer med andra spr\u00e5kliga sv\u00e5righeter har nytta av ett klart standardspr\u00e5k eller l\u00e4ttl\u00e4st spr\u00e5k.<\/p>\n<p>Om personer med h\u00f6rselskador beaktas n\u00e4r man planerar webbplatser, f\u00f6rb\u00e4ttras samtidigt deras m\u00f6jligheter att utr\u00e4tta \u00e4renden p\u00e5 webben.<\/p>\n<p>Ett gott exempel p\u00e5 det h\u00e4r \u00e4r chattj\u00e4nster p\u00e5 webbsidor, som har blivit allt vanligare. Med hj\u00e4lp av dem kan kunder kommunicera med kundr\u00e5dgivare via snabbmeddelanden.<\/p>\n<p>Med tanke p\u00e5 personer med h\u00f6rselskador \u00e4r det sk\u00e4l f\u00f6r tj\u00e4nsteleverant\u00f6rer att ocks\u00e5 erbjuda andra s\u00e4tt f\u00f6r att kommunicera med kundtj\u00e4nsten \u00e4n endast ett telefonnummer.<\/p>\n<h2>P\u00e5 vilket s\u00e4tt ska h\u00f6rselst\u00f6rningar beaktas n\u00e4r man planerar och skapar webbsidor?<\/h2>\n<p>P\u00e5 webbsidor finns ofta mycket medieinneh\u00e5ll, som ljudfiler och videor. Detta inneh\u00e5ll \u00e4r det sk\u00e4l att presentera ocks\u00e5 p\u00e5 ett alternativt s\u00e4tt, s\u00e5 att det \u00e4r tillg\u00e4ngligt f\u00f6r anv\u00e4ndare med h\u00f6rselskador. Videorna kan exempelvis f\u00f6rses med text.<\/p>\n<p>Man b\u00f6r ocks\u00e5 komma ih\u00e5g att merparten av d\u00f6va personer har teckenspr\u00e5k som sitt modersm\u00e5l, inte exempelvis finska eller svenska. D\u00e4rf\u00f6r \u00e4r det viktigt att man anv\u00e4nder ett klart standardspr\u00e5k eller till och med l\u00e4ttl\u00e4st spr\u00e5k p\u00e5 webbsidor.<\/p>\n<p>F\u00f6r att f\u00f6rb\u00e4ttra tillg\u00e4ngligheten \u00e4r det viktigt att t\u00e4nka p\u00e5 f\u00f6ljande faktorer som anknyter till h\u00f6rselst\u00f6rningar:<\/p>\n<ul>\n<li>Anv\u00e4nd inte endast ljud f\u00f6r att presentera information.\u00a0Anv\u00e4nd visuella medel f\u00f6r att presentera informationen.<\/li>\n<li>Anv\u00e4nd inte endast videor f\u00f6r att presentera information. F\u00f6rse videorna med textning.<\/li>\n<li>Ge anv\u00e4ndaren alternativa s\u00e4tt att ta kontakt och kommunicera.\u00a0F\u00f6rs\u00e4kra dig om att anv\u00e4ndaren kan ta kontakt ocks\u00e5 p\u00e5 annat s\u00e4tt \u00e4n per telefon.<\/li>\n<li>Dela upp inneh\u00e5llet i en klar och begriplig helhet, genom att anv\u00e4nda mellanrubriker, listor, bilder och videor.<\/li>\n<li>Str\u00e4va efter att presentera inneh\u00e5llet ocks\u00e5 p\u00e5 teckenspr\u00e5k.<\/li>\n<\/ul>\n\n","protected":false},"excerpt":{"rendered":"<p>Webbanv\u00e4ndare kan ha olika variationer i anknytning till h\u00f6rseln. Medieinneh\u00e5ll, som videor och ljudfiler, kan f\u00f6r s\u00e5dana anv\u00e4ndare vara sv\u00e5ra att ta del av. Medieinneh\u00e5ll kan g\u00f6ras tillg\u00e4ngligt genom att man l\u00e4gger text till inneh\u00e5llet eller [&hellip;]<span class=\"moretag\">L\u00e4s mer \u2026<\/span><\/p>\n","protected":false},"author":10,"featured_media":0,"parent":81,"menu_order":2,"comment_status":"closed","ping_status":"closed","template":"","meta":{"_acf_changed":false,"footnotes":""},"class_list":["post-84","page","type-page","status-publish","hentry"],"acf":[],"_links":{"self":[{"href":"https:\/\/papunet.net\/saavutettavuus\/pa-svenska\/wp-json\/wp\/v2\/pages\/84","targetHints":{"allow":["GET"]}}],"collection":[{"href":"https:\/\/papunet.net\/saavutettavuus\/pa-svenska\/wp-json\/wp\/v2\/pages"}],"about":[{"href":"https:\/\/papunet.net\/saavutettavuus\/pa-svenska\/wp-json\/wp\/v2\/types\/page"}],"author":[{"embeddable":true,"href":"https:\/\/papunet.net\/saavutettavuus\/pa-svenska\/wp-json\/wp\/v2\/users\/10"}],"replies":[{"embeddable":true,"href":"https:\/\/papunet.net\/saavutettavuus\/pa-svenska\/wp-json\/wp\/v2\/comments?post=84"}],"version-history":[{"count":0,"href":"https:\/\/papunet.net\/saavutettavuus\/pa-svenska\/wp-json\/wp\/v2\/pages\/84\/revisions"}],"up":[{"embeddable":true,"href":"https:\/\/papunet.net\/saavutettavuus\/pa-svenska\/wp-json\/wp\/v2\/pages\/81"}],"wp:attachment":[{"href":"https:\/\/papunet.net\/saavutettavuus\/pa-svenska\/wp-json\/wp\/v2\/media?parent=84"}],"curies":[{"name":"wp","href":"https:\/\/api.w.org\/{rel}","templated":true}]}}