{"id":9,"date":"2022-10-19T14:29:17","date_gmt":"2022-10-19T11:29:17","guid":{"rendered":"https:\/\/papunet.net\/saavutettavuus\/?page_id=9"},"modified":"2023-04-03T12:07:27","modified_gmt":"2023-04-03T09:07:27","slug":"varfor-tillgangligt","status":"publish","type":"page","link":"https:\/\/papunet.net\/saavutettavuus\/pa-svenska\/varfor-tillgangligt\/","title":{"rendered":"Varf\u00f6r tillg\u00e4ngligt?"},"content":{"rendered":"\n<p>Alla anv\u00e4ndare har nytta av tillg\u00e4nglighet. S\u00e4rskilt viktigt och rent av n\u00f6dv\u00e4ndigt \u00e4r tillg\u00e4nglighet f\u00f6r personer som har n\u00e5gon skada eller funktionsneds\u00e4ttning.<\/p>\n\n\n\n<p>Exempelvis kan en synskada eller nedsatt r\u00f6relsef\u00f6rm\u00e5ga p\u00e5verka anv\u00e4ndningen av digitala tj\u00e4nster.<\/p>\n\n\n\n<p>Med tillg\u00e4ngliga webbtj\u00e4nster kan man f\u00f6rb\u00e4ttra m\u00e4nniskors j\u00e4mlikhet. Om tj\u00e4nsterna g\u00f6rs tillg\u00e4ngliga och tillr\u00e4ckligt l\u00e4tta att anv\u00e4nda, har alla m\u00f6jlighet att anv\u00e4nda dem.<\/p>\n\n\n\n<p>I vardagen st\u00e4lls vi st\u00e4ndigt inf\u00f6r situationer d\u00e4r vi har nytta av tillg\u00e4nglighet som \u00e4r v\u00e4lplanerad. Med en apparat med peksk\u00e4rm \u00e4r det exempelvis l\u00e4ttare att tr\u00e4ffa r\u00e4tt p\u00e5 en webbsidas tryckknappar om knapparna \u00e4r tillr\u00e4ckligt stora.<\/p>\n\n\n\n<p>Att skapa tillg\u00e4ngliga webbsidor kr\u00e4ver ocks\u00e5 att man f\u00f6ljer vissa specifika webbstandarder. D\u00e4rf\u00f6r fungerar tillg\u00e4ngliga webbsidor s\u00e5 bra som m\u00f6jligt p\u00e5 alla terminaler och i webbl\u00e4sare.<\/p>\n\n\n<a href=\"https:\/\/papunet.net\/saavutettavuus\/pa-svenska\/varfor-tillgangligt\/vad-ar-tillganglighet\/\" class=\"wp-block-tiptip-hyperlink-group-block\">\n<div class=\"wp-block-media-text alignwide\" style=\"grid-template-columns:15% auto\">\n<figure class=\"wp-block-media-text__media\"><img loading=\"lazy\" decoding=\"async\" width=\"300\" height=\"300\" src=\"https:\/\/papunet.net\/saavutettavuus\/pa-svenska\/wp-content\/uploads\/sites\/2\/2023\/02\/verkkosivujen_saavutettavuus.png\" alt=\"\" class=\"wp-image-459 size-full img-responsive\" srcset=\"https:\/\/papunet.net\/saavutettavuus\/pa-svenska\/wp-content\/uploads\/sites\/2\/2023\/02\/verkkosivujen_saavutettavuus.png 300w, https:\/\/papunet.net\/saavutettavuus\/pa-svenska\/wp-content\/uploads\/sites\/2\/2023\/02\/verkkosivujen_saavutettavuus-150x150.png 150w\" sizes=\"auto, (max-width: 300px) 100vw, 300px\" \/><\/figure><div class=\"wp-block-media-text__content\">\n<h2 class=\"wp-block-heading\">Vad \u00e4r tillg\u00e4nglighet?<\/h2>\n\n\n\n<p>Information om vad tillg\u00e4nglighet \u00e4r och varf\u00f6r tillg\u00e4ngligheten skall tas i beaktande d\u00e5 webbsidor planeras.<\/p>\n<\/div>\n<\/div>\n<\/a>\n\n<a href=\"https:\/\/papunet.net\/saavutettavuus\/pa-svenska\/varfor-tillgangligt\/vad-ar-anvandbarhet\/\" class=\"wp-block-tiptip-hyperlink-group-block\">\n<div class=\"wp-block-media-text alignwide\" style=\"grid-template-columns:15% auto\">\n<figure class=\"wp-block-media-text__media\"><img loading=\"lazy\" decoding=\"async\" width=\"300\" height=\"300\" src=\"https:\/\/papunet.net\/saavutettavuus\/pa-svenska\/wp-content\/uploads\/sites\/2\/2023\/02\/kaytettavyys.png\" alt=\"\" class=\"wp-image-460 size-full img-responsive\" srcset=\"https:\/\/papunet.net\/saavutettavuus\/pa-svenska\/wp-content\/uploads\/sites\/2\/2023\/02\/kaytettavyys.png 300w, https:\/\/papunet.net\/saavutettavuus\/pa-svenska\/wp-content\/uploads\/sites\/2\/2023\/02\/kaytettavyys-150x150.png 150w\" sizes=\"auto, (max-width: 300px) 100vw, 300px\" \/><\/figure><div class=\"wp-block-media-text__content\">\n<h2 class=\"wp-block-heading\">Vad \u00e4r anv\u00e4ndbarhet?<\/h2>\n\n\n\n<p>Information om vad anv\u00e4ndbarhet \u00e4r och varf\u00f6r anv\u00e4ndbarheten skall tas i beaktande d\u00e5 webbsidor planeras.<\/p>\n<\/div>\n<\/div>\n<\/a>\n\n<a href=\"https:\/\/papunet.net\/saavutettavuus\/pa-svenska\/varfor-tillgangligt\/innehallets-begriplighet-och-lattlast-och-latt-sprak\/\" class=\"wp-block-tiptip-hyperlink-group-block\">\n<div class=\"wp-block-media-text alignwide\" style=\"grid-template-columns:15% auto\">\n<figure class=\"wp-block-media-text__media\"><img loading=\"lazy\" decoding=\"async\" width=\"300\" height=\"300\" src=\"https:\/\/papunet.net\/saavutettavuus\/pa-svenska\/wp-content\/uploads\/sites\/2\/2023\/02\/selkologo-2.png\" alt=\"\" class=\"wp-image-461 size-full img-responsive\" srcset=\"https:\/\/papunet.net\/saavutettavuus\/pa-svenska\/wp-content\/uploads\/sites\/2\/2023\/02\/selkologo-2.png 300w, https:\/\/papunet.net\/saavutettavuus\/pa-svenska\/wp-content\/uploads\/sites\/2\/2023\/02\/selkologo-2-150x150.png 150w\" sizes=\"auto, (max-width: 300px) 100vw, 300px\" \/><\/figure><div class=\"wp-block-media-text__content\">\n<h2 class=\"wp-block-heading\">Inneh\u00e5llets begriplighet samt l\u00e4ttl\u00e4st och l\u00e4tt spr\u00e5k<\/h2>\n\n\n\n<p>Information om vad begriplighet av inneh\u00e5ll \u00e4r och vilken betydelse l\u00e4ttl\u00e4st och l\u00e4tt spr\u00e5k har f\u00f6r webbsidor.<\/p>\n<\/div>\n<\/div>\n<\/a>\n\n<a href=\"https:\/\/papunet.net\/saavutettavuus\/pa-svenska\/varfor-tillgangligt\/vem-har-nytta-av-tillganglighet\/\" class=\"wp-block-tiptip-hyperlink-group-block\">\n<div class=\"wp-block-media-text alignwide\" style=\"grid-template-columns:15% auto\">\n<figure class=\"wp-block-media-text__media\"><img loading=\"lazy\" decoding=\"async\" width=\"300\" height=\"300\" src=\"https:\/\/papunet.net\/saavutettavuus\/pa-svenska\/wp-content\/uploads\/sites\/2\/2023\/02\/ketka_hyotyvat.png\" alt=\"\" class=\"wp-image-462 size-full img-responsive\" srcset=\"https:\/\/papunet.net\/saavutettavuus\/pa-svenska\/wp-content\/uploads\/sites\/2\/2023\/02\/ketka_hyotyvat.png 300w, https:\/\/papunet.net\/saavutettavuus\/pa-svenska\/wp-content\/uploads\/sites\/2\/2023\/02\/ketka_hyotyvat-150x150.png 150w\" sizes=\"auto, (max-width: 300px) 100vw, 300px\" \/><\/figure><div class=\"wp-block-media-text__content\">\n<h2 class=\"wp-block-heading\">Vem har nytta av tillg\u00e4nglighet?<\/h2>\n\n\n\n<p>Information om hur olika funktionsneds\u00e4ttningar eller skador p\u00e5verkar anv\u00e4ndningen av internet.<\/p>\n<\/div>\n<\/div>\n<\/a>\n\n<a href=\"https:\/\/papunet.net\/saavutettavuus\/pa-svenska\/varfor-tillgangligt\/assisterande-teknik\/\" class=\"wp-block-tiptip-hyperlink-group-block\">\n<div class=\"wp-block-media-text alignwide\" style=\"grid-template-columns:15% auto\">\n<figure class=\"wp-block-media-text__media\"><img loading=\"lazy\" decoding=\"async\" width=\"300\" height=\"300\" src=\"https:\/\/papunet.net\/saavutettavuus\/pa-svenska\/wp-content\/uploads\/sites\/2\/2023\/02\/avustava_teknologia.png\" alt=\"\" class=\"wp-image-463 size-full img-responsive\" srcset=\"https:\/\/papunet.net\/saavutettavuus\/pa-svenska\/wp-content\/uploads\/sites\/2\/2023\/02\/avustava_teknologia.png 300w, https:\/\/papunet.net\/saavutettavuus\/pa-svenska\/wp-content\/uploads\/sites\/2\/2023\/02\/avustava_teknologia-150x150.png 150w\" sizes=\"auto, (max-width: 300px) 100vw, 300px\" \/><\/figure><div class=\"wp-block-media-text__content\">\n<h2 class=\"wp-block-heading\">Assisterande teknik<\/h2>\n\n\n\n<p>Information om teknologi och hj\u00e4lpmedel som underl\u00e4ttar anv\u00e4ndningen av internet f\u00f6r personer med olika funktionsneds\u00e4ttningar.<\/p>\n<\/div>\n<\/div>\n<\/a>\n\n<a href=\"https:\/\/papunet.net\/saavutettavuus\/pa-svenska\/varfor-tillgangligt\/digital-diskriminering\/\" class=\"wp-block-tiptip-hyperlink-group-block\">\n<div class=\"wp-block-media-text alignwide\" style=\"grid-template-columns:15% auto\">\n<figure class=\"wp-block-media-text__media\"><img loading=\"lazy\" decoding=\"async\" width=\"300\" height=\"300\" src=\"https:\/\/papunet.net\/saavutettavuus\/pa-svenska\/wp-content\/uploads\/sites\/2\/2023\/02\/digisyrjaytyminen.png\" alt=\"\" class=\"wp-image-464 size-full img-responsive\" srcset=\"https:\/\/papunet.net\/saavutettavuus\/pa-svenska\/wp-content\/uploads\/sites\/2\/2023\/02\/digisyrjaytyminen.png 300w, https:\/\/papunet.net\/saavutettavuus\/pa-svenska\/wp-content\/uploads\/sites\/2\/2023\/02\/digisyrjaytyminen-150x150.png 150w\" sizes=\"auto, (max-width: 300px) 100vw, 300px\" \/><\/figure><div class=\"wp-block-media-text__content\">\n<h2 class=\"wp-block-heading\">Digital diskriminering<\/h2>\n\n\n\n<p>Information om de effekter digitaliseringen av tj\u00e4nster har.<\/p>\n<\/div>\n<\/div>\n<\/a>\n\n<a href=\"https:\/\/papunet.net\/saavutettavuus\/pa-svenska\/varfor-tillgangligt\/andra-kallor-och-lankar\/\" class=\"wp-block-tiptip-hyperlink-group-block\">\n<div class=\"wp-block-media-text alignwide\" style=\"grid-template-columns:15% auto\">\n<figure class=\"wp-block-media-text__media\"><img loading=\"lazy\" decoding=\"async\" width=\"300\" height=\"300\" src=\"https:\/\/papunet.net\/saavutettavuus\/pa-svenska\/wp-content\/uploads\/sites\/2\/2023\/02\/tietoamuualla.png\" alt=\"\" class=\"wp-image-465 size-full img-responsive\" srcset=\"https:\/\/papunet.net\/saavutettavuus\/pa-svenska\/wp-content\/uploads\/sites\/2\/2023\/02\/tietoamuualla.png 300w, https:\/\/papunet.net\/saavutettavuus\/pa-svenska\/wp-content\/uploads\/sites\/2\/2023\/02\/tietoamuualla-150x150.png 150w\" sizes=\"auto, (max-width: 300px) 100vw, 300px\" \/><\/figure><div class=\"wp-block-media-text__content\">\n<h2 class=\"wp-block-heading\">Andra k\u00e4llor och l\u00e4nkar<\/h2>\n\n\n\n<p>Andra webbplatser med information om tillg\u00e4nglighet.<\/p>\n<\/div>\n<\/div>\n<\/a>\n\n","protected":false},"excerpt":{"rendered":"<p>Alla anv\u00e4ndare har nytta av tillg\u00e4nglighet. S\u00e4rskilt viktigt och rent av n\u00f6dv\u00e4ndigt \u00e4r tillg\u00e4nglighet f\u00f6r personer som har n\u00e5gon skada eller funktionsneds\u00e4ttning. Exempelvis kan en synskada eller nedsatt r\u00f6relsef\u00f6rm\u00e5ga p\u00e5verka anv\u00e4ndningen av digitala tj\u00e4nster. Med tillg\u00e4ngliga [&hellip;]<span class=\"moretag\">L\u00e4s mer \u2026<\/span><\/p>\n","protected":false},"author":1,"featured_media":67,"parent":0,"menu_order":2,"comment_status":"closed","ping_status":"closed","template":"","meta":{"_acf_changed":false,"footnotes":""},"class_list":["post-9","page","type-page","status-publish","has-post-thumbnail","hentry"],"acf":[],"_links":{"self":[{"href":"https:\/\/papunet.net\/saavutettavuus\/pa-svenska\/wp-json\/wp\/v2\/pages\/9","targetHints":{"allow":["GET"]}}],"collection":[{"href":"https:\/\/papunet.net\/saavutettavuus\/pa-svenska\/wp-json\/wp\/v2\/pages"}],"about":[{"href":"https:\/\/papunet.net\/saavutettavuus\/pa-svenska\/wp-json\/wp\/v2\/types\/page"}],"author":[{"embeddable":true,"href":"https:\/\/papunet.net\/saavutettavuus\/pa-svenska\/wp-json\/wp\/v2\/users\/1"}],"replies":[{"embeddable":true,"href":"https:\/\/papunet.net\/saavutettavuus\/pa-svenska\/wp-json\/wp\/v2\/comments?post=9"}],"version-history":[{"count":0,"href":"https:\/\/papunet.net\/saavutettavuus\/pa-svenska\/wp-json\/wp\/v2\/pages\/9\/revisions"}],"wp:featuredmedia":[{"embeddable":true,"href":"https:\/\/papunet.net\/saavutettavuus\/pa-svenska\/wp-json\/wp\/v2\/media\/67"}],"wp:attachment":[{"href":"https:\/\/papunet.net\/saavutettavuus\/pa-svenska\/wp-json\/wp\/v2\/media?parent=9"}],"curies":[{"name":"wp","href":"https:\/\/api.w.org\/{rel}","templated":true}]}}