{"id":94,"date":"2022-10-26T11:24:21","date_gmt":"2022-10-26T08:24:21","guid":{"rendered":"https:\/\/papunet.net\/saavutettavuus\/?page_id=94"},"modified":"2022-12-08T11:08:31","modified_gmt":"2022-12-08T09:08:31","slug":"lasning-av-webbsidor-med-tangentbord","status":"publish","type":"page","link":"https:\/\/papunet.net\/saavutettavuus\/pa-svenska\/varfor-tillgangligt\/assisterande-teknik\/lasning-av-webbsidor-med-tangentbord\/","title":{"rendered":"L\u00e4sning av webbsidor med tangentbord"},"content":{"rendered":"\n<p>M\u00e5nga anv\u00e4ndare surfar p\u00e5 webben enbart med hj\u00e4lp av tangentbord. Anv\u00e4ndning av mus \u00e4r sv\u00e5rt f\u00f6r exempelvis personer med synskador och personer med nedsatt funktionsf\u00f6rm\u00e5ga i h\u00e4nderna.<\/p>\n<p>Anv\u00e4ndare av tangentbord surfar p\u00e5 webben i vanliga fall genom att anv\u00e4nda tabulatortangenten (tab), enter-tangenten och piltangenterna (upp och ner).<\/p>\n<ul>\n<li>Med tabulatortangenten (tab) kan man f\u00f6rflytta sig mellan funktionsobjekt som finns p\u00e5 webbsidan. N\u00e4r man trycker p\u00e5 tangenten flyttas mark\u00f6ren till n\u00e4sta l\u00e4nk, tryckknapp eller blankettelement.<\/li>\n<li>Med enter-tangenten kan man utf\u00f6ra funktioner, det vill s\u00e4ga den fungerar d\u00e5 i allm\u00e4nhet p\u00e5 samma s\u00e4tt som n\u00e4r man klickar p\u00e5 musens v\u00e4nstra knapp.<\/li>\n<li>Med piltangenterna kan man rulla upp och ner p\u00e5 sk\u00e4rmen.<\/li>\n<\/ul>\n\n","protected":false},"excerpt":{"rendered":"<p>M\u00e5nga anv\u00e4ndare surfar p\u00e5 webben enbart med hj\u00e4lp av tangentbord. Anv\u00e4ndning av mus \u00e4r sv\u00e5rt f\u00f6r exempelvis personer med synskador och personer med nedsatt funktionsf\u00f6rm\u00e5ga i h\u00e4nderna. Anv\u00e4ndare av tangentbord surfar p\u00e5 webben i vanliga fall [&hellip;]<span class=\"moretag\">L\u00e4s mer \u2026<\/span><\/p>\n","protected":false},"author":10,"featured_media":0,"parent":92,"menu_order":1,"comment_status":"closed","ping_status":"closed","template":"","meta":{"_acf_changed":false,"footnotes":""},"class_list":["post-94","page","type-page","status-publish","hentry"],"acf":[],"_links":{"self":[{"href":"https:\/\/papunet.net\/saavutettavuus\/pa-svenska\/wp-json\/wp\/v2\/pages\/94","targetHints":{"allow":["GET"]}}],"collection":[{"href":"https:\/\/papunet.net\/saavutettavuus\/pa-svenska\/wp-json\/wp\/v2\/pages"}],"about":[{"href":"https:\/\/papunet.net\/saavutettavuus\/pa-svenska\/wp-json\/wp\/v2\/types\/page"}],"author":[{"embeddable":true,"href":"https:\/\/papunet.net\/saavutettavuus\/pa-svenska\/wp-json\/wp\/v2\/users\/10"}],"replies":[{"embeddable":true,"href":"https:\/\/papunet.net\/saavutettavuus\/pa-svenska\/wp-json\/wp\/v2\/comments?post=94"}],"version-history":[{"count":0,"href":"https:\/\/papunet.net\/saavutettavuus\/pa-svenska\/wp-json\/wp\/v2\/pages\/94\/revisions"}],"up":[{"embeddable":true,"href":"https:\/\/papunet.net\/saavutettavuus\/pa-svenska\/wp-json\/wp\/v2\/pages\/92"}],"wp:attachment":[{"href":"https:\/\/papunet.net\/saavutettavuus\/pa-svenska\/wp-json\/wp\/v2\/media?parent=94"}],"curies":[{"name":"wp","href":"https:\/\/api.w.org\/{rel}","templated":true}]}}