{"id":95,"date":"2022-10-26T11:30:22","date_gmt":"2022-10-26T08:30:22","guid":{"rendered":"https:\/\/papunet.net\/saavutettavuus\/?page_id=95"},"modified":"2023-02-21T09:28:10","modified_gmt":"2023-02-21T07:28:10","slug":"manoverkontakter","status":"publish","type":"page","link":"https:\/\/papunet.net\/saavutettavuus\/pa-svenska\/varfor-tillgangligt\/assisterande-teknik\/manoverkontakter\/","title":{"rendered":"Man\u00f6verkontakter"},"content":{"rendered":"\n<p>Att surfa p\u00e5 webben med man\u00f6verkontakt p\u00e5minner om anv\u00e4ndning av tangentbord. Man\u00f6verkontakterna \u00e4r planerade p\u00e5 ett s\u00e5dant s\u00e4tt att de kan programmeras f\u00f6r endast n\u00f6dv\u00e4ndiga tangentfunktioner. Knapparna \u00e4r oftast tillr\u00e4ckligt stora och l\u00e4tta att trycka p\u00e5.<\/p>\n\n\n\n<p>Knapparna kan placeras d\u00e4r de \u00e4r m\u00f6jliga och l\u00e4ttast att anv\u00e4nda, exempelvis p\u00e5 sidan av huvudet eller under f\u00f6tterna.<\/p>\n\n\n\n<p>P\u00e5 finska, Papunets sidor: <a href=\"https:\/\/papunet.net\/tietoa\/kytkimet-ohjaimina\">Lis\u00e4tietoa kytkinohjauksesta Papunetin Tietoa-sivuilla<\/a><\/p>\n\n\n\n<figure class=\"wp-block-image alignnone size-full wp-image-96 size-medium\"><img loading=\"lazy\" decoding=\"async\" width=\"460\" height=\"249\" src=\"https:\/\/papunet.net\/saavutettavuus\/pa-svenska\/wp-content\/uploads\/sites\/2\/2022\/10\/kytkinohjaimet.jpg\" alt=\"\" class=\"wp-image-96 img-responsive\" srcset=\"https:\/\/papunet.net\/saavutettavuus\/pa-svenska\/wp-content\/uploads\/sites\/2\/2022\/10\/kytkinohjaimet.jpg 460w, https:\/\/papunet.net\/saavutettavuus\/pa-svenska\/wp-content\/uploads\/sites\/2\/2022\/10\/kytkinohjaimet-300x162.jpg 300w\" sizes=\"auto, (max-width: 460px) 100vw, 460px\" \/><figcaption class=\"wp-element-caption\"><em>P\u00e5 bilden finns olika tryckknappar. Bild: Papunet<\/em><\/figcaption><\/figure>\n\n","protected":false},"excerpt":{"rendered":"<p>Att surfa p\u00e5 webben med man\u00f6verkontakt p\u00e5minner om anv\u00e4ndning av tangentbord. Man\u00f6verkontakterna \u00e4r planerade p\u00e5 ett s\u00e5dant s\u00e4tt att de kan programmeras f\u00f6r endast n\u00f6dv\u00e4ndiga tangentfunktioner. Knapparna \u00e4r oftast tillr\u00e4ckligt stora och l\u00e4tta att trycka p\u00e5. [&hellip;]<span class=\"moretag\">L\u00e4s mer \u2026<\/span><\/p>\n","protected":false},"author":10,"featured_media":0,"parent":92,"menu_order":2,"comment_status":"closed","ping_status":"closed","template":"","meta":{"_acf_changed":false,"footnotes":""},"class_list":["post-95","page","type-page","status-publish","hentry"],"acf":[],"_links":{"self":[{"href":"https:\/\/papunet.net\/saavutettavuus\/pa-svenska\/wp-json\/wp\/v2\/pages\/95","targetHints":{"allow":["GET"]}}],"collection":[{"href":"https:\/\/papunet.net\/saavutettavuus\/pa-svenska\/wp-json\/wp\/v2\/pages"}],"about":[{"href":"https:\/\/papunet.net\/saavutettavuus\/pa-svenska\/wp-json\/wp\/v2\/types\/page"}],"author":[{"embeddable":true,"href":"https:\/\/papunet.net\/saavutettavuus\/pa-svenska\/wp-json\/wp\/v2\/users\/10"}],"replies":[{"embeddable":true,"href":"https:\/\/papunet.net\/saavutettavuus\/pa-svenska\/wp-json\/wp\/v2\/comments?post=95"}],"version-history":[{"count":0,"href":"https:\/\/papunet.net\/saavutettavuus\/pa-svenska\/wp-json\/wp\/v2\/pages\/95\/revisions"}],"up":[{"embeddable":true,"href":"https:\/\/papunet.net\/saavutettavuus\/pa-svenska\/wp-json\/wp\/v2\/pages\/92"}],"wp:attachment":[{"href":"https:\/\/papunet.net\/saavutettavuus\/pa-svenska\/wp-json\/wp\/v2\/media?parent=95"}],"curies":[{"name":"wp","href":"https:\/\/api.w.org\/{rel}","templated":true}]}}