{"id":97,"date":"2022-10-26T12:30:51","date_gmt":"2022-10-26T09:30:51","guid":{"rendered":"https:\/\/papunet.net\/saavutettavuus\/?page_id=97"},"modified":"2023-02-21T09:28:36","modified_gmt":"2023-02-21T07:28:36","slug":"mus-med-rullboll-stor","status":"publish","type":"page","link":"https:\/\/papunet.net\/saavutettavuus\/pa-svenska\/varfor-tillgangligt\/assisterande-teknik\/mus-med-rullboll-stor\/","title":{"rendered":"Mus med rullboll (stor)"},"content":{"rendered":"\n<p>Personer med skakningar eller ofrivilliga r\u00f6relser i h\u00e4nderna kan uppleva att det \u00e4r mycket besv\u00e4rligt att anv\u00e4nda en vanlig mus. En mus med rullboll kan f\u00f6r m\u00e5nga anv\u00e4ndare vara ett l\u00e4ttare och bekv\u00e4mare hj\u00e4lpmedel f\u00f6r att styra en dator.<\/p>\n\n\n\n<p>Vissa anv\u00e4ndare kan r\u00f6ra sina h\u00e4nder eller fingrar endast begr\u00e4nsat. I s\u00e5dana fall kan en mus med rullboll anv\u00e4ndas i kombination med n\u00e5got annat hj\u00e4lpmedel som en man\u00f6verkontakt. Man\u00f6verkontakt anv\u00e4nds f\u00f6r att l\u00e4sa en webbsida. En mus med rullboll kan i sin tur anv\u00e4ndas f\u00f6r att skriva text med hj\u00e4lp av tangentbord som visas p\u00e5 sk\u00e4rmen.<\/p>\n\n\n\n<figure class=\"wp-block-image alignnone size-full wp-image-98 size-medium\"><img loading=\"lazy\" decoding=\"async\" width=\"460\" height=\"249\" src=\"https:\/\/papunet.net\/saavutettavuus\/pa-svenska\/wp-content\/uploads\/sites\/2\/2022\/10\/pallohiiret.jpg\" alt=\"\" class=\"wp-image-98 img-responsive\" srcset=\"https:\/\/papunet.net\/saavutettavuus\/pa-svenska\/wp-content\/uploads\/sites\/2\/2022\/10\/pallohiiret.jpg 460w, https:\/\/papunet.net\/saavutettavuus\/pa-svenska\/wp-content\/uploads\/sites\/2\/2022\/10\/pallohiiret-300x162.jpg 300w\" sizes=\"auto, (max-width: 460px) 100vw, 460px\" \/><figcaption class=\"wp-element-caption\"><em>Olika slag av m\u00f6ss med rullboll. Bild: Papunet<\/em><\/figcaption><\/figure>\n\n","protected":false},"excerpt":{"rendered":"<p>Personer med skakningar eller ofrivilliga r\u00f6relser i h\u00e4nderna kan uppleva att det \u00e4r mycket besv\u00e4rligt att anv\u00e4nda en vanlig mus. En mus med rullboll kan f\u00f6r m\u00e5nga anv\u00e4ndare vara ett l\u00e4ttare och bekv\u00e4mare hj\u00e4lpmedel f\u00f6r att [&hellip;]<span class=\"moretag\">L\u00e4s mer \u2026<\/span><\/p>\n","protected":false},"author":10,"featured_media":0,"parent":92,"menu_order":3,"comment_status":"closed","ping_status":"closed","template":"","meta":{"_acf_changed":false,"footnotes":""},"class_list":["post-97","page","type-page","status-publish","hentry"],"acf":[],"_links":{"self":[{"href":"https:\/\/papunet.net\/saavutettavuus\/pa-svenska\/wp-json\/wp\/v2\/pages\/97","targetHints":{"allow":["GET"]}}],"collection":[{"href":"https:\/\/papunet.net\/saavutettavuus\/pa-svenska\/wp-json\/wp\/v2\/pages"}],"about":[{"href":"https:\/\/papunet.net\/saavutettavuus\/pa-svenska\/wp-json\/wp\/v2\/types\/page"}],"author":[{"embeddable":true,"href":"https:\/\/papunet.net\/saavutettavuus\/pa-svenska\/wp-json\/wp\/v2\/users\/10"}],"replies":[{"embeddable":true,"href":"https:\/\/papunet.net\/saavutettavuus\/pa-svenska\/wp-json\/wp\/v2\/comments?post=97"}],"version-history":[{"count":0,"href":"https:\/\/papunet.net\/saavutettavuus\/pa-svenska\/wp-json\/wp\/v2\/pages\/97\/revisions"}],"up":[{"embeddable":true,"href":"https:\/\/papunet.net\/saavutettavuus\/pa-svenska\/wp-json\/wp\/v2\/pages\/92"}],"wp:attachment":[{"href":"https:\/\/papunet.net\/saavutettavuus\/pa-svenska\/wp-json\/wp\/v2\/media?parent=97"}],"curies":[{"name":"wp","href":"https:\/\/api.w.org\/{rel}","templated":true}]}}