{"id":10,"date":"2022-10-19T14:32:31","date_gmt":"2022-10-19T11:32:31","guid":{"rendered":"https:\/\/papunet.net\/saavutettavuus\/?page_id=10"},"modified":"2024-02-16T12:30:58","modified_gmt":"2024-02-16T10:30:58","slug":"lait-ja-standardit","status":"publish","type":"page","link":"https:\/\/papunet.net\/saavutettavuus\/lait-ja-standardit\/","title":{"rendered":"Lait ja standardit"},"content":{"rendered":"\n<p>Verkkopalvelun tilaajan ja palvelun kehitt\u00e4jien on syyt\u00e4 perehty\u00e4 saavutettavuuteen liittyv\u00e4\u00e4n lains\u00e4\u00e4d\u00e4nt\u00f6\u00f6n ja siihen, mit\u00e4 laki edellytt\u00e4\u00e4 verkkopalvelulta.<\/p>\r\n\r\n\r\n\r\n<p>My\u00f6s verkkopalvelujen k\u00e4ytt\u00e4jien kannattaa tutustua lains\u00e4\u00e4d\u00e4nt\u00f6\u00f6n, jotta he tuntevat omat oikeutensa.<\/p>\r\n\r\n\r\n\r\n<h2 class=\"wp-block-heading\">Laki velvoittaa tekem\u00e4\u00e4n verkkosivuista saavutettavia<\/h2>\r\n\r\n\r\n\r\n<p>Yhdenvertaisuuslaki velvoittaa yleisesti saatavilla olevien palvelujen tuottajia tekem\u00e4\u00e4n verkkosivuistaan saavutettavia kaikille.<\/p>\r\n\r\n\r\n\r\n<p>Jos esimerkiksi eri tavoin vammaiset k\u00e4ytt\u00e4j\u00e4t eiv\u00e4t voi k\u00e4ytt\u00e4\u00e4 verkkopalvelua, he voivat vedota yhdenvertaisuuslain kohtiin syrjinn\u00e4n kiellosta ja kohtuullisista mukautuksista.<\/p>\r\n\r\n\r\n\r\n<p>Verkkopalvelun tuottajat voidaan yhdenvertaisuuslain perusteella velvoittaa tekem\u00e4\u00e4n palveluunsa kohtuullisia mukautuksia, jotta kaikki voivat k\u00e4ytt\u00e4\u00e4 palvelua yhdenvertaisesti.<\/p>\r\n\r\n\r\n\r\n<p>Vuonna 2016 tullut EU:n saavutettavuusdirektiivi velvoittaa kaikkia julkisen sektorin elimi\u00e4 tekem\u00e4\u00e4n verkkopalveluistaan ja mobiilisovelluksistaan saavutettavia. Suomen kansallisessa lains\u00e4\u00e4d\u00e4nn\u00f6ss\u00e4 saavutettavuusdirektiivi on <a href=\"https:\/\/papunet.net\/saavutettavuus\/lait-ja-standardit\/laki-digitaalisten-palvelujen-tarjoamisesta\/\">Laki digitaalisten palvelujen tarjoamisesta<\/a>.<\/p>\r\n\r\n\r\n\r\n<p>Tuleva EU:n <a href=\"https:\/\/stm.fi\/esteettomyysdirektiivi\">esteett\u00f6myysdirektiivi<\/a> m\u00e4\u00e4r\u00e4\u00e4, ett\u00e4 my\u00f6s fyysisten tuotteiden ja palvelujen tulee olla saavutettavia ja esteett\u00f6mi\u00e4. Esteett\u00f6myysdirektiivi koskee my\u00f6s yksityisi\u00e4 tuotteita ja palveluja.<\/p>\r\n\r\n\r\n\r\n<p><a href=\"https:\/\/finlex.fi\/fi\/laki\/ajantasa\/2003\/20030434\">Hallintolaki<\/a> velvoittaa viranomaisia tuottamaan palveluita niin, ett\u00e4 ne ovat kaikkien saatavilla yhdenvertaisesti. Palvelut tulee tuottaa siten, ett\u00e4 ne ovat yhteiskunnallisten erityisryhmien saatavilla. Viranomaisen on my\u00f6s k\u00e4ytett\u00e4v\u00e4 viestinn\u00e4ss\u00e4\u00e4n asiallista, selke\u00e4\u00e4 ja ymm\u00e4rrett\u00e4v\u00e4\u00e4 kielt\u00e4.<\/p>\r\n\r\n\r\n<a href=\"https:\/\/papunet.net\/saavutettavuus\/lait-ja-standardit\/laki-digitaalisten-palvelujen-tarjoamisesta\/\" class=\"wp-block-tiptip-hyperlink-group-block\">\r\n<div class=\"wp-block-media-text alignwide\" style=\"grid-template-columns: 15% auto\">\r\n<figure class=\"wp-block-media-text__media\"><img loading=\"lazy\" decoding=\"async\" width=\"300\" height=\"300\" class=\"wp-image-441 size-full img-responsive\" src=\"https:\/\/papunet.net\/saavutettavuus\/wp-content\/uploads\/2023\/01\/saavutettavuus.png\" alt=\"\" srcset=\"https:\/\/papunet.net\/saavutettavuus\/wp-content\/uploads\/2023\/01\/saavutettavuus.png 300w, https:\/\/papunet.net\/saavutettavuus\/wp-content\/uploads\/2023\/01\/saavutettavuus-150x150.png 150w\" sizes=\"auto, (max-width: 300px) 100vw, 300px\" \/><\/figure>\r\n<div class=\"wp-block-media-text__content\">\r\n<h2 class=\"wp-block-heading\">Laki digitaalisten palvelujen tarjoamisesta<\/h2>\r\n\r\n\r\n\r\n<p>Tietoa EU:n saavutettavuusdirektiivist\u00e4, joka koskee julkisen sektorin verkkosivuja ja mobiilisovelluksia.<\/p>\r\n<\/div>\r\n<\/div>\r\n<\/a>\r\n\r\n<a href=\"https:\/\/papunet.net\/saavutettavuus\/lait-ja-standardit\/eurooppalainen-standardi-en-301-549\/\" class=\"wp-block-tiptip-hyperlink-group-block\">\r\n<div class=\"wp-block-media-text alignwide\" style=\"grid-template-columns: 15% auto\">\r\n<figure class=\"wp-block-media-text__media\"><img loading=\"lazy\" decoding=\"async\" width=\"300\" height=\"300\" class=\"wp-image-442 size-full img-responsive\" src=\"https:\/\/papunet.net\/saavutettavuus\/wp-content\/uploads\/2023\/01\/eurooppalainen_standardi.png\" alt=\"\" srcset=\"https:\/\/papunet.net\/saavutettavuus\/wp-content\/uploads\/2023\/01\/eurooppalainen_standardi.png 300w, https:\/\/papunet.net\/saavutettavuus\/wp-content\/uploads\/2023\/01\/eurooppalainen_standardi-150x150.png 150w\" sizes=\"auto, (max-width: 300px) 100vw, 300px\" \/><\/figure>\r\n<div class=\"wp-block-media-text__content\">\r\n<h2 class=\"wp-block-heading\">Eurooppalainen standardi EN 301 549<\/h2>\r\n\r\n\r\n\r\n<p>Tietoa EN 301 549 -standardista, joka koskee julkisen sektorin tieto- ja viestint\u00e4tekniikan hankintoja.<\/p>\r\n<\/div>\r\n<\/div>\r\n<\/a>\r\n\r\n<a href=\"https:\/\/papunet.net\/saavutettavuus\/lait-ja-standardit\/esteettomyysdirektiivi\/\" class=\"wp-block-tiptip-hyperlink-group-block\">\r\n<div class=\"wp-block-media-text alignwide\" style=\"grid-template-columns: 15% auto\">\r\n<figure class=\"wp-block-media-text__media\"><img loading=\"lazy\" decoding=\"async\" width=\"300\" height=\"300\" class=\"wp-image-443 size-full img-responsive\" src=\"https:\/\/papunet.net\/saavutettavuus\/wp-content\/uploads\/2023\/01\/esteettomyys.png\" alt=\"\" srcset=\"https:\/\/papunet.net\/saavutettavuus\/wp-content\/uploads\/2023\/01\/esteettomyys.png 300w, https:\/\/papunet.net\/saavutettavuus\/wp-content\/uploads\/2023\/01\/esteettomyys-150x150.png 150w\" sizes=\"auto, (max-width: 300px) 100vw, 300px\" \/><\/figure>\r\n<div class=\"wp-block-media-text__content\">\r\n<h2 class=\"wp-block-heading\">Esteett\u00f6myysdirektiivi<\/h2>\r\n\r\n\r\n\r\n<p>Tietoa esteett\u00f6myysdirektiivist\u00e4, joka koskee yleisesti saatavilla olevia palveluja.<\/p>\r\n<\/div>\r\n<\/div>\r\n<\/a>\r\n\r\n<a href=\"https:\/\/papunet.net\/saavutettavuus\/lait-ja-standardit\/ykn-yleissopimus-vammaisten-henkiloiden-oikeuksista\/\" class=\"wp-block-tiptip-hyperlink-group-block\">\r\n<div class=\"wp-block-media-text alignwide\" style=\"grid-template-columns: 15% auto\">\r\n<figure class=\"wp-block-media-text__media\"><img loading=\"lazy\" decoding=\"async\" width=\"300\" height=\"300\" class=\"wp-image-444 size-full img-responsive\" src=\"https:\/\/papunet.net\/saavutettavuus\/wp-content\/uploads\/2023\/01\/ykn_yleissopimus.png\" alt=\"\" srcset=\"https:\/\/papunet.net\/saavutettavuus\/wp-content\/uploads\/2023\/01\/ykn_yleissopimus.png 300w, https:\/\/papunet.net\/saavutettavuus\/wp-content\/uploads\/2023\/01\/ykn_yleissopimus-150x150.png 150w\" sizes=\"auto, (max-width: 300px) 100vw, 300px\" \/><\/figure>\r\n<div class=\"wp-block-media-text__content\">\r\n<h2 class=\"wp-block-heading\">YK:n yleissopimus vammaisten henkil\u00f6iden oikeuksista<\/h2>\r\n\r\n\r\n\r\n<p>Tietoa YK:n vammaissopimuksesta, joka kielt\u00e4\u00e4 syrjinn\u00e4n vammaisuuden perusteella.<\/p>\r\n<\/div>\r\n<\/div>\r\n<\/a>\r\n\r\n<a href=\"https:\/\/papunet.net\/saavutettavuus\/lait-ja-standardit\/yhdenvertaisuuslaki\/\" class=\"wp-block-tiptip-hyperlink-group-block\">\r\n<div class=\"wp-block-media-text alignwide\" style=\"grid-template-columns: 15% auto\">\r\n<figure class=\"wp-block-media-text__media\"><img loading=\"lazy\" decoding=\"async\" width=\"300\" height=\"300\" class=\"wp-image-445 size-full img-responsive\" src=\"https:\/\/papunet.net\/saavutettavuus\/wp-content\/uploads\/2023\/01\/yhdenvertaisuus.png\" alt=\"\" srcset=\"https:\/\/papunet.net\/saavutettavuus\/wp-content\/uploads\/2023\/01\/yhdenvertaisuus.png 300w, https:\/\/papunet.net\/saavutettavuus\/wp-content\/uploads\/2023\/01\/yhdenvertaisuus-150x150.png 150w\" sizes=\"auto, (max-width: 300px) 100vw, 300px\" \/><\/figure>\r\n<div class=\"wp-block-media-text__content\">\r\n<h2 class=\"wp-block-heading\">Yhdenvertaisuuslaki<\/h2>\r\n\r\n\r\n\r\n<p>Tietoa yhdenvertaisuuslaista, kohtuullisista mukautuksista ja niiden merkityksest\u00e4 k\u00e4ytt\u00e4jille ja palveluntarjoajille.<\/p>\r\n<\/div>\r\n<\/div>\r\n<\/a>\n\n","protected":false},"excerpt":{"rendered":"<p>Verkkopalvelun tilaajan ja palvelun kehitt\u00e4jien on syyt\u00e4 perehty\u00e4 saavutettavuuteen liittyv\u00e4\u00e4n lains\u00e4\u00e4d\u00e4nt\u00f6\u00f6n ja siihen, mit\u00e4 laki edellytt\u00e4\u00e4 verkkopalvelulta. My\u00f6s verkkopalvelujen k\u00e4ytt\u00e4jien kannattaa tutustua lains\u00e4\u00e4d\u00e4nt\u00f6\u00f6n, jotta he tuntevat omat oikeutensa. Laki velvoittaa tekem\u00e4\u00e4n verkkosivuista saavutettavia Yhdenvertaisuuslaki velvoittaa yleisesti [&hellip;]<span class=\"moretag\">Lue lis\u00e4\u00e4&#8230;<\/span><\/p>\n","protected":false},"author":1,"featured_media":69,"parent":0,"menu_order":3,"comment_status":"closed","ping_status":"closed","template":"","meta":{"_acf_changed":false,"footnotes":""},"class_list":["post-10","page","type-page","status-publish","has-post-thumbnail","hentry"],"acf":[],"_links":{"self":[{"href":"https:\/\/papunet.net\/saavutettavuus\/wp-json\/wp\/v2\/pages\/10","targetHints":{"allow":["GET"]}}],"collection":[{"href":"https:\/\/papunet.net\/saavutettavuus\/wp-json\/wp\/v2\/pages"}],"about":[{"href":"https:\/\/papunet.net\/saavutettavuus\/wp-json\/wp\/v2\/types\/page"}],"author":[{"embeddable":true,"href":"https:\/\/papunet.net\/saavutettavuus\/wp-json\/wp\/v2\/users\/1"}],"replies":[{"embeddable":true,"href":"https:\/\/papunet.net\/saavutettavuus\/wp-json\/wp\/v2\/comments?post=10"}],"version-history":[{"count":0,"href":"https:\/\/papunet.net\/saavutettavuus\/wp-json\/wp\/v2\/pages\/10\/revisions"}],"wp:featuredmedia":[{"embeddable":true,"href":"https:\/\/papunet.net\/saavutettavuus\/wp-json\/wp\/v2\/media\/69"}],"wp:attachment":[{"href":"https:\/\/papunet.net\/saavutettavuus\/wp-json\/wp\/v2\/media?parent=10"}],"curies":[{"name":"wp","href":"https:\/\/api.w.org\/{rel}","templated":true}]}}