{"id":100,"date":"2022-10-26T12:33:43","date_gmt":"2022-10-26T09:33:43","guid":{"rendered":"https:\/\/papunet.net\/saavutettavuus\/?page_id=100"},"modified":"2023-01-17T13:51:36","modified_gmt":"2023-01-17T11:51:36","slug":"ruudunlukuohjelmat","status":"publish","type":"page","link":"https:\/\/papunet.net\/saavutettavuus\/miksi-saavutettava\/avustavat-teknologiat\/ruudunlukuohjelmat\/","title":{"rendered":"Ruudunlukuohjelmat"},"content":{"rendered":"\n<p>Ruudunlukuohjelmat ovat n\u00e4k\u00f6vammaisten k\u00e4ytt\u00e4mi\u00e4 avustavia ohjelmia, jotka lukevat verkkosivulla olevan sis\u00e4ll\u00f6n k\u00e4ytt\u00e4j\u00e4lle \u00e4\u00e4neen. Ruudunlukuohjelmat tarjoavat t\u00e4ysin sokeallekin henkil\u00f6lle mahdollisuuden p\u00e4\u00e4telaitteen ohjaamiseen ja sis\u00e4lt\u00f6jen havaitsemiseen.<\/p>\n<p>Ruudunlukuohjelman k\u00e4ytt\u00e4j\u00e4t ohjaavat tietokonetta n\u00e4pp\u00e4inkomennoilla. Kosketusn\u00e4yt\u00f6llisi\u00e4 laitteita ohjataan sormieleill\u00e4 k\u00e4ytt\u00e4en yht\u00e4 tai useampaa sormea.<\/p>\n<p>Verkkosivujen selaaminen ruudunlukuohjelmalla vaatii, ett\u00e4<\/p>\n<ol>\n<li>sivun eri kohteista on tehty havaittavia ja<\/li>\n<li>sivun eri kohteita on mahdollista k\u00e4ytt\u00e4\u00e4 pelk\u00e4ll\u00e4 n\u00e4pp\u00e4imist\u00f6ll\u00e4.<\/li>\n<\/ol>\n<p>Jotta esimerkiksi kuvat olisivat havaittavia, niihin on syyt\u00e4 lis\u00e4t\u00e4 erillinen tekstivastine. Ruudunlukuohjelmat lukevat tekstivastineen k\u00e4ytt\u00e4j\u00e4lle \u00e4\u00e4neen, jolloin sokeakin henkil\u00f6 voi tiet\u00e4\u00e4, mit\u00e4 kuvassa on.<\/p>\n<p>Kaikkia sivuston toimintoja pit\u00e4\u00e4 voida k\u00e4ytt\u00e4\u00e4 my\u00f6s pelk\u00e4ll\u00e4 n\u00e4pp\u00e4imist\u00f6ll\u00e4. Esimerkiksi verkkolomakkeen kaikki t\u00e4ytett\u00e4v\u00e4t kohdat tulisi tehd\u00e4 sellaisiksi, ett\u00e4 niit\u00e4 voi k\u00e4ytt\u00e4\u00e4 ilman hiirt\u00e4.<\/p>\n<p>Ruudunlukuohjelmat osaavat kertoa k\u00e4ytt\u00e4j\u00e4lle sivulla valittuna olevan kohteen semanttisen merkityksen. Jos valittuna oleva kohde on otsikko, linkki tai kuva, ruudunlukuohjelma kertoo t\u00e4m\u00e4n k\u00e4ytt\u00e4j\u00e4lle.<\/p>\n<p>Jotta ruudunlukuohjelmat toimisivat oikein, verkkosivuille ja muihin tekstidokumentteihin on merkitt\u00e4v\u00e4 HTML-elementeill\u00e4, ett\u00e4 kyseess\u00e4 on otsikko. Tekstin koon muuttaminen suuremmaksi ei ole suositeltava tapa erottaa otsikot leip\u00e4tekstist\u00e4.<\/p>\n<p>Jos otsikko on merkitty oikein, ruudunlukuohjelma kertoo k\u00e4ytt\u00e4j\u00e4lle, ett\u00e4 kyseess\u00e4 on otsikko. K\u00e4ytt\u00e4j\u00e4 voi my\u00f6s halutessaan selata pelkki\u00e4 verkkosivun otsikoita. On tavallista, ett\u00e4 ruudunlukuohjelmien k\u00e4ytt\u00e4j\u00e4t selaavat sivulta vain otsikoita l\u00f6yt\u00e4\u00e4kseen nopeasti ja vaivattomasti olennaisen sis\u00e4ll\u00f6n.<\/p>\n\n","protected":false},"excerpt":{"rendered":"<p>Ruudunlukuohjelmat ovat n\u00e4k\u00f6vammaisten k\u00e4ytt\u00e4mi\u00e4 avustavia ohjelmia, jotka lukevat verkkosivulla olevan sis\u00e4ll\u00f6n k\u00e4ytt\u00e4j\u00e4lle \u00e4\u00e4neen. Ruudunlukuohjelmat tarjoavat t\u00e4ysin sokeallekin henkil\u00f6lle mahdollisuuden p\u00e4\u00e4telaitteen ohjaamiseen ja sis\u00e4lt\u00f6jen havaitsemiseen. Ruudunlukuohjelman k\u00e4ytt\u00e4j\u00e4t ohjaavat tietokonetta n\u00e4pp\u00e4inkomennoilla. Kosketusn\u00e4yt\u00f6llisi\u00e4 laitteita ohjataan sormieleill\u00e4 k\u00e4ytt\u00e4en yht\u00e4 tai [&hellip;]<span class=\"moretag\">Lue lis\u00e4\u00e4&#8230;<\/span><\/p>\n","protected":false},"author":10,"featured_media":0,"parent":92,"menu_order":4,"comment_status":"closed","ping_status":"closed","template":"","meta":{"_acf_changed":false,"footnotes":""},"class_list":["post-100","page","type-page","status-publish","hentry"],"acf":[],"_links":{"self":[{"href":"https:\/\/papunet.net\/saavutettavuus\/wp-json\/wp\/v2\/pages\/100","targetHints":{"allow":["GET"]}}],"collection":[{"href":"https:\/\/papunet.net\/saavutettavuus\/wp-json\/wp\/v2\/pages"}],"about":[{"href":"https:\/\/papunet.net\/saavutettavuus\/wp-json\/wp\/v2\/types\/page"}],"author":[{"embeddable":true,"href":"https:\/\/papunet.net\/saavutettavuus\/wp-json\/wp\/v2\/users\/10"}],"replies":[{"embeddable":true,"href":"https:\/\/papunet.net\/saavutettavuus\/wp-json\/wp\/v2\/comments?post=100"}],"version-history":[{"count":0,"href":"https:\/\/papunet.net\/saavutettavuus\/wp-json\/wp\/v2\/pages\/100\/revisions"}],"up":[{"embeddable":true,"href":"https:\/\/papunet.net\/saavutettavuus\/wp-json\/wp\/v2\/pages\/92"}],"wp:attachment":[{"href":"https:\/\/papunet.net\/saavutettavuus\/wp-json\/wp\/v2\/media?parent=100"}],"curies":[{"name":"wp","href":"https:\/\/api.w.org\/{rel}","templated":true}]}}