{"id":102,"date":"2022-10-26T12:36:41","date_gmt":"2022-10-26T09:36:41","guid":{"rendered":"https:\/\/papunet.net\/saavutettavuus\/?page_id=102"},"modified":"2023-01-17T14:13:02","modified_gmt":"2023-01-17T12:13:02","slug":"esitystavan-muuttaminen","status":"publish","type":"page","link":"https:\/\/papunet.net\/saavutettavuus\/miksi-saavutettava\/avustavat-teknologiat\/esitystavan-muuttaminen\/","title":{"rendered":"Esitystavan muuttaminen"},"content":{"rendered":"\n<p>Jotkut verkkosivujen k\u00e4ytt\u00e4j\u00e4t, esimerkiksi heikkon\u00e4k\u00f6iset ja ihmiset, joilla on kognitiivisia vaikeuksia, voivat lukea sivuilla olevan sis\u00e4ll\u00f6n muuttamalla sen esitystapaa. Esimerkiksi tekstin kokoa voidaan muuttaa tai poistaa lukemista h\u00e4iritsevi\u00e4 kohteita verkkosivulta.<\/p>\n<p>Verkkosivujen sis\u00e4ll\u00f6n esitystapaa voidaan muuttaa erillisill\u00e4 ohjelmistoilla ja selainlaajennuksilla. Joissain selaimissa t\u00e4llaiset ominaisuudet ovat sis\u00e4\u00e4nrakennettuina.<\/p>\n<p>Sis\u00e4ll\u00f6n esitystapaa voi muuttaa muun muassa<\/p>\n<ul>\n<li>vaihtamalla tekstin kokoa, tyyppi\u00e4, v\u00e4ri\u00e4 ja riviv\u00e4li\u00e4<\/li>\n<li>vaihtamalla taustan v\u00e4ri\u00e4<\/li>\n<li>piilottamalla sivuilta ep\u00e4olennaisen sis\u00e4ll\u00f6n, kuten navigaatiolinkit, mainokset, alaviitteet yms.<\/li>\n<li>lis\u00e4\u00e4m\u00e4ll\u00e4 verkkosivulle kuuntelupainikkeen, joka lukee sivun sis\u00e4ll\u00f6n k\u00e4ytt\u00e4j\u00e4lle \u00e4\u00e4neen.<\/li>\n<\/ul>\n\n","protected":false},"excerpt":{"rendered":"<p>Jotkut verkkosivujen k\u00e4ytt\u00e4j\u00e4t, esimerkiksi heikkon\u00e4k\u00f6iset ja ihmiset, joilla on kognitiivisia vaikeuksia, voivat lukea sivuilla olevan sis\u00e4ll\u00f6n muuttamalla sen esitystapaa. Esimerkiksi tekstin kokoa voidaan muuttaa tai poistaa lukemista h\u00e4iritsevi\u00e4 kohteita verkkosivulta. Verkkosivujen sis\u00e4ll\u00f6n esitystapaa voidaan muuttaa erillisill\u00e4 [&hellip;]<span class=\"moretag\">Lue lis\u00e4\u00e4&#8230;<\/span><\/p>\n","protected":false},"author":10,"featured_media":0,"parent":92,"menu_order":5,"comment_status":"closed","ping_status":"closed","template":"","meta":{"_acf_changed":false,"footnotes":""},"class_list":["post-102","page","type-page","status-publish","hentry"],"acf":[],"_links":{"self":[{"href":"https:\/\/papunet.net\/saavutettavuus\/wp-json\/wp\/v2\/pages\/102","targetHints":{"allow":["GET"]}}],"collection":[{"href":"https:\/\/papunet.net\/saavutettavuus\/wp-json\/wp\/v2\/pages"}],"about":[{"href":"https:\/\/papunet.net\/saavutettavuus\/wp-json\/wp\/v2\/types\/page"}],"author":[{"embeddable":true,"href":"https:\/\/papunet.net\/saavutettavuus\/wp-json\/wp\/v2\/users\/10"}],"replies":[{"embeddable":true,"href":"https:\/\/papunet.net\/saavutettavuus\/wp-json\/wp\/v2\/comments?post=102"}],"version-history":[{"count":0,"href":"https:\/\/papunet.net\/saavutettavuus\/wp-json\/wp\/v2\/pages\/102\/revisions"}],"up":[{"embeddable":true,"href":"https:\/\/papunet.net\/saavutettavuus\/wp-json\/wp\/v2\/pages\/92"}],"wp:attachment":[{"href":"https:\/\/papunet.net\/saavutettavuus\/wp-json\/wp\/v2\/media?parent=102"}],"curies":[{"name":"wp","href":"https:\/\/api.w.org\/{rel}","templated":true}]}}