{"id":103,"date":"2022-10-26T12:37:59","date_gmt":"2022-10-26T09:37:59","guid":{"rendered":"https:\/\/papunet.net\/saavutettavuus\/?page_id=103"},"modified":"2023-01-17T14:16:50","modified_gmt":"2023-01-17T12:16:50","slug":"pistenaytot","status":"publish","type":"page","link":"https:\/\/papunet.net\/saavutettavuus\/miksi-saavutettava\/avustavat-teknologiat\/pistenaytot\/","title":{"rendered":"Pisten\u00e4yt\u00f6t"},"content":{"rendered":"\n<p>Pisten\u00e4yt\u00f6t muodostavat n\u00e4yt\u00f6lle pistekirjoitusta, jota esimerkiksi sokea k\u00e4ytt\u00e4j\u00e4 voi lukea tunnustelemalla. Pisten\u00e4yt\u00f6st\u00e4 riippuen siihen mahtuu kerrallaan noin 40\u201380 kirjainta tai merkki\u00e4.<\/p>\n<p>Pisten\u00e4yt\u00f6t ovat tyypillisesti yhteydess\u00e4 ruudunlukuohjelmaan, jolloin pisten\u00e4yt\u00f6lle piirtyy sama teksti, jonka ruudunlukuohjelma lukee.<\/p>\n<p>Pisten\u00e4ytt\u00f6jen k\u00e4ytt\u00e4j\u00e4t ovat yleens\u00e4 sokeita tai kuurosokeita. Moni n\u00e4k\u00f6vammainen k\u00e4ytt\u00e4\u00e4 pisten\u00e4ytt\u00f6\u00e4 my\u00f6s tarkkuutta vaativiin toimintoihin verkkosivuilla. Esimerkiksi laskujen maksaminen verkossa, vaikeiden vieraskielisten sanojen oikeinkirjoituksen tarkistaminen, ohjelmakoodin kirjoittaminen ja lukeminen tai laskutoimitusten tekeminen on monille mukavampaa, jos k\u00e4yt\u00f6ss\u00e4 on pisten\u00e4ytt\u00f6 ruudunlukuohjelman sijaan.<\/p>\n\n","protected":false},"excerpt":{"rendered":"<p>Pisten\u00e4yt\u00f6t muodostavat n\u00e4yt\u00f6lle pistekirjoitusta, jota esimerkiksi sokea k\u00e4ytt\u00e4j\u00e4 voi lukea tunnustelemalla. Pisten\u00e4yt\u00f6st\u00e4 riippuen siihen mahtuu kerrallaan noin 40\u201380 kirjainta tai merkki\u00e4. Pisten\u00e4yt\u00f6t ovat tyypillisesti yhteydess\u00e4 ruudunlukuohjelmaan, jolloin pisten\u00e4yt\u00f6lle piirtyy sama teksti, jonka ruudunlukuohjelma lukee. Pisten\u00e4ytt\u00f6jen k\u00e4ytt\u00e4j\u00e4t [&hellip;]<span class=\"moretag\">Lue lis\u00e4\u00e4&#8230;<\/span><\/p>\n","protected":false},"author":10,"featured_media":0,"parent":92,"menu_order":6,"comment_status":"closed","ping_status":"closed","template":"","meta":{"_acf_changed":false,"footnotes":""},"class_list":["post-103","page","type-page","status-publish","hentry"],"acf":[],"_links":{"self":[{"href":"https:\/\/papunet.net\/saavutettavuus\/wp-json\/wp\/v2\/pages\/103","targetHints":{"allow":["GET"]}}],"collection":[{"href":"https:\/\/papunet.net\/saavutettavuus\/wp-json\/wp\/v2\/pages"}],"about":[{"href":"https:\/\/papunet.net\/saavutettavuus\/wp-json\/wp\/v2\/types\/page"}],"author":[{"embeddable":true,"href":"https:\/\/papunet.net\/saavutettavuus\/wp-json\/wp\/v2\/users\/10"}],"replies":[{"embeddable":true,"href":"https:\/\/papunet.net\/saavutettavuus\/wp-json\/wp\/v2\/comments?post=103"}],"version-history":[{"count":0,"href":"https:\/\/papunet.net\/saavutettavuus\/wp-json\/wp\/v2\/pages\/103\/revisions"}],"up":[{"embeddable":true,"href":"https:\/\/papunet.net\/saavutettavuus\/wp-json\/wp\/v2\/pages\/92"}],"wp:attachment":[{"href":"https:\/\/papunet.net\/saavutettavuus\/wp-json\/wp\/v2\/media?parent=103"}],"curies":[{"name":"wp","href":"https:\/\/api.w.org\/{rel}","templated":true}]}}