{"id":104,"date":"2022-10-26T12:44:33","date_gmt":"2022-10-26T09:44:33","guid":{"rendered":"https:\/\/papunet.net\/saavutettavuus\/?page_id=104"},"modified":"2024-02-16T10:25:35","modified_gmt":"2024-02-16T08:25:35","slug":"silman-liikkeilla-ohjattava-kohdistin","status":"publish","type":"page","link":"https:\/\/papunet.net\/saavutettavuus\/miksi-saavutettava\/avustavat-teknologiat\/silman-liikkeilla-ohjattava-kohdistin\/","title":{"rendered":"Silm\u00e4n liikkeill\u00e4 ohjattava kohdistin"},"content":{"rendered":"\n<p>Henkil\u00f6t, jotka eiv\u00e4t pysty k\u00e4ytt\u00e4m\u00e4\u00e4n k\u00e4si\u00e4\u00e4n, voivat ohjata n\u00e4yt\u00f6ll\u00e4 n\u00e4kyv\u00e4\u00e4 hiirt\u00e4 silm\u00e4n liikkeill\u00e4. Esimerkiksi neliraajahalvaantuneelle silm\u00e4n liikkeill\u00e4 ohjattava kohdistin saattaa olla hyv\u00e4 tapa ohjata tietokonetta.<\/p>\r\n\r\n\r\n\r\n<p>Laite tunnistaa, mihin kohtaan n\u00e4yt\u00f6st\u00e4 k\u00e4ytt\u00e4j\u00e4 on suunnannut katseensa.<\/p>\r\n\r\n\r\n\r\n<p>Jos verkkosivua selataan silm\u00e4n liikkeill\u00e4, on k\u00e4ytt\u00e4j\u00e4lle avuksi, ett\u00e4 n\u00e4yt\u00f6ll\u00e4 n\u00e4kyv\u00e4t toiminnalliset (klikattavat\/painettavat) kohteet ovat riitt\u00e4v\u00e4n suuria.<\/p>\r\n\r\n\r\n\r\n<p>Kohteen klikkaus toimii joko Dwell-toiminnolla (ohjelma valitsee kohdan, jossa katse viipyy pitemp\u00e4\u00e4n) tai ulkoisella valinnalla. Ulkoiseen valintaan voidaan k\u00e4ytt\u00e4\u00e4 kytkint\u00e4, joka voi olla k\u00e4ytt\u00e4j\u00e4lle soveltuva painike tai esimerkiksi silm\u00e4n r\u00e4ps\u00e4ytykseen reagoiva kytkin.<\/p>\r\n\r\n\r\n\r\n<p>Silm\u00e4nliikeantureiden mukana tulee usein my\u00f6s ohjelmisto kirjoittamista varten. Niiss\u00e4 voi olla mukana kirjoitettavan sanan automaattinen ehdotus. T\u00e4m\u00e4 nopeuttaa kirjoittamista huomattavasti.<\/p>\r\n\r\n\r\n\r\n<figure class=\"wp-block-image alignnone size-full size-medium wp-image-105\"><img loading=\"lazy\" decoding=\"async\" width=\"460\" height=\"249\" class=\"wp-image-105 img-responsive\" src=\"https:\/\/papunet.net\/saavutettavuus\/wp-content\/uploads\/2022\/10\/katseohjaus.jpg\" alt=\"Kuvassa ihminen k\u00e4ytt\u00e4\u00e4 tietokonetta katseohjauksella.\" srcset=\"https:\/\/papunet.net\/saavutettavuus\/wp-content\/uploads\/2022\/10\/katseohjaus.jpg 460w, https:\/\/papunet.net\/saavutettavuus\/wp-content\/uploads\/2022\/10\/katseohjaus-300x162.jpg 300w\" sizes=\"auto, (max-width: 460px) 100vw, 460px\" \/>\r\n<figcaption class=\"wp-element-caption\"><em>Katseohjauksessa valinta tehd\u00e4\u00e4n kohdentamalla katse haluttuun kohtaan ja pit\u00e4m\u00e4ll\u00e4 se paikallaan tietyn ajan. Kuva: Tikoteekki<\/em><\/figcaption>\r\n<\/figure>\r\n\r\n\r\n\r\n<p><a href=\"https:\/\/papunet.net\/apuvalineiden-helppokayttoisyys-ja-ohjaintavat\/\">Lue lis\u00e4\u00e4 tietokoneen ohjaintavoista Papunetin Tietoa-sivuilta.<\/a><\/p>\r\n\n","protected":false},"excerpt":{"rendered":"<p>Henkil\u00f6t, jotka eiv\u00e4t pysty k\u00e4ytt\u00e4m\u00e4\u00e4n k\u00e4si\u00e4\u00e4n, voivat ohjata n\u00e4yt\u00f6ll\u00e4 n\u00e4kyv\u00e4\u00e4 hiirt\u00e4 silm\u00e4n liikkeill\u00e4. Esimerkiksi neliraajahalvaantuneelle silm\u00e4n liikkeill\u00e4 ohjattava kohdistin saattaa olla hyv\u00e4 tapa ohjata tietokonetta. Laite tunnistaa, mihin kohtaan n\u00e4yt\u00f6st\u00e4 k\u00e4ytt\u00e4j\u00e4 on suunnannut katseensa. Jos verkkosivua [&hellip;]<span class=\"moretag\">Lue lis\u00e4\u00e4&#8230;<\/span><\/p>\n","protected":false},"author":10,"featured_media":0,"parent":92,"menu_order":7,"comment_status":"closed","ping_status":"closed","template":"","meta":{"_acf_changed":false,"footnotes":""},"class_list":["post-104","page","type-page","status-publish","hentry"],"acf":[],"_links":{"self":[{"href":"https:\/\/papunet.net\/saavutettavuus\/wp-json\/wp\/v2\/pages\/104","targetHints":{"allow":["GET"]}}],"collection":[{"href":"https:\/\/papunet.net\/saavutettavuus\/wp-json\/wp\/v2\/pages"}],"about":[{"href":"https:\/\/papunet.net\/saavutettavuus\/wp-json\/wp\/v2\/types\/page"}],"author":[{"embeddable":true,"href":"https:\/\/papunet.net\/saavutettavuus\/wp-json\/wp\/v2\/users\/10"}],"replies":[{"embeddable":true,"href":"https:\/\/papunet.net\/saavutettavuus\/wp-json\/wp\/v2\/comments?post=104"}],"version-history":[{"count":0,"href":"https:\/\/papunet.net\/saavutettavuus\/wp-json\/wp\/v2\/pages\/104\/revisions"}],"up":[{"embeddable":true,"href":"https:\/\/papunet.net\/saavutettavuus\/wp-json\/wp\/v2\/pages\/92"}],"wp:attachment":[{"href":"https:\/\/papunet.net\/saavutettavuus\/wp-json\/wp\/v2\/media?parent=104"}],"curies":[{"name":"wp","href":"https:\/\/api.w.org\/{rel}","templated":true}]}}