{"id":106,"date":"2022-10-26T12:57:29","date_gmt":"2022-10-26T09:57:29","guid":{"rendered":"https:\/\/papunet.net\/saavutettavuus\/?page_id=106"},"modified":"2024-02-16T12:28:57","modified_gmt":"2024-02-16T10:28:57","slug":"digisyrjaytyminen","status":"publish","type":"page","link":"https:\/\/papunet.net\/saavutettavuus\/miksi-saavutettava\/digisyrjaytyminen\/","title":{"rendered":"Digisyrj\u00e4ytyminen"},"content":{"rendered":"\n<p>Verkkopalvelut helpottavat el\u00e4m\u00e4\u00e4 monin tavoin. S\u00e4hk\u00f6inen asiointi esimerkiksi verkkopankeissa, verkkokaupoissa tai virastojen verkkopalveluissa onnistuu kellonajasta riippumatta. Verkko tuo palvelut my\u00f6s niiden ulottuville, jotka asuvat kaukana asutuskeskuksista.<\/p>\r\n\r\n\r\n\r\n<p>Verkkopalvelut ovat tehneet asioinnista ja palveluiden k\u00e4yt\u00f6st\u00e4 entist\u00e4 vaivattomampaa my\u00f6s monille vammaisille ja toimintarajoitteisille henkil\u00f6ille.<\/p>\r\n\r\n\r\n\r\n<p>Esimerkiksi py\u00f6r\u00e4tuolilla liikkuvien voi olla helpompaa hoitaa asioita kotonaan tietokoneella kuin matkustaa konttoreihin asioimaan. Kun kuulovammainen voi uusia l\u00e4\u00e4kereseptins\u00e4 verkossa, h\u00e4nen ei tarvitse hankkia viittomakielen tulkkia l\u00e4\u00e4k\u00e4rik\u00e4ynti\u00e4 varten.<\/p>\r\n\r\n\r\n\r\n<h2 class=\"wp-block-heading\">Mist\u00e4 digisyrj\u00e4ytyminen johtuu?<\/h2>\r\n\r\n\r\n\r\n<p>Parhaimmillaan palvelujen digitalisoituminen parantaa palvelujen saavutettavuutta, kun niit\u00e4 on mahdollista k\u00e4ytt\u00e4\u00e4 ajasta ja paikasta riippumatta.<\/p>\r\n\r\n\r\n\r\n<p>On kuitenkin ongelma, jos yleisesti saatavilla olevia palveluja on mahdollista saada ainoastaan verkossa, kun perinteisi\u00e4 fyysisi\u00e4 konttoreita ja palvelupisteit\u00e4 lakkautetaan.<\/p>\r\n\r\n\r\n\r\n<p>Kaikilla ei ole p\u00e4\u00e4sy\u00e4 internetiin eiv\u00e4tk\u00e4 kaikki kykene k\u00e4ytt\u00e4m\u00e4\u00e4n verkkopalveluja. T\u00e4ll\u00f6in puhutaan digisyrj\u00e4ytymisest\u00e4.<\/p>\r\n\r\n\r\n\r\n<p>Digisyrj\u00e4ytymist\u00e4 aiheuttavat erilaiset tekij\u00e4t. Verkossa asioimisen voi est\u00e4\u00e4 esimerkiksi tietokoneen puuttuminen, heikot tietotekniset taidot, taloudellinen tilanne, vakava vamma tai toimintarajoite. My\u00f6s korkea ik\u00e4 ja tottumattomuus s\u00e4hk\u00f6isten palvelujen k\u00e4ytt\u00f6\u00f6n aiheuttavat digisyrj\u00e4ytymist\u00e4.<\/p>\r\n\r\n\r\n\r\n<p>Verkkopalveluiden k\u00e4ytt\u00f6\u00e4 est\u00e4v\u00e4t my\u00f6s niiden vaikea k\u00e4ytett\u00e4vyys ja huono saavutettavuus. Jos palvelu ei ole riitt\u00e4v\u00e4n saavutettava, vammaisten ja toimintarajoitteisten henkil\u00f6iden on jopa mahdotonta k\u00e4ytt\u00e4\u00e4 sit\u00e4.<\/p>\r\n\r\n\r\n\r\n<h2 class=\"wp-block-heading\">Palvelujen saavutettavuus ehk\u00e4isee digisyrj\u00e4ytymist\u00e4<\/h2>\r\n\r\n\r\n\r\n<p>Julkinen sektori on pyrkinyt ehk\u00e4isem\u00e4\u00e4n digisyrj\u00e4ytymist\u00e4 erilaisin keinoin. Kirjastoissa on usein mahdollista k\u00e4ytt\u00e4\u00e4 tietokonetta, ja kirjastot tarjoavat my\u00f6s apua verkkopalveluiden k\u00e4ytt\u00f6\u00f6n.<\/p>\r\n\r\n\r\n\r\n<p>Valtiovarainministeri\u00f6n AUTA-hankkeessa (2016\u20132017) tarjottiin tukea ja apua eri v\u00e4est\u00f6ryhmille digitaalisten palveluiden k\u00e4ytt\u00f6\u00f6n sek\u00e4 tarjottiin tukea verkossa asioimiseen. Hankkeen pohjalta on vuodesta 2018 alkaen kehitetty <a href=\"https:\/\/dvv.fi\/documents\/16079645\/0\/DVV-Digituki-Toimintamalli-2022-23.pdf\/0aee4087-ebba-05f0-27fe-33b184c890a1\/DVV-Digituki-Toimintamalli-2022-23.pdf?t=1677747801402\" data-type=\"URL\" data-id=\"https:\/\/vm.fi\/digituki-ja-digituen-toimintamalli\">Digituen toimintamallia<\/a>.<\/p>\r\n\r\n\r\n\r\n<p>Syyskuussa 2018 voimaan astunut EU:n <a href=\"https:\/\/papunet.net\/saavutettavuus\/lait-ja-standardit\/laki-digitaalisten-palvelujen-tarjoamisesta\/\">saavutettavuusdirektiivi<\/a> m\u00e4\u00e4r\u00e4\u00e4, ett\u00e4 kaikkien julkisen sektorin verkkopalveluiden tulee olla saavutettavia. Uudistus parantaa vammaisten ja toimintarajoitteisten asemaa ja heid\u00e4n mahdollisuuksiaan saada t\u00e4rkeit\u00e4 s\u00e4hk\u00f6isi\u00e4 palveluja.<\/p>\r\n\r\n\r\n\r\n<p>On kuitenkin huomionarvoista, ett\u00e4 saavutettavuusdirektiivi ei poista sit\u00e4 ongelmaa, ett\u00e4 moni verkkopalvelu saattaa olla liian vaikea k\u00e4ytt\u00e4\u00e4.<\/p>\r\n\r\n\r\n\r\n<p>Pelkk\u00e4 saavutettavuuden huomioiminen ei siis riit\u00e4 ehk\u00e4isem\u00e4\u00e4n digisyrj\u00e4ytymist\u00e4. Verkkopalvelut tulee my\u00f6s suunnitella riitt\u00e4v\u00e4n helppok\u00e4ytt\u00f6isiksi.<\/p>\r\n\n","protected":false},"excerpt":{"rendered":"<p>Verkkopalvelut helpottavat el\u00e4m\u00e4\u00e4 monin tavoin. S\u00e4hk\u00f6inen asiointi esimerkiksi verkkopankeissa, verkkokaupoissa tai virastojen verkkopalveluissa onnistuu kellonajasta riippumatta. Verkko tuo palvelut my\u00f6s niiden ulottuville, jotka asuvat kaukana asutuskeskuksista. Verkkopalvelut ovat tehneet asioinnista ja palveluiden k\u00e4yt\u00f6st\u00e4 entist\u00e4 vaivattomampaa my\u00f6s [&hellip;]<span class=\"moretag\">Lue lis\u00e4\u00e4&#8230;<\/span><\/p>\n","protected":false},"author":10,"featured_media":107,"parent":9,"menu_order":6,"comment_status":"closed","ping_status":"closed","template":"","meta":{"_acf_changed":false,"footnotes":""},"class_list":["post-106","page","type-page","status-publish","has-post-thumbnail","hentry"],"acf":[],"_links":{"self":[{"href":"https:\/\/papunet.net\/saavutettavuus\/wp-json\/wp\/v2\/pages\/106","targetHints":{"allow":["GET"]}}],"collection":[{"href":"https:\/\/papunet.net\/saavutettavuus\/wp-json\/wp\/v2\/pages"}],"about":[{"href":"https:\/\/papunet.net\/saavutettavuus\/wp-json\/wp\/v2\/types\/page"}],"author":[{"embeddable":true,"href":"https:\/\/papunet.net\/saavutettavuus\/wp-json\/wp\/v2\/users\/10"}],"replies":[{"embeddable":true,"href":"https:\/\/papunet.net\/saavutettavuus\/wp-json\/wp\/v2\/comments?post=106"}],"version-history":[{"count":0,"href":"https:\/\/papunet.net\/saavutettavuus\/wp-json\/wp\/v2\/pages\/106\/revisions"}],"up":[{"embeddable":true,"href":"https:\/\/papunet.net\/saavutettavuus\/wp-json\/wp\/v2\/pages\/9"}],"wp:featuredmedia":[{"embeddable":true,"href":"https:\/\/papunet.net\/saavutettavuus\/wp-json\/wp\/v2\/media\/107"}],"wp:attachment":[{"href":"https:\/\/papunet.net\/saavutettavuus\/wp-json\/wp\/v2\/media?parent=106"}],"curies":[{"name":"wp","href":"https:\/\/api.w.org\/{rel}","templated":true}]}}