{"id":11,"date":"2022-10-19T14:33:14","date_gmt":"2022-10-19T11:33:14","guid":{"rendered":"https:\/\/papunet.net\/saavutettavuus\/?page_id=11"},"modified":"2024-06-05T10:46:40","modified_gmt":"2024-06-05T07:46:40","slug":"ohjeita-ja-oppaita","status":"publish","type":"page","link":"https:\/\/papunet.net\/saavutettavuus\/ohjeita-ja-oppaita\/","title":{"rendered":"Ohjeita ja oppaita"},"content":{"rendered":"\n<p>T\u00e4l\u00adt\u00e4 si\u00advul\u00adta l\u00f6y\u00add\u00e4t oh\u00adjei\u00adta ja op\u00adpai\u00adta saa\u00advu\u00adtet\u00adta\u00advien verk\u00adko\u00adsi\u00advus\u00adto\u00adjen te\u00adke\u00admi\u00adseen. K\u00e4y\u00adt\u00e4 ja hy\u00f6\u00addyn\u00adn\u00e4 oh\u00adjei\u00adta verk\u00adko\u00adsi\u00advus\u00adton suun\u00adnit\u00adte\u00adlus\u00adsa, ke\u00adhit\u00adt\u00e4\u00admi\u00adses\u00ads\u00e4 ja ar\u00advioin\u00adnis\u00adsa. Osit\u00adtain oh\u00adjei\u00adta voi ja kan\u00adnat\u00adtaa hy\u00f6\u00addyn\u00adt\u00e4\u00e4 my\u00f6s mo\u00adbii\u00adli\u00adso\u00advel\u00adlus\u00adten ke\u00adhi\u00adtyk\u00adses\u00ads\u00e4.<\/p>\n\n\n\n<p>WCAG 2.1 on saa\u00advu\u00adtet\u00adta\u00advien verk\u00adko\u00adsi\u00advus\u00adto\u00adjen te\u00adke\u00admi\u00adseen ja ar\u00advioin\u00adtiin ylei\u00adsim\u00admin k\u00e4y\u00adtet\u00adty oh\u00adjeis\u00adtus. Sit\u00e4 k\u00e4ytet\u00e4\u00e4n my\u00f6s toistaiseksi poh\u00adja\u00adna saa\u00advu\u00adtet\u00adta\u00advuus\u00adlain\u00ads\u00e4\u00e4\u00add\u00e4n\u00adn\u00f6l\u00adle. WCAG-ohjeistuksen uusin versio on WCAG 2.2, joka julkaistiin 5.10.2023.<\/p>\n\n\n\n<p><a href=\"https:\/\/papunet.net\/saavutettavuus\/ohjeita-ja-oppaita\/saavutettavien-verkkosivujen-suunnitteluopas\/\">Saa\u00advu\u00adtet\u00adta\u00advien verk\u00adko\u00adsi\u00advu\u00adjen suun\u00adnit\u00adte\u00adluop\u00adpaa\u00adseen<\/a> olem\u00adme koon\u00adneet yh\u00adteen oh\u00adjei\u00adta ja vink\u00adke\u00adj\u00e4, joi\u00adden avul\u00adla verk\u00adko\u00adsi\u00advuis\u00adta voi teh\u00add\u00e4 saa\u00advu\u00adtet\u00adta\u00advuu\u00addel\u00adtaan ja k\u00e4y\u00adtet\u00adt\u00e4\u00advyy\u00addel\u00adt\u00e4\u00e4n pa\u00adrem\u00admat kai\u00adkil\u00adle k\u00e4yt\u00adt\u00e4\u00adjil\u00adle. Suun\u00adnit\u00adte\u00adluop\u00adpaa\u00adseen kan\u00adnat\u00adtaa tu\u00adtus\u00adtua jo en\u00adnen kuin verk\u00adko\u00adsi\u00advus\u00adtoa ale\u00adtaan suun\u00adni\u00adtel\u00adla ja ke\u00adhit\u00adt\u00e4\u00e4. Pi\u00adkaop\u00adpaat ovat muistia tukevia listauksia saavutettavuudesta.<\/p>\n\n\n\n<p><a href=\"https:\/\/papunet.net\/saavutettavuus\/ohjeita-ja-oppaita\/pikaoppaita-saavutettavuuteen\/\">Pikaoppaat<\/a> on laadittu verkkosivuprojektien eri rooleissa ty\u00f6skentelevi\u00e4 ammattilaisia varten.<\/p>\n\n\n\n<p><a href=\"https:\/\/papunet.net\/saavutettavuus\/ohjeita-ja-oppaita\/selkokieli-verkkosivuilla\/\">Sel\u00adko\u00adkie\u00adli verk\u00adko\u00adsi\u00advuil\u00adla<\/a> -sivu an\u00adtaa tie\u00adtoa sel\u00adko\u00adkie\u00adles\u00adt\u00e4 ja vink\u00adke\u00adj\u00e4 sii\u00adt\u00e4, mi\u00adten si\u00advu\u00adjen si\u00ads\u00e4l\u00adl\u00f6s\u00adt\u00e4 teh\u00add\u00e4\u00e4n mah\u00addol\u00adli\u00adsim\u00adman ym\u00adm\u00e4r\u00adret\u00adt\u00e4\u00adv\u00e4\u00e4.<\/p>\n\n\n\n<p><a href=\"https:\/\/papunet.net\/saavutettavuus\/ohjeita-ja-oppaita\/saavutettavuuden-arviointi\/\">Saa\u00advu\u00adtet\u00adta\u00advuu\u00adden ar\u00advioin\u00adti<\/a> -osiois\u00adsa on oh\u00adjei\u00adta verk\u00adko\u00adsi\u00advus\u00adton saa\u00advu\u00adtet\u00adta\u00advuu\u00adden ar\u00advioin\u00adtiin. Verk\u00adko\u00adsi\u00advus\u00adton saa\u00advu\u00adtet\u00adta\u00advuut\u00adta kan\u00adnat\u00adtaa ar\u00advioi\u00adda sen koko elin\u00adkaa\u00adren ajan.<\/p>\n\n\n\n<p><a href=\"https:\/\/papunet.net\/saavutettavuus\/ohjeita-ja-oppaita\/sosiaalisen-median-saavutettavuus\/\">So\u00adsi\u00adaa\u00adli\u00adnen me\u00addia<\/a> -osios\u00adsa ker\u00adro\u00adtaan vink\u00adke\u00adj\u00e4, joi\u00adden avul\u00adla jul\u00adkai\u00adsuis\u00adta saa teh\u00adty\u00e4 saa\u00advu\u00adtet\u00adta\u00advia.<\/p>\n\n\n<a href=\"https:\/\/papunet.net\/saavutettavuus\/ohjeita-ja-oppaita\/teknisen-saavutettavuuden-ohjeet-wcag\/wcag-2-2-saavutettavuusohjeet\/\" class=\"wp-block-tiptip-hyperlink-group-block\">\n<p><\/p>\n\n<div class=\"wp-block-media-text\" style=\"grid-template-columns:15% auto\">\n<figure class=\"wp-block-media-text__media\"><img loading=\"lazy\" decoding=\"async\" width=\"300\" height=\"300\" src=\"https:\/\/papunet.net\/saavutettavuus\/wp-content\/uploads\/2024\/06\/WCAG-2.2-300x300-1.jpg\" alt=\"\" class=\"wp-image-605 size-full img-responsive\" srcset=\"https:\/\/papunet.net\/saavutettavuus\/wp-content\/uploads\/2024\/06\/WCAG-2.2-300x300-1.jpg 300w, https:\/\/papunet.net\/saavutettavuus\/wp-content\/uploads\/2024\/06\/WCAG-2.2-300x300-1-150x150.jpg 150w\" sizes=\"auto, (max-width: 300px) 100vw, 300px\" \/><\/figure><div class=\"wp-block-media-text__content\">\n<h2 class=\"wp-block-heading\">WCAG 2.2 -saavutettavuusohjeet<\/h2>\n\n\n\n<p>WCAG 2.2 on World Wide Web Consortiumin (W3C) laatima ohjeistus, joka sis\u00e4lt\u00e4\u00e4 saavutettavan verkkosis\u00e4ll\u00f6n periaatteita, yleisi\u00e4 ohjeita ja testattavia onnistumiskriteerej\u00e4.<\/p>\n<\/div>\n<\/div>\n<\/a>\n\n<a href=\"https:\/\/papunet.net\/saavutettavuus\/ohjeita-ja-oppaita\/saavutettavien-verkkosivujen-suunnitteluopas\/\" class=\"wp-block-tiptip-hyperlink-group-block\">\n<div class=\"wp-block-media-text alignwide\" style=\"grid-template-columns:15% auto\">\n<figure class=\"wp-block-media-text__media\"><img loading=\"lazy\" decoding=\"async\" width=\"300\" height=\"300\" src=\"https:\/\/papunet.net\/saavutettavuus\/wp-content\/uploads\/2023\/01\/opaskirja.png\" alt=\"\" class=\"wp-image-451 size-full img-responsive\" srcset=\"https:\/\/papunet.net\/saavutettavuus\/wp-content\/uploads\/2023\/01\/opaskirja.png 300w, https:\/\/papunet.net\/saavutettavuus\/wp-content\/uploads\/2023\/01\/opaskirja-150x150.png 150w\" sizes=\"auto, (max-width: 300px) 100vw, 300px\" \/><\/figure><div class=\"wp-block-media-text__content\">\n<h2 class=\"wp-block-heading\">Saavutettavien verkkosivujen suunnitteluopas<\/h2>\n\n\n\n<p>Selke\u00e4t ja konkreettiset ohjeet verkkosivujen kehityksen parissa ty\u00f6skenteleville.<\/p>\n<\/div>\n<\/div>\n<\/a>\n\n<a href=\"https:\/\/papunet.net\/saavutettavuus\/ohjeita-ja-oppaita\/pikaoppaita-saavutettavuuteen\/\" class=\"wp-block-tiptip-hyperlink-group-block\">\n<div class=\"wp-block-media-text alignwide\" style=\"grid-template-columns: 15% auto\">\r\n<figure class=\"wp-block-media-text__media\"><img loading=\"lazy\" decoding=\"async\" width=\"300\" height=\"300\" class=\"wp-image-450 size-full img-responsive\" src=\"https:\/\/papunet.net\/saavutettavuus\/wp-content\/uploads\/2023\/01\/pienet_oppaat1.png\" alt=\"\" srcset=\"https:\/\/papunet.net\/saavutettavuus\/wp-content\/uploads\/2023\/01\/pienet_oppaat1.png 300w, https:\/\/papunet.net\/saavutettavuus\/wp-content\/uploads\/2023\/01\/pienet_oppaat1-150x150.png 150w\" sizes=\"auto, (max-width: 300px) 100vw, 300px\" \/><\/figure>\r\n<div class=\"wp-block-media-text__content\">\n\n<h2 class=\"wp-block-heading\">Pikaoppaita saavutettavuuteen<\/h2>\n\n\r\n\r\n\n<p>Pikaoppaita ja muistilistoja verkkosivujen suunnittelijoille, koodaajille, sis\u00e4ll\u00f6ntuottajille, arvioijille ja kaikille saavutettavuudesta kiinnostuneille.<\/p>\n\n<\/div>\r\n<\/div>\n<\/a>\n\n<a href=\"https:\/\/papunet.net\/saavutettavuus\/ohjeita-ja-oppaita\/verkkosivujen-helppokayttoisyys\/\" class=\"wp-block-tiptip-hyperlink-group-block\">\n<div class=\"wp-block-media-text alignwide\" style=\"grid-template-columns: 15% auto\">\r\n<figure class=\"wp-block-media-text__media\"><img loading=\"lazy\" decoding=\"async\" width=\"300\" height=\"300\" class=\"wp-image-452 size-full img-responsive\" src=\"https:\/\/papunet.net\/saavutettavuus\/wp-content\/uploads\/2023\/01\/helppokayttoiset_verkkosivut.png\" alt=\"\" srcset=\"https:\/\/papunet.net\/saavutettavuus\/wp-content\/uploads\/2023\/01\/helppokayttoiset_verkkosivut.png 300w, https:\/\/papunet.net\/saavutettavuus\/wp-content\/uploads\/2023\/01\/helppokayttoiset_verkkosivut-150x150.png 150w\" sizes=\"auto, (max-width: 300px) 100vw, 300px\" \/><\/figure>\r\n<div class=\"wp-block-media-text__content\">\n\n<h2 class=\"wp-block-heading\">Verkkosivujen helppok\u00e4ytt\u00f6isyys<\/h2>\n\n\r\n\r\n\n<p>Vinkkej\u00e4 helppok\u00e4ytt\u00f6isen verkkopalvelun tuottamiseen.<\/p>\n\n<\/div>\r\n<\/div>\n<\/a>\n\n<a href=\"https:\/\/papunet.net\/saavutettavuus\/ohjeita-ja-oppaita\/selkokieli-verkkosivuilla\/\" class=\"wp-block-tiptip-hyperlink-group-block\">\n<div class=\"wp-block-media-text alignwide\" style=\"grid-template-columns: 15% auto\">\r\n<figure class=\"wp-block-media-text__media\"><img loading=\"lazy\" decoding=\"async\" width=\"300\" height=\"300\" class=\"wp-image-453 size-full img-responsive\" src=\"https:\/\/papunet.net\/saavutettavuus\/wp-content\/uploads\/2023\/01\/selkologo-1.png\" alt=\"\" srcset=\"https:\/\/papunet.net\/saavutettavuus\/wp-content\/uploads\/2023\/01\/selkologo-1.png 300w, https:\/\/papunet.net\/saavutettavuus\/wp-content\/uploads\/2023\/01\/selkologo-1-150x150.png 150w\" sizes=\"auto, (max-width: 300px) 100vw, 300px\" \/><\/figure>\r\n<div class=\"wp-block-media-text__content\">\n\n<h2 class=\"wp-block-heading\">Selkokieli verkkosivuilla<\/h2>\n\n\r\n\r\n\n<p>Ohjeita selkokielisen verkkosivuston tai sivuosion rakentamiseen.<\/p>\n\n<\/div>\r\n<\/div>\n<\/a>\n\n<a href=\"https:\/\/papunet.net\/saavutettavuus\/ohjeita-ja-oppaita\/saavutettavuuden-arviointi\/\" class=\"wp-block-tiptip-hyperlink-group-block\">\n<div class=\"wp-block-media-text alignwide\" style=\"grid-template-columns: 15% auto\">\r\n<figure class=\"wp-block-media-text__media\"><img loading=\"lazy\" decoding=\"async\" width=\"300\" height=\"300\" class=\"wp-image-454 size-full img-responsive\" src=\"https:\/\/papunet.net\/saavutettavuus\/wp-content\/uploads\/2023\/01\/sivujen_arviointi.png\" alt=\"\" srcset=\"https:\/\/papunet.net\/saavutettavuus\/wp-content\/uploads\/2023\/01\/sivujen_arviointi.png 300w, https:\/\/papunet.net\/saavutettavuus\/wp-content\/uploads\/2023\/01\/sivujen_arviointi-150x150.png 150w\" sizes=\"auto, (max-width: 300px) 100vw, 300px\" \/><\/figure>\r\n<div class=\"wp-block-media-text__content\">\n\n<h2 class=\"wp-block-heading\">Saavutettavuuden arviointi<\/h2>\n\n\r\n\r\n\n<p>Ohjeita saavutettavuuden arvointiin eri menetelmill\u00e4.<\/p>\n\n<\/div>\r\n<\/div>\n<\/a>\n\n<a href=\"https:\/\/papunet.net\/saavutettavuus\/ohjeita-ja-oppaita\/sosiaalisen-median-saavutettavuus\/\" class=\"wp-block-tiptip-hyperlink-group-block\">\n<div class=\"wp-block-media-text alignwide\" style=\"grid-template-columns: 15% auto\">\r\n<figure class=\"wp-block-media-text__media\"><img loading=\"lazy\" decoding=\"async\" width=\"300\" height=\"300\" class=\"wp-image-455 size-full img-responsive\" src=\"https:\/\/papunet.net\/saavutettavuus\/wp-content\/uploads\/2023\/01\/sosiaalinen_media.png\" alt=\"\" srcset=\"https:\/\/papunet.net\/saavutettavuus\/wp-content\/uploads\/2023\/01\/sosiaalinen_media.png 300w, https:\/\/papunet.net\/saavutettavuus\/wp-content\/uploads\/2023\/01\/sosiaalinen_media-150x150.png 150w\" sizes=\"auto, (max-width: 300px) 100vw, 300px\" \/><\/figure>\r\n<div class=\"wp-block-media-text__content\">\n\n<h2 class=\"wp-block-heading\">Sosiaalisen median saavutettavuus<\/h2>\n\n\r\n\r\n\n<p>Ohjeita eri sosiaalisen median palveluihin.<\/p>\n\n<\/div>\r\n<\/div>\n<\/a>\n\n","protected":false},"excerpt":{"rendered":"<p>T\u00e4l\u00adt\u00e4 si\u00advul\u00adta l\u00f6y\u00add\u00e4t oh\u00adjei\u00adta ja op\u00adpai\u00adta saa\u00advu\u00adtet\u00adta\u00advien verk\u00adko\u00adsi\u00advus\u00adto\u00adjen te\u00adke\u00admi\u00adseen. K\u00e4y\u00adt\u00e4 ja hy\u00f6\u00addyn\u00adn\u00e4 oh\u00adjei\u00adta verk\u00adko\u00adsi\u00advus\u00adton suun\u00adnit\u00adte\u00adlus\u00adsa, ke\u00adhit\u00adt\u00e4\u00admi\u00adses\u00ads\u00e4 ja ar\u00advioin\u00adnis\u00adsa. Osit\u00adtain oh\u00adjei\u00adta voi ja kan\u00adnat\u00adtaa hy\u00f6\u00addyn\u00adt\u00e4\u00e4 my\u00f6s mo\u00adbii\u00adli\u00adso\u00advel\u00adlus\u00adten ke\u00adhi\u00adtyk\u00adses\u00ads\u00e4. WCAG 2.1 on saa\u00advu\u00adtet\u00adta\u00advien verk\u00adko\u00adsi\u00advus\u00adto\u00adjen te\u00adke\u00admi\u00adseen ja ar\u00advioin\u00adtiin ylei\u00adsim\u00admin [&hellip;]<span class=\"moretag\">Lue lis\u00e4\u00e4&#8230;<\/span><\/p>\n","protected":false},"author":1,"featured_media":388,"parent":0,"menu_order":4,"comment_status":"closed","ping_status":"closed","template":"","meta":{"_acf_changed":false,"footnotes":""},"class_list":["post-11","page","type-page","status-publish","has-post-thumbnail","hentry"],"acf":[],"_links":{"self":[{"href":"https:\/\/papunet.net\/saavutettavuus\/wp-json\/wp\/v2\/pages\/11","targetHints":{"allow":["GET"]}}],"collection":[{"href":"https:\/\/papunet.net\/saavutettavuus\/wp-json\/wp\/v2\/pages"}],"about":[{"href":"https:\/\/papunet.net\/saavutettavuus\/wp-json\/wp\/v2\/types\/page"}],"author":[{"embeddable":true,"href":"https:\/\/papunet.net\/saavutettavuus\/wp-json\/wp\/v2\/users\/1"}],"replies":[{"embeddable":true,"href":"https:\/\/papunet.net\/saavutettavuus\/wp-json\/wp\/v2\/comments?post=11"}],"version-history":[{"count":0,"href":"https:\/\/papunet.net\/saavutettavuus\/wp-json\/wp\/v2\/pages\/11\/revisions"}],"wp:featuredmedia":[{"embeddable":true,"href":"https:\/\/papunet.net\/saavutettavuus\/wp-json\/wp\/v2\/media\/388"}],"wp:attachment":[{"href":"https:\/\/papunet.net\/saavutettavuus\/wp-json\/wp\/v2\/media?parent=11"}],"curies":[{"name":"wp","href":"https:\/\/api.w.org\/{rel}","templated":true}]}}