{"id":110,"date":"2022-10-26T13:18:49","date_gmt":"2022-10-26T10:18:49","guid":{"rendered":"https:\/\/papunet.net\/saavutettavuus\/?page_id=110"},"modified":"2022-10-26T13:18:49","modified_gmt":"2022-10-26T10:18:49","slug":"jarjestot","status":"publish","type":"page","link":"https:\/\/papunet.net\/saavutettavuus\/miksi-saavutettava\/tietoa-muualla\/jarjestot\/","title":{"rendered":"J\u00e4rjest\u00f6t"},"content":{"rendered":"\n<p>J\u00e4rjest\u00f6j\u00e4, joilla on asiantuntemusta s\u00e4hk\u00f6isten palveluiden saavutettavuudesta ja rakennetun ymp\u00e4rist\u00f6n esteett\u00f6myydest\u00e4.<\/p>\n<h2><a href=\"https:\/\/www.kehitysvammaliitto.fi\/\">Kehitysvammaliitto<\/a><\/h2>\n<p>Kehitysvammaliitto puolustaa marginaalissa olevia ihmisi\u00e4 nostamalla heid\u00e4t esiin ja antamalla heille \u00e4\u00e4nen yhteiskunnassa. Liitto on vahva yhteiskunnallinen suunnann\u00e4ytt\u00e4j\u00e4 ja muutoksentekij\u00e4, jonka tavoitteena on kaikille yhdenvertainen Suomi. P\u00e4\u00e4m\u00e4\u00e4r\u00e4mme on kiteytetty kahteen sanaan: pois marginaalista.<\/p>\n<h2><a href=\"https:\/\/www.kulttuuriakaikille.fi\/\">Kulttuuria kaikille<\/a><\/h2>\n<p>Kulttuuria kaikille -palvelu tarjoaa tietoa ja ty\u00f6kaluja kulttuuripalveluiden saavutettavuuden ja moninaisuuden edist\u00e4miseen alan ty\u00f6ntekij\u00f6ille.<\/p>\n<h2><a href=\"https:\/\/www.kuuloliitto.fi\/\">Kuuloliitto<\/a><\/h2>\n<p>Kuuloliitto vaikuttaa, tiedottaa, tutkii, edustaa j\u00e4senyhdistystens\u00e4 j\u00e4seni\u00e4 ja tuottaa kulttuuri-, loma- sek\u00e4 virkistyspalveluja. Liitto tavoittelee esteet\u00f6nt\u00e4 ja saavutettavaa yhteiskuntaa.<\/p>\n<h2><a href=\"https:\/\/kuurojenliitto.fi\/\">Kuurojen liitto<\/a><\/h2>\n<p>Kuurojen Liitto on viittomakielisten kuurojen etu-, asiantuntija- ja palveluj\u00e4rjest\u00f6. Liitto valvoo ja edist\u00e4\u00e4 kaikenik\u00e4isten kuurojen yhdenvertaisten mahdollisuuksien toteutumista ja toimii j\u00e4senyhdistyksiens\u00e4 kattoj\u00e4rjest\u00f6n\u00e4.<\/p>\n<h2><a href=\"https:\/\/www.nkl.fi\/fi\">N\u00e4k\u00f6vammaisten liitto<\/a><\/h2>\n<p>Suomen n\u00e4k\u00f6vammaisyhdistysten kattoj\u00e4rjest\u00f6 edist\u00e4\u00e4 sokeiden ja heikkon\u00e4k\u00f6isten ihmisten oikeuksien toteutumista, tuottaa erityispalveluja ja toimii asiantuntijana n\u00e4k\u00f6vammaisuuteen ja n\u00e4kemiseen liittyviss\u00e4 asioissa.<\/p>\n<h2><a href=\"https:\/\/www.valli.fi\/tyomuotomme\/ikateknologiakeskus\/\">Ik\u00e4teknologiakeskus<\/a><\/h2>\n<p>Valli ry:n Ik\u00e4teknologiakeskus kokoaa ja v\u00e4litt\u00e4\u00e4 tietoa ik\u00e4teknologiasta, edist\u00e4\u00e4 alan yhteisty\u00f6t\u00e4 ja tuo k\u00e4ytt\u00e4jien \u00e4\u00e4nen kuuluviin.<\/p>\n<h2><a href=\"https:\/\/www.invalidiliitto.fi\/\">Invalidiliitto<\/a><\/h2>\n<p>Invalidiliitto on fyysisesti vammaisten ihmisten valtakunnallinen vaikuttamisen ja palvelutoiminnan monialaj\u00e4rjest\u00f6.<\/p>\n<h2><a href=\"https:\/\/vtkl.fi\/\">Vanhusty\u00f6n keskusliitto<\/a><\/h2>\n<p>Vanhusty\u00f6n keskusliitto on maan laajin valtakunnallinen vanhusty\u00f6n j\u00e4rjest\u00f6, joka pyrkii edist\u00e4m\u00e4\u00e4n vanhusten hyvinvointia ja sosiaalista turvallisuutta.<\/p>\n<h2><a href=\"http:\/\/www.valli.fi\/etusivu\/\">Vanhus- ja l\u00e4himm\u00e4ispalvelun liitto \u2013 Valli ry<\/a><\/h2>\n<p>Vanhus- ja l\u00e4himm\u00e4ispalvelun liitto Valli ry on valtakunnallinen vanhusalan kehitt\u00e4j\u00e4 ja asiantuntija.<\/p>\n\n","protected":false},"excerpt":{"rendered":"<p>J\u00e4rjest\u00f6j\u00e4, joilla on asiantuntemusta s\u00e4hk\u00f6isten palveluiden saavutettavuudesta ja rakennetun ymp\u00e4rist\u00f6n esteett\u00f6myydest\u00e4. Kehitysvammaliitto Kehitysvammaliitto puolustaa marginaalissa olevia ihmisi\u00e4 nostamalla heid\u00e4t esiin ja antamalla heille \u00e4\u00e4nen yhteiskunnassa. Liitto on vahva yhteiskunnallinen suunnann\u00e4ytt\u00e4j\u00e4 ja muutoksentekij\u00e4, jonka tavoitteena on kaikille [&hellip;]<span class=\"moretag\">Lue lis\u00e4\u00e4&#8230;<\/span><\/p>\n","protected":false},"author":10,"featured_media":0,"parent":108,"menu_order":2,"comment_status":"closed","ping_status":"closed","template":"","meta":{"_acf_changed":false,"footnotes":""},"class_list":["post-110","page","type-page","status-publish","hentry"],"acf":[],"_links":{"self":[{"href":"https:\/\/papunet.net\/saavutettavuus\/wp-json\/wp\/v2\/pages\/110","targetHints":{"allow":["GET"]}}],"collection":[{"href":"https:\/\/papunet.net\/saavutettavuus\/wp-json\/wp\/v2\/pages"}],"about":[{"href":"https:\/\/papunet.net\/saavutettavuus\/wp-json\/wp\/v2\/types\/page"}],"author":[{"embeddable":true,"href":"https:\/\/papunet.net\/saavutettavuus\/wp-json\/wp\/v2\/users\/10"}],"replies":[{"embeddable":true,"href":"https:\/\/papunet.net\/saavutettavuus\/wp-json\/wp\/v2\/comments?post=110"}],"version-history":[{"count":0,"href":"https:\/\/papunet.net\/saavutettavuus\/wp-json\/wp\/v2\/pages\/110\/revisions"}],"up":[{"embeddable":true,"href":"https:\/\/papunet.net\/saavutettavuus\/wp-json\/wp\/v2\/pages\/108"}],"wp:attachment":[{"href":"https:\/\/papunet.net\/saavutettavuus\/wp-json\/wp\/v2\/media?parent=110"}],"curies":[{"name":"wp","href":"https:\/\/api.w.org\/{rel}","templated":true}]}}