{"id":112,"date":"2022-10-26T13:56:36","date_gmt":"2022-10-26T10:56:36","guid":{"rendered":"https:\/\/papunet.net\/saavutettavuus\/?page_id=112"},"modified":"2025-01-07T14:16:22","modified_gmt":"2025-01-07T12:16:22","slug":"laki-digitaalisten-palvelujen-tarjoamisesta","status":"publish","type":"page","link":"https:\/\/papunet.net\/saavutettavuus\/lait-ja-standardit\/laki-digitaalisten-palvelujen-tarjoamisesta\/","title":{"rendered":"Laki digitaalisten palvelujen tarjoamisesta"},"content":{"rendered":"\n<p>Laki digitaalisten palvelujen tarjoamisesta tuli voimaan huhtikuussa 2019. Laki m\u00e4\u00e4r\u00e4\u00e4, ett\u00e4 julkisen sektorin verkkosivujen ja mobiilipalvelujen tulee olla saavutettavia. Lakia sovelletaan my\u00f6s vesi- ja energiahuollon, liikenteen ja postipalvelujen alalla toimiviin julkisiin yrityksiin sek\u00e4 finanssialan toimijoihin. Laki koskee my\u00f6s j\u00e4rjest\u00f6j\u00e4, jotka saavat yli puolet rahoituksestaan julkisilta tahoilta.<\/p>\r\n\r\n\r\n\r\n<p>Lain vaatimusten noudattamista valvoo Suomessa Liikenne- ja viestint\u00e4virasto Traficom. Lain vaatimukset ja siihen liittyv\u00e4\u00e4 ohjeistusta l\u00f6ytyy <a href=\"https:\/\/www.saavutettavuusvaatimukset.fi\/\">saavutettavuusvaatimukset.fi-sivustolta<\/a>.<\/p>\r\n\r\n\r\n\r\n<p>Lains\u00e4\u00e4d\u00e4nt\u00f6 perustuu Euroopan unionin direktiiviin julkisen sektorin verkkopalveluiden saavutettavuudesta eli niin sanottuun saavutettavuusdirektiiviin. Kyseinen direktiivi tuli voimaan vuonna 2016.<\/p>\r\n\r\n\r\n\r\n<p>Lains\u00e4\u00e4d\u00e4nn\u00f6n tavoitteena on varmistaa, ett\u00e4 kaikki k\u00e4ytt\u00e4j\u00e4t voivat vammoistaan ja toimintarajoitteistaan riippumatta k\u00e4ytt\u00e4\u00e4 julkisia verkko- ja mobiilipalveluja.<\/p>\r\n\r\n\r\n\r\n<h2 class=\"wp-block-heading\">Laki m\u00e4\u00e4rittelee v\u00e4himm\u00e4istason saavutettavuudelle<\/h2>\r\n\r\n\r\n\r\n<p>Laki digitaalisten palvelujen tarjoamisesta m\u00e4\u00e4rittelee v\u00e4himm\u00e4istason verkkopalvelujen saavutettavuudelle. Lain pohjana toimii World Wide Web Consortiumin laatima Verkkosis\u00e4ll\u00f6n saavutettavuusohjeistus <a href=\"https:\/\/papunet.net\/saavutettavuus\/ohjeita-ja-oppaita\/teknisen-saavutettavuuden-ohjeet-wcag\/\">WCAG<\/a> (taso AA).<\/p>\r\n\r\n\r\n\r\n<p>WCAG sis\u00e4lt\u00e4\u00e4 joukon saavutettavuutta mittaavia teknisi\u00e4 onnistumiskriteerej\u00e4. Saavutettavien verkkosivustojen tulee l\u00e4p\u00e4ist\u00e4 n\u00e4m\u00e4 kaikki onnistumiskriteerit.<\/p>\r\n\r\n\r\n\r\n<p>Jokainen EU:n j\u00e4senvaltio voi halutessaan tiukentaa saavutettavuusvaatimuksia ja tehd\u00e4 direktiiviin lis\u00e4yksi\u00e4 toteuttaessaan sen vaatimukset osaksi kansallista lains\u00e4\u00e4d\u00e4nt\u00f6\u00e4\u00e4n.<\/p>\r\n\r\n\r\n\r\n<p>Saavutettavuusdirektiivi on merkitt\u00e4v\u00e4 edistysaskel kohti parempaa s\u00e4hk\u00f6isten palveluiden saavutettavuutta.<\/p>\r\n\r\n\r\n\r\n<p>Laki digitaalisten palvelujen tarjoamisesta on luonut julkisen sektorin toimijoille uusia velvoitteita. Monet niist\u00e4 paransivat verkkopalveluidensa saavutettavuutta jo ennen lain voimaan tuloa.<\/p>\r\n\r\n\r\n\r\n<h2 class=\"wp-block-heading\">Lis\u00e4\u00e4 aiheesta<\/h2>\r\n\r\n\r\n\r\n<p><a href=\"https:\/\/www.finlex.fi\/fi\/laki\/alkup\/2019\/20190306\">Laki digitaalisten palvelujen tarjoamisesta 306\/2019 Finlexin sivuilla <\/a><\/p>\r\n\r\n\r\n\r\n<p><a href=\"https:\/\/www.saavutettavuusvaatimukset.fi\/\">Saavutettavuusvaatimukset.fi \u2013 Traficomin sivu<\/a><\/p>\r\n\r\n\r\n\r\n<p><a href=\"https:\/\/www.w3.org\/Translations\/WCAG21-fi\/\">WCAG 2.1 -saavutettavuusohjeet<\/a><\/p>\r\n\n","protected":false},"excerpt":{"rendered":"<p>Laki digitaalisten palvelujen tarjoamisesta tuli voimaan huhtikuussa 2019. Laki m\u00e4\u00e4r\u00e4\u00e4, ett\u00e4 julkisen sektorin verkkosivujen ja mobiilipalvelujen tulee olla saavutettavia. Lakia sovelletaan my\u00f6s vesi- ja energiahuollon, liikenteen ja postipalvelujen alalla toimiviin julkisiin yrityksiin sek\u00e4 finanssialan toimijoihin. Laki [&hellip;]<span class=\"moretag\">Lue lis\u00e4\u00e4&#8230;<\/span><\/p>\n","protected":false},"author":10,"featured_media":113,"parent":10,"menu_order":1,"comment_status":"closed","ping_status":"closed","template":"","meta":{"_acf_changed":false,"footnotes":""},"class_list":["post-112","page","type-page","status-publish","has-post-thumbnail","hentry"],"acf":[],"_links":{"self":[{"href":"https:\/\/papunet.net\/saavutettavuus\/wp-json\/wp\/v2\/pages\/112","targetHints":{"allow":["GET"]}}],"collection":[{"href":"https:\/\/papunet.net\/saavutettavuus\/wp-json\/wp\/v2\/pages"}],"about":[{"href":"https:\/\/papunet.net\/saavutettavuus\/wp-json\/wp\/v2\/types\/page"}],"author":[{"embeddable":true,"href":"https:\/\/papunet.net\/saavutettavuus\/wp-json\/wp\/v2\/users\/10"}],"replies":[{"embeddable":true,"href":"https:\/\/papunet.net\/saavutettavuus\/wp-json\/wp\/v2\/comments?post=112"}],"version-history":[{"count":0,"href":"https:\/\/papunet.net\/saavutettavuus\/wp-json\/wp\/v2\/pages\/112\/revisions"}],"up":[{"embeddable":true,"href":"https:\/\/papunet.net\/saavutettavuus\/wp-json\/wp\/v2\/pages\/10"}],"wp:featuredmedia":[{"embeddable":true,"href":"https:\/\/papunet.net\/saavutettavuus\/wp-json\/wp\/v2\/media\/113"}],"wp:attachment":[{"href":"https:\/\/papunet.net\/saavutettavuus\/wp-json\/wp\/v2\/media?parent=112"}],"curies":[{"name":"wp","href":"https:\/\/api.w.org\/{rel}","templated":true}]}}