{"id":114,"date":"2022-10-26T14:08:23","date_gmt":"2022-10-26T11:08:23","guid":{"rendered":"https:\/\/papunet.net\/saavutettavuus\/?page_id=114"},"modified":"2024-02-16T12:32:36","modified_gmt":"2024-02-16T10:32:36","slug":"eurooppalainen-standardi-en-301-549","status":"publish","type":"page","link":"https:\/\/papunet.net\/saavutettavuus\/lait-ja-standardit\/eurooppalainen-standardi-en-301-549\/","title":{"rendered":"Eurooppalainen standardi EN 301 549"},"content":{"rendered":"\n<p>Eurooppalainen standardi saavutettavuuden huomioon ottamisesta julkisen sektorin tieto- ja viestint\u00e4tekniikkahankinnoissa (EN 301 549) on yhteinen eurooppalainen standardi, joka koskee julkisen sektorin tieto- ja viestint\u00e4tekniikan (ICT) hankintoja.<\/p>\r\n\r\n\r\n\r\n<p>EN 301 549 m\u00e4\u00e4rittelee v\u00e4himm\u00e4istason julkisen sektorin hankkiman tieto- ja viestint\u00e4tekniikan saavutettavuudelle. Standardilla pyrit\u00e4\u00e4n varmistamaan, ett\u00e4 julkisen sektorin hankkima tieto- ja viestint\u00e4tekniikka on riitt\u00e4v\u00e4n saavutettavaa ihmisille, joilla on vammoja tai toimintarajoitteita.<\/p>\r\n\r\n\r\n\r\n<p>EN 301 549:n verkkosivustoja koskevan osion pohjana on saavutettavuusohjeistus <a href=\"https:\/\/papunet.net\/saavutettavuus\/ohjeita-ja-oppaita\/teknisen-saavutettavuuden-ohjeet-wcag\/\">WCAG<\/a> (AA-taso). EN 301 549 koskee verkkosivujen lis\u00e4ksi my\u00f6s muita ICT-palveluita, kuten automaatteja, s\u00e4hk\u00f6isi\u00e4 dokumentteja ja sovelluksia.<\/p>\r\n\r\n\r\n\r\n<h2 class=\"wp-block-heading\">EN-standardi on suositus<\/h2>\r\n\r\n\r\n\r\n<p>EN-standardit eiv\u00e4t ole velvoittavia, vaan suosituksia. EN-standardeihin kuitenkin viitataan monissa EU-direktiiveiss\u00e4. EN 301 549 on my\u00f6s julkisen sektorin verkkopalveluita koskevan saavutettavuusdirektiivin v\u00e4himm\u00e4isvaatimustaso. <a href=\"https:\/\/papunet.net\/saavutettavuus\/lait-ja-standardit\/laki-digitaalisten-palvelujen-tarjoamisesta\/\">Saavutettavuusdirektiivin<\/a> mukainen lains\u00e4\u00e4d\u00e4nt\u00f6, laki digitaalisten palvelujen tarjoamisesta, saatettiin Suomessa voimaan vuonna 2018.<\/p>\r\n\n","protected":false},"excerpt":{"rendered":"<p>Eurooppalainen standardi saavutettavuuden huomioon ottamisesta julkisen sektorin tieto- ja viestint\u00e4tekniikkahankinnoissa (EN 301 549) on yhteinen eurooppalainen standardi, joka koskee julkisen sektorin tieto- ja viestint\u00e4tekniikan (ICT) hankintoja. EN 301 549 m\u00e4\u00e4rittelee v\u00e4himm\u00e4istason julkisen sektorin hankkiman tieto- ja [&hellip;]<span class=\"moretag\">Lue lis\u00e4\u00e4&#8230;<\/span><\/p>\n","protected":false},"author":10,"featured_media":115,"parent":10,"menu_order":2,"comment_status":"closed","ping_status":"closed","template":"","meta":{"_acf_changed":false,"footnotes":""},"class_list":["post-114","page","type-page","status-publish","has-post-thumbnail","hentry"],"acf":[],"_links":{"self":[{"href":"https:\/\/papunet.net\/saavutettavuus\/wp-json\/wp\/v2\/pages\/114","targetHints":{"allow":["GET"]}}],"collection":[{"href":"https:\/\/papunet.net\/saavutettavuus\/wp-json\/wp\/v2\/pages"}],"about":[{"href":"https:\/\/papunet.net\/saavutettavuus\/wp-json\/wp\/v2\/types\/page"}],"author":[{"embeddable":true,"href":"https:\/\/papunet.net\/saavutettavuus\/wp-json\/wp\/v2\/users\/10"}],"replies":[{"embeddable":true,"href":"https:\/\/papunet.net\/saavutettavuus\/wp-json\/wp\/v2\/comments?post=114"}],"version-history":[{"count":0,"href":"https:\/\/papunet.net\/saavutettavuus\/wp-json\/wp\/v2\/pages\/114\/revisions"}],"up":[{"embeddable":true,"href":"https:\/\/papunet.net\/saavutettavuus\/wp-json\/wp\/v2\/pages\/10"}],"wp:featuredmedia":[{"embeddable":true,"href":"https:\/\/papunet.net\/saavutettavuus\/wp-json\/wp\/v2\/media\/115"}],"wp:attachment":[{"href":"https:\/\/papunet.net\/saavutettavuus\/wp-json\/wp\/v2\/media?parent=114"}],"curies":[{"name":"wp","href":"https:\/\/api.w.org\/{rel}","templated":true}]}}