{"id":117,"date":"2022-10-26T14:16:42","date_gmt":"2022-10-26T11:16:42","guid":{"rendered":"https:\/\/papunet.net\/saavutettavuus\/?page_id=117"},"modified":"2024-02-16T12:42:09","modified_gmt":"2024-02-16T10:42:09","slug":"esteettomyysdirektiivi","status":"publish","type":"page","link":"https:\/\/papunet.net\/saavutettavuus\/lait-ja-standardit\/esteettomyysdirektiivi\/","title":{"rendered":"Esteett\u00f6myysdirektiivi"},"content":{"rendered":"\n<p>EU:n esteett\u00f6myysdirektiivi vaatii, ett\u00e4 tietyt viranomaisten ja yksityisen sektorin tuotteet ja palvelut ovat esteett\u00f6mi\u00e4. Esteett\u00f6myysvaatimukset velvoittavat kaikkia, jotka tuottavat tai tarjoavat kuluttajille direktiivin alaan kuuluvia tuotteita tai palveluita. Esteett\u00f6myysdirektiivin tavoite on, ett\u00e4 kaikilla ihmisill\u00e4 on esimerkiksi vammoista riippumatta yhdenvertainen mahdollisuus osallistua yhteiskuntaan.<\/p>\r\n\r\n\r\n\r\n<p>Esteett\u00f6myysvaatimusten noudattaminen on pakollista 28.6.2025 alkaen. T\u00e4m\u00e4n j\u00e4lkeen markkinoilla jo olevien palvelujen sek\u00e4 markkinoille tulevien uusien tuotteiden on t\u00e4ytett\u00e4v\u00e4 esteett\u00f6myysvaatimukset. Direktiivi kuitenkin antaa joitain poikkeuksia, kuten h\u00e4t\u00e4viestien, itsepalvelup\u00e4\u00e4tteiden ja ennen 28.6.2025 tehtyjen palvelusopimusten tai palveluja varten tarkoitettujen tuotteiden tapauksessa.<\/p>\r\n\r\n\r\n\r\n<p>Direktiivi koskee esimerkiksi seuraavia tuotteita:\u00a0<\/p>\r\n\r\n\r\n\r\n<ul class=\"wp-block-list\">\r\n<li>Tietokoneet ja niiden k\u00e4ytt\u00f6j\u00e4rjestelm\u00e4t<\/li>\r\n\r\n\r\n\r\n<li>Itsepalvelup\u00e4\u00e4tteet<\/li>\r\n\r\n\r\n\r\n<li>\u00c4lypuhelimet<\/li>\r\n\r\n\r\n\r\n<li>Audiovisuaalisen median palveluihin p\u00e4\u00e4syyn k\u00e4ytett\u00e4v\u00e4t laitteet<\/li>\r\n\r\n\r\n\r\n<li>S\u00e4hk\u00f6isten kirjojen lukemiseen tarkoitetut laitteet<\/li>\r\n<\/ul>\r\n\r\n\r\n\r\n<p>Direktiivi koskee esimerkiksi seuraavia palveluita:<\/p>\r\n\r\n\r\n\r\n<ul class=\"wp-block-list\">\r\n<li>Tietoliikenne- ja viestint\u00e4palvelut<\/li>\r\n\r\n\r\n\r\n<li>Liikenteeseen liittyv\u00e4t palvelut, esim. verkkosivustot ja mobiilisovellukset<\/li>\r\n\r\n\r\n\r\n<li>Kuluttajapankkipalvelut<\/li>\r\n\r\n\r\n\r\n<li>S\u00e4hk\u00f6iset kirjat ja niiden k\u00e4ytt\u00e4miseen tarkoitetut ohjelmistot<\/li>\r\n\r\n\r\n\r\n<li>Verkkokaupat<\/li>\r\n<\/ul>\r\n\r\n\r\n\r\n<p>Esteett\u00f6myysdirektiivi on huomioitava my\u00f6s seuraavissa asioissa:<\/p>\r\n\r\n\r\n\r\n<ul class=\"wp-block-list\">\r\n<li>H\u00e4t\u00e4numeroon soittaminen<\/li>\r\n\r\n\r\n\r\n<li>Rakennettu ymp\u00e4rist\u00f6<\/li>\r\n\r\n\r\n\r\n<li>Julkiset hankinnat<\/li>\r\n<\/ul>\r\n\r\n\r\n\r\n<p>Direktiivi tuli laittaa toimeen kaikissa EU-maissa 28.6.2022 menness\u00e4. Direktiivi on pantu Suomessa t\u00e4yt\u00e4nt\u00f6\u00f6n uudella lailla, joka koskee er\u00e4iden tuotteiden esteett\u00f6myysvaatimuksia. Direktiivin edellytt\u00e4mi\u00e4 muutoksia on tehty my\u00f6s digipalvelulakiin, s\u00e4hk\u00f6isen viestinn\u00e4n palveluista annettuun lakiin, liikenteen palveluista annettuun lakiin ja markkinavalvontalakiin. N\u00e4m\u00e4 lait tulivat voimaan 1.2.2023, mutta niiden soveltaminen alkaa p\u00e4\u00e4osin 28.6.2025. Muutoksia on tehty my\u00f6s h\u00e4t\u00e4keskustoiminnasta annettuun lakiin. T\u00e4m\u00e4n lain muutokset tulevat voimaan 28.6.2025.<\/p>\r\n\r\n\r\n\r\n<h3 class=\"wp-block-heading\">Lis\u00e4\u00e4 aiheesta<\/h3>\r\n\r\n\r\n\r\n<p><a href=\"https:\/\/stm.fi\/esteettomyysdirektiivi\" data-type=\"URL\" data-id=\"https:\/\/stm.fi\/esteettomyysdirektiivi\">Esteett\u00f6myysdirektiivi sosiaali- ja terveysministeri\u00f6n sivuilla<\/a><\/p>\r\n\r\n\r\n\r\n<p>\u00a0<\/p>\r\n\n","protected":false},"excerpt":{"rendered":"<p>EU:n esteett\u00f6myysdirektiivi vaatii, ett\u00e4 tietyt viranomaisten ja yksityisen sektorin tuotteet ja palvelut ovat esteett\u00f6mi\u00e4. Esteett\u00f6myysvaatimukset velvoittavat kaikkia, jotka tuottavat tai tarjoavat kuluttajille direktiivin alaan kuuluvia tuotteita tai palveluita. Esteett\u00f6myysdirektiivin tavoite on, ett\u00e4 kaikilla ihmisill\u00e4 on esimerkiksi [&hellip;]<span class=\"moretag\">Lue lis\u00e4\u00e4&#8230;<\/span><\/p>\n","protected":false},"author":10,"featured_media":118,"parent":10,"menu_order":3,"comment_status":"closed","ping_status":"closed","template":"","meta":{"_acf_changed":false,"footnotes":""},"class_list":["post-117","page","type-page","status-publish","has-post-thumbnail","hentry"],"acf":[],"_links":{"self":[{"href":"https:\/\/papunet.net\/saavutettavuus\/wp-json\/wp\/v2\/pages\/117","targetHints":{"allow":["GET"]}}],"collection":[{"href":"https:\/\/papunet.net\/saavutettavuus\/wp-json\/wp\/v2\/pages"}],"about":[{"href":"https:\/\/papunet.net\/saavutettavuus\/wp-json\/wp\/v2\/types\/page"}],"author":[{"embeddable":true,"href":"https:\/\/papunet.net\/saavutettavuus\/wp-json\/wp\/v2\/users\/10"}],"replies":[{"embeddable":true,"href":"https:\/\/papunet.net\/saavutettavuus\/wp-json\/wp\/v2\/comments?post=117"}],"version-history":[{"count":0,"href":"https:\/\/papunet.net\/saavutettavuus\/wp-json\/wp\/v2\/pages\/117\/revisions"}],"up":[{"embeddable":true,"href":"https:\/\/papunet.net\/saavutettavuus\/wp-json\/wp\/v2\/pages\/10"}],"wp:featuredmedia":[{"embeddable":true,"href":"https:\/\/papunet.net\/saavutettavuus\/wp-json\/wp\/v2\/media\/118"}],"wp:attachment":[{"href":"https:\/\/papunet.net\/saavutettavuus\/wp-json\/wp\/v2\/media?parent=117"}],"curies":[{"name":"wp","href":"https:\/\/api.w.org\/{rel}","templated":true}]}}