{"id":119,"date":"2022-10-26T15:04:11","date_gmt":"2022-10-26T12:04:11","guid":{"rendered":"https:\/\/papunet.net\/saavutettavuus\/?page_id=119"},"modified":"2024-02-16T12:43:51","modified_gmt":"2024-02-16T10:43:51","slug":"ykn-yleissopimus-vammaisten-henkiloiden-oikeuksista","status":"publish","type":"page","link":"https:\/\/papunet.net\/saavutettavuus\/lait-ja-standardit\/ykn-yleissopimus-vammaisten-henkiloiden-oikeuksista\/","title":{"rendered":"YK:n yleissopimus vammaisten henkil\u00f6iden oikeuksista"},"content":{"rendered":"\n<p>YK:n yleissopimus vammaisten henkil\u00f6iden oikeuksista korostaa vammaisten ihmisten tasa-arvoisuutta ja yhdenvertaisuutta muiden kanssa ja kielt\u00e4\u00e4 kaikenlaisen syrjinn\u00e4n vammaisuuden perusteella.<\/p>\r\n\r\n\r\n\r\n<p>Valtioiden on sopimuksen mukaan toteutettava erityisi\u00e4 toimenpiteit\u00e4 ja mukautuksia, jotta vammaiset ihmiset olisivat yhdenvertaisia muiden kanssa ja jotta heit\u00e4 ei syrjitt\u00e4isi.<\/p>\r\n\r\n\r\n\r\n<p>Sopimuksen mukaan vammaiset henkil\u00f6t ovat oikeudellisesti kelpoisia samalla tavalla kuin muutkin. He voivat siis m\u00e4\u00e4r\u00e4t\u00e4 itse oikeuksistaan ja velvollisuuksistaan.<\/p>\r\n\r\n\r\n\r\n<p>Vammaisilla ihmisill\u00e4 on oikeus sananvapauteen ja oman mielipiteens\u00e4 ilmaisemiseen k\u00e4ytt\u00e4m\u00e4ll\u00e4\u00e4n viestint\u00e4keinolla. Sananvapauteen sis\u00e4ltyy my\u00f6s vammaisten henkil\u00f6iden oikeus etsi\u00e4, saada ja vastaanottaa tietoja ymm\u00e4rrett\u00e4v\u00e4ss\u00e4 muodossa.<\/p>\r\n\r\n\r\n\r\n<h2 class=\"wp-block-heading\">S\u00e4hk\u00f6isten palveluiden saavutettavuus<\/h2>\r\n\r\n\r\n\r\n<p>Sopimuksessa painotetaan tiedon saavutettavuutta ja taataan vammaisille ihmisille yhdenvertainen p\u00e4\u00e4sy tiedottamiseen, viestint\u00e4\u00e4n, s\u00e4hk\u00f6isiin palveluihin sek\u00e4 tieto- ja viestint\u00e4teknologiaan.<\/p>\r\n\r\n\r\n\r\n<p>Sopimuksen mukaan valtioiden tulee helpottaa vammaisten ihmisten k\u00e4ytt\u00e4mien viittomakielen, pistekirjoituksen, puhetta tukevan ja korvaavan viestinn\u00e4n sek\u00e4 muiden saavutettavien viestint\u00e4keinojen k\u00e4ytt\u00f6\u00e4.<\/p>\r\n\r\n\r\n\r\n<p>Lis\u00e4ksi valtioiden tulee kehottaa ja kannustaa verkossa toimivia palveluntarjoajia ja viestimi\u00e4 antamaan tietoa ja palveluja vammaisille henkil\u00f6ille saavutettavassa muodossa.<\/p>\r\n\r\n\r\n\r\n<p>Vammaisten ihmisoikeussopimuksen toteutumista valvoo <a href=\"https:\/\/www.ohchr.org\/en\/treaty-bodies\/crpd\">YK:n vammaisten henkil\u00f6iden oikeuksien komitea (CRPD)<\/a>. (Linkki vie englanninkieliselle sivustolle.)<\/p>\r\n\n","protected":false},"excerpt":{"rendered":"<p>YK:n yleissopimus vammaisten henkil\u00f6iden oikeuksista korostaa vammaisten ihmisten tasa-arvoisuutta ja yhdenvertaisuutta muiden kanssa ja kielt\u00e4\u00e4 kaikenlaisen syrjinn\u00e4n vammaisuuden perusteella. Valtioiden on sopimuksen mukaan toteutettava erityisi\u00e4 toimenpiteit\u00e4 ja mukautuksia, jotta vammaiset ihmiset olisivat yhdenvertaisia muiden kanssa ja [&hellip;]<span class=\"moretag\">Lue lis\u00e4\u00e4&#8230;<\/span><\/p>\n","protected":false},"author":10,"featured_media":120,"parent":10,"menu_order":4,"comment_status":"closed","ping_status":"closed","template":"","meta":{"_acf_changed":false,"footnotes":""},"class_list":["post-119","page","type-page","status-publish","has-post-thumbnail","hentry"],"acf":[],"_links":{"self":[{"href":"https:\/\/papunet.net\/saavutettavuus\/wp-json\/wp\/v2\/pages\/119","targetHints":{"allow":["GET"]}}],"collection":[{"href":"https:\/\/papunet.net\/saavutettavuus\/wp-json\/wp\/v2\/pages"}],"about":[{"href":"https:\/\/papunet.net\/saavutettavuus\/wp-json\/wp\/v2\/types\/page"}],"author":[{"embeddable":true,"href":"https:\/\/papunet.net\/saavutettavuus\/wp-json\/wp\/v2\/users\/10"}],"replies":[{"embeddable":true,"href":"https:\/\/papunet.net\/saavutettavuus\/wp-json\/wp\/v2\/comments?post=119"}],"version-history":[{"count":0,"href":"https:\/\/papunet.net\/saavutettavuus\/wp-json\/wp\/v2\/pages\/119\/revisions"}],"up":[{"embeddable":true,"href":"https:\/\/papunet.net\/saavutettavuus\/wp-json\/wp\/v2\/pages\/10"}],"wp:featuredmedia":[{"embeddable":true,"href":"https:\/\/papunet.net\/saavutettavuus\/wp-json\/wp\/v2\/media\/120"}],"wp:attachment":[{"href":"https:\/\/papunet.net\/saavutettavuus\/wp-json\/wp\/v2\/media?parent=119"}],"curies":[{"name":"wp","href":"https:\/\/api.w.org\/{rel}","templated":true}]}}