{"id":12,"date":"2022-10-19T14:34:20","date_gmt":"2022-10-19T11:34:20","guid":{"rendered":"https:\/\/papunet.net\/saavutettavuus\/?page_id=12"},"modified":"2023-04-03T12:02:21","modified_gmt":"2023-04-03T09:02:21","slug":"palvelut","status":"publish","type":"page","link":"https:\/\/papunet.net\/saavutettavuus\/palvelut\/","title":{"rendered":"Palvelut"},"content":{"rendered":"\n<div id=\"lipsum\">Kehitysvammaliitossa ja Papunetiss\u00e4 on laajaa osaamista ja ammattitaitoa saavutettavuusasioissa. Meill\u00e4 on aiheeseen syv\u00e4llisesti ja monipuolisesti perehtyneit\u00e4 asiantuntijoita kehitt\u00e4m\u00e4ss\u00e4, kouluttamassa, opastamassa ja neuvomassa.<\/div>\n\n\n\n<div>Keskitymme koulutuksissa, arvioinneissa ja konsultoinneissa erityisesti verkkopalveluiden kognitiiviseen saavutettavuuteen, helppok\u00e4ytt\u00f6isyyteen ja ymm\u00e4rrett\u00e4vyyteen.<\/div>\n<div>\u00a0<\/div>\n\n\n<a href=\"https:\/\/papunet.net\/saavutettavuus\/palvelut\/arviointipalvelut\/\" class=\"wp-block-tiptip-hyperlink-group-block\">\n<div class=\"wp-block-media-text alignwide\" style=\"grid-template-columns:15% auto\">\n<figure class=\"wp-block-media-text__media\"><img loading=\"lazy\" decoding=\"async\" width=\"300\" height=\"300\" src=\"https:\/\/papunet.net\/saavutettavuus\/wp-content\/uploads\/2023\/01\/arviointipalvelut.png\" alt=\"\" class=\"wp-image-496 size-full img-responsive\" srcset=\"https:\/\/papunet.net\/saavutettavuus\/wp-content\/uploads\/2023\/01\/arviointipalvelut.png 300w, https:\/\/papunet.net\/saavutettavuus\/wp-content\/uploads\/2023\/01\/arviointipalvelut-150x150.png 150w\" sizes=\"auto, (max-width: 300px) 100vw, 300px\" \/><\/figure><div class=\"wp-block-media-text__content\">\n<h2 class=\"wp-block-heading\">Arviointipalvelut<\/h2>\n\n\n\n<p>Tutustu saavutettavuuden arviointipalveluihimme.<\/p>\n<\/div>\n<\/div>\n<\/a>\n\n<a href=\"https:\/\/papunet.net\/saavutettavuus\/palvelut\/koulutukset\/\" class=\"wp-block-tiptip-hyperlink-group-block\">\n<div class=\"wp-block-media-text alignwide\" style=\"grid-template-columns:15% auto\">\n<figure class=\"wp-block-media-text__media\"><img loading=\"lazy\" decoding=\"async\" width=\"300\" height=\"300\" src=\"https:\/\/papunet.net\/saavutettavuus\/wp-content\/uploads\/2023\/01\/koulutukset.png\" alt=\"\" class=\"wp-image-497 size-full img-responsive\" srcset=\"https:\/\/papunet.net\/saavutettavuus\/wp-content\/uploads\/2023\/01\/koulutukset.png 300w, https:\/\/papunet.net\/saavutettavuus\/wp-content\/uploads\/2023\/01\/koulutukset-150x150.png 150w\" sizes=\"auto, (max-width: 300px) 100vw, 300px\" \/><\/figure><div class=\"wp-block-media-text__content\">\n<h2 class=\"wp-block-heading\">Koulutukset<\/h2>\n\n\n\n<p>Tutustu koulutustarjontaamme saavutettavuudesta.<\/p>\n<\/div>\n<\/div>\n<\/a>\n\n<a href=\"https:\/\/papunet.net\/saavutettavuus\/palvelut\/selkokielisten-verkkosivujen-tarkastus-ja-selkotunnus\/\" class=\"wp-block-tiptip-hyperlink-group-block\">\n<div class=\"wp-block-media-text alignwide\" style=\"grid-template-columns:15% auto\">\n<figure class=\"wp-block-media-text__media\"><img loading=\"lazy\" decoding=\"async\" width=\"300\" height=\"300\" src=\"https:\/\/papunet.net\/saavutettavuus\/wp-content\/uploads\/2023\/01\/selkologo-2.png\" alt=\"\" class=\"wp-image-498 size-full img-responsive\" srcset=\"https:\/\/papunet.net\/saavutettavuus\/wp-content\/uploads\/2023\/01\/selkologo-2.png 300w, https:\/\/papunet.net\/saavutettavuus\/wp-content\/uploads\/2023\/01\/selkologo-2-150x150.png 150w\" sizes=\"auto, (max-width: 300px) 100vw, 300px\" \/><\/figure><div class=\"wp-block-media-text__content\">\n<h2 class=\"wp-block-heading\">Selkokielisten verkkosivujen tarkastus ja selkotunnus<\/h2>\n\n\n\n<p>Tutustu selkokielisten verkkosivujen tarkastukseen ja Selkokeskuksen my\u00f6nt\u00e4m\u00e4\u00e4n selkotunnukseen.<\/p>\n<\/div>\n<\/div>\n<\/a>\n\n","protected":false},"excerpt":{"rendered":"<p>Kehitysvammaliitossa ja Papunetiss\u00e4 on laajaa osaamista ja ammattitaitoa saavutettavuusasioissa. Meill\u00e4 on aiheeseen syv\u00e4llisesti ja monipuolisesti perehtyneit\u00e4 asiantuntijoita kehitt\u00e4m\u00e4ss\u00e4, kouluttamassa, opastamassa ja neuvomassa. Keskitymme koulutuksissa, arvioinneissa ja konsultoinneissa erityisesti verkkopalveluiden kognitiiviseen saavutettavuuteen, helppok\u00e4ytt\u00f6isyyteen ja ymm\u00e4rrett\u00e4vyyteen. \u00a0<\/p>\n","protected":false},"author":1,"featured_media":71,"parent":0,"menu_order":5,"comment_status":"closed","ping_status":"closed","template":"","meta":{"_acf_changed":false,"footnotes":""},"class_list":["post-12","page","type-page","status-publish","has-post-thumbnail","hentry"],"acf":[],"_links":{"self":[{"href":"https:\/\/papunet.net\/saavutettavuus\/wp-json\/wp\/v2\/pages\/12","targetHints":{"allow":["GET"]}}],"collection":[{"href":"https:\/\/papunet.net\/saavutettavuus\/wp-json\/wp\/v2\/pages"}],"about":[{"href":"https:\/\/papunet.net\/saavutettavuus\/wp-json\/wp\/v2\/types\/page"}],"author":[{"embeddable":true,"href":"https:\/\/papunet.net\/saavutettavuus\/wp-json\/wp\/v2\/users\/1"}],"replies":[{"embeddable":true,"href":"https:\/\/papunet.net\/saavutettavuus\/wp-json\/wp\/v2\/comments?post=12"}],"version-history":[{"count":0,"href":"https:\/\/papunet.net\/saavutettavuus\/wp-json\/wp\/v2\/pages\/12\/revisions"}],"wp:featuredmedia":[{"embeddable":true,"href":"https:\/\/papunet.net\/saavutettavuus\/wp-json\/wp\/v2\/media\/71"}],"wp:attachment":[{"href":"https:\/\/papunet.net\/saavutettavuus\/wp-json\/wp\/v2\/media?parent=12"}],"curies":[{"name":"wp","href":"https:\/\/api.w.org\/{rel}","templated":true}]}}