{"id":121,"date":"2022-10-26T15:12:06","date_gmt":"2022-10-26T12:12:06","guid":{"rendered":"https:\/\/papunet.net\/saavutettavuus\/?page_id=121"},"modified":"2023-02-02T13:24:51","modified_gmt":"2023-02-02T11:24:51","slug":"yhdenvertaisuuslaki","status":"publish","type":"page","link":"https:\/\/papunet.net\/saavutettavuus\/lait-ja-standardit\/yhdenvertaisuuslaki\/","title":{"rendered":"Yhdenvertaisuuslaki"},"content":{"rendered":"\n<p>Yhdenvertaisuuslaki kielt\u00e4\u00e4 syrjinn\u00e4n ja tehostaa syrjinn\u00e4n kohteeksi joutuneen oikeusturvaa. Lakia sovelletaan sek\u00e4 julkisella ett\u00e4 yksityisell\u00e4 puolella.<\/p>\n\n\n\n<p>S\u00e4hk\u00f6isten palvelujen saavutettavuuden kannalta yhdenvertaisuuslaki on merkitt\u00e4v\u00e4. Koska laki kielt\u00e4\u00e4 muun muassa vammaan tai toimintarajoitteeseen perustuvan syrjinn\u00e4n, se velvoittaa palvelun tarjoajia tarjoamaan palvelunsa kaikille k\u00e4ytt\u00e4jille.<\/p>\n\n\n\n<p>Henkil\u00f6t, jotka eiv\u00e4t vamman tai toimintarajoitteen vuoksi kykene k\u00e4ytt\u00e4m\u00e4\u00e4n jotain verkkopalvelua, voivat halutessaan ottaa yhteytt\u00e4 palvelun tarjoajaan, vedota yhdenvertaisuuslakiin ja vaatia mukautuksia, jotta palvelun k\u00e4ytt\u00f6 onnistuu.<\/p>\n\n\n\n<h2 class=\"wp-block-heading\">Kohtuulliset mukautukset<\/h2>\n\n\n\n<p>Yhdenvertaisuuslaki sis\u00e4lt\u00e4\u00e4 pyk\u00e4l\u00e4n kohtuullisista mukautuksista (15 \u00a7). Se velvoittaa palvelun tarjoajaa tekem\u00e4\u00e4n tarvittavat kohtuulliset mukautukset, jotta vammainen tai toimintarajoitteinen k\u00e4ytt\u00e4j\u00e4 voi k\u00e4ytt\u00e4\u00e4 palvelua.<\/p>\n\n\n\n<p>T\u00e4m\u00e4 ei v\u00e4ltt\u00e4m\u00e4tt\u00e4 velvoita verkkosivun yll\u00e4pit\u00e4j\u00e4\u00e4 tekem\u00e4\u00e4n muutoksia tai korjaustoimenpiteit\u00e4 sivuille. P\u00e4\u00e4asia on, ett\u00e4 vammainen henkil\u00f6 voi yhdenvertaisesti muiden kanssa saada yleisesti tarjolla olevia palveluja.<\/p>\n\n\n\n<p>Kun arvioidaan mukautusten kohtuullisuutta, otetaan huomioon palvelun tarjoajan koko, taloudellinen asema, toiminnan luonne ja laajuus. Lis\u00e4ksi arvioidaan mukautuksista koituvia kustannuksia palvelun tarjoajalle.<\/p>\n\n\n\n<p>Mukautukset voidaan esimerkiksi katsoa kohtuullisiksi, jos niist\u00e4 koituvat kustannukset ovat melko pienet eik\u00e4 niist\u00e4 koidu kohtuutonta lis\u00e4ty\u00f6t\u00e4 palvelun tarjoajalle. T\u00e4ll\u00f6in palvelun tarjoajan on toteutettava n\u00e4m\u00e4 mukautukset.<\/p>\n\n\n\n<h2 class=\"wp-block-heading\">Syrjinn\u00e4n kielto<\/h2>\n\n\n\n<p>Yhdenvertaisuuslaki kielt\u00e4\u00e4 kaiken syrjinn\u00e4n, joka perustuu seuraaviin henkil\u00f6iden ominaisuuksiin:<\/p>\n\n\n\n<ul class=\"wp-block-list\">\n<li>ik\u00e4<\/li>\n\n\n\n<li>alkuper\u00e4<\/li>\n\n\n\n<li>kansalaisuus<\/li>\n\n\n\n<li>kieli<\/li>\n\n\n\n<li>uskonto<\/li>\n\n\n\n<li>vakaumus<\/li>\n\n\n\n<li>mielipide<\/li>\n\n\n\n<li>poliittinen toiminta<\/li>\n\n\n\n<li>ammattiyhdistystoiminta<\/li>\n\n\n\n<li>perhesuhteet<\/li>\n\n\n\n<li>terveydentila<\/li>\n\n\n\n<li>vammaisuus<\/li>\n\n\n\n<li>seksuaalinen suuntautuminen<\/li>\n\n\n\n<li>muut henkil\u00f6\u00f6n liittyv\u00e4t syyt<\/li>\n<\/ul>\n\n\n\n<h2 class=\"wp-block-heading\">Mit\u00e4 tahoja yhdenvertaisuuslaki koskee?<\/h2>\n\n\n\n<ul class=\"wp-block-list\">\n<li>tavaroiden ja palvelujen tarjoajat<\/li>\n\n\n\n<li>viranomaiset<\/li>\n\n\n\n<li>koulutuksen j\u00e4rjest\u00e4j\u00e4t<\/li>\n\n\n\n<li>ty\u00f6nantajat<\/li>\n<\/ul>\n\n\n\n<h3 class=\"wp-block-heading\">Lis\u00e4\u00e4 aiheesta<\/h3>\n\n\n\n<p><a href=\"https:\/\/www.finlex.fi\/fi\/laki\/alkup\/2014\/20141325\">Yhdenvertaisuuslaki Finlexin sivuilla<\/a><\/p>\n\n","protected":false},"excerpt":{"rendered":"<p>Yhdenvertaisuuslaki kielt\u00e4\u00e4 syrjinn\u00e4n ja tehostaa syrjinn\u00e4n kohteeksi joutuneen oikeusturvaa. Lakia sovelletaan sek\u00e4 julkisella ett\u00e4 yksityisell\u00e4 puolella. S\u00e4hk\u00f6isten palvelujen saavutettavuuden kannalta yhdenvertaisuuslaki on merkitt\u00e4v\u00e4. Koska laki kielt\u00e4\u00e4 muun muassa vammaan tai toimintarajoitteeseen perustuvan syrjinn\u00e4n, se velvoittaa palvelun [&hellip;]<span class=\"moretag\">Lue lis\u00e4\u00e4&#8230;<\/span><\/p>\n","protected":false},"author":10,"featured_media":122,"parent":10,"menu_order":5,"comment_status":"closed","ping_status":"closed","template":"","meta":{"_acf_changed":false,"footnotes":""},"class_list":["post-121","page","type-page","status-publish","has-post-thumbnail","hentry"],"acf":[],"_links":{"self":[{"href":"https:\/\/papunet.net\/saavutettavuus\/wp-json\/wp\/v2\/pages\/121","targetHints":{"allow":["GET"]}}],"collection":[{"href":"https:\/\/papunet.net\/saavutettavuus\/wp-json\/wp\/v2\/pages"}],"about":[{"href":"https:\/\/papunet.net\/saavutettavuus\/wp-json\/wp\/v2\/types\/page"}],"author":[{"embeddable":true,"href":"https:\/\/papunet.net\/saavutettavuus\/wp-json\/wp\/v2\/users\/10"}],"replies":[{"embeddable":true,"href":"https:\/\/papunet.net\/saavutettavuus\/wp-json\/wp\/v2\/comments?post=121"}],"version-history":[{"count":0,"href":"https:\/\/papunet.net\/saavutettavuus\/wp-json\/wp\/v2\/pages\/121\/revisions"}],"up":[{"embeddable":true,"href":"https:\/\/papunet.net\/saavutettavuus\/wp-json\/wp\/v2\/pages\/10"}],"wp:featuredmedia":[{"embeddable":true,"href":"https:\/\/papunet.net\/saavutettavuus\/wp-json\/wp\/v2\/media\/122"}],"wp:attachment":[{"href":"https:\/\/papunet.net\/saavutettavuus\/wp-json\/wp\/v2\/media?parent=121"}],"curies":[{"name":"wp","href":"https:\/\/api.w.org\/{rel}","templated":true}]}}