{"id":124,"date":"2022-10-31T10:39:55","date_gmt":"2022-10-31T08:39:55","guid":{"rendered":"https:\/\/papunet.net\/saavutettavuus\/?page_id=124"},"modified":"2024-06-20T14:05:43","modified_gmt":"2024-06-20T11:05:43","slug":"teknisen-saavutettavuuden-ohjeet-wcag","status":"publish","type":"page","link":"https:\/\/papunet.net\/saavutettavuus\/ohjeita-ja-oppaita\/teknisen-saavutettavuuden-ohjeet-wcag\/","title":{"rendered":"Teknisen saavutettavuuden ohjeet (WCAG)"},"content":{"rendered":"\n<p>Verkkosis\u00e4ll\u00f6n saavutettavuusohjeet 2.2 (Web Content Accessibility Guidelines 2.2 \u2013 WCAG 2.2) on World Wide Web Consortiumin (W3C) laatima ohjeistus. W3C on kansainv\u00e4linen yhteis\u00f6, joka antaa suosituksia verkkosivujen sis\u00e4ll\u00f6n esitt\u00e4misest\u00e4.<\/p>\n<p>WCAG 2.2 sis\u00e4lt\u00e4\u00e4 useita suosituksia, joita k\u00e4ytt\u00e4m\u00e4ll\u00e4 verkkosis\u00e4ll\u00f6st\u00e4 on mahdollista tehd\u00e4 saavutettavampaa henkil\u00f6ille, joilla on vammoja tai rajoitteita, ja osittain my\u00f6s ik\u00e4ihmisille. Suosituksia hy\u00f6dynnet\u00e4\u00e4n verkkosivustojen kehitt\u00e4misess\u00e4 ja asiantuntijoiden tekem\u00e4ss\u00e4 saavutettavuusarvioinnissa.<\/p>\n<p>WCAG 2.2 -ohjeistus sis\u00e4lt\u00e4\u00e4 saavutettavan verkkosis\u00e4ll\u00f6n periaatteita, yleisi\u00e4 ohjeita ja testattavia onnistumiskriteerej\u00e4. Tutustu <a href=\"https:\/\/www.w3.org\/TR\/WCAG22\/\">WCAG 2.2 -ohjeistukseen kokonaisuudessaan W3C:n sivuilla (englanniksi).<\/a><\/p>\n<p><span class=\"ui-provider a b c d e f g h i j k l m n o p q r s t u v w x y z ab ac ae af ag ah ai aj ak\" dir=\"ltr\">Saavutettavuutta koskevan lains\u00e4\u00e4d\u00e4nn\u00f6n pohjana k\u00e4ytet\u00e4\u00e4n toistaiseksi WCAG-ohjeistuksen versiota 2.1 ja siin\u00e4 olevia A- ja AA-tasojen kriteerej\u00e4. WCAG 2.2:ssa on yhdeks\u00e4n uutta onnistumiskriteeri\u00e4 versioon 2.1 verrattuna. N\u00e4ist\u00e4 kuusi on A- ja AA-tasolla. Lis\u00e4ksi kriteeri <i>4.1.1 J\u00e4sent\u00e4minen<\/i> on poistettu. Viel\u00e4 ei ole tiedossa, milloin WCAG 2.2 versiossa olevat uudet kriteerit otetaan osaksi lains\u00e4\u00e4d\u00e4nt\u00f6\u00e4.<\/span><\/p>\n\n<a href=\"https:\/\/papunet.net\/saavutettavuus\/ohjeita-ja-oppaita\/teknisen-saavutettavuuden-ohjeet-wcag\/wcag-2-2n-rakenne-ja-kaytto\/\" class=\"wp-block-tiptip-hyperlink-group-block\">\n<div class=\"wp-block-media-text alignwide\" style=\"grid-template-columns:15% auto\">\n<figure class=\"wp-block-media-text__media\"><img decoding=\"async\" src=\"https:\/\/papunet.net\/saavutettavuus\/wp-content\/uploads\/2024\/06\/WCAG-2.2-300x300-1.jpg\" alt=\"\" class=\"wp-image-457 size-full img-responsive\"><\/figure><div class=\"wp-block-media-text__content\">\n<h2 class=\"wp-block-heading\">WCAG:n rakenne ja k\u00e4ytt\u00f6<\/h2>\n\n\n\n<p>Mik\u00e4 on WCAG 2.2 -ohjeistus ja miten sit\u00e4 voidaan hy\u00f6dynt\u00e4\u00e4.<\/p>\n<\/div>\n<\/div>\n<\/a>\n\n<a href=\"https:\/\/papunet.net\/saavutettavuus\/ohjeita-ja-oppaita\/teknisen-saavutettavuuden-ohjeet-wcag\/wcag-2-2-saavutettavuusohjeet\/\" class=\"wp-block-tiptip-hyperlink-group-block\">\n<div class=\"wp-block-media-text alignwide\" style=\"grid-template-columns:15% auto\">\n<figure class=\"wp-block-media-text__media\"><img loading=\"lazy\" decoding=\"async\" width=\"300\" height=\"300\" src=\"https:\/\/papunet.net\/saavutettavuus\/wp-content\/uploads\/2023\/01\/opaskirja-1.png\" alt=\"\" class=\"wp-image-458 size-full img-responsive\" srcset=\"https:\/\/papunet.net\/saavutettavuus\/wp-content\/uploads\/2023\/01\/opaskirja-1.png 300w, https:\/\/papunet.net\/saavutettavuus\/wp-content\/uploads\/2023\/01\/opaskirja-1-150x150.png 150w\" sizes=\"auto, (max-width: 300px) 100vw, 300px\" \/><\/figure><div class=\"wp-block-media-text__content\">\n<h2 class=\"wp-block-heading\">WCAG 2.2 -saavutettavuusohjeet<\/h2>\n\n\n\n<p>Papunetin suomentama, tiivistetty versio alkuper\u00e4isest\u00e4 WCAG 2.2 -ohjeistuksesta.<\/p>\n<\/div>\n<\/div>\n<\/a>\n\n<a href=\"https:\/\/papunet.net\/saavutettavuus\/ohjeita-ja-oppaita\/teknisen-saavutettavuuden-ohjeet-wcag\/huomioitavaa-wcagsta\/\" class=\"wp-block-tiptip-hyperlink-group-block\">\n<div class=\"wp-block-media-text alignwide\" style=\"grid-template-columns: 15% auto\">\r\n<figure class=\"wp-block-media-text__media\"><img loading=\"lazy\" decoding=\"async\" width=\"300\" height=\"300\" class=\"wp-image-459 size-full img-responsive\" src=\"https:\/\/papunet.net\/saavutettavuus\/wp-content\/uploads\/2023\/01\/wcag_huomioitavaa1.png\" alt=\"\" srcset=\"https:\/\/papunet.net\/saavutettavuus\/wp-content\/uploads\/2023\/01\/wcag_huomioitavaa1.png 300w, https:\/\/papunet.net\/saavutettavuus\/wp-content\/uploads\/2023\/01\/wcag_huomioitavaa1-150x150.png 150w\" sizes=\"auto, (max-width: 300px) 100vw, 300px\" \/><\/figure>\r\n<div class=\"wp-block-media-text__content\">\n\n<h2 class=\"wp-block-heading\">Huomioitavaa WCAG:sta<\/h2>\n\n\r\n\r\n\n<p>Asioita, joista on syyt\u00e4 olla tietoinen ennen WCAG-ohjeistuksen k\u00e4ytt\u00f6\u00e4.<\/p>\n\n<\/div>\r\n<\/div>\n<\/a>\n\n<a href=\"https:\/\/papunet.net\/saavutettavuus\/ohjeita-ja-oppaita\/teknisen-saavutettavuuden-ohjeet-wcag\/papunetin-wcag-2-2-tarkistuslista\/\" class=\"wp-block-tiptip-hyperlink-group-block\">\n<div class=\"wp-block-media-text alignwide\" style=\"grid-template-columns: 15% auto\">\r\n<figure class=\"wp-block-media-text__media\"><img loading=\"lazy\" decoding=\"async\" width=\"300\" height=\"300\" class=\"wp-image-460 size-full img-responsive\" src=\"https:\/\/papunet.net\/saavutettavuus\/wp-content\/uploads\/2023\/01\/tarkistuslista.png\" alt=\"\" srcset=\"https:\/\/papunet.net\/saavutettavuus\/wp-content\/uploads\/2023\/01\/tarkistuslista.png 300w, https:\/\/papunet.net\/saavutettavuus\/wp-content\/uploads\/2023\/01\/tarkistuslista-150x150.png 150w\" sizes=\"auto, (max-width: 300px) 100vw, 300px\" \/><\/figure>\r\n<div class=\"wp-block-media-text__content\">\n\n<h2 class=\"wp-block-heading\">Papunetin WCAG 2.2 -tarkistuslista<\/h2>\n\n\r\n\r\n\n<p>Papunetin yksinkertaistettu versio ja tulkinta WCAG 2.2 -ohjeistuksesta.<\/p>\n\n<\/div>\r\n<\/div>\n<\/a>\n\n","protected":false},"excerpt":{"rendered":"<p>Verkkosis\u00e4ll\u00f6n saavutettavuusohjeet 2.2 (Web Content Accessibility Guidelines 2.2 \u2013 WCAG 2.2) on World Wide Web Consortiumin (W3C) laatima ohjeistus. W3C on kansainv\u00e4linen yhteis\u00f6, joka antaa suosituksia verkkosivujen sis\u00e4ll\u00f6n esitt\u00e4misest\u00e4. WCAG 2.2 sis\u00e4lt\u00e4\u00e4 useita suosituksia, joita k\u00e4ytt\u00e4m\u00e4ll\u00e4 [&hellip;]<span class=\"moretag\">Lue lis\u00e4\u00e4&#8230;<\/span><\/p>\n","protected":false},"author":10,"featured_media":0,"parent":11,"menu_order":1,"comment_status":"closed","ping_status":"closed","template":"","meta":{"_acf_changed":false,"footnotes":""},"class_list":["post-124","page","type-page","status-publish","hentry"],"acf":[],"_links":{"self":[{"href":"https:\/\/papunet.net\/saavutettavuus\/wp-json\/wp\/v2\/pages\/124","targetHints":{"allow":["GET"]}}],"collection":[{"href":"https:\/\/papunet.net\/saavutettavuus\/wp-json\/wp\/v2\/pages"}],"about":[{"href":"https:\/\/papunet.net\/saavutettavuus\/wp-json\/wp\/v2\/types\/page"}],"author":[{"embeddable":true,"href":"https:\/\/papunet.net\/saavutettavuus\/wp-json\/wp\/v2\/users\/10"}],"replies":[{"embeddable":true,"href":"https:\/\/papunet.net\/saavutettavuus\/wp-json\/wp\/v2\/comments?post=124"}],"version-history":[{"count":0,"href":"https:\/\/papunet.net\/saavutettavuus\/wp-json\/wp\/v2\/pages\/124\/revisions"}],"up":[{"embeddable":true,"href":"https:\/\/papunet.net\/saavutettavuus\/wp-json\/wp\/v2\/pages\/11"}],"wp:attachment":[{"href":"https:\/\/papunet.net\/saavutettavuus\/wp-json\/wp\/v2\/media?parent=124"}],"curies":[{"name":"wp","href":"https:\/\/api.w.org\/{rel}","templated":true}]}}