{"id":131,"date":"2022-10-31T12:28:21","date_gmt":"2022-10-31T10:28:21","guid":{"rendered":"https:\/\/papunet.net\/saavutettavuus\/?page_id=131"},"modified":"2024-06-04T07:19:38","modified_gmt":"2024-06-04T04:19:38","slug":"huomioitavaa-wcagsta","status":"publish","type":"page","link":"https:\/\/papunet.net\/saavutettavuus\/ohjeita-ja-oppaita\/teknisen-saavutettavuuden-ohjeet-wcag\/huomioitavaa-wcagsta\/","title":{"rendered":"Huomioitavaa WCAG:sta"},"content":{"rendered":"\n<p>WCAG on hyv\u00e4 ja eritt\u00e4in k\u00e4ytetty apuv\u00e4line verkkosivustojen kehitt\u00e4jille ja arvioijille. Ohjeistuksessa on kuitenkin joitakin rajoitteita ja haasteita.<\/p>\n<p>WCAG-ohjeistuksella ei pystyt\u00e4 ratkaisemaan kaikkia ongelmia, joita toimintarajoitteiset k\u00e4ytt\u00e4j\u00e4t kohtaavat. Tutkimusten mukaan WCAG-ohjeistuksen avulla voidaan ratkaista vain puolet esimerkiksi niist\u00e4 ongelmista, joihin n\u00e4k\u00f6vammaiset k\u00e4ytt\u00e4j\u00e4t t\u00f6rm\u00e4\u00e4v\u00e4t verkkosivuilla vieraillessaan.<\/p>\n<p>WCAG ei my\u00f6sk\u00e4\u00e4n huomioi kaikentyyppisi\u00e4 ja -tasoisia rajoitteita tai vammoja tai niiden yhdistelmi\u00e4, kuten kognitiivisia, kielellisi\u00e4 tai oppimisvaikeuksia.<\/p>\n<p>WCAG-ohjeistusta k\u00e4ytt\u00e4m\u00e4ll\u00e4 voidaan varmistaa l\u00e4hinn\u00e4 sivuston tekninen saavutettavuus. Se ei siis huomioi sit\u00e4, onko sivusto k\u00e4ytett\u00e4v\u00e4 toimintarajoitteisille ja vammaisille k\u00e4ytt\u00e4jille. Vaikka sivustolla olisikin otettu huomioon kaikki WCAG-ohjeistuksen kriteerit, sivuston k\u00e4ytt\u00f6 saattaa olla monelle k\u00e4ytt\u00e4j\u00e4lle hyvin hankalaa ja hidasta. Siksi on t\u00e4rke\u00e4\u00e4 tutustua my\u00f6s siihen, mill\u00e4 keinoilla sivustoista voi tehd\u00e4 <a href=\"https:\/\/papunet.net\/saavutettavuus\/ohjeita-ja-oppaita\/kognitiivinen-saavutettavuus\/\">helppok\u00e4ytt\u00f6isi\u00e4 ja kognitiivisesti saavutettavia<\/a> ja mik\u00e4 merkitys <a href=\"https:\/\/papunet.net\/saavutettavuus\/ohjeita-ja-oppaita\/selkokieli-verkkosivuilla\/\">verkkosivujen kielen selkeydell\u00e4 ja selkokielell\u00e4<\/a> on.<\/p>\n<p>Osa WCAG-ohjeistuksen kriteereist\u00e4 on melko tulkinnanvaraisia. Verkkosivun kehitt\u00e4j\u00e4t tai arvioijat saattavat olla eri mielt\u00e4 siit\u00e4, t\u00e4ytt\u00e4\u00e4k\u00f6 sivusto jonkin kriteereist\u00e4 vai ei.<\/p>\n<p>Er\u00e4s kriteereist\u00e4 esimerkiksi m\u00e4\u00e4rittelee, ett\u00e4 sivun kaikessa ei-tekstuaalisessa sis\u00e4ll\u00f6ss\u00e4 tulee olla \u201csaman tarpeen t\u00e4ytt\u00e4v\u00e4 tekstivastine\u201d n\u00e4k\u00f6vammaisia k\u00e4ytt\u00e4ji\u00e4 varten. Esimerkiksi verkkosivuilla oleviin kuviin on sis\u00e4llytett\u00e4v\u00e4 teksti, jossa kerrotaan, mit\u00e4 kuvassa on. Eri ihmisill\u00e4 saattaa kuitenkin olla erilainen k\u00e4sitys siit\u00e4, mit\u00e4 tekstivastineen tulee sis\u00e4lt\u00e4\u00e4, jotta se on riitt\u00e4v\u00e4n kuvaava.<\/p>\n<p>N\u00e4ist\u00e4 syist\u00e4 on t\u00e4rke\u00e4\u00e4, ett\u00e4 my\u00f6s sivuston k\u00e4ytett\u00e4vyys on hyv\u00e4 ja ett\u00e4 k\u00e4ytett\u00e4vyyssuunnittelussa on otettu huomioon kaikki k\u00e4ytt\u00e4j\u00e4t.<\/p>\n\n","protected":false},"excerpt":{"rendered":"<p>WCAG on hyv\u00e4 ja eritt\u00e4in k\u00e4ytetty apuv\u00e4line verkkosivustojen kehitt\u00e4jille ja arvioijille. Ohjeistuksessa on kuitenkin joitakin rajoitteita ja haasteita. WCAG-ohjeistuksella ei pystyt\u00e4 ratkaisemaan kaikkia ongelmia, joita toimintarajoitteiset k\u00e4ytt\u00e4j\u00e4t kohtaavat. Tutkimusten mukaan WCAG-ohjeistuksen avulla voidaan ratkaista vain puolet [&hellip;]<span class=\"moretag\">Lue lis\u00e4\u00e4&#8230;<\/span><\/p>\n","protected":false},"author":10,"featured_media":0,"parent":124,"menu_order":3,"comment_status":"closed","ping_status":"closed","template":"","meta":{"_acf_changed":false,"footnotes":""},"class_list":["post-131","page","type-page","status-publish","hentry"],"acf":[],"_links":{"self":[{"href":"https:\/\/papunet.net\/saavutettavuus\/wp-json\/wp\/v2\/pages\/131","targetHints":{"allow":["GET"]}}],"collection":[{"href":"https:\/\/papunet.net\/saavutettavuus\/wp-json\/wp\/v2\/pages"}],"about":[{"href":"https:\/\/papunet.net\/saavutettavuus\/wp-json\/wp\/v2\/types\/page"}],"author":[{"embeddable":true,"href":"https:\/\/papunet.net\/saavutettavuus\/wp-json\/wp\/v2\/users\/10"}],"replies":[{"embeddable":true,"href":"https:\/\/papunet.net\/saavutettavuus\/wp-json\/wp\/v2\/comments?post=131"}],"version-history":[{"count":0,"href":"https:\/\/papunet.net\/saavutettavuus\/wp-json\/wp\/v2\/pages\/131\/revisions"}],"up":[{"embeddable":true,"href":"https:\/\/papunet.net\/saavutettavuus\/wp-json\/wp\/v2\/pages\/124"}],"wp:attachment":[{"href":"https:\/\/papunet.net\/saavutettavuus\/wp-json\/wp\/v2\/media?parent=131"}],"curies":[{"name":"wp","href":"https:\/\/api.w.org\/{rel}","templated":true}]}}