{"id":134,"date":"2022-11-01T10:05:33","date_gmt":"2022-11-01T08:05:33","guid":{"rendered":"https:\/\/papunet.net\/saavutettavuus\/?page_id=134"},"modified":"2023-04-03T10:54:12","modified_gmt":"2023-04-03T07:54:12","slug":"saavutettavien-verkkosivujen-suunnitteluopas","status":"publish","type":"page","link":"https:\/\/papunet.net\/saavutettavuus\/ohjeita-ja-oppaita\/saavutettavien-verkkosivujen-suunnitteluopas\/","title":{"rendered":"Saavutettavien verkkosivujen suunnitteluopas"},"content":{"rendered":"\n<a href=\"https:\/\/papunet.net\/saavutettavuus\/ohjeita-ja-oppaita\/saavutettavien-verkkosivujen-suunnitteluopas\/suunnittele-selkeat-sivupohjat\/\" class=\"wp-block-tiptip-hyperlink-group-block\">\n<div class=\"wp-block-media-text alignwide\" style=\"grid-template-columns:15% auto\">\n<figure class=\"wp-block-media-text__media\"><img loading=\"lazy\" decoding=\"async\" width=\"300\" height=\"300\" src=\"https:\/\/papunet.net\/saavutettavuus\/wp-content\/uploads\/2023\/01\/selkea_sivupohja.png\" alt=\"\" class=\"wp-image-463 size-full img-responsive\" srcset=\"https:\/\/papunet.net\/saavutettavuus\/wp-content\/uploads\/2023\/01\/selkea_sivupohja.png 300w, https:\/\/papunet.net\/saavutettavuus\/wp-content\/uploads\/2023\/01\/selkea_sivupohja-150x150.png 150w\" sizes=\"auto, (max-width: 300px) 100vw, 300px\" \/><\/figure><div class=\"wp-block-media-text__content\">\n<h2 class=\"wp-block-heading\">Suunnittele selke\u00e4t sivupohjat<\/h2>\n\n\n\n<p>Varmista, ett\u00e4 p\u00e4\u00e4sis\u00e4lt\u00f6 erottuu selke\u00e4sti sivun\u00e4kym\u00e4n muista osioista.<\/p>\n<\/div>\n<\/div>\n<\/a>\n\n<a href=\"https:\/\/papunet.net\/saavutettavuus\/ohjeita-ja-oppaita\/saavutettavien-verkkosivujen-suunnitteluopas\/suunnittele-selkeita-lomakkeita\/\" class=\"wp-block-tiptip-hyperlink-group-block\">\n<div class=\"wp-block-media-text alignwide\" style=\"grid-template-columns:15% auto\">\n<figure class=\"wp-block-media-text__media\"><img loading=\"lazy\" decoding=\"async\" width=\"300\" height=\"300\" src=\"https:\/\/papunet.net\/saavutettavuus\/wp-content\/uploads\/2023\/01\/selkea_lomake.png\" alt=\"\" class=\"wp-image-464 size-full img-responsive\" srcset=\"https:\/\/papunet.net\/saavutettavuus\/wp-content\/uploads\/2023\/01\/selkea_lomake.png 300w, https:\/\/papunet.net\/saavutettavuus\/wp-content\/uploads\/2023\/01\/selkea_lomake-150x150.png 150w\" sizes=\"auto, (max-width: 300px) 100vw, 300px\" \/><\/figure><div class=\"wp-block-media-text__content\">\n<h2 class=\"wp-block-heading\">Suunnittele selkeit\u00e4 lomakkeita<\/h2>\n\n\n\n<p>Varmista, ett\u00e4 kaikki sivustolla olevat lomakkeet ovat selkeit\u00e4, loogisia ja k\u00e4ytett\u00e4vi\u00e4 my\u00f6s avustavilla teknologioilla.<\/p>\n<\/div>\n<\/div>\n<\/a>\n\n<a href=\"https:\/\/papunet.net\/saavutettavuus\/ohjeita-ja-oppaita\/saavutettavien-verkkosivujen-suunnitteluopas\/lisaa-tekstivastineet-kaikelle-ei-tekstuaaliselle-sisallolle\/\" class=\"wp-block-tiptip-hyperlink-group-block\">\n<div class=\"wp-block-media-text alignwide\" style=\"grid-template-columns:15% auto\">\n<figure class=\"wp-block-media-text__media\"><img loading=\"lazy\" decoding=\"async\" width=\"300\" height=\"300\" src=\"https:\/\/papunet.net\/saavutettavuus\/wp-content\/uploads\/2023\/01\/kuville_tekstivastine_1.png\" alt=\"\" class=\"wp-image-465 size-full img-responsive\" srcset=\"https:\/\/papunet.net\/saavutettavuus\/wp-content\/uploads\/2023\/01\/kuville_tekstivastine_1.png 300w, https:\/\/papunet.net\/saavutettavuus\/wp-content\/uploads\/2023\/01\/kuville_tekstivastine_1-150x150.png 150w\" sizes=\"auto, (max-width: 300px) 100vw, 300px\" \/><\/figure><div class=\"wp-block-media-text__content\">\n<h2 class=\"wp-block-heading\">Lis\u00e4\u00e4 tekstivastineet kaikelle ei-tekstuaaliselle sis\u00e4ll\u00f6lle<\/h2>\n\n\n\n<p>Kaikille kuville, videoille ja \u00e4\u00e4nitiedostoille t\u00e4ytyy olla vaihtoehtoinen esitystapa n\u00e4k\u00f6- ja kuulorajoitteisia k\u00e4ytt\u00e4ji\u00e4 varten.<\/p>\n<\/div>\n<\/div>\n<\/a>\n\n<a href=\"https:\/\/papunet.net\/saavutettavuus\/ohjeita-ja-oppaita\/saavutettavien-verkkosivujen-suunnitteluopas\/tee-sivuston-interaktiivisista-elementeista-tunnistettavia\/\" class=\"wp-block-tiptip-hyperlink-group-block\">\n<div class=\"wp-block-media-text alignwide\" style=\"grid-template-columns:15% auto\">\n<figure class=\"wp-block-media-text__media\"><img loading=\"lazy\" decoding=\"async\" width=\"300\" height=\"300\" src=\"https:\/\/papunet.net\/saavutettavuus\/wp-content\/uploads\/2023\/01\/interaktiivinen_elementti.png\" alt=\"\" class=\"wp-image-466 size-full img-responsive\" srcset=\"https:\/\/papunet.net\/saavutettavuus\/wp-content\/uploads\/2023\/01\/interaktiivinen_elementti.png 300w, https:\/\/papunet.net\/saavutettavuus\/wp-content\/uploads\/2023\/01\/interaktiivinen_elementti-150x150.png 150w\" sizes=\"auto, (max-width: 300px) 100vw, 300px\" \/><\/figure><div class=\"wp-block-media-text__content\">\n<h2 class=\"wp-block-heading\">Tee sivuston interaktiivisista elementeist\u00e4 tunnistettavia<\/h2>\n\n\n\n<p>Varmista, ett\u00e4 linkeist\u00e4, painikkeista ja muista interaktiivisista kohteista k\u00e4y ilmi, mit\u00e4 tapahtuu, kun niit\u00e4 k\u00e4ytet\u00e4\u00e4n.<\/p>\n<\/div>\n<\/div>\n<\/a>\n\n<a href=\"https:\/\/papunet.net\/saavutettavuus\/ohjeita-ja-oppaita\/saavutettavien-verkkosivujen-suunnitteluopas\/tekstin-koko-ja-kirjasintyyppi\/\" class=\"wp-block-tiptip-hyperlink-group-block\">\n<div class=\"wp-block-media-text alignwide\" style=\"grid-template-columns:15% auto\">\n<figure class=\"wp-block-media-text__media\"><img loading=\"lazy\" decoding=\"async\" width=\"300\" height=\"300\" src=\"https:\/\/papunet.net\/saavutettavuus\/wp-content\/uploads\/2023\/01\/tekstin_koko.png\" alt=\"\" class=\"wp-image-467 size-full img-responsive\" srcset=\"https:\/\/papunet.net\/saavutettavuus\/wp-content\/uploads\/2023\/01\/tekstin_koko.png 300w, https:\/\/papunet.net\/saavutettavuus\/wp-content\/uploads\/2023\/01\/tekstin_koko-150x150.png 150w\" sizes=\"auto, (max-width: 300px) 100vw, 300px\" \/><\/figure><div class=\"wp-block-media-text__content\">\n<h2 class=\"wp-block-heading\">Tekstin koko ja kirjasintyyppi<\/h2>\n\n\n\n<p>Kirjoita riitt\u00e4v\u00e4n suurta teksti\u00e4 ja k\u00e4yt\u00e4 selke\u00e4\u00e4, p\u00e4\u00e4tteet\u00f6nt\u00e4 kirjasintyyppi\u00e4.<\/p>\n<\/div>\n<\/div>\n<\/a>\n\n<a href=\"https:\/\/papunet.net\/saavutettavuus\/ohjeita-ja-oppaita\/saavutettavien-verkkosivujen-suunnitteluopas\/looginen-lukemisjarjestys\/\" class=\"wp-block-tiptip-hyperlink-group-block\">\n<div class=\"wp-block-media-text alignwide\" style=\"grid-template-columns:15% auto\">\n<figure class=\"wp-block-media-text__media\"><img loading=\"lazy\" decoding=\"async\" width=\"300\" height=\"300\" src=\"https:\/\/papunet.net\/saavutettavuus\/wp-content\/uploads\/2023\/01\/lukemisjarjestys.png\" alt=\"\" class=\"wp-image-468 size-full img-responsive\" srcset=\"https:\/\/papunet.net\/saavutettavuus\/wp-content\/uploads\/2023\/01\/lukemisjarjestys.png 300w, https:\/\/papunet.net\/saavutettavuus\/wp-content\/uploads\/2023\/01\/lukemisjarjestys-150x150.png 150w\" sizes=\"auto, (max-width: 300px) 100vw, 300px\" \/><\/figure><div class=\"wp-block-media-text__content\">\n<h2 class=\"wp-block-heading\">Looginen lukemisj\u00e4rjestys<\/h2>\n\n\n\n<p>Varmista, ett\u00e4 sivun lukemisj\u00e4rjestys on ruudunlukuohjelmalla ja n\u00e4pp\u00e4imist\u00f6ll\u00e4 k\u00e4ytett\u00e4ess\u00e4 sama kuin visuaalisesti.<\/p>\n<\/div>\n<\/div>\n<\/a>\n\n<a href=\"https:\/\/papunet.net\/saavutettavuus\/ohjeita-ja-oppaita\/saavutettavien-verkkosivujen-suunnitteluopas\/kayta-selkeaa-ja-ymmarrettavaa-kielta\/\" class=\"wp-block-tiptip-hyperlink-group-block\">\n<div class=\"wp-block-media-text alignwide\" style=\"grid-template-columns:15% auto\">\n<figure class=\"wp-block-media-text__media\"><img loading=\"lazy\" decoding=\"async\" width=\"300\" height=\"300\" src=\"https:\/\/papunet.net\/saavutettavuus\/wp-content\/uploads\/2023\/01\/selkeaa_kielta.png\" alt=\"\" class=\"wp-image-469 size-full img-responsive\" srcset=\"https:\/\/papunet.net\/saavutettavuus\/wp-content\/uploads\/2023\/01\/selkeaa_kielta.png 300w, https:\/\/papunet.net\/saavutettavuus\/wp-content\/uploads\/2023\/01\/selkeaa_kielta-150x150.png 150w\" sizes=\"auto, (max-width: 300px) 100vw, 300px\" \/><\/figure><div class=\"wp-block-media-text__content\">\n<h2 class=\"wp-block-heading\">K\u00e4yt\u00e4 selke\u00e4\u00e4 ja ymm\u00e4rrett\u00e4v\u00e4\u00e4 kielt\u00e4<\/h2>\n\n\n\n<p>Kirjoita sis\u00e4ll\u00f6t selke\u00e4ll\u00e4 ja hyv\u00e4ll\u00e4 yleiskielell\u00e4. V\u00e4lt\u00e4 monimutkaisia lauserakenteita, sanontoja ja hankalien sanojen k\u00e4ytt\u00f6\u00e4.<\/p>\n<\/div>\n<\/div>\n<\/a>\n\n<a href=\"https:\/\/papunet.net\/saavutettavuus\/ohjeita-ja-oppaita\/saavutettavien-verkkosivujen-suunnitteluopas\/varmista-etta-sivustolta-ladattavat-tiedostot-ovat-saavutettavia\/\" class=\"wp-block-tiptip-hyperlink-group-block\">\n<div class=\"wp-block-media-text alignwide\" style=\"grid-template-columns:15% auto\">\n<figure class=\"wp-block-media-text__media\"><img loading=\"lazy\" decoding=\"async\" width=\"300\" height=\"300\" src=\"https:\/\/papunet.net\/saavutettavuus\/wp-content\/uploads\/2023\/01\/ladattava_tiedosto.png\" alt=\"\" class=\"wp-image-470 size-full img-responsive\" srcset=\"https:\/\/papunet.net\/saavutettavuus\/wp-content\/uploads\/2023\/01\/ladattava_tiedosto.png 300w, https:\/\/papunet.net\/saavutettavuus\/wp-content\/uploads\/2023\/01\/ladattava_tiedosto-150x150.png 150w\" sizes=\"auto, (max-width: 300px) 100vw, 300px\" \/><\/figure><div class=\"wp-block-media-text__content\">\n<h2 class=\"wp-block-heading\">Varmista, ett\u00e4 sivustolta ladattavat tiedostot ovat saavutettavia<\/h2>\n\n\n\n<p>My\u00f6s sivustolta ladattavien tiedostojen, kuten PDF-dokumenttien, on oltava saavutettavia.<\/p>\n<\/div>\n<\/div>\n<\/a>\n\n<a href=\"https:\/\/papunet.net\/saavutettavuus\/ohjeita-ja-oppaita\/saavutettavien-verkkosivujen-suunnitteluopas\/kayta-taulukkoja-harkiten\/\" class=\"wp-block-tiptip-hyperlink-group-block\">\n<div class=\"wp-block-media-text alignwide\" style=\"grid-template-columns:15% auto\">\n<figure class=\"wp-block-media-text__media\"><img loading=\"lazy\" decoding=\"async\" width=\"300\" height=\"300\" src=\"https:\/\/papunet.net\/saavutettavuus\/wp-content\/uploads\/2023\/01\/taulukko.png\" alt=\"\" class=\"wp-image-471 size-full img-responsive\" srcset=\"https:\/\/papunet.net\/saavutettavuus\/wp-content\/uploads\/2023\/01\/taulukko.png 300w, https:\/\/papunet.net\/saavutettavuus\/wp-content\/uploads\/2023\/01\/taulukko-150x150.png 150w\" sizes=\"auto, (max-width: 300px) 100vw, 300px\" \/><\/figure><div class=\"wp-block-media-text__content\">\n<h2 class=\"wp-block-heading\">K\u00e4yt\u00e4 taulukkoja harkiten<\/h2>\n\n\n\n<p>K\u00e4yt\u00e4 taulukkoja vain suurten datamassojen esitt\u00e4miseen. \u00c4l\u00e4 k\u00e4yt\u00e4 taulukkoja muotoilutarkoitukseen.<\/p>\n<\/div>\n<\/div>\n<\/a>\n\n<a href=\"https:\/\/papunet.net\/saavutettavuus\/ohjeita-ja-oppaita\/saavutettavien-verkkosivujen-suunnitteluopas\/suunnittele-sivun-otsikkorakenne-huolellisesti\/\" class=\"wp-block-tiptip-hyperlink-group-block\">\n<div class=\"wp-block-media-text alignwide\" style=\"grid-template-columns:15% auto\">\n<figure class=\"wp-block-media-text__media\"><img loading=\"lazy\" decoding=\"async\" width=\"300\" height=\"300\" src=\"https:\/\/papunet.net\/saavutettavuus\/wp-content\/uploads\/2023\/01\/otsikkorakenne.png\" alt=\"\" class=\"wp-image-472 size-full img-responsive\" srcset=\"https:\/\/papunet.net\/saavutettavuus\/wp-content\/uploads\/2023\/01\/otsikkorakenne.png 300w, https:\/\/papunet.net\/saavutettavuus\/wp-content\/uploads\/2023\/01\/otsikkorakenne-150x150.png 150w\" sizes=\"auto, (max-width: 300px) 100vw, 300px\" \/><\/figure><div class=\"wp-block-media-text__content\">\n<h2 class=\"wp-block-heading\">Suunnittele sivun otsikkorakenne huolellisesti<\/h2>\n\n\n\n<p>Varmista, ett\u00e4 sivun p\u00e4\u00e4sis\u00e4ll\u00f6ll\u00e4 on yksi ensimm\u00e4isen tason otsikko. Otsikkorakennetta voi ajatella ik\u00e4\u00e4n kuin sivun\u00e4kym\u00e4n sis\u00e4llysluettelona.<\/p>\n<\/div>\n<\/div>\n<\/a>\n\n<a href=\"https:\/\/papunet.net\/saavutettavuus\/ohjeita-ja-oppaita\/saavutettavien-verkkosivujen-suunnitteluopas\/nimea-linkit-ja-otsikot-ymmarrettavasti\/\" class=\"wp-block-tiptip-hyperlink-group-block\">\n<div class=\"wp-block-media-text alignwide\" style=\"grid-template-columns:15% auto\">\n<figure class=\"wp-block-media-text__media\"><img loading=\"lazy\" decoding=\"async\" width=\"300\" height=\"300\" src=\"https:\/\/papunet.net\/saavutettavuus\/wp-content\/uploads\/2023\/01\/otsikot_linkit.png\" alt=\"\" class=\"wp-image-473 size-full img-responsive\" srcset=\"https:\/\/papunet.net\/saavutettavuus\/wp-content\/uploads\/2023\/01\/otsikot_linkit.png 300w, https:\/\/papunet.net\/saavutettavuus\/wp-content\/uploads\/2023\/01\/otsikot_linkit-150x150.png 150w\" sizes=\"auto, (max-width: 300px) 100vw, 300px\" \/><\/figure><div class=\"wp-block-media-text__content\">\n<h2 class=\"wp-block-heading\">Nime\u00e4 linkit ja otsikot ymm\u00e4rrett\u00e4v\u00e4sti<\/h2>\n\n\n\n<p>Linkin nimest\u00e4 tulee k\u00e4yd\u00e4 ilmi, mihin se vie k\u00e4ytt\u00e4j\u00e4n ja otsikon nimest\u00e4 tulee selvit\u00e4, mit\u00e4 sen alla on.<\/p>\n<\/div>\n<\/div>\n<\/a>\n\n<a href=\"https:\/\/papunet.net\/saavutettavuus\/ohjeita-ja-oppaita\/saavutettavien-verkkosivujen-suunnitteluopas\/muista-riittava-tummuuskontrasti\/\" class=\"wp-block-tiptip-hyperlink-group-block\">\n<div class=\"wp-block-media-text alignwide\" style=\"grid-template-columns:15% auto\">\n<figure class=\"wp-block-media-text__media\"><img loading=\"lazy\" decoding=\"async\" width=\"300\" height=\"300\" src=\"https:\/\/papunet.net\/saavutettavuus\/wp-content\/uploads\/2023\/01\/riittava_tummuuskontrasti.png\" alt=\"\" class=\"wp-image-474 size-full img-responsive\" srcset=\"https:\/\/papunet.net\/saavutettavuus\/wp-content\/uploads\/2023\/01\/riittava_tummuuskontrasti.png 300w, https:\/\/papunet.net\/saavutettavuus\/wp-content\/uploads\/2023\/01\/riittava_tummuuskontrasti-150x150.png 150w\" sizes=\"auto, (max-width: 300px) 100vw, 300px\" \/><\/figure><div class=\"wp-block-media-text__content\">\n<h2 class=\"wp-block-heading\">Muista riitt\u00e4v\u00e4 tummuuskontrasti<\/h2>\n\n\n\n<p>Tekstin ja elementtien sek\u00e4 taustan v\u00e4lisen tummuuskontrastin on oltava riitt\u00e4v\u00e4.<\/p>\n<\/div>\n<\/div>\n<\/a>\n\n<a href=\"https:\/\/papunet.net\/saavutettavuus\/ohjeita-ja-oppaita\/saavutettavien-verkkosivujen-suunnitteluopas\/lisaa-hyppaa-sisaltoon-linkki\/\" class=\"wp-block-tiptip-hyperlink-group-block\">\n<div class=\"wp-block-media-text alignwide\" style=\"grid-template-columns:15% auto\">\n<figure class=\"wp-block-media-text__media\"><img loading=\"lazy\" decoding=\"async\" width=\"300\" height=\"300\" src=\"https:\/\/papunet.net\/saavutettavuus\/wp-content\/uploads\/2023\/01\/linkki_suoraan_sisaltoon.png\" alt=\"\" class=\"wp-image-475 size-full img-responsive\" srcset=\"https:\/\/papunet.net\/saavutettavuus\/wp-content\/uploads\/2023\/01\/linkki_suoraan_sisaltoon.png 300w, https:\/\/papunet.net\/saavutettavuus\/wp-content\/uploads\/2023\/01\/linkki_suoraan_sisaltoon-150x150.png 150w\" sizes=\"auto, (max-width: 300px) 100vw, 300px\" \/><\/figure><div class=\"wp-block-media-text__content\">\n<h2 class=\"wp-block-heading\">Lis\u00e4\u00e4 \u201dHypp\u00e4\u00e4 sis\u00e4lt\u00f6\u00f6n\u201d-linkki<\/h2>\n\n\n\n<p>Sivun\u00e4kym\u00e4n ensimm\u00e4isen elementin kannattaa olla \u201dHypp\u00e4\u00e4 sis\u00e4lt\u00f6\u00f6n\u201d-niminen linkki, joka siirt\u00e4\u00e4 k\u00e4ytt\u00e4j\u00e4n suoraan sivun p\u00e4\u00e4sis\u00e4lt\u00f6\u00f6n.<\/p>\n<\/div>\n<\/div>\n<\/a>\n\n<a href=\"https:\/\/papunet.net\/saavutettavuus\/ohjeita-ja-oppaita\/saavutettavien-verkkosivujen-suunnitteluopas\/lisaa-jokaiselle-sivulle-linkki-sivuston-etusivulle\/\" class=\"wp-block-tiptip-hyperlink-group-block\">\n<div class=\"wp-block-media-text alignwide\" style=\"grid-template-columns:15% auto\">\n<figure class=\"wp-block-media-text__media\"><img loading=\"lazy\" decoding=\"async\" width=\"300\" height=\"300\" src=\"https:\/\/papunet.net\/saavutettavuus\/wp-content\/uploads\/2023\/01\/etusivu.png\" alt=\"\" class=\"wp-image-476 size-full img-responsive\" srcset=\"https:\/\/papunet.net\/saavutettavuus\/wp-content\/uploads\/2023\/01\/etusivu.png 300w, https:\/\/papunet.net\/saavutettavuus\/wp-content\/uploads\/2023\/01\/etusivu-150x150.png 150w\" sizes=\"auto, (max-width: 300px) 100vw, 300px\" \/><\/figure><div class=\"wp-block-media-text__content\">\n<h2 class=\"wp-block-heading\">Lis\u00e4\u00e4 jokaiselle sivulle linkki sivuston etusivulle<\/h2>\n\n\n\n<p>Jokaisessa sivun\u00e4kym\u00e4ss\u00e4 on oltava helposti l\u00f6ydett\u00e4v\u00e4 linkki koko sivuston etusivulle.<\/p>\n<\/div>\n<\/div>\n<\/a>\n\n<a href=\"https:\/\/papunet.net\/saavutettavuus\/ohjeita-ja-oppaita\/saavutettavien-verkkosivujen-suunnitteluopas\/varmista-etta-sisallolle-on-maaritelty-kieli\/\" class=\"wp-block-tiptip-hyperlink-group-block\">\n<div class=\"wp-block-media-text alignwide\" style=\"grid-template-columns:15% auto\">\n<figure class=\"wp-block-media-text__media\"><img loading=\"lazy\" decoding=\"async\" width=\"300\" height=\"300\" src=\"https:\/\/papunet.net\/saavutettavuus\/wp-content\/uploads\/2023\/01\/kayttajan_kieli.png\" alt=\"\" class=\"wp-image-477 size-full img-responsive\" srcset=\"https:\/\/papunet.net\/saavutettavuus\/wp-content\/uploads\/2023\/01\/kayttajan_kieli.png 300w, https:\/\/papunet.net\/saavutettavuus\/wp-content\/uploads\/2023\/01\/kayttajan_kieli-150x150.png 150w\" sizes=\"auto, (max-width: 300px) 100vw, 300px\" \/><\/figure><div class=\"wp-block-media-text__content\">\n<h2 class=\"wp-block-heading\">Varmista, ett\u00e4 sis\u00e4ll\u00f6lle on m\u00e4\u00e4ritelty kieli<\/h2>\n\n\n\n<p>Sis\u00e4ll\u00f6lle pit\u00e4\u00e4 m\u00e4\u00e4ritell\u00e4 kieli HTML-koodiin, jotta esimerkiksi ruudunlukuohjelmat ja hakukoneet voivat p\u00e4\u00e4tell\u00e4 sivuston kielen ohjelmallisesti.<\/p>\n<\/div>\n<\/div>\n<\/a>\n\n<a href=\"https:\/\/papunet.net\/saavutettavuus\/ohjeita-ja-oppaita\/saavutettavien-verkkosivujen-suunnitteluopas\/asioiden-korostaminen\/\" class=\"wp-block-tiptip-hyperlink-group-block\">\n<div class=\"wp-block-media-text alignwide\" style=\"grid-template-columns:15% auto\">\n<figure class=\"wp-block-media-text__media\"><img loading=\"lazy\" decoding=\"async\" width=\"300\" height=\"300\" src=\"https:\/\/papunet.net\/saavutettavuus\/wp-content\/uploads\/2023\/01\/korostus.png\" alt=\"\" class=\"wp-image-478 size-full img-responsive\" srcset=\"https:\/\/papunet.net\/saavutettavuus\/wp-content\/uploads\/2023\/01\/korostus.png 300w, https:\/\/papunet.net\/saavutettavuus\/wp-content\/uploads\/2023\/01\/korostus-150x150.png 150w\" sizes=\"auto, (max-width: 300px) 100vw, 300px\" \/><\/figure><div class=\"wp-block-media-text__content\">\n<h2 class=\"wp-block-heading\">Asioiden korostaminen<\/h2>\n\n\n\n<p>K\u00e4yt\u00e4 useaa erilaista visuaalista keinoa kohteiden korostamiseen ja merkityksen v\u00e4litt\u00e4miseen.<\/p>\n<\/div>\n<\/div>\n<\/a>\n\n<a href=\"https:\/\/papunet.net\/saavutettavuus\/ohjeita-ja-oppaita\/saavutettavien-verkkosivujen-suunnitteluopas\/automaattisesti-kaynnistyva-mediasisalto\/\" class=\"wp-block-tiptip-hyperlink-group-block\">\n<div class=\"wp-block-media-text alignwide\" style=\"grid-template-columns:15% auto\">\n<figure class=\"wp-block-media-text__media\"><img loading=\"lazy\" decoding=\"async\" width=\"300\" height=\"300\" src=\"https:\/\/papunet.net\/saavutettavuus\/wp-content\/uploads\/2023\/01\/pause.png\" alt=\"\" class=\"wp-image-479 size-full img-responsive\" srcset=\"https:\/\/papunet.net\/saavutettavuus\/wp-content\/uploads\/2023\/01\/pause.png 300w, https:\/\/papunet.net\/saavutettavuus\/wp-content\/uploads\/2023\/01\/pause-150x150.png 150w\" sizes=\"auto, (max-width: 300px) 100vw, 300px\" \/><\/figure><div class=\"wp-block-media-text__content\">\n<h2 class=\"wp-block-heading\">Automaattisesti k\u00e4ynnistyv\u00e4 mediasis\u00e4lt\u00f6<\/h2>\n\n\n\n<p>\u00c4l\u00e4 k\u00e4yt\u00e4 verkkosivuilla pitki\u00e4, itsest\u00e4\u00e4n k\u00e4ynnistyvi\u00e4 mediasis\u00e4lt\u00f6j\u00e4. Varmista, ett\u00e4 k\u00e4ytt\u00e4j\u00e4n on helppo pys\u00e4ytt\u00e4\u00e4 mediasis\u00e4lt\u00f6.<\/p>\n<\/div>\n<\/div>\n<\/a>\n\n<a href=\"https:\/\/papunet.net\/saavutettavuus\/ohjeita-ja-oppaita\/saavutettavien-verkkosivujen-suunnitteluopas\/sivun-nimeaminen-title\/\" class=\"wp-block-tiptip-hyperlink-group-block\">\n<div class=\"wp-block-media-text alignwide\" style=\"grid-template-columns:15% auto\">\n<figure class=\"wp-block-media-text__media\"><img loading=\"lazy\" decoding=\"async\" width=\"300\" height=\"300\" src=\"https:\/\/papunet.net\/saavutettavuus\/wp-content\/uploads\/2023\/01\/nimeaminen.png\" alt=\"\" class=\"wp-image-480 size-full img-responsive\" srcset=\"https:\/\/papunet.net\/saavutettavuus\/wp-content\/uploads\/2023\/01\/nimeaminen.png 300w, https:\/\/papunet.net\/saavutettavuus\/wp-content\/uploads\/2023\/01\/nimeaminen-150x150.png 150w\" sizes=\"auto, (max-width: 300px) 100vw, 300px\" \/><\/figure><div class=\"wp-block-media-text__content\">\n<h2 class=\"wp-block-heading\">Sivun nime\u00e4minen (title)<\/h2>\n\n\n\n<p>Nime\u00e4 verkkosivuston jokainen yksitt\u00e4inen alasivu ymm\u00e4rrett\u00e4v\u00e4sti ja selke\u00e4sti.<\/p>\n<\/div>\n<\/div>\n<\/a>\n\n<a href=\"https:\/\/papunet.net\/saavutettavuus\/ohjeita-ja-oppaita\/saavutettavien-verkkosivujen-suunnitteluopas\/nakyva-kohdistin\/\" class=\"wp-block-tiptip-hyperlink-group-block\">\n<div class=\"wp-block-media-text alignwide\" style=\"grid-template-columns:15% auto\">\n<figure class=\"wp-block-media-text__media\"><img loading=\"lazy\" decoding=\"async\" width=\"300\" height=\"300\" src=\"https:\/\/papunet.net\/saavutettavuus\/wp-content\/uploads\/2023\/01\/nakyva_kohdistin.png\" alt=\"\" class=\"wp-image-481 size-full img-responsive\" srcset=\"https:\/\/papunet.net\/saavutettavuus\/wp-content\/uploads\/2023\/01\/nakyva_kohdistin.png 300w, https:\/\/papunet.net\/saavutettavuus\/wp-content\/uploads\/2023\/01\/nakyva_kohdistin-150x150.png 150w\" sizes=\"auto, (max-width: 300px) 100vw, 300px\" \/><\/figure><div class=\"wp-block-media-text__content\">\n<h2 class=\"wp-block-heading\">N\u00e4kyv\u00e4 kohdistin<\/h2>\n\n\n\n<p>Varmista, ett\u00e4 jokaisen toiminnallisen elementin ymp\u00e4rille piirtyy reunat, kun verkkosivua selataan k\u00e4ytt\u00e4en sarkainta (Tab \u21b9)<\/p>\n<\/div>\n<\/div>\n<\/a>\n\n<a href=\"https:\/\/papunet.net\/saavutettavuus\/ohjeita-ja-oppaita\/saavutettavien-verkkosivujen-suunnitteluopas\/sisallon-maara\/\" class=\"wp-block-tiptip-hyperlink-group-block\">\n<div class=\"wp-block-media-text alignwide\" style=\"grid-template-columns:15% auto\">\n<figure class=\"wp-block-media-text__media\"><img loading=\"lazy\" decoding=\"async\" width=\"300\" height=\"300\" src=\"https:\/\/papunet.net\/saavutettavuus\/wp-content\/uploads\/2023\/01\/sisallon_maara_sivulla.png\" alt=\"\" class=\"wp-image-482 size-full img-responsive\" srcset=\"https:\/\/papunet.net\/saavutettavuus\/wp-content\/uploads\/2023\/01\/sisallon_maara_sivulla.png 300w, https:\/\/papunet.net\/saavutettavuus\/wp-content\/uploads\/2023\/01\/sisallon_maara_sivulla-150x150.png 150w\" sizes=\"auto, (max-width: 300px) 100vw, 300px\" \/><\/figure><div class=\"wp-block-media-text__content\">\n<h2 class=\"wp-block-heading\">Sis\u00e4ll\u00f6n m\u00e4\u00e4r\u00e4<\/h2>\n\n\n\n<p>Kiinnit\u00e4 huomiota siihen, ettei sivun\u00e4kym\u00e4ss\u00e4 ole liikaa sis\u00e4lt\u00f6\u00e4 ja erilaisia kohteita.<\/p>\n<\/div>\n<\/div>\n<\/a>\n\n<a href=\"https:\/\/papunet.net\/saavutettavuus\/ohjeita-ja-oppaita\/saavutettavien-verkkosivujen-suunnitteluopas\/kayttajan-sijainti-sivustolla\/\" class=\"wp-block-tiptip-hyperlink-group-block\">\n<div class=\"wp-block-media-text alignwide\" style=\"grid-template-columns:15% auto\">\n<figure class=\"wp-block-media-text__media\"><img loading=\"lazy\" decoding=\"async\" width=\"300\" height=\"300\" src=\"https:\/\/papunet.net\/saavutettavuus\/wp-content\/uploads\/2023\/01\/kayttajan_sijainti.png\" alt=\"\" class=\"wp-image-483 size-full img-responsive\" srcset=\"https:\/\/papunet.net\/saavutettavuus\/wp-content\/uploads\/2023\/01\/kayttajan_sijainti.png 300w, https:\/\/papunet.net\/saavutettavuus\/wp-content\/uploads\/2023\/01\/kayttajan_sijainti-150x150.png 150w\" sizes=\"auto, (max-width: 300px) 100vw, 300px\" \/><\/figure><div class=\"wp-block-media-text__content\">\n<h2 class=\"wp-block-heading\">K\u00e4ytt\u00e4j\u00e4n sijainti sivulla<\/h2>\n\n\n\n<p>Varmista, ett\u00e4 k\u00e4ytt\u00e4j\u00e4n on helppo p\u00e4\u00e4tell\u00e4, miss\u00e4 kohtaa sivustoa h\u00e4n sijaitsee.<\/p>\n<\/div>\n<\/div>\n<\/a>\n\n<a href=\"https:\/\/papunet.net\/saavutettavuus\/ohjeita-ja-oppaita\/saavutettavien-verkkosivujen-suunnitteluopas\/hakutoiminto\/\" class=\"wp-block-tiptip-hyperlink-group-block\">\n<div class=\"wp-block-media-text alignwide\" style=\"grid-template-columns:15% auto\">\n<figure class=\"wp-block-media-text__media\"><img loading=\"lazy\" decoding=\"async\" width=\"300\" height=\"300\" src=\"https:\/\/papunet.net\/saavutettavuus\/wp-content\/uploads\/2023\/01\/hakutoiminto.png\" alt=\"\" class=\"wp-image-484 size-full img-responsive\" srcset=\"https:\/\/papunet.net\/saavutettavuus\/wp-content\/uploads\/2023\/01\/hakutoiminto.png 300w, https:\/\/papunet.net\/saavutettavuus\/wp-content\/uploads\/2023\/01\/hakutoiminto-150x150.png 150w\" sizes=\"auto, (max-width: 300px) 100vw, 300px\" \/><\/figure><div class=\"wp-block-media-text__content\">\n<h2 class=\"wp-block-heading\">Hakutoiminto<\/h2>\n\n\n\n<p>Lis\u00e4\u00e4 keskisuurille ja suurille sivustoille hakutoiminto.<\/p>\n<\/div>\n<\/div>\n<\/a>\n\n","protected":false},"excerpt":{"rendered":"","protected":false},"author":10,"featured_media":0,"parent":11,"menu_order":2,"comment_status":"closed","ping_status":"closed","template":"","meta":{"_acf_changed":false,"footnotes":""},"class_list":["post-134","page","type-page","status-publish","hentry"],"acf":[],"_links":{"self":[{"href":"https:\/\/papunet.net\/saavutettavuus\/wp-json\/wp\/v2\/pages\/134","targetHints":{"allow":["GET"]}}],"collection":[{"href":"https:\/\/papunet.net\/saavutettavuus\/wp-json\/wp\/v2\/pages"}],"about":[{"href":"https:\/\/papunet.net\/saavutettavuus\/wp-json\/wp\/v2\/types\/page"}],"author":[{"embeddable":true,"href":"https:\/\/papunet.net\/saavutettavuus\/wp-json\/wp\/v2\/users\/10"}],"replies":[{"embeddable":true,"href":"https:\/\/papunet.net\/saavutettavuus\/wp-json\/wp\/v2\/comments?post=134"}],"version-history":[{"count":0,"href":"https:\/\/papunet.net\/saavutettavuus\/wp-json\/wp\/v2\/pages\/134\/revisions"}],"up":[{"embeddable":true,"href":"https:\/\/papunet.net\/saavutettavuus\/wp-json\/wp\/v2\/pages\/11"}],"wp:attachment":[{"href":"https:\/\/papunet.net\/saavutettavuus\/wp-json\/wp\/v2\/media?parent=134"}],"curies":[{"name":"wp","href":"https:\/\/api.w.org\/{rel}","templated":true}]}}