{"id":135,"date":"2022-11-01T10:08:39","date_gmt":"2022-11-01T08:08:39","guid":{"rendered":"https:\/\/papunet.net\/saavutettavuus\/?page_id=135"},"modified":"2023-04-03T10:58:01","modified_gmt":"2023-04-03T07:58:01","slug":"pikaoppaita-saavutettavuuteen","status":"publish","type":"page","link":"https:\/\/papunet.net\/saavutettavuus\/ohjeita-ja-oppaita\/pikaoppaita-saavutettavuuteen\/","title":{"rendered":"Pikaoppaita saavutettavuuteen"},"content":{"rendered":"\n<p>N\u00e4ille sivuille koottujen pikaoppaiden tarkoitus on toimia muistia tukevina listoina.<\/p>\n<p>Verkkosivuston tekij\u00f6iden on suositeltavaa tutustua pikaoppaiden lis\u00e4ksi my\u00f6s kattavampiin oppaisiin t\u00e4ll\u00e4 sivustolla.<\/p>\n\n<a href=\"https:\/\/papunet.net\/saavutettavuus\/ohjeita-ja-oppaita\/pikaoppaita-saavutettavuuteen\/pikaopas-kognitiiviseen-saavutettavuuteen\/\" class=\"wp-block-tiptip-hyperlink-group-block\">\n<div class=\"wp-block-media-text alignwide\" style=\"grid-template-columns:15% auto\">\n<figure class=\"wp-block-media-text__media\"><img loading=\"lazy\" decoding=\"async\" width=\"300\" height=\"300\" src=\"https:\/\/papunet.net\/saavutettavuus\/wp-content\/uploads\/2023\/01\/pikaopas_kogn.png\" alt=\"\" class=\"wp-image-486 size-full img-responsive\" srcset=\"https:\/\/papunet.net\/saavutettavuus\/wp-content\/uploads\/2023\/01\/pikaopas_kogn.png 300w, https:\/\/papunet.net\/saavutettavuus\/wp-content\/uploads\/2023\/01\/pikaopas_kogn-150x150.png 150w\" sizes=\"auto, (max-width: 300px) 100vw, 300px\" \/><\/figure><div class=\"wp-block-media-text__content\">\n<h2 class=\"wp-block-heading\">Pikaopas kognitiiviseen saavutettavuuteen<\/h2>\n\n\n\n<p>Ohjeita kognitiivisen saavutettavuuden huomioimiseen.<\/p>\n<\/div>\n<\/div>\n<\/a>\n\n<a href=\"https:\/\/papunet.net\/saavutettavuus\/ohjeita-ja-oppaita\/pikaoppaita-saavutettavuuteen\/pikaopas-suunnittelijoille\/\" class=\"wp-block-tiptip-hyperlink-group-block\">\n<div class=\"wp-block-media-text alignwide\" style=\"grid-template-columns:15% auto\">\n<figure class=\"wp-block-media-text__media\"><img loading=\"lazy\" decoding=\"async\" width=\"300\" height=\"300\" src=\"https:\/\/papunet.net\/saavutettavuus\/wp-content\/uploads\/2023\/01\/pikaopas_suunn.png\" alt=\"\" class=\"wp-image-488 size-full img-responsive\" srcset=\"https:\/\/papunet.net\/saavutettavuus\/wp-content\/uploads\/2023\/01\/pikaopas_suunn.png 300w, https:\/\/papunet.net\/saavutettavuus\/wp-content\/uploads\/2023\/01\/pikaopas_suunn-150x150.png 150w\" sizes=\"auto, (max-width: 300px) 100vw, 300px\" \/><\/figure><div class=\"wp-block-media-text__content\">\n<h2 class=\"wp-block-heading\">Pikaopas suunnittelijoille<\/h2>\n\n\n\n<p>Ohjeita k\u00e4ytt\u00f6liittym\u00e4suunnittelijoille, verkkosivusuunnittelijoille ja graafikoille.<\/p>\n<\/div>\n<\/div>\n<\/a>\n\n<a href=\"https:\/\/papunet.net\/saavutettavuus\/ohjeita-ja-oppaita\/pikaoppaita-saavutettavuuteen\/pikaopas-sisallontuottajille\/\" class=\"wp-block-tiptip-hyperlink-group-block\">\n<div class=\"wp-block-media-text alignwide\" style=\"grid-template-columns:15% auto\">\n<figure class=\"wp-block-media-text__media\"><img loading=\"lazy\" decoding=\"async\" width=\"300\" height=\"300\" src=\"https:\/\/papunet.net\/saavutettavuus\/wp-content\/uploads\/2023\/01\/pikaopas_sisall.png\" alt=\"\" class=\"wp-image-489 size-full img-responsive\" srcset=\"https:\/\/papunet.net\/saavutettavuus\/wp-content\/uploads\/2023\/01\/pikaopas_sisall.png 300w, https:\/\/papunet.net\/saavutettavuus\/wp-content\/uploads\/2023\/01\/pikaopas_sisall-150x150.png 150w\" sizes=\"auto, (max-width: 300px) 100vw, 300px\" \/><\/figure><div class=\"wp-block-media-text__content\">\n<h2 class=\"wp-block-heading\">Pikaopas sis\u00e4ll\u00f6ntuottajille<\/h2>\n\n\n\n<p>Ohjeita sis\u00e4ll\u00f6ntuottajille ja viestinn\u00e4st\u00e4 vastaaville.<\/p>\n<\/div>\n<\/div>\n<\/a>\n\n","protected":false},"excerpt":{"rendered":"<p>N\u00e4ille sivuille koottujen pikaoppaiden tarkoitus on toimia muistia tukevina listoina. Verkkosivuston tekij\u00f6iden on suositeltavaa tutustua pikaoppaiden lis\u00e4ksi my\u00f6s kattavampiin oppaisiin t\u00e4ll\u00e4 sivustolla.<\/p>\n","protected":false},"author":10,"featured_media":0,"parent":11,"menu_order":3,"comment_status":"closed","ping_status":"closed","template":"","meta":{"_acf_changed":false,"footnotes":""},"class_list":["post-135","page","type-page","status-publish","hentry"],"acf":[],"_links":{"self":[{"href":"https:\/\/papunet.net\/saavutettavuus\/wp-json\/wp\/v2\/pages\/135","targetHints":{"allow":["GET"]}}],"collection":[{"href":"https:\/\/papunet.net\/saavutettavuus\/wp-json\/wp\/v2\/pages"}],"about":[{"href":"https:\/\/papunet.net\/saavutettavuus\/wp-json\/wp\/v2\/types\/page"}],"author":[{"embeddable":true,"href":"https:\/\/papunet.net\/saavutettavuus\/wp-json\/wp\/v2\/users\/10"}],"replies":[{"embeddable":true,"href":"https:\/\/papunet.net\/saavutettavuus\/wp-json\/wp\/v2\/comments?post=135"}],"version-history":[{"count":0,"href":"https:\/\/papunet.net\/saavutettavuus\/wp-json\/wp\/v2\/pages\/135\/revisions"}],"up":[{"embeddable":true,"href":"https:\/\/papunet.net\/saavutettavuus\/wp-json\/wp\/v2\/pages\/11"}],"wp:attachment":[{"href":"https:\/\/papunet.net\/saavutettavuus\/wp-json\/wp\/v2\/media?parent=135"}],"curies":[{"name":"wp","href":"https:\/\/api.w.org\/{rel}","templated":true}]}}