{"id":137,"date":"2022-11-01T10:26:09","date_gmt":"2022-11-01T08:26:09","guid":{"rendered":"https:\/\/papunet.net\/saavutettavuus\/?page_id=137"},"modified":"2023-01-26T11:24:38","modified_gmt":"2023-01-26T09:24:38","slug":"pikaopas-suunnittelijoille","status":"publish","type":"page","link":"https:\/\/papunet.net\/saavutettavuus\/ohjeita-ja-oppaita\/pikaoppaita-saavutettavuuteen\/pikaopas-suunnittelijoille\/","title":{"rendered":"Pikaopas suunnittelijoille"},"content":{"rendered":"\n<h2>Suun\u00adnit\u00adte\u00adle sel\u00adke\u00e4t si\u00advu\u00adpoh\u00adjat<\/h2>\n<p>Var\u00admis\u00adta, ett\u00e4 si\u00advun eri osat erot\u00adtu\u00advat toi\u00adsis\u00adtaan sel\u00adke\u00e4s\u00adti. Eri\u00adtyi\u00adsen t\u00e4r\u00adke\u00ad\u00e4\u00e4 on, ett\u00e4 k\u00e4yt\u00adt\u00e4\u00adj\u00e4l\u00adle ei j\u00e4\u00e4 ep\u00e4\u00adsel\u00adv\u00e4k\u00adsi, mis\u00ads\u00e4 si\u00advun p\u00e4\u00e4\u00adsi\u00ads\u00e4l\u00adt\u00f6 on.<\/p>\n<h2>Tee si\u00advus\u00adton ra\u00adken\u00adtees\u00adta ja toi\u00admin\u00adnois\u00adta yh\u00adden\u00admu\u00adkai\u00adset<\/h2>\n<p>Si\u00advus\u00adtol\u00adla ole\u00advat eri toi\u00admin\u00adnot n\u00e4yt\u00adt\u00e4\u00adv\u00e4t sa\u00admoil\u00adta ja l\u00f6y\u00adty\u00adv\u00e4t sa\u00admas\u00adta pai\u00adkas\u00adta riip\u00adpu\u00admat\u00adta sii\u00adt\u00e4, mil\u00adl\u00e4 ala\u00adsi\u00advul\u00adla ol\u00adlaan.<\/p>\n<p>Suun\u00adnit\u00adte\u00adle sel\u00adke\u00e4 ja joh\u00addon\u00admu\u00adkai\u00adnen ot\u00adsik\u00adko\u00adra\u00adken\u00adne. Var\u00admis\u00adta, ett\u00e4 kaik\u00adki si\u00advun mer\u00adki\u00adtyk\u00adsel\u00adli\u00adsel\u00adl\u00e4 si\u00ads\u00e4l\u00adl\u00f6l\u00adl\u00e4 on ym\u00adm\u00e4r\u00adret\u00adt\u00e4\u00adv\u00e4s\u00adti ni\u00adme\u00adtyt ot\u00adsi\u00adkot.<\/p>\n<h2>Muis\u00adta riit\u00adt\u00e4\u00adv\u00e4 tum\u00admuus\u00adkont\u00adras\u00adti<\/h2>\n<p>Si\u00advun teks\u00adti\u00adsi\u00ads\u00e4l\u00adl\u00f6il\u00adl\u00e4 ja toi\u00admin\u00adnal\u00adli\u00adsil\u00adla ele\u00admen\u00adteil\u00adl\u00e4 on ol\u00adta\u00adva riit\u00adt\u00e4\u00adv\u00e4 tum\u00admuus\u00adkont\u00adras\u00adti taus\u00adtaan n\u00e4h\u00adden.<\/p>\n<h2>\u00c4l\u00e4 k\u00e4y\u00adt\u00e4 ku\u00advia v\u00e4\u00adlit\u00adt\u00e4\u00adm\u00e4\u00e4n teks\u00adtu\u00adaa\u00adlis\u00adta in\u00adfor\u00admaa\u00adtio\u00adta<\/h2>\n<p>Kir\u00adjoi\u00adta teks\u00adtit HTML-l\u00e4h\u00adde\u00adkoo\u00addiin ja muo\u00adtoi\u00adle nii\u00adt\u00e4 tar\u00advit\u00adtaes\u00adsa CSS-tyy\u00adli\u00adtie\u00addos\u00adto\u00adjen avul\u00adla.<\/p>\n<h2>Muis\u00adta so\u00adpi\u00adva ri\u00advin pi\u00adtuus<\/h2>\n<p>\u00c4l\u00e4 tee ri\u00adveis\u00adt\u00e4 lii\u00adan ly\u00adhyi\u00adt\u00e4 tai lii\u00adan pit\u00adki\u00e4. Ta\u00adval\u00adli\u00adses\u00adti 50\u2013120 merk\u00adki\u00e4 on so\u00adpi\u00adva ri\u00advin pi\u00adtuus.<\/p>\n<h2>K\u00e4y\u00adt\u00e4 riit\u00adt\u00e4\u00adv\u00e4n suur\u00adta teks\u00adti\u00e4 ja sel\u00adke\u00ad\u00e4\u00e4 kir\u00adja\u00adsin\u00adtyyp\u00adpi\u00e4<\/h2>\n<p>So\u00adpi\u00adva teks\u00adtin koko saat\u00adtaa riip\u00adpua k\u00e4y\u00adtet\u00adt\u00e4\u00adv\u00e4s\u00adt\u00e4 kir\u00adja\u00adsin\u00adtyy\u00adpis\u00adt\u00e4. Ta\u00adval\u00adli\u00adses\u00adti teks\u00adtin koon tu\u00adli\u00adsi olla kui\u00adten\u00adkin v\u00e4\u00adhin\u00adt\u00e4\u00e4n 10pt.<\/p>\n<p>P\u00e4\u00e4t\u00adteet\u00adt\u00f6\u00adm\u00e4t (sans-se\u00adrif-tyy\u00adli\u00adset) fon\u00adtit ovat mo\u00adnel\u00adle hel\u00adpom\u00adpia lu\u00adkea.<\/p>\n<h2>Tee lin\u00adkeis\u00adt\u00e4 link\u00adkien n\u00e4\u00adk\u00f6i\u00adsi\u00e4<\/h2>\n<p>Tee kai\u00adkis\u00adta in\u00adte\u00adrak\u00adtii\u00advi\u00adsis\u00adta ele\u00admen\u00adteis\u00adt\u00e4, ku\u00adten lin\u00adkeis\u00adt\u00e4 ja pai\u00adnik\u00adkeis\u00adta, vi\u00adsu\u00adaa\u00adli\u00adses\u00adti sen n\u00e4\u00adk\u00f6i\u00adsi\u00e4, ett\u00e4 k\u00e4yt\u00adt\u00e4\u00adj\u00e4 tie\u00adt\u00e4\u00e4 nii\u00adden ole\u00advan link\u00adke\u00adj\u00e4\/\u200bpai\u00adnik\u00adkei\u00adta. \u00c4l\u00e4 k\u00e4y\u00adt\u00e4 sa\u00admo\u00adja tyy\u00adle\u00adj\u00e4 (esi\u00admer\u00adkik\u00adsi al\u00adle\u00advii\u00advaus\u00adta) muis\u00adsa si\u00advus\u00adton osis\u00adsa.<\/p>\n<h2>\u00c4l\u00e4 k\u00e4y\u00adt\u00e4 v\u00e4\u00adri\u00e4 ai\u00adnoa\u00adna kei\u00adno\u00adna v\u00e4\u00adlit\u00adt\u00e4\u00e4 mer\u00adki\u00adtys\u00adt\u00e4<\/h2>\n<p>V\u00e4\u00adrin li\u00ads\u00e4k\u00adsi on hyv\u00e4 k\u00e4yt\u00adt\u00e4\u00e4 mui\u00adta\u00adkin vi\u00adsu\u00adaa\u00adli\u00adsia kei\u00adno\u00adja, ku\u00adten link\u00adkien koh\u00addal\u00adla al\u00adle\u00advii\u00advaus\u00adta.<\/p>\n<h2>V\u00e4l\u00adt\u00e4 v\u00e4lk\u00adky\u00advi\u00e4 ja no\u00adpeas\u00adti liik\u00adku\u00advia ele\u00adment\u00adte\u00adj\u00e4<\/h2>\n<p>Nopeasti etenev\u00e4t ja v\u00e4lkkyv\u00e4t esitystavat viev\u00e4t tavallisesti liikaa huomiota ja voivat pahimmillaan aiheuttaa sairauskohtauksia esimerkiksi epileptikoille.<\/p>\n<h2>Li\u00ads\u00e4\u00e4 jo\u00adkai\u00adsel\u00adle ala\u00adsi\u00advuil\u00adle link\u00adki si\u00advus\u00adton etusi\u00advul\u00adle<\/h2>\n<p>Usein si\u00advu\u00adn\u00e4\u00adky\u00adm\u00e4n va\u00adsem\u00admas\u00adsa yl\u00e4\u00adkul\u00admas\u00adsa on si\u00advus\u00adton logo\/\u200bnimi, joka toi\u00admii sa\u00admal\u00adla link\u00adki\u00adn\u00e4 si\u00advus\u00adton etusi\u00advul\u00adle.<\/p>\n<h2>Var\u00admis\u00adta, ett\u00e4 k\u00e4yt\u00adt\u00e4\u00adj\u00e4 tie\u00adt\u00e4\u00e4 si\u00adjain\u00adtin\u00adsa si\u00advus\u00adtol\u00adla<\/h2>\n<p>K\u00e4yt\u00adt\u00e4\u00adj\u00e4n tu\u00adlee tie\u00adt\u00e4\u00e4, mis\u00ads\u00e4 koh\u00adtaa si\u00advus\u00adtoa h\u00e4n on.<\/p>\n\n","protected":false},"excerpt":{"rendered":"<p>Suun\u00adnit\u00adte\u00adle sel\u00adke\u00e4t si\u00advu\u00adpoh\u00adjat Var\u00admis\u00adta, ett\u00e4 si\u00advun eri osat erot\u00adtu\u00advat toi\u00adsis\u00adtaan sel\u00adke\u00e4s\u00adti. Eri\u00adtyi\u00adsen t\u00e4r\u00adke\u00ad\u00e4\u00e4 on, ett\u00e4 k\u00e4yt\u00adt\u00e4\u00adj\u00e4l\u00adle ei j\u00e4\u00e4 ep\u00e4\u00adsel\u00adv\u00e4k\u00adsi, mis\u00ads\u00e4 si\u00advun p\u00e4\u00e4\u00adsi\u00ads\u00e4l\u00adt\u00f6 on. Tee si\u00advus\u00adton ra\u00adken\u00adtees\u00adta ja toi\u00admin\u00adnois\u00adta yh\u00adden\u00admu\u00adkai\u00adset Si\u00advus\u00adtol\u00adla ole\u00advat eri toi\u00admin\u00adnot n\u00e4yt\u00adt\u00e4\u00adv\u00e4t sa\u00admoil\u00adta ja [&hellip;]<span class=\"moretag\">Lue lis\u00e4\u00e4&#8230;<\/span><\/p>\n","protected":false},"author":10,"featured_media":0,"parent":135,"menu_order":2,"comment_status":"closed","ping_status":"closed","template":"","meta":{"_acf_changed":false,"footnotes":""},"class_list":["post-137","page","type-page","status-publish","hentry"],"acf":[],"_links":{"self":[{"href":"https:\/\/papunet.net\/saavutettavuus\/wp-json\/wp\/v2\/pages\/137","targetHints":{"allow":["GET"]}}],"collection":[{"href":"https:\/\/papunet.net\/saavutettavuus\/wp-json\/wp\/v2\/pages"}],"about":[{"href":"https:\/\/papunet.net\/saavutettavuus\/wp-json\/wp\/v2\/types\/page"}],"author":[{"embeddable":true,"href":"https:\/\/papunet.net\/saavutettavuus\/wp-json\/wp\/v2\/users\/10"}],"replies":[{"embeddable":true,"href":"https:\/\/papunet.net\/saavutettavuus\/wp-json\/wp\/v2\/comments?post=137"}],"version-history":[{"count":0,"href":"https:\/\/papunet.net\/saavutettavuus\/wp-json\/wp\/v2\/pages\/137\/revisions"}],"up":[{"embeddable":true,"href":"https:\/\/papunet.net\/saavutettavuus\/wp-json\/wp\/v2\/pages\/135"}],"wp:attachment":[{"href":"https:\/\/papunet.net\/saavutettavuus\/wp-json\/wp\/v2\/media?parent=137"}],"curies":[{"name":"wp","href":"https:\/\/api.w.org\/{rel}","templated":true}]}}