{"id":139,"date":"2022-11-01T10:38:39","date_gmt":"2022-11-01T08:38:39","guid":{"rendered":"https:\/\/papunet.net\/saavutettavuus\/?page_id=139"},"modified":"2023-01-26T11:38:55","modified_gmt":"2023-01-26T09:38:55","slug":"pikaopas-sisallontuottajille","status":"publish","type":"page","link":"https:\/\/papunet.net\/saavutettavuus\/ohjeita-ja-oppaita\/pikaoppaita-saavutettavuuteen\/pikaopas-sisallontuottajille\/","title":{"rendered":"Pikaopas sis\u00e4ll\u00f6ntuottajille"},"content":{"rendered":"\n<h2>J\u00e4senn\u00e4 sis\u00e4lt\u00f6 ymm\u00e4rrett\u00e4viksi kokonaisuuksiksi sivulle<\/h2>\n<p>Kirjoita lyhyit\u00e4 lauseita. Palastele lauseita tarvittaessa.<\/p>\n<p>Huomioi, ett\u00e4 kielikuvat, sanonnat tai ammattikielen k\u00e4ytt\u00f6 voivat aiheuttaa vaikeuksia lukijalle.<\/p>\n<h2>Lis\u00e4\u00e4 kuville tekstivastineet<\/h2>\n<p>Kaikille kuville on annettava riitt\u00e4v\u00e4n kuvaava tekstivastine (alt-teksti), josta k\u00e4y ilmi kuvan sis\u00e4lt\u00f6. Jos kuva on linkki, on t\u00e4rke\u00e4\u00e4 kuvata my\u00f6s kuvan tarkoitusta eli sit\u00e4, minne linkki vie.<\/p>\n<h2>Tee mediasis\u00e4ll\u00f6ist\u00e4 saavutettavia<\/h2>\n<p>Videoista, \u00e4\u00e4nitiedostoista ja muista mediasis\u00e4ll\u00f6ist\u00e4 on teht\u00e4v\u00e4 sellaisia, ett\u00e4 niiss\u00e4 oleva sis\u00e4lt\u00f6 aukeaa my\u00f6s aistivammaisille henkil\u00f6ille. K\u00e4yt\u00e4nn\u00f6ist\u00e4 t\u00e4m\u00e4 tarkoittaa esimerkiksi videoiden tekstitt\u00e4mist\u00e4 ja kuvailutulkkausta.<\/p>\n<h2>V\u00e4lt\u00e4 sairauskohtauksia aiheuttavia sis\u00e4lt\u00f6j\u00e4<\/h2>\n<p>Esimerkiksi yli kolme kertaa sekunnissa vilkkuvat kohteet saattavat laukaista joillakin k\u00e4ytt\u00e4jill\u00e4 epileptisi\u00e4 kohtauksia.<\/p>\n<h2>K\u00e4yt\u00e4 useita eri keinoja v\u00e4litt\u00e4m\u00e4\u00e4n merkityst\u00e4<\/h2>\n<p>V\u00e4rin lis\u00e4ksi on hyv\u00e4 k\u00e4ytt\u00e4\u00e4 muitakin visuaalisia keinoja, kuten alleviivausta.<\/p>\n<h2>K\u00e4yt\u00e4 riitt\u00e4v\u00e4n suurta teksti\u00e4 ja selke\u00e4\u00e4 kirjasintyyppi\u00e4<\/h2>\n<p>Sopiva tekstin koko saattaa riippua k\u00e4ytett\u00e4v\u00e4st\u00e4 kirjasintyypist\u00e4. Tavallisesti tekstin koon tulisi olla kuitenkin v\u00e4hint\u00e4\u00e4n 10pt.<\/p>\n<p>P\u00e4\u00e4tteett\u00f6m\u00e4t (sans-serif-tyyliset) fontit ovat monelle helpompia lukea.<\/p>\n<h2>Tee otsikkorakenteesta selke\u00e4 ja johdonmukainen<\/h2>\n<p>Varmista, ett\u00e4 kaikella sivun merkityksellisell\u00e4 sis\u00e4ll\u00f6ll\u00e4 on ymm\u00e4rrett\u00e4v\u00e4sti nimetyt otsikot.<\/p>\n<h2>Muista riitt\u00e4v\u00e4 tummuuskontrasti<\/h2>\n<p>Sivun tekstisis\u00e4ll\u00f6ill\u00e4 ja toiminnallisilla elementeill\u00e4 on oltava riitt\u00e4v\u00e4 tummuuskontrasti taustaan n\u00e4hden.<\/p>\n<h2>\u00c4l\u00e4 k\u00e4yt\u00e4 kuvia v\u00e4litt\u00e4m\u00e4\u00e4n tekstuaalista informaatiota<\/h2>\n<p>Kirjoita tekstit HTML-l\u00e4hdekoodiin ja muotoile niit\u00e4 tarvittaessa CSS-tyylim\u00e4\u00e4rittelyiden avulla.<\/p>\n<h2>Muista sopiva rivin pituus<\/h2>\n<p>\u00c4l\u00e4 tee riveist\u00e4 liian lyhyit\u00e4 tai liian pitki\u00e4. Tavallisesti 50\u2013120 merkki\u00e4 on sopiva rivin pituus.<\/p>\n<h2>Nime\u00e4 linkit kuvaavasti<\/h2>\n<p>Linkin nimest\u00e4 tulee k\u00e4yd\u00e4 ilmi, mihin se vie k\u00e4ytt\u00e4j\u00e4n tai mit\u00e4 siit\u00e4 tapahtuu. V\u00e4lt\u00e4 \u201dPaina t\u00e4st\u00e4\u201d- ja \u201dLue lis\u00e4\u00e4\u201d -tyylisi\u00e4 linkkien nimi\u00e4.<\/p>\n<h2>K\u00e4yt\u00e4 TIKKUKIRJAIMIA harkiten<\/h2>\n<p>SUURILLA KIRJAIMILLA kirjoitettu teksti on hitaampaa lukea. Suuret kirjaimet saattavat hankaloittaa lukih\u00e4iri\u00f6isten lukemista entisest\u00e4\u00e4n, ja ne voivat olla hankalia my\u00f6s ruudunlukuohjelmia k\u00e4ytt\u00e4ville.<\/p>\n\n","protected":false},"excerpt":{"rendered":"<p>J\u00e4senn\u00e4 sis\u00e4lt\u00f6 ymm\u00e4rrett\u00e4viksi kokonaisuuksiksi sivulle Kirjoita lyhyit\u00e4 lauseita. Palastele lauseita tarvittaessa. Huomioi, ett\u00e4 kielikuvat, sanonnat tai ammattikielen k\u00e4ytt\u00f6 voivat aiheuttaa vaikeuksia lukijalle. Lis\u00e4\u00e4 kuville tekstivastineet Kaikille kuville on annettava riitt\u00e4v\u00e4n kuvaava tekstivastine (alt-teksti), josta k\u00e4y ilmi [&hellip;]<span class=\"moretag\">Lue lis\u00e4\u00e4&#8230;<\/span><\/p>\n","protected":false},"author":10,"featured_media":0,"parent":135,"menu_order":3,"comment_status":"closed","ping_status":"closed","template":"","meta":{"_acf_changed":false,"footnotes":""},"class_list":["post-139","page","type-page","status-publish","hentry"],"acf":[],"_links":{"self":[{"href":"https:\/\/papunet.net\/saavutettavuus\/wp-json\/wp\/v2\/pages\/139","targetHints":{"allow":["GET"]}}],"collection":[{"href":"https:\/\/papunet.net\/saavutettavuus\/wp-json\/wp\/v2\/pages"}],"about":[{"href":"https:\/\/papunet.net\/saavutettavuus\/wp-json\/wp\/v2\/types\/page"}],"author":[{"embeddable":true,"href":"https:\/\/papunet.net\/saavutettavuus\/wp-json\/wp\/v2\/users\/10"}],"replies":[{"embeddable":true,"href":"https:\/\/papunet.net\/saavutettavuus\/wp-json\/wp\/v2\/comments?post=139"}],"version-history":[{"count":0,"href":"https:\/\/papunet.net\/saavutettavuus\/wp-json\/wp\/v2\/pages\/139\/revisions"}],"up":[{"embeddable":true,"href":"https:\/\/papunet.net\/saavutettavuus\/wp-json\/wp\/v2\/pages\/135"}],"wp:attachment":[{"href":"https:\/\/papunet.net\/saavutettavuus\/wp-json\/wp\/v2\/media?parent=139"}],"curies":[{"name":"wp","href":"https:\/\/api.w.org\/{rel}","templated":true}]}}