{"id":142,"date":"2022-11-01T11:22:36","date_gmt":"2022-11-01T09:22:36","guid":{"rendered":"https:\/\/papunet.net\/saavutettavuus\/?page_id=142"},"modified":"2024-05-22T13:19:36","modified_gmt":"2024-05-22T10:19:36","slug":"selkeasti-meille-hanke","status":"publish","type":"page","link":"https:\/\/papunet.net\/saavutettavuus\/ohjeita-ja-oppaita\/kognitiivinen-saavutettavuus\/selkeasti-meille-hanke\/","title":{"rendered":"Selke\u00e4sti meille -hanke"},"content":{"rendered":"\n<p>Selke\u00e4sti meille (2020\u20132023) oli Kehitysvammatuki 57 ry:n ja Kehitysvammaliiton yhteinen hanke, joka edisti viestinn\u00e4n ja s\u00e4hk\u00f6isten palveluiden kognitiivista saavutettavuutta. Hankkeen tavoitteena oli, ett\u00e4 yh\u00e4 useampi kehitysvammainen tai muuta laaja-alaista tukea tarvitseva ihminen voisi osallistua ja toimia itsen\u00e4isemmin yhteiskunnassamme. Toimintaa rahoitti sosiaali- ja terveysj\u00e4rjest\u00f6jen avustuskeskus STEA.<\/p>\n\n\n\n<h2 class=\"wp-block-heading\">Kognitiivisen saavutettavuuden arviointikriteerist\u00f6<\/h2>\n\n\n\n<p>Selke\u00e4sti meille -hankkeessa kehitetty kognitiivisen saavutettavuuden arviointikriteerist\u00f6 on ty\u00f6v\u00e4line verkkopalveluiden helppok\u00e4ytt\u00f6isyyden ja ymm\u00e4rrett\u00e4vyyden arviointiin. Kriteerist\u00f6 on yhdistelm\u00e4 k\u00e4ytt\u00e4j\u00e4testauksissa tehtyj\u00e4 havaintoja, kokemusasiantuntijoiden huomioita ja olemassa olevaa tietoa. Kriteerist\u00f6 auttaa tunnistamaan, mitk\u00e4 asiat helpottavat tai vaikeuttavat verkkopalveluiden k\u00e4ytt\u00e4mist\u00e4 ja siell\u00e4 olevan tiedon ymm\u00e4rt\u00e4mist\u00e4. <a href=\"https:\/\/www.selkeastimeille.fi\/testaa-ja-arvioi\/arviointikriteeristo\/\">Tutustu arviointikriteerist\u00f6\u00f6n Selke\u00e4sti meille -hankkeen verkkosivustolla<\/a>.<\/p>\n\n\n\n<p>Kriteerist\u00f6n pohjalta on laadittu yleistajuiset ja konkreettiset kognitiivisen saavutettavuuden ohjeet. <a href=\"https:\/\/www.selkeastimeille.fi\/ohjeet-ja-vinkit\/kognitiivisen-saavutettavuuden-ohjeet\/\">L\u00f6yd\u00e4t ohjeet Selke\u00e4sti meille -hankkeen verkkosivustolta<\/a>.<\/p>\n\n\n\n<h3 class=\"wp-block-heading\">Mit\u00e4 arviointikriteerist\u00f6 sis\u00e4lt\u00e4\u00e4?\u00a0<\/h3>\n\n\n\n<p>Kriteerist\u00f6ss\u00e4 on kuusi arvioitavaa osa-aluetta ja l\u00e4hes 100 kriteeri\u00e4. Osa-alueet ovat<\/p>\n\n\n\n<ul class=\"wp-block-list\">\n<li>navigaatio eli verkkopalvelussa liikkuminen\u00a0<\/li>\n\n\n\n<li>tiedon sijoittaminen verkkopalveluun\u00a0<\/li>\n\n\n\n<li>hakutoiminto\u00a0<\/li>\n\n\n\n<li>teksti ja muu sis\u00e4lt\u00f6\u00a0<\/li>\n\n\n\n<li>k\u00e4ytt\u00e4j\u00e4toiminnot\u00a0<\/li>\n\n\n\n<li>tuki k\u00e4ytt\u00e4j\u00e4lle.\u00a0<\/li>\n<\/ul>\n\n\n\n<p>Kriteerist\u00f6 soveltuu niin verkkosivujen kuin mobiilisovellustenkin arviointiin.\u00a0<\/p>\n\n\n\n<h3 class=\"wp-block-heading\">N\u00e4in k\u00e4yt\u00e4t kriteerist\u00f6\u00e4<\/h3>\n\n\n\n<p>Kriteerist\u00f6st\u00e4 voi valita osa-alueita, joita haluaa omassa verkkopalvelussaan kehitt\u00e4\u00e4 ja testata. Osa kriteereist\u00e4 on sellaisia, ett\u00e4 niiden toteutumista voi arvioida itse. Toiset taas ovat sellaisia, ett\u00e4 niiden toteutumista on hyv\u00e4 selvitt\u00e4\u00e4 k\u00e4ytt\u00e4j\u00e4testausten avulla.<\/p>\n\n\n\n<p>Kriteerist\u00f6 toimii parhaiten arvioinnin apuv\u00e4lineen\u00e4 yhdess\u00e4 k\u00e4ytt\u00e4j\u00e4testausten kanssa. K\u00e4ytt\u00e4j\u00e4testauksissa voidaan havainnoida kriteerist\u00f6\u00f6n koottuja asioita. Havainnointi tapahtuu erilaisten teht\u00e4vien avulla, joita k\u00e4ytt\u00e4j\u00e4testaajat tekev\u00e4t.\u00a0\u00a0<\/p>\n\n\n\n<p>K\u00e4ytt\u00e4j\u00e4testausteht\u00e4v\u00e4t ovat esimerkkej\u00e4 tavallisista tiedonetsint\u00e4tilanteista. Hyv\u00e4 testausteht\u00e4v\u00e4 on selke\u00e4 ja rajattu. Teht\u00e4v\u00e4 voi sis\u00e4lt\u00e4\u00e4 lis\u00e4kysymyksi\u00e4 ja vaiheita, kunhan ne ovat selkeit\u00e4.\u00a0\u00a0\u00a0<\/p>\n\n\n\n<h4 class=\"wp-block-heading\">Esimerkki k\u00e4ytt\u00e4j\u00e4testausteht\u00e4v\u00e4st\u00e4<\/h4>\n\n\n\n<p>Olet muuttanut Poriin ja haluat aloittaa uintiharrastuksen.<\/p>\n\n\n\n<ul class=\"wp-block-list\">\n<li>Miss\u00e4 l\u00e4hin uimahalli sijaitsee?\u00a0<\/li>\n\n\n\n<li>Milloin se on auki?<\/li>\n\n\n\n<li>Mit\u00e4 uiminen maksaa?<\/li>\n\n\n\n<li>Oliko tieto helppo l\u00f6yt\u00e4\u00e4? Oliko tietoa helppo ymm\u00e4rt\u00e4\u00e4?<\/li>\n<\/ul>\n\n\n\n<p><a href=\"https:\/\/www.selkeastimeille.fi\/testaa-ja-arvioi\/ohjeita-kayttajatestauksiin\/\">Tutustu tuetun k\u00e4ytt\u00e4j\u00e4testauksen ohjeisiin Selke\u00e4sti meille -hankkeen verkkosivustolla<\/a>.<\/p>\n\n\n\n<h3 class=\"wp-block-heading\">Havainnoimalla esiin my\u00f6s verkkopalvelun vahvuudet\u00a0<\/h3>\n\n\n\n<p>Teht\u00e4v\u00e4n tekemist\u00e4 havainnoimalla voi selvitt\u00e4\u00e4 esimerkiksi<\/p>\n\n\n\n<ul class=\"wp-block-list\">\n<li>onko t\u00e4rke\u00e4 tieto helppo l\u00f6yt\u00e4\u00e4 ja ymm\u00e4rt\u00e4\u00e4<\/li>\n\n\n\n<li>onko navigaatiota ja hakua helppo k\u00e4ytt\u00e4\u00e4<\/li>\n\n\n\n<li>mitk\u00e4 ovat verkkopalvelun vahvuudet.<\/li>\n<\/ul>\n\n\n\n<p>Kriteerit auttavat sinua huomaamaan, miss\u00e4 mahdolliset haasteet ovat ja kuinka niit\u00e4 voisi korjata.<\/p>\n\n","protected":false},"excerpt":{"rendered":"<p>Selke\u00e4sti meille (2020\u20132023) oli Kehitysvammatuki 57 ry:n ja Kehitysvammaliiton yhteinen hanke, joka edisti viestinn\u00e4n ja s\u00e4hk\u00f6isten palveluiden kognitiivista saavutettavuutta. Hankkeen tavoitteena oli, ett\u00e4 yh\u00e4 useampi kehitysvammainen tai muuta laaja-alaista tukea tarvitseva ihminen voisi osallistua ja toimia [&hellip;]<span class=\"moretag\">Lue lis\u00e4\u00e4&#8230;<\/span><\/p>\n","protected":false},"author":10,"featured_media":143,"parent":140,"menu_order":1,"comment_status":"closed","ping_status":"closed","template":"","meta":{"_acf_changed":false,"footnotes":""},"class_list":["post-142","page","type-page","status-publish","has-post-thumbnail","hentry"],"acf":[],"_links":{"self":[{"href":"https:\/\/papunet.net\/saavutettavuus\/wp-json\/wp\/v2\/pages\/142","targetHints":{"allow":["GET"]}}],"collection":[{"href":"https:\/\/papunet.net\/saavutettavuus\/wp-json\/wp\/v2\/pages"}],"about":[{"href":"https:\/\/papunet.net\/saavutettavuus\/wp-json\/wp\/v2\/types\/page"}],"author":[{"embeddable":true,"href":"https:\/\/papunet.net\/saavutettavuus\/wp-json\/wp\/v2\/users\/10"}],"replies":[{"embeddable":true,"href":"https:\/\/papunet.net\/saavutettavuus\/wp-json\/wp\/v2\/comments?post=142"}],"version-history":[{"count":0,"href":"https:\/\/papunet.net\/saavutettavuus\/wp-json\/wp\/v2\/pages\/142\/revisions"}],"up":[{"embeddable":true,"href":"https:\/\/papunet.net\/saavutettavuus\/wp-json\/wp\/v2\/pages\/140"}],"wp:featuredmedia":[{"embeddable":true,"href":"https:\/\/papunet.net\/saavutettavuus\/wp-json\/wp\/v2\/media\/143"}],"wp:attachment":[{"href":"https:\/\/papunet.net\/saavutettavuus\/wp-json\/wp\/v2\/media?parent=142"}],"curies":[{"name":"wp","href":"https:\/\/api.w.org\/{rel}","templated":true}]}}