{"id":149,"date":"2022-11-01T13:42:01","date_gmt":"2022-11-01T11:42:01","guid":{"rendered":"https:\/\/papunet.net\/saavutettavuus\/?page_id=149"},"modified":"2024-05-22T12:26:48","modified_gmt":"2024-05-22T09:26:48","slug":"selkokieli-verkkosivuilla","status":"publish","type":"page","link":"https:\/\/papunet.net\/saavutettavuus\/ohjeita-ja-oppaita\/selkokieli-verkkosivuilla\/","title":{"rendered":"Selkokieli verkkosivuilla"},"content":{"rendered":"\n<p>Selkokielen tekstisis\u00e4lt\u00f6jen yleiset periaatteet toimivat verkossa hyvin. Itse asiassa monet yleiset verkkokirjoittamisen periaatteet ovat samansuuntaisia selkokielen periaatteiden kanssa.<\/p>\n<p>Ulkoasun ja graafisten periaatteiden suhteen tilanne on toinen. Painetussa mediassa selkokielisten julkaisujen ulkoasu on m\u00e4\u00e4ritetty melko tarkkaan, mutta verkossa t\u00e4m\u00e4 ei ole mahdollista.<\/p>\n<p>Esimerkiksi painetulle selkotekstille tyypillinen pakotettujen rivinvaihtojen tekeminen ei ole suositeltavaa, koska lopputulos saattaa erilaisten p\u00e4\u00e4telaitteiden ruudun koosta riippuen olla jotain aivan muuta kuin mik\u00e4 oli alkuper\u00e4inen ajatus.<\/p>\n<h2>Keskity olennaiseen, rajoita tiedon m\u00e4\u00e4r\u00e4\u00e4<\/h2>\n<p>Selkokielen k\u00e4ytt\u00e4j\u00e4lle yksi olennaisimmista asioista on tiedon m\u00e4\u00e4r\u00e4.<\/p>\n<p>Informaation m\u00e4\u00e4r\u00e4 kasvaa usein melko isoksi, koska varsinaisen sis\u00e4ll\u00f6n lis\u00e4ksi sivulla on usein erilaisia navigaatiorakenteita, sis\u00e4lt\u00f6\u00f6n liittyv\u00e4\u00e4 oheistietoa sek\u00e4 muita elementtej\u00e4 ja linkkej\u00e4. Monia selkokielen k\u00e4ytt\u00e4j\u00e4ryhmi\u00e4 ylim\u00e4\u00e4r\u00e4inen tieto sekoittaa, ja runsas tiedon m\u00e4\u00e4r\u00e4 h\u00e4iritsee sivuston k\u00e4ytt\u00f6\u00e4.<\/p>\n<p>Selkokielisess\u00e4 verkkotekstiss\u00e4 selke\u00e4 ja k\u00e4ytett\u00e4v\u00e4 navigaatiorakenne, otsikointi sek\u00e4 hakutoiminto ovat samankaltaisia perusedellytyksi\u00e4 kuin painetussa tekstiss\u00e4 selkojulkaisuille annetut taitto-ohjeet.<\/p>\n<p>Selkokielisille verkkosivuille voi hakea selkotunnuksen. Tunnuksen my\u00f6nt\u00e4v\u00e4t yhdess\u00e4 <a href=\"https:\/\/selkokeskus.fi\/\">Selkokeskus<\/a> (selkokieli) ja <a href=\"https:\/\/papunet.net\/\">Papunet-verkkopalvelu<\/a> (helppok\u00e4ytt\u00f6isyys).<\/p>\n<h3>L\u00e4hteet<\/h3>\n<p><a href=\"https:\/\/selkokeskus.fi\/selkokieli\/selkokieli-verkossa\/\">Selkokeskus: Selkokieli verkossa<\/a><\/p>\n\n","protected":false},"excerpt":{"rendered":"<p>Selkokielen tekstisis\u00e4lt\u00f6jen yleiset periaatteet toimivat verkossa hyvin. Itse asiassa monet yleiset verkkokirjoittamisen periaatteet ovat samansuuntaisia selkokielen periaatteiden kanssa. Ulkoasun ja graafisten periaatteiden suhteen tilanne on toinen. Painetussa mediassa selkokielisten julkaisujen ulkoasu on m\u00e4\u00e4ritetty melko tarkkaan, mutta [&hellip;]<span class=\"moretag\">Lue lis\u00e4\u00e4&#8230;<\/span><\/p>\n","protected":false},"author":10,"featured_media":154,"parent":11,"menu_order":5,"comment_status":"closed","ping_status":"closed","template":"","meta":{"_acf_changed":false,"footnotes":""},"class_list":["post-149","page","type-page","status-publish","has-post-thumbnail","hentry"],"acf":[],"_links":{"self":[{"href":"https:\/\/papunet.net\/saavutettavuus\/wp-json\/wp\/v2\/pages\/149","targetHints":{"allow":["GET"]}}],"collection":[{"href":"https:\/\/papunet.net\/saavutettavuus\/wp-json\/wp\/v2\/pages"}],"about":[{"href":"https:\/\/papunet.net\/saavutettavuus\/wp-json\/wp\/v2\/types\/page"}],"author":[{"embeddable":true,"href":"https:\/\/papunet.net\/saavutettavuus\/wp-json\/wp\/v2\/users\/10"}],"replies":[{"embeddable":true,"href":"https:\/\/papunet.net\/saavutettavuus\/wp-json\/wp\/v2\/comments?post=149"}],"version-history":[{"count":0,"href":"https:\/\/papunet.net\/saavutettavuus\/wp-json\/wp\/v2\/pages\/149\/revisions"}],"up":[{"embeddable":true,"href":"https:\/\/papunet.net\/saavutettavuus\/wp-json\/wp\/v2\/pages\/11"}],"wp:featuredmedia":[{"embeddable":true,"href":"https:\/\/papunet.net\/saavutettavuus\/wp-json\/wp\/v2\/media\/154"}],"wp:attachment":[{"href":"https:\/\/papunet.net\/saavutettavuus\/wp-json\/wp\/v2\/media?parent=149"}],"curies":[{"name":"wp","href":"https:\/\/api.w.org\/{rel}","templated":true}]}}