{"id":157,"date":"2022-11-01T13:53:22","date_gmt":"2022-11-01T11:53:22","guid":{"rendered":"https:\/\/papunet.net\/saavutettavuus\/?page_id=157"},"modified":"2023-01-26T14:02:19","modified_gmt":"2023-01-26T12:02:19","slug":"saavutettavuuden-arvioinnin-suunnitelma","status":"publish","type":"page","link":"https:\/\/papunet.net\/saavutettavuus\/ohjeita-ja-oppaita\/saavutettavuuden-arviointi\/saavutettavuuden-arvioinnin-suunnitelma\/","title":{"rendered":"Saavutettavuuden arvioinnin suunnitelma"},"content":{"rendered":"\n<p>En\u00adnen kuin verk\u00adko\u00adsi\u00advus\u00adton saa\u00advu\u00adtet\u00adta\u00advuut\u00adta ale\u00adtaan ar\u00advioi\u00adda, on hyv\u00e4 laa\u00adtia suun\u00adni\u00adtel\u00adma, jos\u00adta il\u00adme\u00adne\u00adv\u00e4t saa\u00advu\u00adtet\u00adta\u00advuu\u00adden ar\u00advioin\u00adnin vai\u00adheet ja asiat, jot\u00adka ar\u00advioin\u00adnis\u00adsa huo\u00admioi\u00addaan.<\/p>\n<p>T\u00e4t\u00e4 saa\u00advu\u00adtet\u00adta\u00advuu\u00adden ar\u00advioin\u00adnin suun\u00adni\u00adtel\u00admaa voi hy\u00f6\u00addyn\u00adt\u00e4\u00e4 my\u00f6s si\u00advus\u00adton ke\u00adhi\u00adtys\u00advai\u00adhees\u00adsa.<\/p>\n<h2>Ta\u00advoi\u00adte ja tar\u00adkoi\u00adtus<\/h2>\n<ul>\n<li>Mit\u00e4 ar\u00advioin\u00adnil\u00adla ha\u00adlu\u00adtaan sel\u00advit\u00adt\u00e4\u00e4 ja saa\u00advut\u00adtaa?<\/li>\n<li>Mik\u00e4 on verk\u00adko\u00adsi\u00advus\u00adton ta\u00advoit\u00adetaso saa\u00advu\u00adtet\u00adta\u00advuu\u00addel\u00adle ja k\u00e4y\u00adtet\u00adt\u00e4\u00advyy\u00addel\u00adle?<\/li>\n<li>Esi\u00adte\u00adt\u00e4\u00e4n\u00adk\u00f6 ar\u00advioin\u00adnin j\u00e4l\u00adkeen my\u00f6s kor\u00adjauseh\u00addo\u00adtuk\u00adset? Kuin\u00adka tar\u00adkal\u00adla ta\u00adsol\u00adla kor\u00adjauseh\u00addo\u00adtuk\u00adset esi\u00adte\u00adt\u00e4\u00e4n?<\/li>\n<li>Saa\u00advu\u00adtet\u00adta\u00advuu\u00adden ar\u00advioin\u00adnin ta\u00advoi\u00adte kan\u00adnat\u00adtaa m\u00e4\u00e4\u00adri\u00adtel\u00adl\u00e4 erit\u00adt\u00e4in tar\u00adkas\u00adti ja huo\u00adlel\u00adli\u00adses\u00adti. Sii\u00adn\u00e4 ole\u00advat asiat vai\u00adkut\u00adta\u00advat va\u00adlit\u00adtui\u00adhin saa\u00advu\u00adtet\u00adta\u00advuu\u00adden ar\u00advioin\u00adnin me\u00adne\u00adtel\u00admiin, itse ar\u00advioin\u00adtiin ja ra\u00adpor\u00adtoin\u00adtiin.<\/li>\n<\/ul>\n<h2>Me\u00adne\u00adtel\u00adm\u00e4t<\/h2>\n<ul>\n<li>Kuka tai ket\u00adk\u00e4 ar\u00advioi\u00advat si\u00advus\u00adton?<\/li>\n<li>Onko si\u00advus\u00adton ar\u00advioin\u00adnis\u00adsa mu\u00adka\u00adna my\u00f6s si\u00advus\u00adton to\u00addel\u00adli\u00adsia k\u00e4yt\u00adt\u00e4\u00adji\u00e4 vai onko se asian\u00adtun\u00adti\u00adja-ar\u00advio?<\/li>\n<li>K\u00e4y\u00adte\u00adt\u00e4\u00e4n\u00adk\u00f6 ar\u00advioin\u00adnis\u00adsa en\u00adnal\u00adta m\u00e4\u00e4\u00adri\u00adtel\u00adty\u00adj\u00e4 saa\u00advu\u00adtet\u00adta\u00advuu\u00adden on\u00adnis\u00adtu\u00admis\u00adkri\u00adtee\u00adre\u00adj\u00e4 (esi\u00admer\u00adkik\u00adsi WCAG 2.1 \u2013 taso A, AA vai AAA)?<\/li>\n<li>Mil\u00adl\u00e4 p\u00e4\u00e4\u00adte\u00adlait\u00adteil\u00adla, verk\u00adko\u00adse\u00adlai\u00admil\u00adla ja avus\u00adta\u00advil\u00adla tek\u00adno\u00adlo\u00adgioil\u00adla ar\u00advioin\u00adti to\u00adteu\u00adte\u00adtaan? K\u00e4y\u00adte\u00adt\u00e4\u00e4n\u00adk\u00f6 ar\u00advioin\u00adnis\u00adsa mui\u00adta kei\u00adno\u00adja, mit\u00e4?<\/li>\n<li>Ar\u00advioi\u00addaan\u00adko si\u00advus\u00adton tek\u00adni\u00adsen saa\u00advu\u00adtet\u00adta\u00advuu\u00adden li\u00ads\u00e4k\u00adsi my\u00f6s sen k\u00e4y\u00adtet\u00adt\u00e4\u00advyyt\u00adt\u00e4 vam\u00admai\u00adsil\u00adle ja toi\u00admin\u00adta\u00adra\u00adjoit\u00adtei\u00adsil\u00adle? Mi\u00adten k\u00e4y\u00adtet\u00adt\u00e4\u00advyy\u00adden ar\u00advioin\u00adti to\u00adteu\u00adte\u00adtaan?<\/li>\n<li>Mi\u00adten ar\u00advioin\u00adnin tu\u00adlok\u00adset ra\u00adpor\u00adtoi\u00addaan?<\/li>\n<li>Ker\u00adro\u00adtaan\u00adko erilaisten saa\u00advu\u00adtet\u00adta\u00advuu\u00adteen liit\u00adty\u00advien on\u00adgel\u00admien koh\u00addal\u00adla my\u00f6s nii\u00adden \u201cva\u00adka\u00advuusas\u00adte\u201d eli se, mi\u00adten pal\u00adjon yk\u00adsit\u00adt\u00e4i\u00adnen on\u00adgel\u00adma vai\u00adkut\u00adtaa si\u00advus\u00adton k\u00e4yt\u00adt\u00e4\u00adjien mah\u00addol\u00adli\u00adsuuk\u00adsiin k\u00e4yt\u00adt\u00e4\u00e4 si\u00advus\u00adtoa?<\/li>\n<li>Ar\u00advioin\u00adnis\u00adta saa\u00addaan eni\u00adten irti, kun k\u00e4y\u00adte\u00adt\u00e4\u00e4n usei\u00adta eri asian\u00adtun\u00adti\u00adjoi\u00adta ja lop\u00adpu\u00adk\u00e4yt\u00adt\u00e4\u00adji\u00e4, tar\u00adkas\u00adtel\u00adlaan si\u00advus\u00adtoa mah\u00addol\u00adli\u00adsim\u00admaan laa\u00adjas\u00adti useil\u00adla eri p\u00e4\u00e4\u00adte\u00adlait\u00adteil\u00adla, se\u00adlai\u00admil\u00adla ja avus\u00adta\u00advil\u00adla tek\u00adno\u00adlo\u00adgioil\u00adla sek\u00e4 ote\u00adtaan tek\u00adni\u00adsen saa\u00advu\u00adtet\u00adta\u00advuu\u00adden li\u00ads\u00e4k\u00adsi huo\u00admioon my\u00f6s kog\u00adni\u00adtii\u00advi\u00adnen saa\u00advu\u00adtet\u00adta\u00advuus ja k\u00e4y\u00adtet\u00adt\u00e4\u00advyys.<\/li>\n<\/ul>\n<h2>Ar\u00advioi\u00adta\u00adva koh\u00adde<\/h2>\n<ul>\n<li>Mik\u00e4 verk\u00adko\u00adsi\u00advus\u00adto ar\u00advioi\u00addaan?<\/li>\n<li>Mit\u00adk\u00e4 verk\u00adko\u00adsi\u00advus\u00adton ala\u00adsi\u00advut ja\/\u200btai k\u00e4yt\u00adt\u00f6\u00adta\u00adpauk\u00adset ar\u00advioi\u00addaan? Kuin\u00adka mon\u00adta n\u00e4i\u00adt\u00e4 on?<\/li>\n<li>On hyv\u00e4 ar\u00advioi\u00adda use\u00adaa eri\u00adlais\u00adta si\u00advu\u00adpoh\u00adjaa ja lo\u00adma\u00adket\u00adta, eri\u00adlai\u00adsia si\u00ads\u00e4l\u00adt\u00f6\u00adj\u00e4 (ku\u00advat, vi\u00addeot, la\u00addat\u00adta\u00advat tie\u00addos\u00adtot, yms.) ja eri\u00adlai\u00adsia k\u00e4y\u00adtet\u00adty\u00adj\u00e4 web-tek\u00adnii\u00adkoi\u00adta.<\/li>\n<\/ul>\n<h2>Ai\u00adka\u00adtau\u00adlu<\/h2>\n<ul>\n<li>Mil\u00adloin ar\u00advioin\u00adti to\u00adteu\u00adte\u00adtaan?<\/li>\n<li>Mil\u00adloin ar\u00advioin\u00adti\u00adra\u00adport\u00adti pa\u00adlau\u00adte\u00adtaan?<\/li>\n<li>Mil\u00adloin saa\u00advu\u00adtet\u00adta\u00advuuson\u00adgel\u00admiin liit\u00adty\u00adv\u00e4t kor\u00adjaus\u00adtoi\u00admen\u00adpi\u00adteet ovat val\u00admiit?<\/li>\n<li>Kuin\u00adka mon\u00adta hen\u00adki\u00adl\u00f6\u00adty\u00f6\u00adp\u00e4i\u00adv\u00e4\u00e4 eri vai\u00adhei\u00adsiin on hyv\u00e4 va\u00adra\u00adta?<\/li>\n<li>Ajan\u00adk\u00e4yt\u00adt\u00f6 kan\u00adnat\u00adtaa miet\u00adti\u00e4 tar\u00adkas\u00adti. Ai\u00adka\u00adtau\u00adluun on syy\u00adt\u00e4 j\u00e4t\u00adt\u00e4\u00e4 hie\u00adman jous\u00adto\u00adva\u00adraa. Jos saa\u00advu\u00adtet\u00adta\u00advuu\u00adteen liit\u00adty\u00advi\u00e4 on\u00adgel\u00admia on pal\u00adjon, verk\u00adko\u00adsi\u00advus\u00adton saa\u00advu\u00adtet\u00adta\u00advuu\u00adden ar\u00advioin\u00adti ja on\u00adgel\u00admien rat\u00adkai\u00adsu vie yleen\u00ads\u00e4 enem\u00adm\u00e4n ai\u00adkaa.<\/li>\n<\/ul>\n<h2>Ar\u00advioin\u00adti ja ra\u00adpor\u00adtoin\u00adti<\/h2>\n<ul>\n<li>T\u00e4yt\u00adt\u00e4\u00e4\u00adk\u00f6 ar\u00advioi\u00adtu verk\u00adko\u00adsi\u00advus\u00adto en\u00adnal\u00adta m\u00e4\u00e4\u00adr\u00e4\u00adtyt ta\u00advoit\u00adteet?<\/li>\n<li>Mis\u00ads\u00e4 tar\u00adkal\u00adleen ot\u00adtaen il\u00adme\u00adnee saa\u00advu\u00adtet\u00adta\u00advuuson\u00adgel\u00admia?<\/li>\n<li>Mi\u00adten on\u00adgel\u00admat on mah\u00addol\u00adlis\u00adta kor\u00adja\u00adta?<\/li>\n<li>Ar\u00advioin\u00adnis\u00adta teh\u00adty ra\u00adport\u00adti tu\u00adlee kir\u00adjoit\u00adtaa sel\u00adke\u00e4s\u00adti ja ym\u00adm\u00e4r\u00adret\u00adt\u00e4\u00adv\u00e4s\u00adti, jot\u00adta lu\u00adki\u00adja var\u00admas\u00adti ym\u00adm\u00e4r\u00adt\u00e4\u00e4, mit\u00e4 on\u00adgel\u00admia si\u00advus\u00adtol\u00adla on ja mi\u00adten ne voi\u00addaan mah\u00addol\u00adli\u00adses\u00adti kor\u00adja\u00adta.<\/li>\n<\/ul>\n\n","protected":false},"excerpt":{"rendered":"<p>En\u00adnen kuin verk\u00adko\u00adsi\u00advus\u00adton saa\u00advu\u00adtet\u00adta\u00advuut\u00adta ale\u00adtaan ar\u00advioi\u00adda, on hyv\u00e4 laa\u00adtia suun\u00adni\u00adtel\u00adma, jos\u00adta il\u00adme\u00adne\u00adv\u00e4t saa\u00advu\u00adtet\u00adta\u00advuu\u00adden ar\u00advioin\u00adnin vai\u00adheet ja asiat, jot\u00adka ar\u00advioin\u00adnis\u00adsa huo\u00admioi\u00addaan. T\u00e4t\u00e4 saa\u00advu\u00adtet\u00adta\u00advuu\u00adden ar\u00advioin\u00adnin suun\u00adni\u00adtel\u00admaa voi hy\u00f6\u00addyn\u00adt\u00e4\u00e4 my\u00f6s si\u00advus\u00adton ke\u00adhi\u00adtys\u00advai\u00adhees\u00adsa. Ta\u00advoi\u00adte ja tar\u00adkoi\u00adtus Mit\u00e4 ar\u00advioin\u00adnil\u00adla ha\u00adlu\u00adtaan sel\u00advit\u00adt\u00e4\u00e4 [&hellip;]<span class=\"moretag\">Lue lis\u00e4\u00e4&#8230;<\/span><\/p>\n","protected":false},"author":10,"featured_media":0,"parent":155,"menu_order":1,"comment_status":"closed","ping_status":"closed","template":"","meta":{"_acf_changed":false,"footnotes":""},"class_list":["post-157","page","type-page","status-publish","hentry"],"acf":[],"_links":{"self":[{"href":"https:\/\/papunet.net\/saavutettavuus\/wp-json\/wp\/v2\/pages\/157","targetHints":{"allow":["GET"]}}],"collection":[{"href":"https:\/\/papunet.net\/saavutettavuus\/wp-json\/wp\/v2\/pages"}],"about":[{"href":"https:\/\/papunet.net\/saavutettavuus\/wp-json\/wp\/v2\/types\/page"}],"author":[{"embeddable":true,"href":"https:\/\/papunet.net\/saavutettavuus\/wp-json\/wp\/v2\/users\/10"}],"replies":[{"embeddable":true,"href":"https:\/\/papunet.net\/saavutettavuus\/wp-json\/wp\/v2\/comments?post=157"}],"version-history":[{"count":0,"href":"https:\/\/papunet.net\/saavutettavuus\/wp-json\/wp\/v2\/pages\/157\/revisions"}],"up":[{"embeddable":true,"href":"https:\/\/papunet.net\/saavutettavuus\/wp-json\/wp\/v2\/pages\/155"}],"wp:attachment":[{"href":"https:\/\/papunet.net\/saavutettavuus\/wp-json\/wp\/v2\/media?parent=157"}],"curies":[{"name":"wp","href":"https:\/\/api.w.org\/{rel}","templated":true}]}}