{"id":160,"date":"2022-11-01T14:43:02","date_gmt":"2022-11-01T12:43:02","guid":{"rendered":"https:\/\/papunet.net\/saavutettavuus\/?page_id=160"},"modified":"2023-02-07T10:47:07","modified_gmt":"2023-02-07T08:47:07","slug":"tyokaluja-saavutettavuusarvioinnin-tukena","status":"publish","type":"page","link":"https:\/\/papunet.net\/saavutettavuus\/ohjeita-ja-oppaita\/saavutettavuuden-arviointi\/tyokaluja-saavutettavuusarvioinnin-tukena\/","title":{"rendered":"Ty\u00f6kaluja saavutettavuusarvioinnin tueksi"},"content":{"rendered":"\n<h2 class=\"wp-block-heading\">Ty\u00f6kaluja l\u00e4hdekoodin tarkistamiseen<\/h2>\n\n\n\n<p>WebAIM WAVE<\/p>\n\n\n\n<ul class=\"wp-block-list\">\n<li>\n<a href=\"https:\/\/wave.webaim.org\/\">WAVE<\/a> on WebAIMin kehitt\u00e4m\u00e4 ty\u00f6kalu, joka raportoi sivulta l\u00f6yt\u00e4mi\u00e4\u00e4n saavutettavuuden ongelmia. WAVE n\u00e4ytt\u00e4\u00e4 sivun vasemmassa laidassa palkin, jossa on raportin yhteenveto ja tarkemmat tiedot. WAVE merkitsee huomioita my\u00f6s sivustolle sen eri elementtien viereen.<\/li>\n\n\n\n<li>WAVEsta on olemassa my\u00f6s selainliit\u00e4nn\u00e4iset Firefoxille sek\u00e4 Chromelle.<\/li>\n<\/ul>\n\n\n\n<p>W3C Markup Validation Service<\/p>\n\n\n\n<ul class=\"wp-block-list\">\n<li>W3C:n kehitt\u00e4m\u00e4\u00e4 validaattoria <a href=\"https:\/\/validator.w3.org\/\">Markup Validation Service<\/a>\u00e4 ei ole tarkoitettu saavutettavuuden testaamiseen, mutta monia saavutettavuuteen liittyvi\u00e4 ongelmia pystyt\u00e4\u00e4n ratkaisemaan tekem\u00e4ll\u00e4 sen standardien mukaista validia HTML-koodia. Palvelu esitt\u00e4\u00e4 kattavasti l\u00f6yt\u00e4m\u00e4ns\u00e4 virheet ja niiden kuvaukset.<\/li>\n<\/ul>\n\n\n\n<h2 class=\"wp-block-heading\">Ty\u00f6kaluja verkkosivuja tummuuskontrastin tarkistamiseen<\/h2>\n\n\n\n<ul class=\"wp-block-list\">\n<li><a href=\"https:\/\/webaim.org\/resources\/contrastchecker\/\">WebAIM: Color Contrast Checker<\/a><\/li>\n\n\n\n<li><a href=\"https:\/\/contrast-ratio.com\/\">Contrast Ratio: Easily calculate color contrast ratios<\/a><\/li>\n\n\n\n<li><a href=\"https:\/\/snook.ca\/technical\/colour_contrast\/colour.html#fg=33FF33,bg=333333\">Colour Contrast Check (snook.ca)<\/a><\/li>\n<\/ul>\n\n\n\n<h2 class=\"wp-block-heading\">Tietokoneelle asennettavia ty\u00f6kaluja v\u00e4rin m\u00e4\u00e4rittelemiseksi<\/h2>\n\n\n\n<p>N\u00e4ill\u00e4 ty\u00f6kaluilla voidaan osoittaa mit\u00e4 tahansa kohtaa tietokoneen ruudulla, jolloin ohjelma antaa kyseisen kohdan v\u00e4rikoodin. V\u00e4rikoodit voidaan sijoittaa esimerkiksi verkossa toimivaan tummuuskontrastin tarkistamiseen tarkoitettuun ty\u00f6kaluun.<\/p>\n\n\n\n<ul class=\"wp-block-list\">\n<li>Drop (macOS)<\/li>\n<\/ul>\n\n","protected":false},"excerpt":{"rendered":"<p>Ty\u00f6kaluja l\u00e4hdekoodin tarkistamiseen WebAIM WAVE W3C Markup Validation Service Ty\u00f6kaluja verkkosivuja tummuuskontrastin tarkistamiseen Tietokoneelle asennettavia ty\u00f6kaluja v\u00e4rin m\u00e4\u00e4rittelemiseksi N\u00e4ill\u00e4 ty\u00f6kaluilla voidaan osoittaa mit\u00e4 tahansa kohtaa tietokoneen ruudulla, jolloin ohjelma antaa kyseisen kohdan v\u00e4rikoodin. V\u00e4rikoodit voidaan sijoittaa [&hellip;]<span class=\"moretag\">Lue lis\u00e4\u00e4&#8230;<\/span><\/p>\n","protected":false},"author":10,"featured_media":0,"parent":155,"menu_order":3,"comment_status":"closed","ping_status":"closed","template":"","meta":{"_acf_changed":false,"footnotes":""},"class_list":["post-160","page","type-page","status-publish","hentry"],"acf":[],"_links":{"self":[{"href":"https:\/\/papunet.net\/saavutettavuus\/wp-json\/wp\/v2\/pages\/160","targetHints":{"allow":["GET"]}}],"collection":[{"href":"https:\/\/papunet.net\/saavutettavuus\/wp-json\/wp\/v2\/pages"}],"about":[{"href":"https:\/\/papunet.net\/saavutettavuus\/wp-json\/wp\/v2\/types\/page"}],"author":[{"embeddable":true,"href":"https:\/\/papunet.net\/saavutettavuus\/wp-json\/wp\/v2\/users\/10"}],"replies":[{"embeddable":true,"href":"https:\/\/papunet.net\/saavutettavuus\/wp-json\/wp\/v2\/comments?post=160"}],"version-history":[{"count":0,"href":"https:\/\/papunet.net\/saavutettavuus\/wp-json\/wp\/v2\/pages\/160\/revisions"}],"up":[{"embeddable":true,"href":"https:\/\/papunet.net\/saavutettavuus\/wp-json\/wp\/v2\/pages\/155"}],"wp:attachment":[{"href":"https:\/\/papunet.net\/saavutettavuus\/wp-json\/wp\/v2\/media?parent=160"}],"curies":[{"name":"wp","href":"https:\/\/api.w.org\/{rel}","templated":true}]}}