{"id":161,"date":"2022-11-01T14:47:36","date_gmt":"2022-11-01T12:47:36","guid":{"rendered":"https:\/\/papunet.net\/saavutettavuus\/?page_id=161"},"modified":"2023-01-31T09:58:01","modified_gmt":"2023-01-31T07:58:01","slug":"kayttajatestaaminen","status":"publish","type":"page","link":"https:\/\/papunet.net\/saavutettavuus\/ohjeita-ja-oppaita\/saavutettavuuden-arviointi\/kayttajatestaaminen\/","title":{"rendered":"K\u00e4ytt\u00e4j\u00e4testaaminen"},"content":{"rendered":"\n<p>On suositeltavaa, ett\u00e4 verkkosivuston k\u00e4ytett\u00e4vyytt\u00e4 ja saavutettavuutta testataan sivuston k\u00e4ytt\u00e4jien kanssa. Monet saavutettavuuden ja k\u00e4ytett\u00e4vyyden ongelmat havaitaan usein vasta k\u00e4ytt\u00e4j\u00e4testauksien yhteydess\u00e4.<\/p>\n<p>Testik\u00e4ytt\u00e4jien tulisi edustaa mahdollisimman tarkasti niit\u00e4 k\u00e4ytt\u00e4ji\u00e4, jotka vierailevat valmiissa verkkopalvelussa.<\/p>\n<p>K\u00e4ytt\u00e4j\u00e4testauksessa tulisi olla mukana mahdollisimman monta ja mahdollisimman paljon erilaisia k\u00e4ytt\u00e4ji\u00e4: esimerkiksi toimintarajoitteisia, ik\u00e4\u00e4ntyneit\u00e4 ja vieraskielisi\u00e4 k\u00e4ytt\u00e4ji\u00e4. On hy\u00f6dyllist\u00e4, jos testiryhm\u00e4ss\u00e4 on sek\u00e4 harjaantuneita ett\u00e4 kokemattomia tietokoneen k\u00e4ytt\u00e4ji\u00e4.<\/p>\n<p>K\u00e4ytt\u00e4j\u00e4testaus toteutetaan tavallisesti niin, ett\u00e4 erilaiset k\u00e4ytt\u00e4j\u00e4t suorittavat sivustolla teht\u00e4vi\u00e4, joita valmiin verkkosivuston k\u00e4ytt\u00e4j\u00e4t tulevat sivustolla tekem\u00e4\u00e4n. Esimerkiksi verkkokauppasivustolla teht\u00e4v\u00e4 voisi olla jonkin tuotteen tilaaminen ja maksaminen.<\/p>\n<p>T\u00e4m\u00e4nkaltaisen teht\u00e4v\u00e4n suorittamiseen sis\u00e4ltyy useita eri vaiheita. Kaikkien eri vaiheiden ja koko prosessin on oltava saavutettavia, jotta teht\u00e4v\u00e4n suorittaminen on mahdollista.<\/p>\n<p>On syyt\u00e4 pit\u00e4\u00e4 mieless\u00e4, ett\u00e4 k\u00e4ytt\u00e4j\u00e4testauksen tarkoitus on testata ja arvioida palvelua, ei k\u00e4ytt\u00e4j\u00e4\u00e4. Jos k\u00e4ytt\u00e4j\u00e4 ei saa suoritettua jotain teht\u00e4v\u00e4\u00e4, palvelun saavutettavuudessa ja k\u00e4ytett\u00e4vyydess\u00e4 on todenn\u00e4k\u00f6isesti viel\u00e4 parantamisen varaa.<\/p>\n<p>Kun sivustoa testataan k\u00e4ytt\u00e4jien kanssa, kannattaa kiinnitt\u00e4\u00e4 huomiota teknisen saavutettavuusarvioinnin lis\u00e4ksi my\u00f6s palvelun k\u00e4ytett\u00e4vyyteen: onko palvelun k\u00e4ytt\u00f6 tuloksellista, tehokasta ja miellytt\u00e4v\u00e4\u00e4?<\/p>\n<h2>K\u00e4ytt\u00e4j\u00e4testaamisen vinkkilista<\/h2>\n<ul>\n<li>Valitse testiryhm\u00e4\u00e4n mahdollisimman erilaisia k\u00e4ytt\u00e4ji\u00e4<\/li>\n<li>Valitse testiryhm\u00e4\u00e4n my\u00f6s apuv\u00e4lineiden k\u00e4ytt\u00e4ji\u00e4<\/li>\n<li>Valitse testiteht\u00e4viksi sellaisia, joita uskot loppuk\u00e4ytt\u00e4jien usein palvelussa tekev\u00e4n<\/li>\n<li>Muista, ett\u00e4 tarkoitus on testata palvelua, ei k\u00e4ytt\u00e4j\u00e4\u00e4<\/li>\n<\/ul>\n<h2>Testik\u00e4ytt\u00e4jiksi kannattaa harkita ihmisi\u00e4 seuraavista k\u00e4ytt\u00e4j\u00e4ryhmist\u00e4:<\/h2>\n<ul>\n<li>N\u00e4k\u00f6vammaiset ruudunlukuohjelman k\u00e4ytt\u00e4j\u00e4t<\/li>\n<li>N\u00e4k\u00f6vammaiset ruudunsuurennusohjelman k\u00e4ytt\u00e4j\u00e4t<\/li>\n<li>Normaalisti n\u00e4kev\u00e4t pelk\u00e4n n\u00e4pp\u00e4imist\u00f6n k\u00e4ytt\u00e4j\u00e4t<\/li>\n<li>K\u00e4ytt\u00e4j\u00e4t, joilla on lukivaikeus<\/li>\n<li>Viittomakieliset k\u00e4ytt\u00e4j\u00e4t<\/li>\n<li>Autismin kirjolla olevat k\u00e4ytt\u00e4j\u00e4t<\/li>\n<li>K\u00e4ytt\u00e4j\u00e4t, joilla on laaja-alaisia oppimisvaikeuksia<\/li>\n<li>Kehitysvammaiset k\u00e4ytt\u00e4j\u00e4t<\/li>\n<li>CP-vammaiset k\u00e4ytt\u00e4j\u00e4t<\/li>\n<\/ul>\n\n","protected":false},"excerpt":{"rendered":"<p>On suositeltavaa, ett\u00e4 verkkosivuston k\u00e4ytett\u00e4vyytt\u00e4 ja saavutettavuutta testataan sivuston k\u00e4ytt\u00e4jien kanssa. Monet saavutettavuuden ja k\u00e4ytett\u00e4vyyden ongelmat havaitaan usein vasta k\u00e4ytt\u00e4j\u00e4testauksien yhteydess\u00e4. Testik\u00e4ytt\u00e4jien tulisi edustaa mahdollisimman tarkasti niit\u00e4 k\u00e4ytt\u00e4ji\u00e4, jotka vierailevat valmiissa verkkopalvelussa. K\u00e4ytt\u00e4j\u00e4testauksessa tulisi olla mukana [&hellip;]<span class=\"moretag\">Lue lis\u00e4\u00e4&#8230;<\/span><\/p>\n","protected":false},"author":10,"featured_media":0,"parent":155,"menu_order":4,"comment_status":"closed","ping_status":"closed","template":"","meta":{"_acf_changed":false,"footnotes":""},"class_list":["post-161","page","type-page","status-publish","hentry"],"acf":[],"_links":{"self":[{"href":"https:\/\/papunet.net\/saavutettavuus\/wp-json\/wp\/v2\/pages\/161","targetHints":{"allow":["GET"]}}],"collection":[{"href":"https:\/\/papunet.net\/saavutettavuus\/wp-json\/wp\/v2\/pages"}],"about":[{"href":"https:\/\/papunet.net\/saavutettavuus\/wp-json\/wp\/v2\/types\/page"}],"author":[{"embeddable":true,"href":"https:\/\/papunet.net\/saavutettavuus\/wp-json\/wp\/v2\/users\/10"}],"replies":[{"embeddable":true,"href":"https:\/\/papunet.net\/saavutettavuus\/wp-json\/wp\/v2\/comments?post=161"}],"version-history":[{"count":0,"href":"https:\/\/papunet.net\/saavutettavuus\/wp-json\/wp\/v2\/pages\/161\/revisions"}],"up":[{"embeddable":true,"href":"https:\/\/papunet.net\/saavutettavuus\/wp-json\/wp\/v2\/pages\/155"}],"wp:attachment":[{"href":"https:\/\/papunet.net\/saavutettavuus\/wp-json\/wp\/v2\/media?parent=161"}],"curies":[{"name":"wp","href":"https:\/\/api.w.org\/{rel}","templated":true}]}}