{"id":163,"date":"2022-11-02T12:22:17","date_gmt":"2022-11-02T10:22:17","guid":{"rendered":"https:\/\/papunet.net\/saavutettavuus\/?page_id=163"},"modified":"2025-01-07T14:28:57","modified_gmt":"2025-01-07T12:28:57","slug":"sosiaalisen-median-saavutettavuus","status":"publish","type":"page","link":"https:\/\/papunet.net\/saavutettavuus\/ohjeita-ja-oppaita\/sosiaalisen-median-saavutettavuus\/","title":{"rendered":"Sosiaalisen median saavutettavuus"},"content":{"rendered":"\n<p>Saavutettavuusvaatimukset koskevat my\u00f6s sosiaalisessa mediassa julkaistavia sis\u00e4lt\u00f6j\u00e4. T\u00e4ss\u00e4 osiossa kerromme vinkit yleisimpiin asioihin, joilla julkaisuista saa tehty\u00e4 saavutettavia.<\/p>\n<h2>Kuvat<\/h2>\n<h3>Kuvien tekstivastineet<\/h3>\n<p>Kun julkaiset kuvan Instagramissa, Facebookissa, X:ss\u00e4 (ent. Twitter) tai muulla sosiaalisen median alustalla, muista laittaa kuvalle tekstivastine. Kirjoita tekstivastineeseen, mit\u00e4 kuvassa n\u00e4kyy. Tekstivastineen avulla ihmiset, joilla on n\u00e4k\u00f6rajoitteita ja jotka k\u00e4ytt\u00e4v\u00e4t ruudunlukuohjelmaa, saavat selville, mit\u00e4 kuvassa on.<\/p>\n<p>Kuvan tekstivastine on lyhyt kuvaus kuvan sis\u00e4ll\u00f6st\u00e4. Jos kuvassa on paljon t\u00e4rke\u00e4\u00e4 sis\u00e4lt\u00f6\u00e4, laajempi kuvaus kuvan sis\u00e4ll\u00f6st\u00e4 kirjoitetaan itse julkaisuun. Jos kuvalla ei ole sis\u00e4ll\u00f6n ymm\u00e4rt\u00e4misen kannalta merkityst\u00e4 tai jos kuvassa n\u00e4kyv\u00e4 asia kerrotaan my\u00f6s tekstiss\u00e4, ei tekstivastinetta tarvitse laittaa.<\/p>\n<p>Tekstivastineen laittaminen tapahtuu eri tavalla eri sosiaalisen median alustoilla. Mik\u00e4li k\u00e4ytt\u00e4m\u00e4si sosiaalisen median palvelu ei tarjoa mahdollisuutta lis\u00e4t\u00e4 tekstivastinetta, voit kirjoittaa kuvan kuvauksen suoraan itse somep\u00e4ivitykseen.<\/p>\n<h3>Teksti\u00e4 esitt\u00e4v\u00e4t kuvat<\/h3>\n<p>Jos lis\u00e4\u00e4m\u00e4ss\u00e4si kuvassa on teksti\u00e4, kirjoita kuvassa oleva teksti my\u00f6s tavallisena tekstin\u00e4 samaan julkaisuun. Mik\u00e4li kuvassa olevalla tekstill\u00e4 ei ole sis\u00e4ll\u00f6n ymm\u00e4rt\u00e4misen kannalta mit\u00e4\u00e4n merkityst\u00e4, sit\u00e4 ei tarvitse kirjoittaa julkaisuun.<\/p>\n<p>Teksti\u00e4 esitt\u00e4v\u00e4t kuvat ovat yleisi\u00e4 sosiaalisessa mediassa. Usein esimerkiksi erilaiset tapahtumatiedotteet esitet\u00e4\u00e4n t\u00e4ll\u00e4 tavalla \u2013 teksti\u00e4 esitt\u00e4v\u00e4n\u00e4 kuvana. T\u00e4m\u00e4 ei ole saavutettava tapa esitt\u00e4\u00e4 tietoa, ellei samaa sis\u00e4lt\u00f6\u00e4 ole kirjoitettu auki my\u00f6s itse julkaisuun.<\/p>\n<p>Mik\u00e4li kuvassa on paljon teksti\u00e4, laita kuvan tekstivastineeseen lyhyt kuvaus sen sis\u00e4ll\u00f6st\u00e4 ja kirjoita kuvan tekstisis\u00e4lt\u00f6 suoraan itse julkaisuun. Jos esimerkiksi Twitteriss\u00e4 merkkim\u00e4\u00e4r\u00e4 ei riit\u00e4 kaiken tekstisis\u00e4ll\u00f6n kirjoittamiseen, laita tekstit erillisen linkin taakse.<\/p>\n<h3>Monimutkaiset ja kompleksiset kuvat<\/h3>\n<p>Jos kuvan avulla v\u00e4litet\u00e4\u00e4n paljon tietoa, siin\u00e4 oleva tieto tulee kirjoittaa tekstin\u00e4 julkaisuun. Esimerkiksi erilaisissa kuvaajissa tai vaikkapa pylv\u00e4sdiagrammeissa esitetty tieto ei ole kaikille saavutettava pelkk\u00e4n\u00e4 kuvana. T\u00e4m\u00e4n vuoksi niiden sis\u00e4lt\u00e4m\u00e4 sis\u00e4lt\u00f6 tulee avata itse julkaisutekstiss\u00e4.<\/p>\n<p>T\u00e4llaisen kuvan tekstivastineeseen ei siis kirjoiteta kaikkea kuvan sis\u00e4lt\u00e4m\u00e4\u00e4 tietoa auki. Tieto esitet\u00e4\u00e4n itse julkaisussa. Tekstivastineessa kerrotaan lyhyesti, mit\u00e4 tietoa kuvalla pyrit\u00e4\u00e4n v\u00e4litt\u00e4m\u00e4\u00e4n.<\/p>\n<h2>Videot<\/h2>\n<h3>Tekstitykset<\/h3>\n<p>Kaikki videoilla oleva puhe tulee tekstitt\u00e4\u00e4. Muista my\u00f6s tekstitt\u00e4\u00e4 videolla olevat muut sis\u00e4ll\u00f6n kannalta merkitykselliset \u00e4\u00e4net.<\/p>\n<p>Esimerkiksi Youtube tarjoaa oman helppok\u00e4ytt\u00f6isen tekstitysty\u00f6kalun, jolla tekstityksi\u00e4 voi tehd\u00e4. Tekstitykset voidaan my\u00f6s usein lis\u00e4t\u00e4 samalla editointisovelluksella, jolla video on editoitu. Tekstitt\u00e4mist\u00e4 varten on my\u00f6s olemassa erillisi\u00e4 sovelluksia, esimerkiksi ilmainen <a href=\"https:\/\/nikse.dk\/subtitleedit\">Subtitle Edit<\/a>.<\/p>\n<h3>Kuvailutulkkaus<\/h3>\n<p>Videosta pit\u00e4\u00e4 olla saatavilla my\u00f6s kuvailutulkattu versio. Kuvailutulkkauksella tarkoitetaan erillist\u00e4 \u00e4\u00e4niraitaa, jossa kerrotaan, mit\u00e4 videolla tapahtuu. Kuvailutulkkaaja puhuu videon niiss\u00e4 kohdissa, joissa videolla ei ole dialogia tai muita videon ymm\u00e4rt\u00e4misen kannalta merkityksellisi\u00e4 \u00e4\u00e4ni\u00e4.<\/p>\n<p>Muista aina kertoa \u00e4\u00e4neen, jos videolla esitet\u00e4\u00e4n tekstimuotoista sis\u00e4lt\u00f6\u00e4. T\u00e4llaisia saattavat olla esimerkiksi videolla esiintyv\u00e4n henkil\u00f6n nimi ja titteli.<\/p>\n<p>Vaatimus kuvailutulkkauksesta kannattaakin huomioida jo videon suunnittelu- ja kuvaamisvaiheessa. T\u00e4ll\u00f6in erillist\u00e4 kuvailutulkkausta ei aina tarvitse tehd\u00e4.<\/p>\n<h4>Tapauksia, joissa kuvailutulkkaus ei ole v\u00e4ltt\u00e4m\u00e4t\u00f6n:<\/h4>\n<ul>\n<li>Videon visuaalinen sis\u00e4lt\u00f6 on puhtaasti koristeellista, eik\u00e4 sill\u00e4 ole merkityst\u00e4 videon sis\u00e4lt\u00f6jen ymm\u00e4rt\u00e4misen kannalta.<\/li>\n<li>Videon alkuper\u00e4isell\u00e4 \u00e4\u00e4niraidalla tulee kaikki olennainen sis\u00e4lt\u00f6 puhuttuna.<\/li>\n<li>Video on niin sanottu \u201dpuhuva p\u00e4\u00e4\u201d -video.<\/li>\n<\/ul>\n<h3>Tekstimuotoinen versio<\/h3>\n<p>On suositeltavaa kirjoittaa videolla esitetty olennainen sis\u00e4lt\u00f6 my\u00f6s tekstin\u00e4. Esimerkiksi Youtubessa voi videon kuvauskentt\u00e4\u00e4n kirjoittaa, mist\u00e4 videossa on kyse ja mit\u00e4 siin\u00e4 puhutaan. Koko videota ei v\u00e4ltt\u00e4m\u00e4tt\u00e4 tarvitse kirjoittaa sanasta sanaan auki \u2212 tiivistelm\u00e4kin auttaa monia.<\/p>\n<h2>Aihetunnisteet eli #hashtagit<\/h2>\n<p>Viestien lukeminen vaikeutuu, mit\u00e4 enemm\u00e4n tekstin sis\u00e4ll\u00e4 on k\u00e4ytetty #hashtageja. Mik\u00e4li mahdollista, n\u00e4m\u00e4 kannattaa sijoittaa tekstin loppuun.<\/p>\n<p>Mik\u00e4li yhdess\u00e4 aihetunnisteessa on useampi kuin yksi sana, jokainen yksitt\u00e4inen sana kannattaa aloittaa isolla kirjaimella. T\u00e4m\u00e4 helpottaa lukemista monelle ja esimerkiksi ruudunlukuohjelma lukee sanat silloin erikseen. T\u00e4m\u00e4 ohje ei koske yhdyssanoja!<\/p>\n<p>Esimerkki: #JalkapalloOnKivaa.<\/p>\n<h2>Ohjeita sosiaalisen median eri palveluihin<\/h2>\n<h3>Papunetin omat ohjeet<\/h3>\n<p>Olemme tehneet omat ohjeemme tekstivastineiden lis\u00e4\u00e4miseen sosiaalisen median eri palveluissa. Tulemme p\u00e4ivitt\u00e4m\u00e4\u00e4n ja lis\u00e4\u00e4m\u00e4\u00e4n uusia ohjeita.<\/p>\n<p><a href=\"https:\/\/papunet.net\/saavutettavuus\/ohjeita-ja-oppaita\/sosiaalisen-median-saavutettavuus\/facebook\/\">Tekstivastineen lis\u00e4\u00e4minen Facebookissa<\/a><\/p>\n<p><a href=\"https:\/\/papunet.net\/saavutettavuus\/ohjeita-ja-oppaita\/sosiaalisen-median-saavutettavuus\/instagram\/\">Tekstivastineen lis\u00e4\u00e4minen Instagramissa<\/a><\/p>\n<p><a href=\"https:\/\/papunet.net\/saavutettavuus\/ohjeita-ja-oppaita\/sosiaalisen-median-saavutettavuus\/twitter\/\">Tekstivastineen lis\u00e4\u00e4minen X:ss\u00e4<\/a><\/p>\n<h2>Tietoa muualla<\/h2>\n<p>T\u00e4h\u00e4n on ker\u00e4tty sosiaalisen median eri palvelujen omia sek\u00e4 muiden tekemi\u00e4 saavutettavuusohjeita.<\/p>\n<h3><a href=\"https:\/\/www.facebook.com\/help\/accessibility\">Facebook \u2013 Helppok\u00e4ytt\u00f6toiminnot<\/a><\/h3>\n<p>Facebook on ker\u00e4nnyt sivuilleen ohjeita, miten esimerkiksi tekstivastineen lis\u00e4\u00e4minen onnistuu kuville tai miten tekstityksi\u00e4 on mahdollista lis\u00e4t\u00e4 videoihin. Sivulla on my\u00f6s ohjeita Facebookin k\u00e4ytt\u00f6\u00f6n henkil\u00f6ille, joilla on vammoja tai toimintarajoitteita. <a href=\"https:\/\/www.facebook.com\/help\/accessibility\">Tutustu ohjeisiin Facebookin omilla sivuilla<\/a>.<\/p>\n<h3><a href=\"https:\/\/support.google.com\/youtube\/answer\/2734796?hl=fi\">Youtube \u2013 Tekstitysten lis\u00e4\u00e4minen videoihin<\/a><\/h3>\n<p>Youtuben omat ohjeet tekstitysten lis\u00e4\u00e4miseen. Tekstitykset ovat erityisen t\u00e4rkeit\u00e4 henkil\u00f6ille, joilla on kuuloon liittyvi\u00e4 rajoitteita. Tekstitysten avulla on mahdollista parantaa my\u00f6s videoiden hakukoneoptimointia. <a href=\"https:\/\/support.google.com\/youtube\/answer\/2734796?hl=fi\">Tutustu ohjeisiin Youtuben omilla sivuilla<\/a>.<\/p>\n<h3><a href=\"https:\/\/www.saavutettavasti.fi\/verkkosisaltojen-saavutettavuus\/saavutettavuus-sosiaalisessa-mediassa\/\">Saavutettavasti.fi -sivuston ohjeet sosiaaliseen mediaan<\/a><\/h3>\n<p>Saavutettavasti.fi -sivustolle on ker\u00e4tty ohjeita sosiaalisen median julkaisujen saavutettavuudesta. <a href=\"https:\/\/www.saavutettavasti.fi\/verkkosisaltojen-saavutettavuus\/saavutettavuus-sosiaalisessa-mediassa\/\">Tutustu ohjeisiin Saavutettavasti.fi -sivustolla<\/a>.<\/p>\n<h3><a href=\"https:\/\/www.saavutettavuusvaatimukset.fi\/fi\/digipalvelulain-vaatimukset\/mita-palveluja-ja-sisaltoja-laki-koskee#76031-3\">Liikenne- ja viestint\u00e4virasto Traficom \u2013 Mit\u00e4 palveluja ja sis\u00e4lt\u00f6j\u00e4 laki koskee?<\/a><\/h3>\n<p>Laki digitaalisten palvelujen tarjoamisesta asettaa vaatimuksia my\u00f6s sosiaalisessa mediassa julkaistuihin sis\u00e4lt\u00f6ihin. Lain valvova viranomainen, Liikenne- ja viestint\u00e4virasto Traficom, kertoo omilla verkkosivuillaan sosiaalisen median saavutettavuusvaatimuksista. <a href=\"https:\/\/www.saavutettavuusvaatimukset.fi\/fi\/digipalvelulain-vaatimukset\/mita-palveluja-ja-sisaltoja-laki-koskee#76031-3\">Tutustu lain vaatimuksiin Saavutettavuusvaatimukset.fi -sivustolla<\/a>.<\/p>\n\n","protected":false},"excerpt":{"rendered":"<p>Saavutettavuusvaatimukset koskevat my\u00f6s sosiaalisessa mediassa julkaistavia sis\u00e4lt\u00f6j\u00e4. T\u00e4ss\u00e4 osiossa kerromme vinkit yleisimpiin asioihin, joilla julkaisuista saa tehty\u00e4 saavutettavia. Kuvat Kuvien tekstivastineet Kun julkaiset kuvan Instagramissa, Facebookissa, X:ss\u00e4 (ent. Twitter) tai muulla sosiaalisen median alustalla, muista laittaa [&hellip;]<span class=\"moretag\">Lue lis\u00e4\u00e4&#8230;<\/span><\/p>\n","protected":false},"author":10,"featured_media":164,"parent":11,"menu_order":8,"comment_status":"closed","ping_status":"closed","template":"","meta":{"_acf_changed":false,"footnotes":""},"class_list":["post-163","page","type-page","status-publish","has-post-thumbnail","hentry"],"acf":[],"_links":{"self":[{"href":"https:\/\/papunet.net\/saavutettavuus\/wp-json\/wp\/v2\/pages\/163","targetHints":{"allow":["GET"]}}],"collection":[{"href":"https:\/\/papunet.net\/saavutettavuus\/wp-json\/wp\/v2\/pages"}],"about":[{"href":"https:\/\/papunet.net\/saavutettavuus\/wp-json\/wp\/v2\/types\/page"}],"author":[{"embeddable":true,"href":"https:\/\/papunet.net\/saavutettavuus\/wp-json\/wp\/v2\/users\/10"}],"replies":[{"embeddable":true,"href":"https:\/\/papunet.net\/saavutettavuus\/wp-json\/wp\/v2\/comments?post=163"}],"version-history":[{"count":0,"href":"https:\/\/papunet.net\/saavutettavuus\/wp-json\/wp\/v2\/pages\/163\/revisions"}],"up":[{"embeddable":true,"href":"https:\/\/papunet.net\/saavutettavuus\/wp-json\/wp\/v2\/pages\/11"}],"wp:featuredmedia":[{"embeddable":true,"href":"https:\/\/papunet.net\/saavutettavuus\/wp-json\/wp\/v2\/media\/164"}],"wp:attachment":[{"href":"https:\/\/papunet.net\/saavutettavuus\/wp-json\/wp\/v2\/media?parent=163"}],"curies":[{"name":"wp","href":"https:\/\/api.w.org\/{rel}","templated":true}]}}