{"id":165,"date":"2022-11-02T13:35:28","date_gmt":"2022-11-02T11:35:28","guid":{"rendered":"https:\/\/papunet.net\/saavutettavuus\/?page_id=165"},"modified":"2023-01-31T11:39:27","modified_gmt":"2023-01-31T09:39:27","slug":"facebook","status":"publish","type":"page","link":"https:\/\/papunet.net\/saavutettavuus\/ohjeita-ja-oppaita\/sosiaalisen-median-saavutettavuus\/facebook\/","title":{"rendered":"Facebook"},"content":{"rendered":"\n<p>Facebookissa on mahdollista lis\u00e4t\u00e4 kuville tekstivastine. Facebookin suomenkielisess\u00e4 versiossa tekstivastineiden kohdalla k\u00e4ytet\u00e4\u00e4n termi\u00e4 <strong>vaihtoehtoinen teksti<\/strong>.<\/p>\n<h2>Tekstivastineen lis\u00e4\u00e4minen tietokoneella<\/h2>\n<ol>\n<li>Lis\u00e4\u00e4 kuva.<\/li>\n<li>Paina kuvan yl\u00e4reunaan tulevaa <strong>Muokkaa<\/strong>-painiketta.<\/li>\n<li>Valitse <strong>Vaihtoehtoinen teksti<\/strong>.<\/li>\n<li>Kirjoita kuvan tekstivastine kohtaan <strong>Mukautettu vaihtoehtoinen teksti<\/strong>.<\/li>\n<li>Paina <strong>Tallenna<\/strong>.<\/li>\n<li>Tekstivastine on nyt valmis ja voit julkaista kuvan.<\/li>\n<\/ol>\n<p>Mik\u00e4li kuvassa on teksti\u00e4, kirjoita kuvassa n\u00e4kyv\u00e4 teksti auki my\u00f6s itse julkaisuun.<\/p>\n<p>Tekstivastine on mahdollista lis\u00e4t\u00e4 kuville my\u00f6s julkaisun j\u00e4lkeen muokkaamalla kyseist\u00e4 julkaisua.<\/p>\n<div id=\"attachment_166\" class=\"wp-caption alignnone\" style=\"width: auto !important; height: auto !important;\">\n<img loading=\"lazy\" decoding=\"async\" class=\"size-medium wp-image-166 img-responsive\" src=\"https:\/\/papunet.net\/saavutettavuus\/wp-content\/uploads\/2022\/11\/ohje_fb1_2-266x300.png\" alt=\"Ohjekuva vaihtoehtoisen tekstin lis\u00e4\u00e4miseen\" width=\"266\" height=\"300\" srcset=\"https:\/\/papunet.net\/saavutettavuus\/wp-content\/uploads\/2022\/11\/ohje_fb1_2-266x300.png 266w, https:\/\/papunet.net\/saavutettavuus\/wp-content\/uploads\/2022\/11\/ohje_fb1_2-768x866.png 768w, https:\/\/papunet.net\/saavutettavuus\/wp-content\/uploads\/2022\/11\/ohje_fb1_2.png 887w\" sizes=\"auto, (max-width: 266px) 100vw, 266px\" \/><span class=\"image-text\"><em>Kuvan lis\u00e4\u00e4misen j\u00e4lkeen paina kuvan yl\u00e4reunaan tulevaa \u201dMuokkaa\u201d-painiketta.<\/em><\/span>\n<\/div>\n<div id=\"attachment_167\" class=\"wp-caption alignnone\" style=\"width: auto !important; height: auto !important;\">\n<img loading=\"lazy\" decoding=\"async\" class=\"size-medium wp-image-167 img-responsive\" src=\"https:\/\/papunet.net\/saavutettavuus\/wp-content\/uploads\/2022\/11\/ohje_fb2_0-300x189.png\" alt=\"Ohjekuva vaihtoehtoisen tekstin lis\u00e4\u00e4miseen.\" width=\"300\" height=\"189\" srcset=\"https:\/\/papunet.net\/saavutettavuus\/wp-content\/uploads\/2022\/11\/ohje_fb2_0-300x189.png 300w, https:\/\/papunet.net\/saavutettavuus\/wp-content\/uploads\/2022\/11\/ohje_fb2_0-768x485.png 768w, https:\/\/papunet.net\/saavutettavuus\/wp-content\/uploads\/2022\/11\/ohje_fb2_0.png 970w\" sizes=\"auto, (max-width: 300px) 100vw, 300px\" \/><span class=\"image-text\"><em>Valitse \u201dVaihtoehtoinen teksti\u201d ja kirjoita kuvan tekstivastine kohtaan \u201dMukautettu vaihtoehtoinen teksti\u201d.<\/em><\/span>\n<\/div>\n<h2>Lue lis\u00e4\u00e4 Facebookin omilta sivuilta<\/h2>\n<p>Tutustu Facebookin omiin suomenkielisiin ohjeisiin tekstivastineen (vaihtoehtoinen teksti) lis\u00e4\u00e4misest\u00e4.<\/p>\n<p><a href=\"https:\/\/www.facebook.com\/help\/214124458607871\">Tekstivastineen lis\u00e4\u00e4minen tietokoneella<\/a><\/p>\n<p><a href=\"https:\/\/www.facebook.com\/help\/android-app\/214124458607871\">Tekstivastineen lis\u00e4\u00e4minen Android-sovelluksella<\/a><\/p>\n<p><a href=\"https:\/\/www.facebook.com\/help\/iphone-app\/214124458607871\">Tekstivastineen lis\u00e4\u00e4minen iPhone-sovelluksella<\/a><\/p>\n\n","protected":false},"excerpt":{"rendered":"<p>Facebookissa on mahdollista lis\u00e4t\u00e4 kuville tekstivastine. Facebookin suomenkielisess\u00e4 versiossa tekstivastineiden kohdalla k\u00e4ytet\u00e4\u00e4n termi\u00e4 vaihtoehtoinen teksti. Tekstivastineen lis\u00e4\u00e4minen tietokoneella Lis\u00e4\u00e4 kuva. Paina kuvan yl\u00e4reunaan tulevaa Muokkaa-painiketta. Valitse Vaihtoehtoinen teksti. Kirjoita kuvan tekstivastine kohtaan Mukautettu vaihtoehtoinen teksti. Paina [&hellip;]<span class=\"moretag\">Lue lis\u00e4\u00e4&#8230;<\/span><\/p>\n","protected":false},"author":10,"featured_media":0,"parent":163,"menu_order":1,"comment_status":"closed","ping_status":"closed","template":"","meta":{"_acf_changed":false,"footnotes":""},"class_list":["post-165","page","type-page","status-publish","hentry"],"acf":[],"_links":{"self":[{"href":"https:\/\/papunet.net\/saavutettavuus\/wp-json\/wp\/v2\/pages\/165","targetHints":{"allow":["GET"]}}],"collection":[{"href":"https:\/\/papunet.net\/saavutettavuus\/wp-json\/wp\/v2\/pages"}],"about":[{"href":"https:\/\/papunet.net\/saavutettavuus\/wp-json\/wp\/v2\/types\/page"}],"author":[{"embeddable":true,"href":"https:\/\/papunet.net\/saavutettavuus\/wp-json\/wp\/v2\/users\/10"}],"replies":[{"embeddable":true,"href":"https:\/\/papunet.net\/saavutettavuus\/wp-json\/wp\/v2\/comments?post=165"}],"version-history":[{"count":0,"href":"https:\/\/papunet.net\/saavutettavuus\/wp-json\/wp\/v2\/pages\/165\/revisions"}],"up":[{"embeddable":true,"href":"https:\/\/papunet.net\/saavutettavuus\/wp-json\/wp\/v2\/pages\/163"}],"wp:attachment":[{"href":"https:\/\/papunet.net\/saavutettavuus\/wp-json\/wp\/v2\/media?parent=165"}],"curies":[{"name":"wp","href":"https:\/\/api.w.org\/{rel}","templated":true}]}}