{"id":168,"date":"2022-11-02T13:44:15","date_gmt":"2022-11-02T11:44:15","guid":{"rendered":"https:\/\/papunet.net\/saavutettavuus\/?page_id=168"},"modified":"2023-01-31T11:38:48","modified_gmt":"2023-01-31T09:38:48","slug":"instagram","status":"publish","type":"page","link":"https:\/\/papunet.net\/saavutettavuus\/ohjeita-ja-oppaita\/sosiaalisen-median-saavutettavuus\/instagram\/","title":{"rendered":"Instagram"},"content":{"rendered":"\n<h2>Tekstivastineen lis\u00e4\u00e4minen iPhone-sovelluksella<\/h2>\n<ol>\n<li>Luo uusi julkaisu.<\/li>\n<li>Valitse haluamasi kuva ja paina <strong>Seuraava<\/strong>.<\/li>\n<li>Valitse <strong>Lis\u00e4asetukset<\/strong>.<\/li>\n<li>Valitse <strong>Kirjoita vaihtoehtoinen teksti<\/strong>.<\/li>\n<li>Kirjoita sopiva tekstivastine kuvalle ja paina <strong>Valmis<\/strong>.<\/li>\n<li>Nyt julkaisun voi jakaa.<\/li>\n<\/ol>\n<p>Jos kuvassa on teksti\u00e4, kirjoita kuvassa n\u00e4kyv\u00e4 teksti auki my\u00f6s itse julkaisuun eli kuvatekstiin.<\/p>\n<p>Tekstivastine on mahdollista lis\u00e4t\u00e4 kuville my\u00f6s julkaisun j\u00e4lkeen muokkaamalla kyseist\u00e4 julkaisua.<\/p>\n<div id=\"attachment_169\" class=\"wp-caption alignnone\" style=\"width: auto !important; height: auto !important;\">\n<img loading=\"lazy\" decoding=\"async\" class=\"size-medium wp-image-169 img-responsive\" src=\"https:\/\/papunet.net\/saavutettavuus\/wp-content\/uploads\/2022\/11\/insta3_2-181x300.png\" alt=\"Ohjekuva vaihtoehtoisen tekstin lis\u00e4\u00e4miseen\" width=\"181\" height=\"300\" srcset=\"https:\/\/papunet.net\/saavutettavuus\/wp-content\/uploads\/2022\/11\/insta3_2-181x300.png 181w, https:\/\/papunet.net\/saavutettavuus\/wp-content\/uploads\/2022\/11\/insta3_2.png 460w\" sizes=\"auto, (max-width: 181px) 100vw, 181px\" \/><span class=\"image-text\"><em>Ku\u00advan li\u00ads\u00e4\u00e4\u00admi\u00adsen j\u00e4l\u00adkeen va\u00adlit\u00adse \u201dLi\u00ads\u00e4\u00adase\u00adtuk\u00adset\u201d.<\/em><\/span>\n<\/div>\n<div id=\"attachment_170\" class=\"wp-caption alignnone\" style=\"width: auto !important; height: auto !important;\">\n<img loading=\"lazy\" decoding=\"async\" class=\"size-medium wp-image-170 img-responsive\" src=\"https:\/\/papunet.net\/saavutettavuus\/wp-content\/uploads\/2022\/11\/insta1_3-153x300.png\" alt=\"Ohjekuva vaihtoehtoisen tekstin lis\u00e4\u00e4miseen.\" width=\"153\" height=\"300\" srcset=\"https:\/\/papunet.net\/saavutettavuus\/wp-content\/uploads\/2022\/11\/insta1_3-153x300.png 153w, https:\/\/papunet.net\/saavutettavuus\/wp-content\/uploads\/2022\/11\/insta1_3.png 460w\" sizes=\"auto, (max-width: 153px) 100vw, 153px\" \/><span class=\"image-text\"><em>Va\u00adlit\u00adse \u201dKir\u00adjoi\u00adta vaih\u00adtoeh\u00adtoi\u00adnen teks\u00adti\u201d.<\/em><\/span>\n<\/div>\n<div id=\"attachment_171\" class=\"wp-caption alignnone\" style=\"width: auto !important; height: auto !important;\">\n<img loading=\"lazy\" decoding=\"async\" class=\"size-medium wp-image-171 img-responsive\" src=\"https:\/\/papunet.net\/saavutettavuus\/wp-content\/uploads\/2022\/11\/insta2_3-163x300.png\" alt=\"Ohjekuva vaihtoehtoisen tekstin lis\u00e4\u00e4miseen.\" width=\"163\" height=\"300\" srcset=\"https:\/\/papunet.net\/saavutettavuus\/wp-content\/uploads\/2022\/11\/insta2_3-163x300.png 163w, https:\/\/papunet.net\/saavutettavuus\/wp-content\/uploads\/2022\/11\/insta2_3.png 460w\" sizes=\"auto, (max-width: 163px) 100vw, 163px\" \/><span class=\"image-text\"><em>Kir\u00adjoi\u00adta ku\u00advan teks\u00adti\u00advas\u00adti\u00adne koh\u00adtaan \u201dVaih\u00adtoeh\u00adtoi\u00adnen teks\u00adti\u201d ja pai\u00adna \u201dVal\u00admis\u201d.<\/em><\/span>\n<\/div>\n<h2>Lue li\u00ads\u00e4\u00e4<\/h2>\n<p><a href=\"https:\/\/www.facebook.com\/help\/instagram\/503708446705527\">Ins\u00adta\u00adgra\u00admin omat oh\u00adjeet teks\u00adti\u00advas\u00adti\u00adneen li\u00ads\u00e4\u00e4\u00admi\u00adsek\u00adsi<\/a><\/p>\n\n","protected":false},"excerpt":{"rendered":"<p>Tekstivastineen lis\u00e4\u00e4minen iPhone-sovelluksella Luo uusi julkaisu. Valitse haluamasi kuva ja paina Seuraava. Valitse Lis\u00e4asetukset. Valitse Kirjoita vaihtoehtoinen teksti. Kirjoita sopiva tekstivastine kuvalle ja paina Valmis. Nyt julkaisun voi jakaa. Jos kuvassa on teksti\u00e4, kirjoita kuvassa n\u00e4kyv\u00e4 [&hellip;]<span class=\"moretag\">Lue lis\u00e4\u00e4&#8230;<\/span><\/p>\n","protected":false},"author":10,"featured_media":0,"parent":163,"menu_order":2,"comment_status":"closed","ping_status":"closed","template":"","meta":{"_acf_changed":false,"footnotes":""},"class_list":["post-168","page","type-page","status-publish","hentry"],"acf":[],"_links":{"self":[{"href":"https:\/\/papunet.net\/saavutettavuus\/wp-json\/wp\/v2\/pages\/168","targetHints":{"allow":["GET"]}}],"collection":[{"href":"https:\/\/papunet.net\/saavutettavuus\/wp-json\/wp\/v2\/pages"}],"about":[{"href":"https:\/\/papunet.net\/saavutettavuus\/wp-json\/wp\/v2\/types\/page"}],"author":[{"embeddable":true,"href":"https:\/\/papunet.net\/saavutettavuus\/wp-json\/wp\/v2\/users\/10"}],"replies":[{"embeddable":true,"href":"https:\/\/papunet.net\/saavutettavuus\/wp-json\/wp\/v2\/comments?post=168"}],"version-history":[{"count":0,"href":"https:\/\/papunet.net\/saavutettavuus\/wp-json\/wp\/v2\/pages\/168\/revisions"}],"up":[{"embeddable":true,"href":"https:\/\/papunet.net\/saavutettavuus\/wp-json\/wp\/v2\/pages\/163"}],"wp:attachment":[{"href":"https:\/\/papunet.net\/saavutettavuus\/wp-json\/wp\/v2\/media?parent=168"}],"curies":[{"name":"wp","href":"https:\/\/api.w.org\/{rel}","templated":true}]}}