{"id":177,"date":"2022-11-02T14:14:47","date_gmt":"2022-11-02T12:14:47","guid":{"rendered":"https:\/\/papunet.net\/saavutettavuus\/?page_id=177"},"modified":"2023-02-02T10:11:25","modified_gmt":"2023-02-02T08:11:25","slug":"arviointipalvelut","status":"publish","type":"page","link":"https:\/\/papunet.net\/saavutettavuus\/palvelut\/arviointipalvelut\/","title":{"rendered":"Arviointipalvelut"},"content":{"rendered":"\n<p>Teem\u00adme verk\u00adko\u00adsi\u00advus\u00adto\u00adjen saa\u00advu\u00adtet\u00adta\u00advuu\u00adden ar\u00advioin\u00adte\u00adja. Ar\u00advioin\u00adneis\u00adsam\u00adme p\u00e4\u00e4\u00adpai\u00adno on si\u00advus\u00adto\u00adjen kog\u00adni\u00adtii\u00advi\u00adses\u00adsa saa\u00advu\u00adtet\u00adta\u00advuu\u00addes\u00adsa, help\u00adpo\u00adk\u00e4yt\u00adt\u00f6i\u00adsyy\u00addes\u00ads\u00e4 ja ym\u00adm\u00e4r\u00adret\u00adt\u00e4\u00advyy\u00addes\u00ads\u00e4. Li\u00ads\u00e4k\u00adsi teem\u00adme tek\u00adni\u00adsen saa\u00advu\u00adtet\u00adta\u00advuu\u00adden WCAG 2.1 -ar\u00advioin\u00adte\u00adja osa\u00adna si\u00advus\u00adto\u00adjen laa\u00adjem\u00adpaa ke\u00adhit\u00adt\u00e4\u00admis\u00adty\u00f6\u00adt\u00e4.<\/p>\n<p>Ar\u00advioin\u00adtim\u00adme var\u00admis\u00adta\u00advat, ett\u00e4 mah\u00addol\u00adli\u00adsim\u00adman moni k\u00e4yt\u00adt\u00e4\u00adj\u00e4 voi k\u00e4yt\u00adt\u00e4\u00e4 verk\u00adko\u00adpal\u00adve\u00adlu\u00adja vai\u00advat\u00adto\u00admas\u00adti ja yh\u00adden\u00adver\u00adtai\u00adses\u00adti riip\u00adpu\u00admat\u00adta vam\u00admois\u00adta, toi\u00admin\u00adta\u00adra\u00adjoit\u00adteis\u00adta tai i\u00e4n tuo\u00admis\u00adta haas\u00adteis\u00adta.<\/p>\n<p>Verk\u00adko\u00adsi\u00advus\u00adto\u00adjen saa\u00advu\u00adtet\u00adta\u00advuut\u00adta ja help\u00adpo\u00adk\u00e4yt\u00adt\u00f6i\u00adsyyt\u00adt\u00e4 ar\u00advioi\u00advat saa\u00advu\u00adtet\u00adta\u00advuus- ja k\u00e4y\u00adtet\u00adt\u00e4\u00advyy\u00adsa\u00adlal\u00adla pit\u00adk\u00e4\u00e4n ty\u00f6s\u00adken\u00adnel\u00adleet ja ai\u00adhee\u00adseen pe\u00adreh\u00adty\u00adneet am\u00admat\u00adti\u00adlai\u00adsem\u00adme. Par\u00adhaan lop\u00adpu\u00adtu\u00adlok\u00adsen var\u00admis\u00adta\u00admi\u00adsek\u00adsi ar\u00advioin\u00adtiin osal\u00adlis\u00adtuu usei\u00adta saa\u00advu\u00adtet\u00adta\u00advuu\u00adden asian\u00adtun\u00adti\u00adjoi\u00adta.<\/p>\n<h2>Mit\u00e4 teem\u00adme?<\/h2>\n<p>Saa\u00advu\u00adtet\u00adta\u00advuu\u00adden ar\u00advioin\u00adtiin si\u00ads\u00e4l\u00adtyy<\/p>\n<ul>\n<li>si\u00advus\u00adton saa\u00advu\u00adtet\u00adta\u00advuu\u00adden ja help\u00adpo\u00adk\u00e4yt\u00adt\u00f6i\u00adsyy\u00adden kar\u00adtoi\u00adtus<\/li>\n<li>mah\u00addol\u00adlis\u00adten on\u00adgel\u00admien ra\u00adpor\u00adtoin\u00adti<\/li>\n<li>kor\u00adjauseh\u00addo\u00adtus\u00adten laa\u00adti\u00admi\u00adnen<\/li>\n<li>pal\u00adve\u00adlun tar\u00adkas\u00adta\u00admi\u00adnen asiak\u00adkaan te\u00adke\u00admien kor\u00adjaus\u00adten j\u00e4l\u00adkeen.<\/li>\n<\/ul>\n<p>Ar\u00advioin\u00adti\u00adpal\u00adve\u00adlu\u00adjen avul\u00adla voit var\u00admis\u00adtaa esi\u00admer\u00adkik\u00adsi, ett\u00e4<\/p>\n<ul>\n<li>pal\u00adve\u00adlun k\u00e4yt\u00adt\u00f6 toi\u00admii ylei\u00adsim\u00admil\u00adl\u00e4 avus\u00adta\u00advil\u00adla tek\u00adno\u00adlo\u00adgioil\u00adla<\/li>\n<li>pal\u00adve\u00adlut ovat help\u00adpo\u00adk\u00e4yt\u00adt\u00f6i\u00adsi\u00e4 ja kog\u00adni\u00adtii\u00advi\u00adses\u00adti saa\u00advu\u00adtet\u00adta\u00advia<\/li>\n<li>pal\u00adve\u00adlu t\u00e4yt\u00adt\u00e4\u00e4 saa\u00advu\u00adtet\u00adta\u00advuus\u00advaa\u00adti\u00admuk\u00adset, jot\u00adka ovat mu\u00adka\u00adna <a href=\"https:\/\/papunet.net\/saavutettavuus\/lait-ja-standardit\/laki-digitaalisten-palvelujen-tarjoamisesta\/\">lais\u00adsa di\u00adgi\u00adtaa\u00adlis\u00adten pal\u00adve\u00adlui\u00adden tar\u00adjoa\u00admi\u00adses\u00adta<\/a>.<\/li>\n<\/ul>\n<p>Tar\u00adjol\u00adla on my\u00f6s seuraavia li\u00ads\u00e4\u00adpal\u00adve\u00adlu\u00adja:<\/p>\n<ul>\n<li>Pal\u00adve\u00adlun si\u00ads\u00e4l\u00adl\u00f6n sel\u00adkey\u00adden ja ym\u00adm\u00e4r\u00adret\u00adt\u00e4\u00advyy\u00adden tar\u00adkis\u00adtus.<\/li>\n<li>Apua sel\u00adko\u00adkie\u00adlis\u00adten si\u00ads\u00e4l\u00adt\u00f6\u00adjen tuot\u00adta\u00admi\u00adseen yh\u00adteis\u00adty\u00f6s\u00ads\u00e4 <a href=\"https:\/\/selkokeskus.fi\/\">Sel\u00adko\u00adkes\u00adkuk\u00adsen<\/a> kans\u00adsa.<\/li>\n<\/ul>\n<h2>Yh\u00adtey\u00adde\u00adno\u00adtot ja tar\u00adjous\u00adpyyn\u00adn\u00f6t<\/h2>\n<p>Mar\u00adjo Ti\u00admo\u00adnen<br>\nmar\u00adjo.ti\u00admo\u00adnen@kvl.fi<br>\n09 3480 9223<\/p>\n\n","protected":false},"excerpt":{"rendered":"<p>Teem\u00adme verk\u00adko\u00adsi\u00advus\u00adto\u00adjen saa\u00advu\u00adtet\u00adta\u00advuu\u00adden ar\u00advioin\u00adte\u00adja. Ar\u00advioin\u00adneis\u00adsam\u00adme p\u00e4\u00e4\u00adpai\u00adno on si\u00advus\u00adto\u00adjen kog\u00adni\u00adtii\u00advi\u00adses\u00adsa saa\u00advu\u00adtet\u00adta\u00advuu\u00addes\u00adsa, help\u00adpo\u00adk\u00e4yt\u00adt\u00f6i\u00adsyy\u00addes\u00ads\u00e4 ja ym\u00adm\u00e4r\u00adret\u00adt\u00e4\u00advyy\u00addes\u00ads\u00e4. Li\u00ads\u00e4k\u00adsi teem\u00adme tek\u00adni\u00adsen saa\u00advu\u00adtet\u00adta\u00advuu\u00adden WCAG 2.1 -ar\u00advioin\u00adte\u00adja osa\u00adna si\u00advus\u00adto\u00adjen laa\u00adjem\u00adpaa ke\u00adhit\u00adt\u00e4\u00admis\u00adty\u00f6\u00adt\u00e4. Ar\u00advioin\u00adtim\u00adme var\u00admis\u00adta\u00advat, ett\u00e4 mah\u00addol\u00adli\u00adsim\u00adman moni k\u00e4yt\u00adt\u00e4\u00adj\u00e4 voi k\u00e4yt\u00adt\u00e4\u00e4 verk\u00adko\u00adpal\u00adve\u00adlu\u00adja vai\u00advat\u00adto\u00admas\u00adti ja yh\u00adden\u00adver\u00adtai\u00adses\u00adti [&hellip;]<span class=\"moretag\">Lue lis\u00e4\u00e4&#8230;<\/span><\/p>\n","protected":false},"author":10,"featured_media":178,"parent":12,"menu_order":1,"comment_status":"closed","ping_status":"closed","template":"","meta":{"_acf_changed":false,"footnotes":""},"class_list":["post-177","page","type-page","status-publish","has-post-thumbnail","hentry"],"acf":[],"_links":{"self":[{"href":"https:\/\/papunet.net\/saavutettavuus\/wp-json\/wp\/v2\/pages\/177","targetHints":{"allow":["GET"]}}],"collection":[{"href":"https:\/\/papunet.net\/saavutettavuus\/wp-json\/wp\/v2\/pages"}],"about":[{"href":"https:\/\/papunet.net\/saavutettavuus\/wp-json\/wp\/v2\/types\/page"}],"author":[{"embeddable":true,"href":"https:\/\/papunet.net\/saavutettavuus\/wp-json\/wp\/v2\/users\/10"}],"replies":[{"embeddable":true,"href":"https:\/\/papunet.net\/saavutettavuus\/wp-json\/wp\/v2\/comments?post=177"}],"version-history":[{"count":0,"href":"https:\/\/papunet.net\/saavutettavuus\/wp-json\/wp\/v2\/pages\/177\/revisions"}],"up":[{"embeddable":true,"href":"https:\/\/papunet.net\/saavutettavuus\/wp-json\/wp\/v2\/pages\/12"}],"wp:featuredmedia":[{"embeddable":true,"href":"https:\/\/papunet.net\/saavutettavuus\/wp-json\/wp\/v2\/media\/178"}],"wp:attachment":[{"href":"https:\/\/papunet.net\/saavutettavuus\/wp-json\/wp\/v2\/media?parent=177"}],"curies":[{"name":"wp","href":"https:\/\/api.w.org\/{rel}","templated":true}]}}