{"id":179,"date":"2022-11-02T14:21:31","date_gmt":"2022-11-02T12:21:31","guid":{"rendered":"https:\/\/papunet.net\/saavutettavuus\/?page_id=179"},"modified":"2025-05-26T10:42:53","modified_gmt":"2025-05-26T07:42:53","slug":"koulutukset","status":"publish","type":"page","link":"https:\/\/papunet.net\/saavutettavuus\/palvelut\/koulutukset\/","title":{"rendered":"Koulutukset"},"content":{"rendered":"\n<p>Tarjoamme koulutusta, opastusta ja ohjausta verkkosivujen saavutettavuuteen liittyviss\u00e4 asioissa.<\/p>\n<h2>Avoimet koulutukset<\/h2>\n<p>J\u00e4rjest\u00e4mme kaikille avoimia koulutuksia ja maksuttomia tietoiskuja saavutettavuudesta. Tutustu tuleviin koulutuksiin <a href=\"https:\/\/papunet.net\/koulutukset\/\">Papunetin koulutukset -sivulla<\/a>.<\/p>\n<h2>Tilauskoulutukset<\/h2>\n<p>Tilauskoulutukset suunnitellaan ja r\u00e4\u00e4t\u00e4l\u00f6id\u00e4\u00e4n tilaajan tarpeiden ja toiveiden mukaan. Ota yhteytt\u00e4 ja kerro, millainen saavutettavuuskoulutus palvelisi juuri sinun yhteis\u00f6si tai yrityksesi tarpeita!<\/p>\n<p>Tilauskoulutuksissa voidaan huomioida<\/p>\n<ul>\n<li>verkkopalvelujen suunnittelijat<\/li>\n<li>koodaajat<\/li>\n<li>sis\u00e4ll\u00f6ntuottajat ja viestinn\u00e4st\u00e4 vastaavat<\/li>\n<li>verkkopalveluiden tilaajat<\/li>\n<li>kaikki saavutettavuudesta kiinnostuneet.<\/li>\n<\/ul>\n<p>Millaisista sis\u00e4ll\u00f6ist\u00e4 koulutuksen voi rakentaa?<\/p>\n<ul>\n<li>Mit\u00e4 saavutettavuus on ja miksi se on t\u00e4rke\u00e4\u00e4?<\/li>\n<li>Digipalvelulaki ja siin\u00e4 olevat saavutettavuusvaatimukset.<\/li>\n<li>WCAG-saavutettavuusohjeistus ja sen k\u00e4ytt\u00f6.<\/li>\n<li>Erilaiset vammat ja toimintarajoitteet ja niiden aiheuttamat haasteet verkossa.<\/li>\n<li>Avustavat teknologiat ja niiden vaikutus verkkosivujen k\u00e4ytt\u00f6\u00f6n.<\/li>\n<li>Konkreettisia ja k\u00e4yt\u00e4nn\u00f6n ohjeita saavutettavien verkkosivustojen tekemiseen.<\/li>\n<li>Kognitiivisen saavutettavuuden periaatteet ja verkkosivujen helppok\u00e4ytt\u00f6isyys.<\/li>\n<li>Tiedon saavutettavuus, kielen selkeys ja selkokielen k\u00e4ytt\u00f6 verkkosivuilla (yhteisty\u00f6ss\u00e4 Selkokeskuksen kanssa).<\/li>\n<\/ul>\n<p><a href=\"https:\/\/selkokeskus.fi\/koulutukset-ja-tekstipalvelut\/\">Tutustu my\u00f6s Selkokeskuksen koulutuksiin.<\/a><\/p>\n<h2>Yhteydenotot ja tarjouspyynn\u00f6t<\/h2>\n<p>Marjo Timonen<br>\nmarjo.timonen@kvl.fi<br>\n09 3480 9223<\/p>\n\n","protected":false},"excerpt":{"rendered":"<p>Tarjoamme koulutusta, opastusta ja ohjausta verkkosivujen saavutettavuuteen liittyviss\u00e4 asioissa. Avoimet koulutukset J\u00e4rjest\u00e4mme kaikille avoimia koulutuksia ja maksuttomia tietoiskuja saavutettavuudesta. Tutustu tuleviin koulutuksiin Papunetin koulutukset -sivulla. Tilauskoulutukset Tilauskoulutukset suunnitellaan ja r\u00e4\u00e4t\u00e4l\u00f6id\u00e4\u00e4n tilaajan tarpeiden ja toiveiden mukaan. Ota [&hellip;]<span class=\"moretag\">Lue lis\u00e4\u00e4&#8230;<\/span><\/p>\n","protected":false},"author":10,"featured_media":180,"parent":12,"menu_order":2,"comment_status":"closed","ping_status":"closed","template":"","meta":{"_acf_changed":false,"footnotes":""},"class_list":["post-179","page","type-page","status-publish","has-post-thumbnail","hentry"],"acf":[],"_links":{"self":[{"href":"https:\/\/papunet.net\/saavutettavuus\/wp-json\/wp\/v2\/pages\/179","targetHints":{"allow":["GET"]}}],"collection":[{"href":"https:\/\/papunet.net\/saavutettavuus\/wp-json\/wp\/v2\/pages"}],"about":[{"href":"https:\/\/papunet.net\/saavutettavuus\/wp-json\/wp\/v2\/types\/page"}],"author":[{"embeddable":true,"href":"https:\/\/papunet.net\/saavutettavuus\/wp-json\/wp\/v2\/users\/10"}],"replies":[{"embeddable":true,"href":"https:\/\/papunet.net\/saavutettavuus\/wp-json\/wp\/v2\/comments?post=179"}],"version-history":[{"count":0,"href":"https:\/\/papunet.net\/saavutettavuus\/wp-json\/wp\/v2\/pages\/179\/revisions"}],"up":[{"embeddable":true,"href":"https:\/\/papunet.net\/saavutettavuus\/wp-json\/wp\/v2\/pages\/12"}],"wp:featuredmedia":[{"embeddable":true,"href":"https:\/\/papunet.net\/saavutettavuus\/wp-json\/wp\/v2\/media\/180"}],"wp:attachment":[{"href":"https:\/\/papunet.net\/saavutettavuus\/wp-json\/wp\/v2\/media?parent=179"}],"curies":[{"name":"wp","href":"https:\/\/api.w.org\/{rel}","templated":true}]}}