{"id":182,"date":"2022-11-02T14:28:57","date_gmt":"2022-11-02T12:28:57","guid":{"rendered":"https:\/\/papunet.net\/saavutettavuus\/?page_id=182"},"modified":"2023-02-22T09:05:10","modified_gmt":"2023-02-22T07:05:10","slug":"selkokielisten-verkkosivujen-tarkastus-ja-selkotunnus","status":"publish","type":"page","link":"https:\/\/papunet.net\/saavutettavuus\/palvelut\/selkokielisten-verkkosivujen-tarkastus-ja-selkotunnus\/","title":{"rendered":"Selkokielisten verkkosivujen tarkistus ja selkotunnus"},"content":{"rendered":"\n<p>Selkokielisille verkkosivustoille voi hakea selkotunnusta. Selkotunnus on merkki siit\u00e4, ett\u00e4 sivusto t\u00e4ytt\u00e4\u00e4 tietyt kriteerit ja on selkokielinen ja helppok\u00e4ytt\u00f6inen. Tunnuksen my\u00f6nt\u00e4\u00e4 Selkokeskus, joka Papunetin tavoin on osa Kehitysvammaliiton saavutettavuusyksikk\u00f6\u00e4.<\/p>\n<p>Jos haluat hakea verkkosivustolle selkotunnusta, <a href=\"https:\/\/selkokeskus.fi\/koulutukset-ja-tekstipalvelut\/hae-selkotunnusta\/\">lue lis\u00e4\u00e4 selkotunnuksesta Selkokeskuksen sivuilta<\/a> tai ole yhteydess\u00e4 Selkokeskukseen: <a href=\"mailto:selkokeskus@kvl.fi\">selkokeskus@kvl.fi<\/a>.<\/p>\n<h2>Kenelle palvelu on tarkoitettu?<\/h2>\n<p>Selkokielisten verkkosivujen tarkistus on tarkoitettu kaikille, jotka ovat toteuttaneet tai toteuttamassa selkokielisen verkkosivuston tai sen osan ja haluavat k\u00e4ytt\u00e4\u00e4 selkotunnusta sivustolla.<\/p>\n<h2>Mit\u00e4 tarkastus sis\u00e4lt\u00e4\u00e4?<\/h2>\n<p>Selkokielisten verkkosivujen tarkistus sis\u00e4lt\u00e4\u00e4 verkkosivuston selkokielisyyden sek\u00e4 sivuston helppok\u00e4ytt\u00f6isyyden tarkistuksen. Helppok\u00e4ytt\u00f6isyyden tarkistamisessa hy\u00f6dynnet\u00e4\u00e4n Papunetin kehitt\u00e4m\u00e4\u00e4 <a href=\"https:\/\/papunet.net\/saavutettavuus\/wp-content\/uploads\/2022\/11\/selkosivujen_helppokayttoisyys_uusiversio.docx\">kriteerist\u00f6\u00e4 helppok\u00e4ytt\u00f6isyyden arviointiin<\/a>.<\/p>\n<p>Tunnuksen hakeminen ja selkotunnuksen k\u00e4ytt\u00e4minen on ilmaista.<\/p>\n<p>Kaikki sivustot, joille on my\u00f6nnetty selkotunnus, on koottu <a href=\"https:\/\/selkokeskus.fi\/\">Selkokeskuksen sivuille<\/a>.<\/p>\n\n","protected":false},"excerpt":{"rendered":"<p>Selkokielisille verkkosivustoille voi hakea selkotunnusta. Selkotunnus on merkki siit\u00e4, ett\u00e4 sivusto t\u00e4ytt\u00e4\u00e4 tietyt kriteerit ja on selkokielinen ja helppok\u00e4ytt\u00f6inen. Tunnuksen my\u00f6nt\u00e4\u00e4 Selkokeskus, joka Papunetin tavoin on osa Kehitysvammaliiton saavutettavuusyksikk\u00f6\u00e4. Jos haluat hakea verkkosivustolle selkotunnusta, lue lis\u00e4\u00e4 [&hellip;]<span class=\"moretag\">Lue lis\u00e4\u00e4&#8230;<\/span><\/p>\n","protected":false},"author":10,"featured_media":183,"parent":12,"menu_order":3,"comment_status":"closed","ping_status":"closed","template":"","meta":{"_acf_changed":false,"footnotes":""},"class_list":["post-182","page","type-page","status-publish","has-post-thumbnail","hentry"],"acf":[],"_links":{"self":[{"href":"https:\/\/papunet.net\/saavutettavuus\/wp-json\/wp\/v2\/pages\/182","targetHints":{"allow":["GET"]}}],"collection":[{"href":"https:\/\/papunet.net\/saavutettavuus\/wp-json\/wp\/v2\/pages"}],"about":[{"href":"https:\/\/papunet.net\/saavutettavuus\/wp-json\/wp\/v2\/types\/page"}],"author":[{"embeddable":true,"href":"https:\/\/papunet.net\/saavutettavuus\/wp-json\/wp\/v2\/users\/10"}],"replies":[{"embeddable":true,"href":"https:\/\/papunet.net\/saavutettavuus\/wp-json\/wp\/v2\/comments?post=182"}],"version-history":[{"count":0,"href":"https:\/\/papunet.net\/saavutettavuus\/wp-json\/wp\/v2\/pages\/182\/revisions"}],"up":[{"embeddable":true,"href":"https:\/\/papunet.net\/saavutettavuus\/wp-json\/wp\/v2\/pages\/12"}],"wp:featuredmedia":[{"embeddable":true,"href":"https:\/\/papunet.net\/saavutettavuus\/wp-json\/wp\/v2\/media\/183"}],"wp:attachment":[{"href":"https:\/\/papunet.net\/saavutettavuus\/wp-json\/wp\/v2\/media?parent=182"}],"curies":[{"name":"wp","href":"https:\/\/api.w.org\/{rel}","templated":true}]}}