{"id":191,"date":"2022-11-17T13:44:31","date_gmt":"2022-11-17T11:44:31","guid":{"rendered":"https:\/\/papunet.net\/saavutettavuus\/?page_id=191"},"modified":"2023-01-18T11:58:13","modified_gmt":"2023-01-18T09:58:13","slug":"1-2-2-tekstitys-tallennettu","status":"publish","type":"page","link":"https:\/\/papunet.net\/saavutettavuus\/ohjeita-ja-oppaita\/teknisen-saavutettavuuden-ohjeet-wcag\/wcag-2-2-saavutettavuusohjeet\/1-2-2-tekstitys-tallennettu\/","title":{"rendered":"1.2.2 Tekstitys (tallennettu)"},"content":{"rendered":"\n<h2>Kriteeri<\/h2>\n<p>Kaikelle <a href=\"https:\/\/www.w3.org\/Translations\/WCAG20-fi\/#synchronizedmediadef\">synkronoidussa mediassa<\/a> olevalle <a href=\"https:\/\/www.w3.org\/Translations\/WCAG20-fi\/#prerecordeddef\">tallennetulle<\/a> <a href=\"https:\/\/www.w3.org\/Translations\/WCAG20-fi\/#audiodef\">audio<\/a>sis\u00e4ll\u00f6lle on tarjolla <a href=\"https:\/\/www.w3.org\/Translations\/WCAG20-fi\/#captionsdef\">tekstityksi\u00e4<\/a>, paitsi kun media on <a href=\"https:\/\/www.w3.org\/Translations\/WCAG20-fi\/#multimedia-alt-textdef\">tekstin mediavastine<\/a> ja selv\u00e4sti merkitty sellaiseksi.<\/p>\n<p><a href=\"https:\/\/www.w3.org\/Translations\/WCAG20-fi\/#media-equiv-captions\">Lue lis\u00e4\u00e4 W3:n sivuilta. <\/a><\/p>\n<h2>Kuvaus<\/h2>\n<p>Onko tekstitykset tarjottu kaikelle nauhoitetulle audiosis\u00e4ll\u00f6lle synkronoidussa mediassa? Tekstityksien tulee tarjota audioraidan sis\u00e4lt\u00f6 tekstimuodossa ja niiden tulee sis\u00e4lt\u00e4\u00e4 informaatiota, joka ei v\u00e4ltt\u00e4m\u00e4tt\u00e4 liity itse dialogeihin (esimerkiksi \u201dhuokaisee\u201d, \u201doven narahdus\u201d tai \u201dsalamointia\u201d). Ei koske suoria (live) l\u00e4hetyksi\u00e4. Tekstityst\u00e4 ei tarvitse toteuttaa, jos videon sis\u00e4lt\u00e4m\u00e4 informaatio on jo esitettyn\u00e4 verkkosivuilla: esimerkiksi jos itse video on tuotettu selkeytt\u00e4m\u00e4\u00e4n jotakin teksti-informaatiota.<\/p>\n<h2>Miten tarkistetaan<\/h2>\n<p>Tarkista, onko videoilla tekstitykset. Huom. Tekstitykset voivat olla oletuksena poissa p\u00e4\u00e4lt\u00e4 (esim. jotkin YouTube\u00ad-videot).<\/p>\n\n","protected":false},"excerpt":{"rendered":"<p>Kriteeri Kaikelle synkronoidussa mediassa olevalle tallennetulle audiosis\u00e4ll\u00f6lle on tarjolla tekstityksi\u00e4, paitsi kun media on tekstin mediavastine ja selv\u00e4sti merkitty sellaiseksi. Lue lis\u00e4\u00e4 W3:n sivuilta. Kuvaus Onko tekstitykset tarjottu kaikelle nauhoitetulle audiosis\u00e4ll\u00f6lle synkronoidussa mediassa? Tekstityksien tulee tarjota [&hellip;]<span class=\"moretag\">Lue lis\u00e4\u00e4&#8230;<\/span><\/p>\n","protected":false},"author":10,"featured_media":0,"parent":130,"menu_order":0,"comment_status":"closed","ping_status":"closed","template":"","meta":{"_acf_changed":false,"footnotes":""},"class_list":["post-191","page","type-page","status-publish","hentry"],"acf":[],"_links":{"self":[{"href":"https:\/\/papunet.net\/saavutettavuus\/wp-json\/wp\/v2\/pages\/191","targetHints":{"allow":["GET"]}}],"collection":[{"href":"https:\/\/papunet.net\/saavutettavuus\/wp-json\/wp\/v2\/pages"}],"about":[{"href":"https:\/\/papunet.net\/saavutettavuus\/wp-json\/wp\/v2\/types\/page"}],"author":[{"embeddable":true,"href":"https:\/\/papunet.net\/saavutettavuus\/wp-json\/wp\/v2\/users\/10"}],"replies":[{"embeddable":true,"href":"https:\/\/papunet.net\/saavutettavuus\/wp-json\/wp\/v2\/comments?post=191"}],"version-history":[{"count":0,"href":"https:\/\/papunet.net\/saavutettavuus\/wp-json\/wp\/v2\/pages\/191\/revisions"}],"up":[{"embeddable":true,"href":"https:\/\/papunet.net\/saavutettavuus\/wp-json\/wp\/v2\/pages\/130"}],"wp:attachment":[{"href":"https:\/\/papunet.net\/saavutettavuus\/wp-json\/wp\/v2\/media?parent=191"}],"curies":[{"name":"wp","href":"https:\/\/api.w.org\/{rel}","templated":true}]}}