{"id":192,"date":"2022-11-17T13:47:59","date_gmt":"2022-11-17T11:47:59","guid":{"rendered":"https:\/\/papunet.net\/saavutettavuus\/?page_id=192"},"modified":"2023-01-18T12:01:32","modified_gmt":"2023-01-18T10:01:32","slug":"1-2-3-kuvailutulkkaus-tai-mediavastine-tallennettu","status":"publish","type":"page","link":"https:\/\/papunet.net\/saavutettavuus\/ohjeita-ja-oppaita\/teknisen-saavutettavuuden-ohjeet-wcag\/wcag-2-2-saavutettavuusohjeet\/1-2-3-kuvailutulkkaus-tai-mediavastine-tallennettu\/","title":{"rendered":"1.2.3 Kuvailutulkkaus tai mediavastine (tallennettu)"},"content":{"rendered":"\n<h2>Kriteeri<\/h2>\n<p><a href=\"https:\/\/www.w3.org\/Translations\/WCAG20-fi\/#synchronizedmediadef\">Synkronoidulle medialle<\/a> on tarjolla <a href=\"https:\/\/www.w3.org\/Translations\/WCAG20-fi\/#alt-time-based-mediadef\">aikasidonnaisen median vastine<\/a> tai <a href=\"https:\/\/www.w3.org\/Translations\/WCAG20-fi\/#audiodescdef\">\u00e4\u00e4niselite<\/a> <a href=\"https:\/\/www.w3.org\/Translations\/WCAG20-fi\/#prerecordeddef\">tallennetusta<\/a> <a href=\"https:\/\/www.w3.org\/Translations\/WCAG20-fi\/#videodef\">video<\/a>sis\u00e4ll\u00f6st\u00e4, paitsi kun media on <a href=\"https:\/\/www.w3.org\/Translations\/WCAG20-fi\/#multimedia-alt-textdef\">tekstin mediavastine<\/a> ja selv\u00e4sti merkitty sellaiseksi.<\/p>\n<p><a href=\"https:\/\/www.w3.org\/Translations\/WCAG20-fi\/#media-equiv-audio-desc\">Lue lis\u00e4\u00e4 W3:n sivuilta.<\/a><\/p>\n<h2>Kuvaus<\/h2>\n<p>Onko verkkosivuilla oleville videoille olemassa kuvaileva tekstivastine tai kuvaileva \u00e4\u00e4niselite (mik\u00e4li videon oma \u00e4\u00e4niraita ei sis\u00e4ll\u00e4 riitt\u00e4v\u00e4\u00e4 informaatiota kaikesta videon sis\u00e4ll\u00f6st\u00e4)? Ei koske suoria (live) l\u00e4hetyksi\u00e4. T\u00e4ss\u00e4 kriteeriss\u00e4 voidaan valita joko tekstivastine tai kuvaileva \u00e4\u00e4niselite. Kriteeriss\u00e4 1.2.5 kuvaileva \u00e4\u00e4niselite on pakollinen, mik\u00e4li videon oma \u00e4\u00e4niraita ei ole riitt\u00e4v\u00e4.<\/p>\n<h2>Miten tarkistetaan<\/h2>\n<p>Yleens\u00e4 tekstivastine tai \u00e4\u00e4niselite esitet\u00e4\u00e4n videon v\u00e4litt\u00f6m\u00e4ss\u00e4 yhteydess\u00e4.<\/p>\n\n","protected":false},"excerpt":{"rendered":"<p>Kriteeri Synkronoidulle medialle on tarjolla aikasidonnaisen median vastine tai \u00e4\u00e4niselite tallennetusta videosis\u00e4ll\u00f6st\u00e4, paitsi kun media on tekstin mediavastine ja selv\u00e4sti merkitty sellaiseksi. Lue lis\u00e4\u00e4 W3:n sivuilta. Kuvaus Onko verkkosivuilla oleville videoille olemassa kuvaileva tekstivastine tai kuvaileva [&hellip;]<span class=\"moretag\">Lue lis\u00e4\u00e4&#8230;<\/span><\/p>\n","protected":false},"author":10,"featured_media":0,"parent":130,"menu_order":0,"comment_status":"closed","ping_status":"closed","template":"","meta":{"_acf_changed":false,"footnotes":""},"class_list":["post-192","page","type-page","status-publish","hentry"],"acf":[],"_links":{"self":[{"href":"https:\/\/papunet.net\/saavutettavuus\/wp-json\/wp\/v2\/pages\/192","targetHints":{"allow":["GET"]}}],"collection":[{"href":"https:\/\/papunet.net\/saavutettavuus\/wp-json\/wp\/v2\/pages"}],"about":[{"href":"https:\/\/papunet.net\/saavutettavuus\/wp-json\/wp\/v2\/types\/page"}],"author":[{"embeddable":true,"href":"https:\/\/papunet.net\/saavutettavuus\/wp-json\/wp\/v2\/users\/10"}],"replies":[{"embeddable":true,"href":"https:\/\/papunet.net\/saavutettavuus\/wp-json\/wp\/v2\/comments?post=192"}],"version-history":[{"count":0,"href":"https:\/\/papunet.net\/saavutettavuus\/wp-json\/wp\/v2\/pages\/192\/revisions"}],"up":[{"embeddable":true,"href":"https:\/\/papunet.net\/saavutettavuus\/wp-json\/wp\/v2\/pages\/130"}],"wp:attachment":[{"href":"https:\/\/papunet.net\/saavutettavuus\/wp-json\/wp\/v2\/media?parent=192"}],"curies":[{"name":"wp","href":"https:\/\/api.w.org\/{rel}","templated":true}]}}