{"id":193,"date":"2022-11-17T13:51:34","date_gmt":"2022-11-17T11:51:34","guid":{"rendered":"https:\/\/papunet.net\/saavutettavuus\/?page_id=193"},"modified":"2023-02-01T13:05:51","modified_gmt":"2023-02-01T11:05:51","slug":"1-2-4-tekstitys-suorissa-lahetyksissa","status":"publish","type":"page","link":"https:\/\/papunet.net\/saavutettavuus\/ohjeita-ja-oppaita\/teknisen-saavutettavuuden-ohjeet-wcag\/wcag-2-2-saavutettavuusohjeet\/1-2-4-tekstitys-suorissa-lahetyksissa\/","title":{"rendered":"1.2.4 Tekstitys (suorissa l\u00e4hetyksiss\u00e4)"},"content":{"rendered":"\n<h2>Kri\u00adtee\u00adri (taso AA)<\/h2>\n<p>Kai\u00adkel\u00adle <a href=\"https:\/\/www.w3.org\/Translations\/WCAG20-fi\/#synchronizedmediadef\">synk\u00adro\u00adnoi\u00addus\u00adsa me\u00addias\u00adsa<\/a> ole\u00adval\u00adle <a href=\"https:\/\/www.w3.org\/Translations\/WCAG20-fi\/#livedef\">suo\u00adral\u00adle<\/a> <a href=\"https:\/\/www.w3.org\/Translations\/WCAG20-fi\/#audiodef\">au\u00addio\u00adsi\u00ads\u00e4l\u00adl\u00f6l\u00adle<\/a> on tar\u00adjol\u00adla <a href=\"https:\/\/www.w3.org\/Translations\/WCAG20-fi\/#captionsdef\">teks\u00adti\u00adtyk\u00adsi\u00e4<\/a>.<\/p>\n<p><a href=\"https:\/\/www.w3.org\/Translations\/WCAG20-fi\/#media-equiv-real-time-captions\">Lue li\u00ads\u00e4\u00e4 W3:n si\u00advuil\u00adta.<\/a><\/p>\n<h2>Ku\u00advaus<\/h2>\n<p>Onko suo\u00adran vi\u00addeo\u00adsi\u00ads\u00e4l\u00adl\u00f6n \u00e4\u00e4\u00adni\u00adrai\u00adta teks\u00adti\u00adtet\u00adty? Esi\u00admer\u00adkik\u00adsi:<\/p>\n<ul>\n<li>\u00e4\u00e4ni\u00adl\u00e4\u00adhe\u00adtyk\u00adset<\/li>\n<li>webcas\u00adtit<\/li>\n<li>vi\u00addeo\u00adneu\u00advot\u00adte\u00adlut yms.<\/li>\n<\/ul>\n<h2>Mi\u00adten tar\u00adkis\u00adte\u00adtaan<\/h2>\n<p>Tar\u00adkis\u00adta onko suo\u00adral\u00adle (live) vi\u00addeol\u00adle ole\u00admas\u00adsa tah\u00addis\u00adtet\u00adtu teks\u00adti\u00adtys, mi\u00adk\u00e4\u00adli vi\u00addeos\u00adsa on \u00e4\u00e4n\u00adt\u00e4.<\/p>\n\n","protected":false},"excerpt":{"rendered":"<p>Kri\u00adtee\u00adri (taso AA) Kai\u00adkel\u00adle synk\u00adro\u00adnoi\u00addus\u00adsa me\u00addias\u00adsa ole\u00adval\u00adle suo\u00adral\u00adle au\u00addio\u00adsi\u00ads\u00e4l\u00adl\u00f6l\u00adle on tar\u00adjol\u00adla teks\u00adti\u00adtyk\u00adsi\u00e4. Lue li\u00ads\u00e4\u00e4 W3:n si\u00advuil\u00adta. Ku\u00advaus Onko suo\u00adran vi\u00addeo\u00adsi\u00ads\u00e4l\u00adl\u00f6n \u00e4\u00e4\u00adni\u00adrai\u00adta teks\u00adti\u00adtet\u00adty? Esi\u00admer\u00adkik\u00adsi: \u00e4\u00e4ni\u00adl\u00e4\u00adhe\u00adtyk\u00adset webcas\u00adtit vi\u00addeo\u00adneu\u00advot\u00adte\u00adlut yms. Mi\u00adten tar\u00adkis\u00adte\u00adtaan Tar\u00adkis\u00adta onko suo\u00adral\u00adle (live) vi\u00addeol\u00adle ole\u00admas\u00adsa tah\u00addis\u00adtet\u00adtu [&hellip;]<span class=\"moretag\">Lue lis\u00e4\u00e4&#8230;<\/span><\/p>\n","protected":false},"author":10,"featured_media":0,"parent":130,"menu_order":0,"comment_status":"closed","ping_status":"closed","template":"","meta":{"_acf_changed":false,"footnotes":""},"class_list":["post-193","page","type-page","status-publish","hentry"],"acf":[],"_links":{"self":[{"href":"https:\/\/papunet.net\/saavutettavuus\/wp-json\/wp\/v2\/pages\/193","targetHints":{"allow":["GET"]}}],"collection":[{"href":"https:\/\/papunet.net\/saavutettavuus\/wp-json\/wp\/v2\/pages"}],"about":[{"href":"https:\/\/papunet.net\/saavutettavuus\/wp-json\/wp\/v2\/types\/page"}],"author":[{"embeddable":true,"href":"https:\/\/papunet.net\/saavutettavuus\/wp-json\/wp\/v2\/users\/10"}],"replies":[{"embeddable":true,"href":"https:\/\/papunet.net\/saavutettavuus\/wp-json\/wp\/v2\/comments?post=193"}],"version-history":[{"count":0,"href":"https:\/\/papunet.net\/saavutettavuus\/wp-json\/wp\/v2\/pages\/193\/revisions"}],"up":[{"embeddable":true,"href":"https:\/\/papunet.net\/saavutettavuus\/wp-json\/wp\/v2\/pages\/130"}],"wp:attachment":[{"href":"https:\/\/papunet.net\/saavutettavuus\/wp-json\/wp\/v2\/media?parent=193"}],"curies":[{"name":"wp","href":"https:\/\/api.w.org\/{rel}","templated":true}]}}