{"id":200,"date":"2022-11-17T14:18:00","date_gmt":"2022-11-17T12:18:00","guid":{"rendered":"https:\/\/papunet.net\/saavutettavuus\/?page_id=200"},"modified":"2023-02-01T13:48:49","modified_gmt":"2023-02-01T11:48:49","slug":"1-3-2-merkitykseen-vaikuttava-jarjestys","status":"publish","type":"page","link":"https:\/\/papunet.net\/saavutettavuus\/ohjeita-ja-oppaita\/teknisen-saavutettavuuden-ohjeet-wcag\/wcag-2-2-saavutettavuusohjeet\/1-3-2-merkitykseen-vaikuttava-jarjestys\/","title":{"rendered":"1.3.2 Merkitykseen vaikuttava j\u00e4rjestys"},"content":{"rendered":"\n<h2>Kri\u00adtee\u00adri (taso A)<\/h2>\n<p>Kun si\u00ads\u00e4l\u00adl\u00f6n esi\u00adtys\u00adj\u00e4r\u00adjes\u00adtys vai\u00adkut\u00adtaa si\u00ads\u00e4l\u00adl\u00f6n mer\u00adki\u00adtyk\u00adseen, <a href=\"https:\/\/www.w3.org\/Translations\/WCAG20-fi\/#correct-reading-sequencedef\">oi\u00adkea lu\u00adke\u00admis\u00adj\u00e4r\u00adjes\u00adtys<\/a> voi\u00addaan <a href=\"https:\/\/www.w3.org\/Translations\/WCAG20-fi\/#programmaticallydetermineddef\">sel\u00advit\u00adt\u00e4\u00e4 oh\u00adjel\u00admal\u00adli\u00adses\u00adti<\/a>.<\/p>\n<p><a href=\"https:\/\/www.w3.org\/Translations\/WCAG20-fi\/#content-structure-separation-sequence\">Lue li\u00ads\u00e4\u00e4 W3:n si\u00advuil\u00adta. <\/a><\/p>\n<h2>Ku\u00advaus<\/h2>\n<p>Onko HTML-\u00adkoo\u00addin kaut\u00adta m\u00e4\u00e4\u00adrit\u00adty\u00adv\u00e4 si\u00ads\u00e4l\u00adl\u00f6n lu\u00adke\u00admis\u00adj\u00e4r\u00adjes\u00adtys loo\u00adgi\u00adnen ja in\u00adtui\u00adtii\u00advi\u00adnen? Mi\u00adk\u00e4\u00adli HTML-\/\u200bDOM-\u00adl\u00e4h\u00adde\u00adkoo\u00addi on j\u00e4r\u00adjes\u00adtyk\u00adsel\u00adt\u00e4\u00e4n loo\u00adgi\u00adnen, t\u00e4yt\u00adtyy t\u00e4m\u00e4 kri\u00adtee\u00adri. Ei\u00ad-loo\u00adgi\u00adnen koo\u00addi on CSS-\u00adaset\u00adte\u00adlul\u00adla mah\u00addol\u00adlis\u00adta j\u00e4r\u00adjes\u00adt\u00e4\u00e4 vi\u00adsu\u00adaa\u00adli\u00adses\u00adti mer\u00adki\u00adtyk\u00adsel\u00adli\u00adsek\u00adsi, mut\u00adta t\u00e4l\u00adl\u00f6in esi\u00admer\u00adkik\u00adsi ruu\u00addun\u00adlu\u00adkuoh\u00adjel\u00admien k\u00e4yt\u00adt\u00e4\u00adjil\u00adle j\u00e4r\u00adjes\u00adtys j\u00e4\u00e4 ep\u00e4\u00adloo\u00adgi\u00adsek\u00adsi. Huo\u00admioi my\u00f6s si\u00advul\u00adta la\u00addat\u00adta\u00advien tie\u00addos\u00adto\u00adjen toi\u00admin\u00adta. Esi\u00admer\u00adkik\u00adsi PDF-\u00adtie\u00addos\u00adto\u00adjen lu\u00adku\u00adj\u00e4r\u00adjes\u00adtyk\u00adsen tu\u00adlee olla loo\u00adgi\u00adnen.<\/p>\n<h2>Mi\u00adten tar\u00adkis\u00adte\u00adtaan<\/h2>\n<p>Pois\u00adta se\u00adlai\u00admes\u00adta tyy\u00adli\u00adtie\u00addos\u00adtot k\u00e4y\u00adt\u00f6s\u00adt\u00e4 ja tar\u00adkis\u00adta, onko si\u00advun si\u00ads\u00e4l\u00adt\u00f6 loo\u00adgi\u00adses\u00adsa lu\u00adku\u00adj\u00e4r\u00adjes\u00adtyk\u00adses\u00ads\u00e4. Usein na\u00advi\u00adgaa\u00adtio\u00adra\u00adken\u00adtei\u00adden paik\u00adka suh\u00adtees\u00adsa si\u00ads\u00e4l\u00adt\u00f6\u00f6n saat\u00adtaa poi\u00adke\u00adta tyy\u00adli\u00adtie\u00addos\u00adto\u00adjen avul\u00adla ase\u00adtel\u00adlus\u00adta n\u00e4\u00adky\u00adm\u00e4s\u00adt\u00e4, mut\u00adta t\u00e4m\u00e4 ei v\u00e4lt\u00adt\u00e4\u00adm\u00e4t\u00adt\u00e4 tee si\u00advun lu\u00adku\u00adj\u00e4r\u00adjes\u00adtyk\u00adses\u00adt\u00e4 ep\u00e4\u00adloo\u00adgis\u00adta. Mi\u00adk\u00e4\u00adli esi\u00admer\u00adkik\u00adsi nu\u00adme\u00adroi\u00addut kap\u00adpa\u00adleet tai lis\u00adtat ei\u00adv\u00e4t ole loo\u00adgi\u00adses\u00adsa j\u00e4r\u00adjes\u00adtyk\u00adses\u00ads\u00e4, t\u00e4m\u00e4 kri\u00adtee\u00adri ei t\u00e4y\u00adty. Vas\u00adtaa\u00advas\u00adti luet\u00adte\u00adlo (nu\u00adme\u00adroi\u00adma\u00adton lis\u00adta) voi\u00addaan esit\u00adt\u00e4\u00e4 mis\u00ads\u00e4 j\u00e4r\u00adjes\u00adtyk\u00adses\u00ads\u00e4 ta\u00adhan\u00adsa.<\/p>\n\n","protected":false},"excerpt":{"rendered":"<p>Kri\u00adtee\u00adri (taso A) Kun si\u00ads\u00e4l\u00adl\u00f6n esi\u00adtys\u00adj\u00e4r\u00adjes\u00adtys vai\u00adkut\u00adtaa si\u00ads\u00e4l\u00adl\u00f6n mer\u00adki\u00adtyk\u00adseen, oi\u00adkea lu\u00adke\u00admis\u00adj\u00e4r\u00adjes\u00adtys voi\u00addaan sel\u00advit\u00adt\u00e4\u00e4 oh\u00adjel\u00admal\u00adli\u00adses\u00adti. Lue li\u00ads\u00e4\u00e4 W3:n si\u00advuil\u00adta. Ku\u00advaus Onko HTML-\u00adkoo\u00addin kaut\u00adta m\u00e4\u00e4\u00adrit\u00adty\u00adv\u00e4 si\u00ads\u00e4l\u00adl\u00f6n lu\u00adke\u00admis\u00adj\u00e4r\u00adjes\u00adtys loo\u00adgi\u00adnen ja in\u00adtui\u00adtii\u00advi\u00adnen? Mi\u00adk\u00e4\u00adli HTML-\/\u200bDOM-\u00adl\u00e4h\u00adde\u00adkoo\u00addi on j\u00e4r\u00adjes\u00adtyk\u00adsel\u00adt\u00e4\u00e4n loo\u00adgi\u00adnen, t\u00e4yt\u00adtyy t\u00e4m\u00e4 kri\u00adtee\u00adri. [&hellip;]<span class=\"moretag\">Lue lis\u00e4\u00e4&#8230;<\/span><\/p>\n","protected":false},"author":10,"featured_media":0,"parent":130,"menu_order":0,"comment_status":"closed","ping_status":"closed","template":"","meta":{"_acf_changed":false,"footnotes":""},"class_list":["post-200","page","type-page","status-publish","hentry"],"acf":[],"_links":{"self":[{"href":"https:\/\/papunet.net\/saavutettavuus\/wp-json\/wp\/v2\/pages\/200","targetHints":{"allow":["GET"]}}],"collection":[{"href":"https:\/\/papunet.net\/saavutettavuus\/wp-json\/wp\/v2\/pages"}],"about":[{"href":"https:\/\/papunet.net\/saavutettavuus\/wp-json\/wp\/v2\/types\/page"}],"author":[{"embeddable":true,"href":"https:\/\/papunet.net\/saavutettavuus\/wp-json\/wp\/v2\/users\/10"}],"replies":[{"embeddable":true,"href":"https:\/\/papunet.net\/saavutettavuus\/wp-json\/wp\/v2\/comments?post=200"}],"version-history":[{"count":0,"href":"https:\/\/papunet.net\/saavutettavuus\/wp-json\/wp\/v2\/pages\/200\/revisions"}],"up":[{"embeddable":true,"href":"https:\/\/papunet.net\/saavutettavuus\/wp-json\/wp\/v2\/pages\/130"}],"wp:attachment":[{"href":"https:\/\/papunet.net\/saavutettavuus\/wp-json\/wp\/v2\/media?parent=200"}],"curies":[{"name":"wp","href":"https:\/\/api.w.org\/{rel}","templated":true}]}}