{"id":203,"date":"2022-11-23T11:17:47","date_gmt":"2022-11-23T09:17:47","guid":{"rendered":"https:\/\/papunet.net\/saavutettavuus\/?page_id=203"},"modified":"2023-01-18T13:17:54","modified_gmt":"2023-01-18T11:17:54","slug":"1-3-5-maarittele-syotteen-tarkoitus","status":"publish","type":"page","link":"https:\/\/papunet.net\/saavutettavuus\/ohjeita-ja-oppaita\/teknisen-saavutettavuuden-ohjeet-wcag\/wcag-2-2-saavutettavuusohjeet\/1-3-5-maarittele-syotteen-tarkoitus\/","title":{"rendered":"1.3.5 M\u00e4\u00e4rittele sy\u00f6tteen tarkoitus"},"content":{"rendered":"\n<h2>Kri\u00adtee\u00adri (taso AA)<\/h2>\n<p>Jo\u00adkai\u00adsen sy\u00f6\u00adte\u00adken\u00adt\u00e4n, jota k\u00e4y\u00adte\u00adt\u00e4\u00e4n tie\u00adto\u00adjen ke\u00adr\u00e4\u00e4\u00admi\u00adseen k\u00e4yt\u00adt\u00e4\u00adj\u00e4s\u00adt\u00e4, tar\u00adkoi\u00adtus voi\u00addaan <a href=\"https:\/\/www.w3.org\/TR\/WCAG21\/#dfn-programmatically-determinable\">sel\u00advit\u00adt\u00e4\u00e4 oh\u00adjel\u00admal\u00adli\u00adses\u00adti<\/a> seu\u00adraa\u00advis\u00adsa ta\u00adpauk\u00adsis\u00adsa:<\/p>\n<ul>\n<li>Tar\u00adkoi\u00adtus on yksi k\u00e4yt\u00adt\u00f6\u00adtar\u00adkoi\u00adtuk\u00adsis\u00adta, jot\u00adka on lis\u00adtat\u00adtu <a href=\"https:\/\/www.w3.org\/TR\/WCAG21\/#input-purposes\">sy\u00f6\u00adte\u00adkent\u00adtien k\u00e4yt\u00adt\u00f6\u00adtar\u00adkoi\u00adtus<\/a> -osios\u00adsa.<\/li>\n<li>Ele\u00adment\u00adti on to\u00adteu\u00adtet\u00adtu k\u00e4yt\u00adt\u00e4en tek\u00adno\u00adlo\u00adgi\u00adaa, joka mah\u00addol\u00adlis\u00adtaa sy\u00f6\u00adte-ele\u00admen\u00adtin tar\u00adkoi\u00adtuk\u00adsen ku\u00advaa\u00admi\u00adsen.<\/li>\n<\/ul>\n<h2>Ku\u00advaus<\/h2>\n<p>Verk\u00adko\u00adlo\u00admak\u00adkeil\u00adla ky\u00adsy\u00adt\u00e4\u00e4n jos\u00adkus k\u00e4yt\u00adt\u00e4\u00adj\u00e4n hen\u00adki\u00adl\u00f6\u00adkoh\u00adtai\u00adsia tie\u00adto\u00adja ku\u00adten ni\u00adme\u00e4, s\u00e4h\u00adk\u00f6\u00adpos\u00adtio\u00adsoi\u00adtet\u00adta tai pu\u00adhe\u00adlin\u00adnu\u00adme\u00adroa. N\u00e4is\u00ads\u00e4 ta\u00adpauk\u00adsis\u00adsa k\u00e4yt\u00adt\u00e4\u00adj\u00e4\u00e4 hel\u00adpot\u00adtaa, jos lo\u00adma\u00adke\u00adken\u00adt\u00e4n tar\u00adkoi\u00adtus on m\u00e4\u00e4\u00adri\u00adtel\u00adty oh\u00adjel\u00admal\u00adli\u00adses\u00adti, jol\u00adloin ken\u00adt\u00e4n yh\u00adtey\u00adteen voi\u00addaan li\u00ads\u00e4\u00adt\u00e4 esi\u00admer\u00adkik\u00adsi tar\u00adkoi\u00adtus\u00adta ku\u00advaa\u00adva ku\u00adva\u00adke tai ruu\u00addun\u00adlu\u00adkuoh\u00adjel\u00adma voi ker\u00adtoa ken\u00adt\u00e4n tar\u00adkoi\u00adtuk\u00adsen \u00e4\u00e4\u00adneen luet\u00adtu\u00adna. Omi\u00adnai\u00adsuus hel\u00adpot\u00adtaa my\u00f6s lo\u00adma\u00adke\u00adkent\u00adtien au\u00adto\u00admaat\u00adtis\u00adta t\u00e4yt\u00adt\u00f6\u00e4 (au\u00adto\u00adfill).<\/p>\n<h2>Mi\u00adten tar\u00adkis\u00adte\u00adtaan<\/h2>\n<p>Tar\u00adkis\u00adta sy\u00f6\u00adte\u00adken\u00adt\u00e4n HTML-l\u00e4h\u00adde\u00adkoo\u00addis\u00adta, onko sen tar\u00adkoi\u00adtus m\u00e4\u00e4\u00adri\u00adtet\u00adty <a href=\"https:\/\/html.spec.whatwg.org\/multipage\/form-control-infrastructure.html#autofill\">au\u00adtocomple\u00adte-att\u00adri\u00adbuu\u00adtin<\/a> tai jon\u00adkin muun so\u00advel\u00adtu\u00advan tek\u00adnii\u00adkan avul\u00adla.<\/p>\n\n","protected":false},"excerpt":{"rendered":"<p>Kri\u00adtee\u00adri (taso AA) Jo\u00adkai\u00adsen sy\u00f6\u00adte\u00adken\u00adt\u00e4n, jota k\u00e4y\u00adte\u00adt\u00e4\u00e4n tie\u00adto\u00adjen ke\u00adr\u00e4\u00e4\u00admi\u00adseen k\u00e4yt\u00adt\u00e4\u00adj\u00e4s\u00adt\u00e4, tar\u00adkoi\u00adtus voi\u00addaan sel\u00advit\u00adt\u00e4\u00e4 oh\u00adjel\u00admal\u00adli\u00adses\u00adti seu\u00adraa\u00advis\u00adsa ta\u00adpauk\u00adsis\u00adsa: Tar\u00adkoi\u00adtus on yksi k\u00e4yt\u00adt\u00f6\u00adtar\u00adkoi\u00adtuk\u00adsis\u00adta, jot\u00adka on lis\u00adtat\u00adtu sy\u00f6\u00adte\u00adkent\u00adtien k\u00e4yt\u00adt\u00f6\u00adtar\u00adkoi\u00adtus -osios\u00adsa. Ele\u00adment\u00adti on to\u00adteu\u00adtet\u00adtu k\u00e4yt\u00adt\u00e4en tek\u00adno\u00adlo\u00adgi\u00adaa, joka mah\u00addol\u00adlis\u00adtaa sy\u00f6\u00adte-ele\u00admen\u00adtin tar\u00adkoi\u00adtuk\u00adsen ku\u00advaa\u00admi\u00adsen. [&hellip;]<span class=\"moretag\">Lue lis\u00e4\u00e4&#8230;<\/span><\/p>\n","protected":false},"author":10,"featured_media":0,"parent":130,"menu_order":0,"comment_status":"closed","ping_status":"closed","template":"","meta":{"_acf_changed":false,"footnotes":""},"class_list":["post-203","page","type-page","status-publish","hentry"],"acf":[],"_links":{"self":[{"href":"https:\/\/papunet.net\/saavutettavuus\/wp-json\/wp\/v2\/pages\/203","targetHints":{"allow":["GET"]}}],"collection":[{"href":"https:\/\/papunet.net\/saavutettavuus\/wp-json\/wp\/v2\/pages"}],"about":[{"href":"https:\/\/papunet.net\/saavutettavuus\/wp-json\/wp\/v2\/types\/page"}],"author":[{"embeddable":true,"href":"https:\/\/papunet.net\/saavutettavuus\/wp-json\/wp\/v2\/users\/10"}],"replies":[{"embeddable":true,"href":"https:\/\/papunet.net\/saavutettavuus\/wp-json\/wp\/v2\/comments?post=203"}],"version-history":[{"count":0,"href":"https:\/\/papunet.net\/saavutettavuus\/wp-json\/wp\/v2\/pages\/203\/revisions"}],"up":[{"embeddable":true,"href":"https:\/\/papunet.net\/saavutettavuus\/wp-json\/wp\/v2\/pages\/130"}],"wp:attachment":[{"href":"https:\/\/papunet.net\/saavutettavuus\/wp-json\/wp\/v2\/media?parent=203"}],"curies":[{"name":"wp","href":"https:\/\/api.w.org\/{rel}","templated":true}]}}