{"id":206,"date":"2022-11-23T11:25:36","date_gmt":"2022-11-23T09:25:36","guid":{"rendered":"https:\/\/papunet.net\/saavutettavuus\/?page_id=206"},"modified":"2023-01-18T13:28:35","modified_gmt":"2023-01-18T11:28:35","slug":"1-4-2-audion-kontrollointi","status":"publish","type":"page","link":"https:\/\/papunet.net\/saavutettavuus\/ohjeita-ja-oppaita\/teknisen-saavutettavuuden-ohjeet-wcag\/wcag-2-2-saavutettavuusohjeet\/1-4-2-audion-kontrollointi\/","title":{"rendered":"1.4.2 Audion kontrollointi"},"content":{"rendered":"\n<h2>Kri\u00adtee\u00adri (taso A)<\/h2>\n<p>Jos jo\u00adkin \u00e4\u00e4ni verk\u00adko\u00adsi\u00advul\u00adla soi au\u00adto\u00admaat\u00adti\u00adses\u00adti kau\u00adem\u00admin kuin kol\u00adme se\u00adkun\u00adtia, k\u00e4y\u00adtet\u00adt\u00e4\u00advis\u00ads\u00e4 on joko <a href=\"https:\/\/www.w3.org\/Translations\/WCAG20-fi\/#mechanismdef\">me\u00adka\u00adnis\u00admi<\/a> \u00e4\u00e4\u00adnen kes\u00adkeyt\u00adt\u00e4\u00admi\u00adseen tai py\u00ads\u00e4yt\u00adt\u00e4\u00admi\u00adseen tai me\u00adka\u00adnis\u00admi \u00e4\u00e4\u00adnen voi\u00admak\u00adkuu\u00adden s\u00e4\u00e4\u00adt\u00e4\u00admi\u00adseen koko j\u00e4r\u00adjes\u00adtel\u00adm\u00e4n \u00e4\u00e4\u00adnen\u00advoi\u00admak\u00adkuu\u00adden s\u00e4\u00e4\u00add\u00f6s\u00adt\u00e4 riip\u00adpu\u00admat\u00adta.<\/p>\n<p>Huomautus: Kos\u00adka mik\u00e4 ta\u00adhan\u00adsa si\u00ads\u00e4l\u00adt\u00f6, joka ei t\u00e4y\u00adt\u00e4 t\u00e4t\u00e4 on\u00adnis\u00adtu\u00admis\u00adkri\u00adtee\u00adri\u00e4, voi hai\u00adta\u00adta k\u00e4yt\u00adt\u00e4\u00adj\u00e4n mah\u00addol\u00adli\u00adsuuk\u00adsia k\u00e4yt\u00adt\u00e4\u00e4 koko si\u00advua, t\u00e4y\u00adtyy kai\u00adken verk\u00adko\u00adsi\u00advun si\u00ads\u00e4l\u00adl\u00f6n (riip\u00adpu\u00admat\u00adta sii\u00adt\u00e4, k\u00e4y\u00adte\u00adt\u00e4\u00e4n\u00adk\u00f6 sit\u00e4 t\u00e4yt\u00adt\u00e4\u00adm\u00e4\u00e4n mui\u00adta on\u00adnis\u00adtu\u00admis\u00adkri\u00adtee\u00adrei\u00adt\u00e4 vai ei) t\u00e4yt\u00adt\u00e4\u00e4 t\u00e4m\u00e4 on\u00adnis\u00adtu\u00admis\u00adkri\u00adtee\u00adri. Kat\u00adso <a href=\"https:\/\/www.w3.org\/Translations\/WCAG20-fi\/#cc5\">oh\u00adjei\u00adden\u00admu\u00adkai\u00adsuu\u00adden vaa\u00adti\u00admus 5: H\u00e4i\u00adri\u00f6t\u00adt\u00f6\u00admyys<\/a>.<\/p>\n<p><a href=\"https:\/\/www.w3.org\/Translations\/WCAG20-fi\/#visual-audio-contrast-dis-audio\">Lue li\u00ads\u00e4\u00e4 W3:n si\u00advuil\u00adta.<\/a><\/p>\n<h2>Ku\u00advaus<\/h2>\n<p>Onko verk\u00adko\u00adsi\u00advul\u00adla me\u00adka\u00adnis\u00admi \u00e4\u00e4\u00adnen py\u00ads\u00e4yt\u00adt\u00e4\u00admi\u00adsek\u00adsi, hil\u00adjen\u00adt\u00e4\u00admi\u00adsek\u00adsi tai sen voi\u00admak\u00adkuu\u00adden s\u00e4\u00e4\u00adt\u00e4\u00admi\u00adsek\u00adsi, jos se k\u00e4yn\u00adnis\u00adtyy au\u00adto\u00admaat\u00adti\u00adses\u00adti ja soi yli 3 se\u00adkun\u00adtia? Huo\u00admioi\u00adta\u00advaa: si\u00advun avaa\u00admi\u00adsen yh\u00adtey\u00addes\u00ads\u00e4 ei si\u00advus\u00adtol\u00adla kan\u00adna\u00adta soit\u00adtaa tai esit\u00adt\u00e4\u00e4 \u00e4\u00e4n\u00adt\u00e4, vaik\u00adka sen py\u00ads\u00e4yt\u00adt\u00e4\u00admi\u00adsek\u00adsi oli\u00adsi\u00adkin to\u00adteu\u00adtet\u00adtu rat\u00adkai\u00adsu, kos\u00adka soi\u00adva \u00e4\u00e4ni voi h\u00e4i\u00adri\u00adt\u00e4 \u00e4\u00e4\u00adni\u00adse\u00adlain\u00adta k\u00e4yt\u00adt\u00e4\u00adv\u00e4n hen\u00adki\u00adl\u00f6n ky\u00adky\u00e4 py\u00ads\u00e4yt\u00adt\u00e4\u00e4 se.<\/p>\n<h2>Mi\u00adten tar\u00adkis\u00adte\u00adtaan<\/h2>\n<p>Jos si\u00advus\u00adtol\u00adla soi \u00e4\u00e4ni yli kol\u00adme se\u00adkun\u00adtia, tar\u00adkis\u00adta, ett\u00e4 verk\u00adko\u00adsi\u00advul\u00adla on me\u00adka\u00adnis\u00admi \u00e4\u00e4\u00adnen py\u00ads\u00e4yt\u00adt\u00e4\u00admi\u00adsek\u00adsi, kes\u00adkeyt\u00adt\u00e4\u00admi\u00adsek\u00adsi, hil\u00adjen\u00adt\u00e4\u00admi\u00adsek\u00adsi tai sen voi\u00admak\u00adkuu\u00adden s\u00e4\u00e4\u00adt\u00e4\u00admi\u00adsek\u00adsi.<\/p>\n\n","protected":false},"excerpt":{"rendered":"<p>Kri\u00adtee\u00adri (taso A) Jos jo\u00adkin \u00e4\u00e4ni verk\u00adko\u00adsi\u00advul\u00adla soi au\u00adto\u00admaat\u00adti\u00adses\u00adti kau\u00adem\u00admin kuin kol\u00adme se\u00adkun\u00adtia, k\u00e4y\u00adtet\u00adt\u00e4\u00advis\u00ads\u00e4 on joko me\u00adka\u00adnis\u00admi \u00e4\u00e4\u00adnen kes\u00adkeyt\u00adt\u00e4\u00admi\u00adseen tai py\u00ads\u00e4yt\u00adt\u00e4\u00admi\u00adseen tai me\u00adka\u00adnis\u00admi \u00e4\u00e4\u00adnen voi\u00admak\u00adkuu\u00adden s\u00e4\u00e4\u00adt\u00e4\u00admi\u00adseen koko j\u00e4r\u00adjes\u00adtel\u00adm\u00e4n \u00e4\u00e4\u00adnen\u00advoi\u00admak\u00adkuu\u00adden s\u00e4\u00e4\u00add\u00f6s\u00adt\u00e4 riip\u00adpu\u00admat\u00adta. Huomautus: Kos\u00adka mik\u00e4 ta\u00adhan\u00adsa si\u00ads\u00e4l\u00adt\u00f6, [&hellip;]<span class=\"moretag\">Lue lis\u00e4\u00e4&#8230;<\/span><\/p>\n","protected":false},"author":10,"featured_media":0,"parent":130,"menu_order":0,"comment_status":"closed","ping_status":"closed","template":"","meta":{"_acf_changed":false,"footnotes":""},"class_list":["post-206","page","type-page","status-publish","hentry"],"acf":[],"_links":{"self":[{"href":"https:\/\/papunet.net\/saavutettavuus\/wp-json\/wp\/v2\/pages\/206","targetHints":{"allow":["GET"]}}],"collection":[{"href":"https:\/\/papunet.net\/saavutettavuus\/wp-json\/wp\/v2\/pages"}],"about":[{"href":"https:\/\/papunet.net\/saavutettavuus\/wp-json\/wp\/v2\/types\/page"}],"author":[{"embeddable":true,"href":"https:\/\/papunet.net\/saavutettavuus\/wp-json\/wp\/v2\/users\/10"}],"replies":[{"embeddable":true,"href":"https:\/\/papunet.net\/saavutettavuus\/wp-json\/wp\/v2\/comments?post=206"}],"version-history":[{"count":0,"href":"https:\/\/papunet.net\/saavutettavuus\/wp-json\/wp\/v2\/pages\/206\/revisions"}],"up":[{"embeddable":true,"href":"https:\/\/papunet.net\/saavutettavuus\/wp-json\/wp\/v2\/pages\/130"}],"wp:attachment":[{"href":"https:\/\/papunet.net\/saavutettavuus\/wp-json\/wp\/v2\/media?parent=206"}],"curies":[{"name":"wp","href":"https:\/\/api.w.org\/{rel}","templated":true}]}}