{"id":213,"date":"2022-11-23T14:18:42","date_gmt":"2022-11-23T12:18:42","guid":{"rendered":"https:\/\/papunet.net\/saavutettavuus\/?page_id=213"},"modified":"2023-01-18T13:58:27","modified_gmt":"2023-01-18T11:58:27","slug":"1-4-9-tekstia-esittavat-kuvat-ei-poikkeusta","status":"publish","type":"page","link":"https:\/\/papunet.net\/saavutettavuus\/ohjeita-ja-oppaita\/teknisen-saavutettavuuden-ohjeet-wcag\/wcag-2-2-saavutettavuusohjeet\/1-4-9-tekstia-esittavat-kuvat-ei-poikkeusta\/","title":{"rendered":"1.4.9 Teksti\u00e4 esitt\u00e4v\u00e4t kuvat (ei poikkeusta)"},"content":{"rendered":"\n<h2>Kri\u00adtee\u00adrin taso: AAA<\/h2>\n<h2>Ku\u00advaus<\/h2>\n<p><a href=\"https:\/\/www.w3.org\/Translations\/WCAG20-fi\/#images-of-textdef\">Teks\u00adti\u00e4 esit\u00adt\u00e4\u00advi\u00e4 ku\u00advia<\/a> k\u00e4y\u00adte\u00adt\u00e4\u00e4n <a href=\"https:\/\/www.w3.org\/Translations\/WCAG20-fi\/#puredecdef\">yk\u00adsi\u00adno\u00admaan ko\u00adris\u00adtee\u00adna<\/a> tai sil\u00adloin, kun tiet\u00adty <a href=\"https:\/\/www.w3.org\/Translations\/WCAG20-fi\/#textdef\">teks\u00adtin<\/a> esi\u00adtys\u00adta\u00adpa on <a href=\"https:\/\/www.w3.org\/Translations\/WCAG20-fi\/#essentialdef\">olen\u00adnai\u00adnen<\/a> in\u00adfor\u00admaa\u00adtion v\u00e4\u00adlit\u00adty\u00admi\u00adsek\u00adsi.<\/p>\n<p><em>Huomautus<\/em>: lo\u00adgo\u00adtyy\u00adpit (teks\u00adti, joka on osa lo\u00adgoa tai br\u00e4n\u00addin ni\u00adme\u00e4) tul\u00adki\u00adtaan olen\u00adnai\u00adsik\u00adsi.<\/p>\n<p><a href=\"https:\/\/www.w3.org\/Translations\/WCAG20-fi\/#visual-audio-contrast-text-images\">Lue li\u00ads\u00e4\u00e4 W3:n si\u00advuil\u00adta.<\/a><\/p>\n\n","protected":false},"excerpt":{"rendered":"<p>Kri\u00adtee\u00adrin taso: AAA Ku\u00advaus Teks\u00adti\u00e4 esit\u00adt\u00e4\u00advi\u00e4 ku\u00advia k\u00e4y\u00adte\u00adt\u00e4\u00e4n yk\u00adsi\u00adno\u00admaan ko\u00adris\u00adtee\u00adna tai sil\u00adloin, kun tiet\u00adty teks\u00adtin esi\u00adtys\u00adta\u00adpa on olen\u00adnai\u00adnen in\u00adfor\u00admaa\u00adtion v\u00e4\u00adlit\u00adty\u00admi\u00adsek\u00adsi. Huomautus: lo\u00adgo\u00adtyy\u00adpit (teks\u00adti, joka on osa lo\u00adgoa tai br\u00e4n\u00addin ni\u00adme\u00e4) tul\u00adki\u00adtaan olen\u00adnai\u00adsik\u00adsi. Lue li\u00ads\u00e4\u00e4 W3:n si\u00advuil\u00adta.<\/p>\n","protected":false},"author":10,"featured_media":0,"parent":130,"menu_order":0,"comment_status":"closed","ping_status":"closed","template":"","meta":{"_acf_changed":false,"footnotes":""},"class_list":["post-213","page","type-page","status-publish","hentry"],"acf":[],"_links":{"self":[{"href":"https:\/\/papunet.net\/saavutettavuus\/wp-json\/wp\/v2\/pages\/213","targetHints":{"allow":["GET"]}}],"collection":[{"href":"https:\/\/papunet.net\/saavutettavuus\/wp-json\/wp\/v2\/pages"}],"about":[{"href":"https:\/\/papunet.net\/saavutettavuus\/wp-json\/wp\/v2\/types\/page"}],"author":[{"embeddable":true,"href":"https:\/\/papunet.net\/saavutettavuus\/wp-json\/wp\/v2\/users\/10"}],"replies":[{"embeddable":true,"href":"https:\/\/papunet.net\/saavutettavuus\/wp-json\/wp\/v2\/comments?post=213"}],"version-history":[{"count":0,"href":"https:\/\/papunet.net\/saavutettavuus\/wp-json\/wp\/v2\/pages\/213\/revisions"}],"up":[{"embeddable":true,"href":"https:\/\/papunet.net\/saavutettavuus\/wp-json\/wp\/v2\/pages\/130"}],"wp:attachment":[{"href":"https:\/\/papunet.net\/saavutettavuus\/wp-json\/wp\/v2\/media?parent=213"}],"curies":[{"name":"wp","href":"https:\/\/api.w.org\/{rel}","templated":true}]}}