{"id":221,"date":"2022-11-25T11:02:20","date_gmt":"2022-11-25T09:02:20","guid":{"rendered":"https:\/\/papunet.net\/saavutettavuus\/?page_id=221"},"modified":"2023-01-19T13:42:47","modified_gmt":"2023-01-19T11:42:47","slug":"2-1-1-nappaimisto","status":"publish","type":"page","link":"https:\/\/papunet.net\/saavutettavuus\/ohjeita-ja-oppaita\/teknisen-saavutettavuuden-ohjeet-wcag\/wcag-2-2-saavutettavuusohjeet\/2-1-1-nappaimisto\/","title":{"rendered":"2.1.1 N\u00e4pp\u00e4imist\u00f6"},"content":{"rendered":"\n<h2>Kri\u00adtee\u00adri (taso A)<\/h2>\n<p>Kaik\u00adki si\u00ads\u00e4l\u00adl\u00f6n <a href=\"https:\/\/www.w3.org\/Translations\/WCAG20-fi\/#functiondef\">toi\u00admin\u00adnal\u00adli\u00adsuus<\/a> on hal\u00adlit\u00adta\u00advis\u00adsa <a href=\"https:\/\/www.w3.org\/Translations\/WCAG20-fi\/#keybrd-interfacedef\">n\u00e4p\u00adp\u00e4i\u00admis\u00adt\u00f6\u00adra\u00adja\u00adpin\u00adnan<\/a> v\u00e4\u00adli\u00adtyk\u00adsel\u00adl\u00e4 il\u00adman vaa\u00adti\u00admus\u00adta yk\u00adsit\u00adt\u00e4is\u00adten n\u00e4p\u00adp\u00e4in\u00adpai\u00adnal\u00adlus\u00adten eri\u00adtyi\u00adses\u00adt\u00e4 ajoit\u00adta\u00admi\u00adses\u00adta, pait\u00adsi kun alla ole\u00adva toi\u00admin\u00adnal\u00adli\u00adsuus vaa\u00adtii sy\u00f6\u00adtet\u00adt\u00e4, joka riip\u00adpuu k\u00e4yt\u00adt\u00e4\u00adj\u00e4n liik\u00adkei\u00adden po\u00adlus\u00adta eik\u00e4 vain p\u00e4\u00e4\u00adte\u00adpis\u00adteis\u00adt\u00e4.<\/p>\n<p><em>Huomautus 1<\/em>: T\u00e4m\u00e4 poik\u00adkeus liit\u00adtyy so\u00advel\u00adluk\u00adsen toi\u00admin\u00adtoon, ei sy\u00f6\u00adte\u00adtek\u00adniik\u00adkaan. Esi\u00admer\u00adkik\u00adsi k\u00e4y\u00adtet\u00adt\u00e4es\u00ads\u00e4 k\u00e4\u00adsin\u00adkir\u00adjoi\u00adtet\u00adtua teks\u00adti\u00e4 sy\u00f6t\u00adtee\u00adn\u00e4, sy\u00f6\u00adte\u00adtek\u00adniik\u00adka (k\u00e4\u00adsia\u00adla) vaa\u00adtii po\u00adlus\u00adta riip\u00adpu\u00advaa sy\u00f6\u00adtet\u00adt\u00e4, kun taas so\u00advel\u00adluk\u00adsen toi\u00admin\u00adnal\u00adli\u00adsuus (teks\u00adtin sy\u00f6t\u00adt\u00f6) ei sit\u00e4 vaa\u00addi.<\/p>\n<p><em>Huomautus 2<\/em>: T\u00e4m\u00e4 ei kiel\u00adl\u00e4 eik\u00e4 t\u00e4\u00adm\u00e4n pi\u00adt\u00e4i\u00adsi lan\u00adnis\u00adtaa k\u00e4yt\u00adt\u00e4\u00adm\u00e4s\u00adt\u00e4 n\u00e4p\u00adp\u00e4i\u00admis\u00adt\u00f6n li\u00ads\u00e4k\u00adsi hii\u00adreen pe\u00adrus\u00adtu\u00advaa sy\u00f6\u00adtet\u00adt\u00e4 tai mui\u00adta sy\u00f6\u00adte\u00adme\u00adne\u00adtel\u00admi\u00e4.<\/p>\n<p><a href=\"https:\/\/www.w3.org\/Translations\/WCAG20-fi\/#keyboard-operation-keyboard-operable\">Lue li\u00ads\u00e4\u00e4 W3:n si\u00advuil\u00adta.<\/a><\/p>\n<h2>Ku\u00advaus<\/h2>\n<p>Si\u00advun kaik\u00adki toi\u00admin\u00adnot ovat k\u00e4y\u00adtet\u00adt\u00e4\u00advis\u00ads\u00e4 n\u00e4p\u00adp\u00e4i\u00admis\u00adt\u00f6n kaut\u00adta. Huo\u00admioi\u00adta\u00advaa:<\/p>\n<ul>\n<li>N\u00e4p\u00adp\u00e4i\u00admis\u00adt\u00f6n k\u00e4yt\u00adt\u00e4\u00admi\u00adnen ei saa riip\u00adpua n\u00e4p\u00adp\u00e4in\u00adpai\u00adnal\u00adlus\u00adten ajoit\u00adta\u00admi\u00adses\u00adta.<\/li>\n<li>Kri\u00adtee\u00adri ei kos\u00adke tek\u00adnii\u00adkoi\u00adta, joi\u00adta on mah\u00addo\u00adton\u00adta suo\u00adrit\u00adtaa n\u00e4p\u00adp\u00e4i\u00admis\u00adt\u00f6l\u00adl\u00e4 (esi\u00admer\u00adkik\u00adsi va\u00adpaal\u00adla k\u00e4\u00addel\u00adl\u00e4 piir\u00adt\u00e4\u00admi\u00adnen).<\/li>\n<\/ul>\n<p>Tie\u00addok\u00adsi:<\/p>\n<ul>\n<li>Si\u00advu\u00adkoh\u00adtai\u00adset pi\u00adka\u00adtoi\u00admin\u00adto\u00adn\u00e4p\u00adp\u00e4i\u00adnyh\u00addis\u00adtel\u00adm\u00e4t tai access\u00ad key -\u00adomi\u00adnai\u00adsuu\u00adden k\u00e4yt\u00adt\u00e4\u00admi\u00adnen ei\u00adv\u00e4t saa h\u00e4i\u00adri\u00adt\u00e4 se\u00adlain\u00adten tai ruu\u00addun\u00adlu\u00adkuoh\u00adjel\u00adman n\u00e4p\u00adp\u00e4in\u00adtoi\u00admin\u00adto\u00adjen k\u00e4yt\u00adt\u00f6\u00e4. Access \u00adkey\u00ad -omi\u00adnai\u00adsuu\u00adden k\u00e4yt\u00adt\u00e4\u00admi\u00adnen ei yleen\u00ads\u00e4 ole tar\u00adpeel\u00adlis\u00adta tai suo\u00adsi\u00adtel\u00adta\u00advaa.<\/li>\n<\/ul>\n\n","protected":false},"excerpt":{"rendered":"<p>Kri\u00adtee\u00adri (taso A) Kaik\u00adki si\u00ads\u00e4l\u00adl\u00f6n toi\u00admin\u00adnal\u00adli\u00adsuus on hal\u00adlit\u00adta\u00advis\u00adsa n\u00e4p\u00adp\u00e4i\u00admis\u00adt\u00f6\u00adra\u00adja\u00adpin\u00adnan v\u00e4\u00adli\u00adtyk\u00adsel\u00adl\u00e4 il\u00adman vaa\u00adti\u00admus\u00adta yk\u00adsit\u00adt\u00e4is\u00adten n\u00e4p\u00adp\u00e4in\u00adpai\u00adnal\u00adlus\u00adten eri\u00adtyi\u00adses\u00adt\u00e4 ajoit\u00adta\u00admi\u00adses\u00adta, pait\u00adsi kun alla ole\u00adva toi\u00admin\u00adnal\u00adli\u00adsuus vaa\u00adtii sy\u00f6\u00adtet\u00adt\u00e4, joka riip\u00adpuu k\u00e4yt\u00adt\u00e4\u00adj\u00e4n liik\u00adkei\u00adden po\u00adlus\u00adta eik\u00e4 vain p\u00e4\u00e4\u00adte\u00adpis\u00adteis\u00adt\u00e4. Huomautus 1: T\u00e4m\u00e4 poik\u00adkeus liit\u00adtyy [&hellip;]<span class=\"moretag\">Lue lis\u00e4\u00e4&#8230;<\/span><\/p>\n","protected":false},"author":10,"featured_media":0,"parent":130,"menu_order":0,"comment_status":"closed","ping_status":"closed","template":"","meta":{"_acf_changed":false,"footnotes":""},"class_list":["post-221","page","type-page","status-publish","hentry"],"acf":[],"_links":{"self":[{"href":"https:\/\/papunet.net\/saavutettavuus\/wp-json\/wp\/v2\/pages\/221","targetHints":{"allow":["GET"]}}],"collection":[{"href":"https:\/\/papunet.net\/saavutettavuus\/wp-json\/wp\/v2\/pages"}],"about":[{"href":"https:\/\/papunet.net\/saavutettavuus\/wp-json\/wp\/v2\/types\/page"}],"author":[{"embeddable":true,"href":"https:\/\/papunet.net\/saavutettavuus\/wp-json\/wp\/v2\/users\/10"}],"replies":[{"embeddable":true,"href":"https:\/\/papunet.net\/saavutettavuus\/wp-json\/wp\/v2\/comments?post=221"}],"version-history":[{"count":0,"href":"https:\/\/papunet.net\/saavutettavuus\/wp-json\/wp\/v2\/pages\/221\/revisions"}],"up":[{"embeddable":true,"href":"https:\/\/papunet.net\/saavutettavuus\/wp-json\/wp\/v2\/pages\/130"}],"wp:attachment":[{"href":"https:\/\/papunet.net\/saavutettavuus\/wp-json\/wp\/v2\/media?parent=221"}],"curies":[{"name":"wp","href":"https:\/\/api.w.org\/{rel}","templated":true}]}}