{"id":222,"date":"2022-11-25T11:05:25","date_gmt":"2022-11-25T09:05:25","guid":{"rendered":"https:\/\/papunet.net\/saavutettavuus\/?page_id=222"},"modified":"2023-02-01T12:54:24","modified_gmt":"2023-02-01T10:54:24","slug":"2-1-2-ei-nappaimistoa-ansa","status":"publish","type":"page","link":"https:\/\/papunet.net\/saavutettavuus\/ohjeita-ja-oppaita\/teknisen-saavutettavuuden-ohjeet-wcag\/wcag-2-2-saavutettavuusohjeet\/2-1-2-ei-nappaimistoa-ansa\/","title":{"rendered":"2.1.2 Ei n\u00e4pp\u00e4imist\u00f6\u00e4 -ansa"},"content":{"rendered":"\n<h2>Kri\u00adtee\u00adri (taso A)<\/h2>\n<p>Jos n\u00e4p\u00adp\u00e4i\u00admis\u00adt\u00f6n fo\u00adkus voi\u00addaan siir\u00adt\u00e4\u00e4 si\u00advun kom\u00adpo\u00adnen\u00adtil\u00adle <a href=\"https:\/\/www.w3.org\/Translations\/WCAG20-fi\/#keybrd-interfacedef\">n\u00e4p\u00adp\u00e4i\u00admis\u00adt\u00f6\u00adra\u00adja\u00adpin\u00adtaa<\/a> k\u00e4yt\u00adt\u00e4\u00adm\u00e4l\u00adl\u00e4, niin fo\u00adkus voi\u00addaan siir\u00adt\u00e4\u00e4 my\u00f6s pois ky\u00adsei\u00adsel\u00adt\u00e4 kom\u00adpo\u00adnen\u00adtil\u00adta pel\u00adk\u00e4s\u00adt\u00e4\u00e4n n\u00e4p\u00adp\u00e4i\u00admis\u00adt\u00f6\u00adra\u00adja\u00adpin\u00adtaa k\u00e4yt\u00adt\u00e4\u00adm\u00e4l\u00adl\u00e4. Mi\u00adk\u00e4\u00adli t\u00e4m\u00e4 vaa\u00adtii enem\u00adm\u00e4n kuin muut\u00adtu\u00admat\u00adto\u00admia nuo\u00adli- tai tab-n\u00e4p\u00adp\u00e4i\u00admi\u00e4 tai mui\u00adta stan\u00addar\u00addin\u00admu\u00adkai\u00adsia pois\u00adtu\u00admis\u00adme\u00adne\u00adtel\u00admi\u00e4, k\u00e4yt\u00adt\u00e4\u00adj\u00e4l\u00adle neu\u00advo\u00adtaan me\u00adne\u00adtel\u00adm\u00e4 fo\u00adkuk\u00adsen pois\u00adsiir\u00adt\u00e4\u00admi\u00adsek\u00adsi.<\/p>\n<p>Huomautus: Kos\u00adka mik\u00e4 ta\u00adhan\u00adsa si\u00ads\u00e4l\u00adt\u00f6, joka ei t\u00e4y\u00adt\u00e4 t\u00e4t\u00e4 on\u00adnis\u00adtu\u00admis\u00adkri\u00adtee\u00adri\u00e4, voi hai\u00adta\u00adta k\u00e4yt\u00adt\u00e4\u00adj\u00e4n mah\u00addol\u00adli\u00adsuuk\u00adsia k\u00e4yt\u00adt\u00e4\u00e4 koko si\u00advua, t\u00e4y\u00adtyy kai\u00adken verk\u00adko\u00adsi\u00advun si\u00ads\u00e4l\u00adl\u00f6n (riip\u00adpu\u00admat\u00adta sii\u00adt\u00e4 k\u00e4y\u00adte\u00adt\u00e4\u00e4n\u00adk\u00f6 sit\u00e4 t\u00e4yt\u00adt\u00e4\u00adm\u00e4\u00e4n mui\u00adta on\u00adnis\u00adtu\u00admis\u00adkri\u00adtee\u00adrei\u00adt\u00e4 vai ei) t\u00e4yt\u00adt\u00e4\u00e4 t\u00e4m\u00e4 on\u00adnis\u00adtu\u00admis\u00adkri\u00adtee\u00adri. Kat\u00adso <a href=\"https:\/\/www.w3.org\/Translations\/WCAG20-fi\/#cc5\">oh\u00adjei\u00adden\u00admu\u00adkai\u00adsuu\u00adden vaa\u00adti\u00admus 5: H\u00e4i\u00adri\u00f6t\u00adt\u00f6\u00admyys<\/a>.<\/p>\n<p><a href=\"https:\/\/www.w3.org\/Translations\/WCAG20-fi\/#keyboard-operation-trapping\">Lue li\u00ads\u00e4\u00e4 W3:n si\u00advuil\u00adta.<\/a><\/p>\n<h2>Ku\u00advaus<\/h2>\n<p>N\u00e4p\u00adp\u00e4i\u00admis\u00adt\u00f6n fo\u00adkus ei mil\u00adloin\u00adkaan lu\u00adki\u00adtu si\u00advun mi\u00adhin\u00adk\u00e4\u00e4n ele\u00adment\u00adtiin. Jos n\u00e4p\u00adp\u00e4i\u00admis\u00adt\u00f6l\u00adl\u00e4 voi\u00addaan siir\u00adty\u00e4 jo\u00adhon\u00adkin si\u00advun ele\u00adment\u00adtiin, sii\u00adt\u00e4 on mah\u00addol\u00adlis\u00adta siirty\u00e4 n\u00e4p\u00adp\u00e4i\u00admis\u00adt\u00f6n avul\u00adla my\u00f6s pois. T\u00e4m\u00e4 kri\u00adtee\u00adri ei ota kan\u00adtaa sii\u00adhen, onko n\u00e4p\u00adp\u00e4i\u00admis\u00adt\u00f6n avul\u00adla mah\u00addol\u00adlis\u00adta p\u00e4\u00e4s\u00adt\u00e4 kaik\u00adkiin si\u00advun fo\u00adkusoi\u00adta\u00adviin ele\u00adment\u00adtei\u00adhin. Olen\u00adnais\u00adta on vain se, ett\u00e4 fo\u00adkus ei j\u00e4\u00e4 ju\u00admiin. Huo\u00admioi\u00adta\u00advaa: mi\u00adk\u00e4\u00adli fo\u00adkus on siir\u00adret\u00adt\u00e4\u00advis\u00ads\u00e4 ele\u00admen\u00adtis\u00adt\u00e4 jo\u00adten\u00adkin muu\u00adten kuin ylei\u00adsim\u00admil\u00adl\u00e4 ta\u00advoil\u00adla (esim. nuo\u00adli\u00ad-, tab-\u00ad tai Esc-n\u00e4p\u00adp\u00e4i\u00admil\u00adl\u00e4), t\u00e4s\u00adt\u00e4 oh\u00adjeis\u00adte\u00adtaan k\u00e4yt\u00adt\u00e4\u00adj\u00e4\u00e4.<\/p>\n<h2>Mi\u00adten tar\u00adkis\u00adte\u00adtaan<\/h2>\n<p>K\u00e4y ta\u00adbu\u00adlaat\u00adto\u00adri\u00ad- ja nuo\u00adli\u00adn\u00e4p\u00adp\u00e4i\u00admil\u00adl\u00e4 verk\u00adko\u00adsi\u00advu l\u00e4pi. Si\u00adnun pi\u00adt\u00e4\u00e4 pys\u00adty\u00e4 liik\u00adku\u00admaan si\u00advus\u00adtol\u00adla han\u00adka\u00adluuk\u00adsit\u00adta. Eri\u00adtyi\u00adsen on\u00adgel\u00admal\u00adli\u00adsik\u00adsi ovat osoit\u00adtau\u00adtu\u00adneet mo\u00adnet ylei\u00adses\u00adti k\u00e4y\u00adt\u00f6s\u00ads\u00e4 ole\u00advat Ja\u00advaSc\u00adript-\u00adpoh\u00adjai\u00adset \u201dsli\u00adder\u201d- tai \u201dsc\u00adrol\u00adler\u201d-\u00adso\u00advel\u00adluk\u00adset, joil\u00adla esi\u00adte\u00adt\u00e4\u00e4n ku\u00adva\u00adsar\u00adjo\u00adja si\u00advun jos\u00adsain ele\u00admen\u00adtis\u00ads\u00e4. Mi\u00adk\u00e4\u00adli si\u00advus\u00adtol\u00adla k\u00e4y\u00adte\u00adt\u00e4\u00e4n t\u00e4l\u00adlais\u00adta so\u00advel\u00adlus\u00adta, sen toi\u00admi\u00advuus n\u00e4p\u00adp\u00e4i\u00admis\u00adt\u00f6l\u00adl\u00e4 kan\u00adnat\u00adtaa aina tar\u00adkis\u00adtaa.<\/p>\n\n","protected":false},"excerpt":{"rendered":"<p>Kri\u00adtee\u00adri (taso A) Jos n\u00e4p\u00adp\u00e4i\u00admis\u00adt\u00f6n fo\u00adkus voi\u00addaan siir\u00adt\u00e4\u00e4 si\u00advun kom\u00adpo\u00adnen\u00adtil\u00adle n\u00e4p\u00adp\u00e4i\u00admis\u00adt\u00f6\u00adra\u00adja\u00adpin\u00adtaa k\u00e4yt\u00adt\u00e4\u00adm\u00e4l\u00adl\u00e4, niin fo\u00adkus voi\u00addaan siir\u00adt\u00e4\u00e4 my\u00f6s pois ky\u00adsei\u00adsel\u00adt\u00e4 kom\u00adpo\u00adnen\u00adtil\u00adta pel\u00adk\u00e4s\u00adt\u00e4\u00e4n n\u00e4p\u00adp\u00e4i\u00admis\u00adt\u00f6\u00adra\u00adja\u00adpin\u00adtaa k\u00e4yt\u00adt\u00e4\u00adm\u00e4l\u00adl\u00e4. Mi\u00adk\u00e4\u00adli t\u00e4m\u00e4 vaa\u00adtii enem\u00adm\u00e4n kuin muut\u00adtu\u00admat\u00adto\u00admia nuo\u00adli- tai tab-n\u00e4p\u00adp\u00e4i\u00admi\u00e4 tai mui\u00adta stan\u00addar\u00addin\u00admu\u00adkai\u00adsia pois\u00adtu\u00admis\u00adme\u00adne\u00adtel\u00admi\u00e4, [&hellip;]<span class=\"moretag\">Lue lis\u00e4\u00e4&#8230;<\/span><\/p>\n","protected":false},"author":10,"featured_media":0,"parent":130,"menu_order":0,"comment_status":"closed","ping_status":"closed","template":"","meta":{"_acf_changed":false,"footnotes":""},"class_list":["post-222","page","type-page","status-publish","hentry"],"acf":[],"_links":{"self":[{"href":"https:\/\/papunet.net\/saavutettavuus\/wp-json\/wp\/v2\/pages\/222","targetHints":{"allow":["GET"]}}],"collection":[{"href":"https:\/\/papunet.net\/saavutettavuus\/wp-json\/wp\/v2\/pages"}],"about":[{"href":"https:\/\/papunet.net\/saavutettavuus\/wp-json\/wp\/v2\/types\/page"}],"author":[{"embeddable":true,"href":"https:\/\/papunet.net\/saavutettavuus\/wp-json\/wp\/v2\/users\/10"}],"replies":[{"embeddable":true,"href":"https:\/\/papunet.net\/saavutettavuus\/wp-json\/wp\/v2\/comments?post=222"}],"version-history":[{"count":0,"href":"https:\/\/papunet.net\/saavutettavuus\/wp-json\/wp\/v2\/pages\/222\/revisions"}],"up":[{"embeddable":true,"href":"https:\/\/papunet.net\/saavutettavuus\/wp-json\/wp\/v2\/pages\/130"}],"wp:attachment":[{"href":"https:\/\/papunet.net\/saavutettavuus\/wp-json\/wp\/v2\/media?parent=222"}],"curies":[{"name":"wp","href":"https:\/\/api.w.org\/{rel}","templated":true}]}}