{"id":225,"date":"2022-11-25T12:08:06","date_gmt":"2022-11-25T10:08:06","guid":{"rendered":"https:\/\/papunet.net\/saavutettavuus\/?page_id=225"},"modified":"2023-01-19T13:57:10","modified_gmt":"2023-01-19T11:57:10","slug":"2-2-1-saadettava-ajoitus","status":"publish","type":"page","link":"https:\/\/papunet.net\/saavutettavuus\/ohjeita-ja-oppaita\/teknisen-saavutettavuuden-ohjeet-wcag\/wcag-2-2-saavutettavuusohjeet\/2-2-1-saadettava-ajoitus\/","title":{"rendered":"2.2.1 S\u00e4\u00e4dett\u00e4v\u00e4 ajoitus"},"content":{"rendered":"\n<h2>Kri\u00adtee\u00adri (taso A)<\/h2>\n<p>Jo\u00adkai\u00adsel\u00adle si\u00ads\u00e4l\u00adl\u00f6n aset\u00adta\u00admal\u00adle ai\u00adka\u00adra\u00adjal\u00adle ai\u00adna\u00adkin yksi seu\u00adraa\u00advis\u00adta pi\u00adt\u00e4\u00e4 paik\u00adkan\u00adsa:<\/p>\n<ul>\n<li>Kytke pois p\u00e4\u00e4lt\u00e4: k\u00e4yt\u00adt\u00e4\u00adj\u00e4n sal\u00adli\u00adtaan kyt\u00adke\u00e4 ai\u00adka\u00adra\u00adja pois p\u00e4\u00e4l\u00adt\u00e4 en\u00adnen sen koh\u00adtaa\u00admis\u00adta.<\/li>\n<li>S\u00e4\u00e4d\u00e4: k\u00e4yt\u00adt\u00e4\u00adj\u00e4n sal\u00adli\u00adtaan s\u00e4\u00e4\u00adt\u00e4\u00e4 ai\u00adka\u00adra\u00adjaa en\u00adnen sen koh\u00adtaa\u00admis\u00adta laa\u00adjal\u00adla as\u00adtei\u00adkol\u00adla, joka on v\u00e4\u00adhin\u00adt\u00e4\u00e4n kym\u00adme\u00adnen ker\u00adtaa ole\u00adtus\u00ada\u00adse\u00adtuk\u00adsen pi\u00adtuus.<\/li>\n<li>Jatka: k\u00e4yt\u00adt\u00e4\u00adj\u00e4\u00e4 va\u00adroi\u00adte\u00adtaan en\u00adnen ajan lop\u00adpu\u00admis\u00adta, an\u00adne\u00adtaan v\u00e4\u00adhin\u00adt\u00e4\u00e4n 20 se\u00adkun\u00adtia ai\u00adkaa ai\u00adka\u00adra\u00adjan jat\u00adka\u00admi\u00adseen yk\u00adsin\u00adker\u00adtai\u00adsen toi\u00admin\u00adnon avul\u00adla (esi\u00admer\u00adkik\u00adsi \u201dpai\u00adna v\u00e4\u00adli\u00adly\u00f6n\u00adti\u00e4\u201d) ja k\u00e4yt\u00adt\u00e4\u00adj\u00e4n sal\u00adli\u00adtaan jat\u00adkaa ai\u00adka\u00adra\u00adjaa v\u00e4\u00adhin\u00adt\u00e4\u00e4n kym\u00adme\u00adnen ker\u00adtaa.<\/li>\n<li>Reaaliaikainen poikkeus: ai\u00adka\u00adra\u00adja on re\u00adaa\u00adliai\u00adkai\u00adsen ta\u00adpah\u00adtu\u00adman vaa\u00addit\u00adtu osa (esi\u00admer\u00adkik\u00adsi huu\u00adto\u00adkau\u00adpan) eik\u00e4 vaihtoehto ai\u00adka\u00adra\u00adjal\u00adle ole mah\u00addol\u00adli\u00adnen.<\/li>\n<li>Olennainen poikkeus: ai\u00adka\u00adra\u00adja on <a href=\"https:\/\/www.w3.org\/Translations\/WCAG20-fi\/#essentialdef\">olen\u00adnai\u00adnen<\/a> ja sen laa\u00adjen\u00adta\u00admi\u00adnen ku\u00admoai\u00adsi toi\u00admin\u00adnon.<\/li>\n<li>20 tunnin poikkeus: ai\u00adka\u00adra\u00adja on yli 20 tun\u00adtia.<\/li>\n<\/ul>\n<p><em>Huomautus<\/em>: T\u00e4m\u00e4 on\u00adnis\u00adtu\u00admis\u00adkri\u00adtee\u00adri aut\u00adtaa var\u00admis\u00adta\u00admaan, ett\u00e4 k\u00e4yt\u00adt\u00e4\u00adj\u00e4t voi\u00advat saat\u00adtaa teh\u00adt\u00e4\u00adv\u00e4t val\u00admiik\u00adsi il\u00adman odot\u00adta\u00admat\u00adto\u00admia ai\u00adka\u00adra\u00adjas\u00adta joh\u00adtu\u00advia muu\u00adtok\u00adsia si\u00ads\u00e4l\u00adl\u00f6s\u00ads\u00e4 tai kon\u00adteks\u00adtis\u00adsa. T\u00e4t\u00e4 on\u00adnis\u00adtu\u00admis\u00adkri\u00adtee\u00adri\u00e4 tu\u00adli\u00adsi tar\u00adkas\u00adtel\u00adla yh\u00addes\u00ads\u00e4 <a href=\"https:\/\/www.w3.org\/Translations\/WCAG20-fi\/#consistent-behavior-receive-focus\">on\u00adnis\u00adtu\u00admis\u00adkri\u00adtee\u00adrin 3.2.1<\/a> kans\u00adsa, joka ra\u00adjoit\u00adtaa k\u00e4yt\u00adt\u00e4\u00adj\u00e4n toi\u00admin\u00adnas\u00adta joh\u00adtu\u00advia si\u00ads\u00e4l\u00adl\u00f6n tai kon\u00adteks\u00adtin muu\u00adtok\u00adsia.<\/p>\n<p><a href=\"https:\/\/www.w3.org\/Translations\/WCAG20-fi\/#time-limits-required-behaviors\">Lue li\u00ads\u00e4\u00e4 W3:n si\u00advuil\u00adta.<\/a><\/p>\n<h2>Ku\u00advaus<\/h2>\n<p>Jos si\u00advul\u00adla tai so\u00advel\u00adluk\u00adsel\u00adla on ai\u00adka\u00adra\u00adja, onko k\u00e4yt\u00adt\u00e4\u00adj\u00e4n mah\u00addol\u00adlis\u00adta kyt\u00adke\u00e4 ai\u00adka\u00adra\u00adja pois p\u00e4\u00e4l\u00adt\u00e4, s\u00e4\u00e4\u00adt\u00e4\u00e4 sit\u00e4 tai jat\u00adkaa sit\u00e4? T\u00e4m\u00e4 vaa\u00adti\u00admus ei kos\u00adke:<\/p>\n<ul>\n<li>re\u00adaa\u00adliai\u00adkais\u00adta ta\u00adpah\u00adtu\u00admaa (esim. huu\u00adto\u00adkaup\u00adpaa)<\/li>\n<li>ti\u00adlan\u00adnet\u00adta, jos\u00adsa ai\u00adka\u00adra\u00adja ei ole pois\u00adtet\u00adta\u00advis\u00adsa il\u00adman ett\u00e4 ta\u00adpah\u00adtu\u00adma olen\u00adnai\u00adses\u00adti muut\u00adtuu<\/li>\n<li>ti\u00adlan\u00adnet\u00adta, jos\u00adsa ai\u00adka\u00adra\u00adja on yli 20 tun\u00adtia.<\/li>\n<\/ul>\n<p>Kri\u00adtee\u00adrin t\u00e4yt\u00adt\u00e4\u00adv\u00e4 esi\u00admerk\u00adki:<\/p>\n<ul>\n<li>Web-\u00adsivu k\u00e4yt\u00adt\u00e4\u00e4 Ja\u00advaSc\u00adript-\u00adtek\u00adnii\u00adkal\u00adla to\u00adteu\u00adtet\u00adtua ai\u00adka\u00adra\u00adjaa suo\u00adjaa\u00admaan k\u00e4yt\u00adt\u00e4\u00adji\u00e4, jot\u00adka mah\u00addol\u00adli\u00adses\u00adti pois\u00adtu\u00advat tie\u00adto\u00adko\u00adneen luo\u00adta. Mi\u00adk\u00e4\u00adli si\u00advua ei ole k\u00e4y\u00adtet\u00adty tiet\u00adtyyn het\u00adkeen, so\u00advel\u00adlus ky\u00adsyy tar\u00advit\u00adsee\u00adko k\u00e4yt\u00adt\u00e4\u00adj\u00e4 li\u00ads\u00e4\u00e4 ai\u00adkaa. Mi\u00adk\u00e4\u00adli k\u00e4yt\u00adt\u00e4\u00adj\u00e4 ei vas\u00adtaa, is\u00adtun\u00adto lo\u00adpe\u00adte\u00adtaan.<\/li>\n<\/ul>\n<h2>Mi\u00adten tar\u00adkis\u00adte\u00adtaan<\/h2>\n<p>Esi\u00admerk\u00adki: Sivu oh\u00adjau\u00adtuu vii\u00adden se\u00adkun\u00adnin ku\u00adlut\u00adtua si\u00advun avaa\u00admi\u00adses\u00adta uu\u00addel\u00adle si\u00advul\u00adle. K\u00e4yt\u00adt\u00e4\u00adj\u00e4l\u00adl\u00e4 ei ole mah\u00addol\u00adlis\u00adta vai\u00adkut\u00adtaa uu\u00addel\u00adlee\u00adnoh\u00adjauk\u00adseen eli t\u00e4m\u00e4 kri\u00adtee\u00adri ei t\u00e4y\u00adty.<\/p>\n\n","protected":false},"excerpt":{"rendered":"<p>Kri\u00adtee\u00adri (taso A) Jo\u00adkai\u00adsel\u00adle si\u00ads\u00e4l\u00adl\u00f6n aset\u00adta\u00admal\u00adle ai\u00adka\u00adra\u00adjal\u00adle ai\u00adna\u00adkin yksi seu\u00adraa\u00advis\u00adta pi\u00adt\u00e4\u00e4 paik\u00adkan\u00adsa: Kytke pois p\u00e4\u00e4lt\u00e4: k\u00e4yt\u00adt\u00e4\u00adj\u00e4n sal\u00adli\u00adtaan kyt\u00adke\u00e4 ai\u00adka\u00adra\u00adja pois p\u00e4\u00e4l\u00adt\u00e4 en\u00adnen sen koh\u00adtaa\u00admis\u00adta. S\u00e4\u00e4d\u00e4: k\u00e4yt\u00adt\u00e4\u00adj\u00e4n sal\u00adli\u00adtaan s\u00e4\u00e4\u00adt\u00e4\u00e4 ai\u00adka\u00adra\u00adjaa en\u00adnen sen koh\u00adtaa\u00admis\u00adta laa\u00adjal\u00adla as\u00adtei\u00adkol\u00adla, joka on [&hellip;]<span class=\"moretag\">Lue lis\u00e4\u00e4&#8230;<\/span><\/p>\n","protected":false},"author":10,"featured_media":0,"parent":130,"menu_order":0,"comment_status":"closed","ping_status":"closed","template":"","meta":{"_acf_changed":false,"footnotes":""},"class_list":["post-225","page","type-page","status-publish","hentry"],"acf":[],"_links":{"self":[{"href":"https:\/\/papunet.net\/saavutettavuus\/wp-json\/wp\/v2\/pages\/225","targetHints":{"allow":["GET"]}}],"collection":[{"href":"https:\/\/papunet.net\/saavutettavuus\/wp-json\/wp\/v2\/pages"}],"about":[{"href":"https:\/\/papunet.net\/saavutettavuus\/wp-json\/wp\/v2\/types\/page"}],"author":[{"embeddable":true,"href":"https:\/\/papunet.net\/saavutettavuus\/wp-json\/wp\/v2\/users\/10"}],"replies":[{"embeddable":true,"href":"https:\/\/papunet.net\/saavutettavuus\/wp-json\/wp\/v2\/comments?post=225"}],"version-history":[{"count":0,"href":"https:\/\/papunet.net\/saavutettavuus\/wp-json\/wp\/v2\/pages\/225\/revisions"}],"up":[{"embeddable":true,"href":"https:\/\/papunet.net\/saavutettavuus\/wp-json\/wp\/v2\/pages\/130"}],"wp:attachment":[{"href":"https:\/\/papunet.net\/saavutettavuus\/wp-json\/wp\/v2\/media?parent=225"}],"curies":[{"name":"wp","href":"https:\/\/api.w.org\/{rel}","templated":true}]}}