{"id":226,"date":"2022-11-25T12:52:52","date_gmt":"2022-11-25T10:52:52","guid":{"rendered":"https:\/\/papunet.net\/saavutettavuus\/?page_id=226"},"modified":"2023-01-19T14:02:26","modified_gmt":"2023-01-19T12:02:26","slug":"2-2-2-tauota-pysayta-piilota","status":"publish","type":"page","link":"https:\/\/papunet.net\/saavutettavuus\/ohjeita-ja-oppaita\/teknisen-saavutettavuuden-ohjeet-wcag\/wcag-2-2-saavutettavuusohjeet\/2-2-2-tauota-pysayta-piilota\/","title":{"rendered":"2.2.2 Tauota, pys\u00e4yt\u00e4, piilota"},"content":{"rendered":"\n<h2>Kri\u00adtee\u00adri (taso A)<\/h2>\n<p>Kaik\u00adki seu\u00adraa\u00advat pi\u00adt\u00e4\u00adv\u00e4t paik\u00adkan\u00adsa liik\u00adku\u00adval\u00adle, <a href=\"https:\/\/www.w3.org\/Translations\/WCAG20-fi\/#blinksdef\">vilk\u00adku\u00adval\u00adle<\/a>, vie\u00adri\u00adv\u00e4l\u00adle tai au\u00adto\u00admaat\u00adti\u00adses\u00adti p\u00e4i\u00advit\u00adty\u00adv\u00e4l\u00adle in\u00adfor\u00admaa\u00adtiol\u00adle:<\/p>\n<ul>\n<li>Liikkuva, vilkkuva, vieriv\u00e4: kai\u00adkel\u00adle liik\u00adku\u00adval\u00adle, vilk\u00adku\u00adval\u00adle tai vie\u00adri\u00adv\u00e4l\u00adle in\u00adfor\u00admaa\u00adtiol\u00adle, joka (1) k\u00e4yn\u00adnis\u00adtyy au\u00adto\u00admaat\u00adti\u00adses\u00adti, (2) kes\u00adt\u00e4\u00e4 yli vii\u00adsi se\u00adkun\u00adtia ja (3) esi\u00adte\u00adt\u00e4\u00e4n rin\u00adnak\u00adkain muun si\u00ads\u00e4l\u00adl\u00f6n kans\u00adsa, on ole\u00admas\u00adsa me\u00adka\u00adnis\u00admi, jon\u00adka avul\u00adla k\u00e4yt\u00adt\u00e4\u00adj\u00e4 voi <a href=\"https:\/\/www.w3.org\/Translations\/WCAG20-fi\/#pauseddef\">kes\u00adkeyt\u00adt\u00e4\u00e4<\/a>, py\u00ads\u00e4yt\u00adt\u00e4\u00e4 tai pii\u00adlot\u00adtaa sen, pait\u00adsi sil\u00adloin kun liik\u00adku\u00admi\u00adnen, vilk\u00adku\u00admi\u00adnen tai vie\u00adri\u00admi\u00adnen on <a href=\"https:\/\/www.w3.org\/Translations\/WCAG20-fi\/#essentialdef\">olen\u00adnai\u00adnen<\/a> osa toi\u00admin\u00adtoa.<\/li>\n<li>Automaattisesti p\u00e4ivittyv\u00e4: kai\u00adkel\u00adle au\u00adto\u00admaat\u00adti\u00adses\u00adti p\u00e4i\u00advit\u00adty\u00adv\u00e4l\u00adle in\u00adfor\u00admaa\u00adtiol\u00adle, joka (1) k\u00e4yn\u00adnis\u00adtyy au\u00adto\u00admaat\u00adti\u00adses\u00adti ja (2) esi\u00adte\u00adt\u00e4\u00e4n rin\u00adnak\u00adkain muun si\u00ads\u00e4l\u00adl\u00f6n kans\u00adsa, on ole\u00admas\u00adsa me\u00adka\u00adnis\u00admi, jon\u00adka avul\u00adla k\u00e4yt\u00adt\u00e4\u00adj\u00e4 voi kes\u00adkeyt\u00adt\u00e4\u00e4, py\u00ads\u00e4yt\u00adt\u00e4\u00e4 tai pii\u00adlot\u00adtaa sen tai hal\u00adli\u00adta sen p\u00e4i\u00advi\u00adtys\u00adti\u00adheyt\u00adt\u00e4, pait\u00adsi sil\u00adloin, kun au\u00adto\u00admaat\u00adti\u00adnen p\u00e4i\u00advit\u00adty\u00admi\u00adnen on olen\u00adnai\u00adnen osa toi\u00admin\u00adtoa.<\/li>\n<\/ul>\n<p><em>Huomautus 1<\/em>: tar\u00adkis\u00adta v\u00e4lk\u00adky\u00adv\u00e4\u00e4n tai v\u00e4\u00adl\u00e4h\u00adte\u00adle\u00adv\u00e4\u00e4n si\u00ads\u00e4l\u00adt\u00f6\u00f6n liit\u00adty\u00adv\u00e4t vaa\u00adti\u00admuk\u00adset <a href=\"https:\/\/www.w3.org\/Translations\/WCAG20-fi\/#seizure\">oh\u00adjees\u00adta 2.3<\/a>.<\/p>\n<p><em>Huomautus 2<\/em>: Kos\u00adka mik\u00e4 ta\u00adhan\u00adsa si\u00ads\u00e4l\u00adt\u00f6, joka ei t\u00e4y\u00adt\u00e4 t\u00e4t\u00e4 on\u00adnis\u00adtu\u00admis\u00adkri\u00adtee\u00adri\u00e4, voi hai\u00adta\u00adta k\u00e4yt\u00adt\u00e4\u00adj\u00e4n mah\u00addol\u00adli\u00adsuuk\u00adsia k\u00e4yt\u00adt\u00e4\u00e4 koko si\u00advua, t\u00e4y\u00adtyy kai\u00adken verk\u00adko\u00adsi\u00advun si\u00ads\u00e4l\u00adl\u00f6n (riip\u00adpu\u00admat\u00adta sii\u00adt\u00e4, k\u00e4y\u00adte\u00adt\u00e4\u00e4n\u00adk\u00f6 sit\u00e4 t\u00e4yt\u00adt\u00e4\u00adm\u00e4\u00e4n mui\u00adta on\u00adnis\u00adtu\u00admis\u00adkri\u00adtee\u00adrei\u00adt\u00e4 vai ei) t\u00e4yt\u00adt\u00e4\u00e4 t\u00e4m\u00e4 on\u00adnis\u00adtu\u00admis\u00adkri\u00adtee\u00adri. Kat\u00adso <a href=\"https:\/\/www.w3.org\/Translations\/WCAG20-fi\/#cc5\">oh\u00adjei\u00adden\u00admu\u00adkai\u00adsuu\u00adden vaa\u00adti\u00admus 5: H\u00e4i\u00adri\u00f6t\u00adt\u00f6\u00admyys<\/a>.<\/p>\n<p><em>Huomautus 3<\/em>: si\u00ads\u00e4l\u00adt\u00f6\u00e4, jota oh\u00adjel\u00admis\u00adto ajoit\u00adtain p\u00e4i\u00advit\u00adt\u00e4\u00e4 tai jota oh\u00adja\u00adtaan asia\u00adkas\u00adso\u00advel\u00adluk\u00adsel\u00adle, ei vaa\u00addi\u00adta s\u00e4i\u00adlyt\u00adt\u00e4\u00adm\u00e4\u00e4n tai esit\u00adt\u00e4\u00adm\u00e4\u00e4n tauon tai jat\u00adka\u00admi\u00adsen v\u00e4\u00adlis\u00ads\u00e4 luo\u00adtua tai vas\u00adtaa\u00adno\u00adtet\u00adtua in\u00adfor\u00admaa\u00adtio\u00adta, kos\u00adka t\u00e4m\u00e4 saat\u00adtai\u00adsi olla tek\u00adni\u00adses\u00adti mah\u00addo\u00adton\u00adta ja mo\u00adnes\u00adsa ti\u00adlan\u00adtees\u00adsa har\u00adhaan\u00adjoh\u00adta\u00advaa.<\/p>\n<p><em>Huomautus 4<\/em>: ani\u00admaa\u00adtio\u00adta, joka esiin\u00adtyy osa\u00adna esi\u00adla\u00adtaus\u00advai\u00adhet\u00adta tai vas\u00adtaa\u00advaa, voi\u00addaan pi\u00adt\u00e4\u00e4 olen\u00adnai\u00adse\u00adna, jos ky\u00adsei\u00adsen vai\u00adheen ai\u00adka\u00adna vuo\u00adro\u00advai\u00adku\u00adtus\u00adta ei voi ta\u00adpah\u00adtua ke\u00adnel\u00adle\u00adk\u00e4\u00e4n k\u00e4yt\u00adt\u00e4\u00adjis\u00adt\u00e4 ja jos toi\u00admin\u00adnon edis\u00adty\u00admis\u00adt\u00e4 osoit\u00adta\u00advan ani\u00admaa\u00adtion pois\u00ad j\u00e4t\u00adt\u00e4\u00admi\u00adnen saat\u00adtai\u00adsi h\u00e4\u00adm\u00e4\u00adt\u00e4 k\u00e4yt\u00adt\u00e4\u00adji\u00e4 tai saa\u00adda hei\u00add\u00e4t ajat\u00adte\u00adle\u00admaan, ett\u00e4 si\u00ads\u00e4l\u00adt\u00f6 on j\u00e4\u00adm\u00e4h\u00adt\u00e4\u00adnyt tai vioit\u00adtu\u00adnut.<\/p>\n<p><a href=\"https:\/\/www.w3.org\/Translations\/WCAG20-fi\/#time-limits-pause\">Lue li\u00ads\u00e4\u00e4 W3:n si\u00advuil\u00adta.<\/a><\/p>\n<h2>Ku\u00advaus<\/h2>\n<p>Voi\u00addaan\u00adko au\u00adto\u00admaat\u00adti\u00adses\u00adti k\u00e4yn\u00adnis\u00adty\u00adv\u00e4 liik\u00adku\u00adva, v\u00e4lk\u00adky\u00adv\u00e4 tai vie\u00adri\u00adv\u00e4 si\u00ads\u00e4l\u00adt\u00f6 kes\u00adkeyt\u00adt\u00e4\u00e4, py\u00ads\u00e4yt\u00adt\u00e4\u00e4 tai pii\u00adlot\u00adtaa k\u00e4yt\u00adt\u00e4\u00adj\u00e4n toi\u00admes\u00adta? Poik\u00adkeuk\u00adset:<\/p>\n<ul>\n<li>Kes\u00adto on v\u00e4\u00adhem\u00adm\u00e4n kuin 5 se\u00adkun\u00adtia.<\/li>\n<li>Ky\u00adsees\u00ads\u00e4 ole\u00adva tapa on osa pro\u00adses\u00adsia, joka on si\u00ads\u00e4l\u00adl\u00f6n esit\u00adt\u00e4\u00admi\u00adsen kan\u00adnal\u00adta v\u00e4lt\u00adt\u00e4\u00adm\u00e4\u00adt\u00f6n.<\/li>\n<\/ul>\n<p>Huo\u00admioi\u00adta\u00advaa: t\u00e4m\u00e4 kri\u00adtee\u00adri kos\u00adkee ti\u00adlan\u00adnet\u00adta, jos\u00adsa si\u00ads\u00e4l\u00adt\u00f6 esi\u00adte\u00adt\u00e4\u00e4n rin\u00adnak\u00adkain muun si\u00ads\u00e4l\u00adl\u00f6n kans\u00adsa.<\/p>\n<h2>Mi\u00adten tar\u00adkis\u00adte\u00adtaan<\/h2>\n<p>Esi\u00admer\u00adkit:<\/p>\n<ul>\n<li>Si\u00advul\u00adla on au\u00adto\u00admaat\u00adti\u00adses\u00adti k\u00e4yn\u00adnis\u00adty\u00adv\u00e4 ani\u00admaa\u00adtio, jon\u00adka tar\u00adkoi\u00adtus on esi\u00adtel\u00adl\u00e4 si\u00advuil\u00adla myy\u00adt\u00e4\u00adv\u00e4n tuot\u00adteen toi\u00admin\u00adtaa. Kri\u00adtee\u00adri 2.2.2 t\u00e4yt\u00adtyy, mi\u00adk\u00e4\u00adli ani\u00admaa\u00adtio\u00adso\u00advel\u00adluk\u00adseen on si\u00ads\u00e4l\u00adly\u00adtet\u00adty py\u00ads\u00e4y\u00adt\u00e4-\u00adpai\u00adni\u00adke.<\/li>\n<li>Si\u00advun avaa\u00advien k\u00e4yt\u00adt\u00e4\u00adjien on kat\u00adsot\u00adta\u00adva 15 se\u00adkun\u00adnin mit\u00adtai\u00adnen mai\u00adnos en\u00adnen muun si\u00ads\u00e4l\u00adl\u00f6n la\u00adtaa\u00admis\u00adta. Kos\u00adka kaik\u00adkien k\u00e4yt\u00adt\u00e4\u00adjien on kat\u00adsot\u00adta\u00adva mai\u00adnos ja sit\u00e4 ei esi\u00adte\u00adt\u00e4 rin\u00adnak\u00adkain muun si\u00ads\u00e4l\u00adl\u00f6n kans\u00adsa, kri\u00adtee\u00adri 2.2.2 t\u00e4yt\u00adtyy.<\/li>\n<\/ul>\n\n","protected":false},"excerpt":{"rendered":"<p>Kri\u00adtee\u00adri (taso A) Kaik\u00adki seu\u00adraa\u00advat pi\u00adt\u00e4\u00adv\u00e4t paik\u00adkan\u00adsa liik\u00adku\u00adval\u00adle, vilk\u00adku\u00adval\u00adle, vie\u00adri\u00adv\u00e4l\u00adle tai au\u00adto\u00admaat\u00adti\u00adses\u00adti p\u00e4i\u00advit\u00adty\u00adv\u00e4l\u00adle in\u00adfor\u00admaa\u00adtiol\u00adle: Liikkuva, vilkkuva, vieriv\u00e4: kai\u00adkel\u00adle liik\u00adku\u00adval\u00adle, vilk\u00adku\u00adval\u00adle tai vie\u00adri\u00adv\u00e4l\u00adle in\u00adfor\u00admaa\u00adtiol\u00adle, joka (1) k\u00e4yn\u00adnis\u00adtyy au\u00adto\u00admaat\u00adti\u00adses\u00adti, (2) kes\u00adt\u00e4\u00e4 yli vii\u00adsi se\u00adkun\u00adtia ja (3) esi\u00adte\u00adt\u00e4\u00e4n rin\u00adnak\u00adkain [&hellip;]<span class=\"moretag\">Lue lis\u00e4\u00e4&#8230;<\/span><\/p>\n","protected":false},"author":10,"featured_media":0,"parent":130,"menu_order":0,"comment_status":"closed","ping_status":"closed","template":"","meta":{"_acf_changed":false,"footnotes":""},"class_list":["post-226","page","type-page","status-publish","hentry"],"acf":[],"_links":{"self":[{"href":"https:\/\/papunet.net\/saavutettavuus\/wp-json\/wp\/v2\/pages\/226","targetHints":{"allow":["GET"]}}],"collection":[{"href":"https:\/\/papunet.net\/saavutettavuus\/wp-json\/wp\/v2\/pages"}],"about":[{"href":"https:\/\/papunet.net\/saavutettavuus\/wp-json\/wp\/v2\/types\/page"}],"author":[{"embeddable":true,"href":"https:\/\/papunet.net\/saavutettavuus\/wp-json\/wp\/v2\/users\/10"}],"replies":[{"embeddable":true,"href":"https:\/\/papunet.net\/saavutettavuus\/wp-json\/wp\/v2\/comments?post=226"}],"version-history":[{"count":0,"href":"https:\/\/papunet.net\/saavutettavuus\/wp-json\/wp\/v2\/pages\/226\/revisions"}],"up":[{"embeddable":true,"href":"https:\/\/papunet.net\/saavutettavuus\/wp-json\/wp\/v2\/pages\/130"}],"wp:attachment":[{"href":"https:\/\/papunet.net\/saavutettavuus\/wp-json\/wp\/v2\/media?parent=226"}],"curies":[{"name":"wp","href":"https:\/\/api.w.org\/{rel}","templated":true}]}}