{"id":230,"date":"2022-11-25T13:01:15","date_gmt":"2022-11-25T11:01:15","guid":{"rendered":"https:\/\/papunet.net\/saavutettavuus\/?page_id=230"},"modified":"2023-01-19T14:06:02","modified_gmt":"2023-01-19T12:06:02","slug":"2-2-6-aikakatkaisut","status":"publish","type":"page","link":"https:\/\/papunet.net\/saavutettavuus\/ohjeita-ja-oppaita\/teknisen-saavutettavuuden-ohjeet-wcag\/wcag-2-2-saavutettavuusohjeet\/2-2-6-aikakatkaisut\/","title":{"rendered":"2.2.6 Aikakatkaisut"},"content":{"rendered":"\n<h2>Kri\u00adtee\u00adri (taso AAA)<\/h2>\n<p>K\u00e4yt\u00adt\u00e4\u00adji\u00e4 va\u00adroi\u00adte\u00adtaan, jos k\u00e4yt\u00adt\u00e4\u00adj\u00e4n tie\u00adto\u00adja voi ka\u00addo\u00adta k\u00e4yt\u00adt\u00e4\u00adj\u00e4n inak\u00adtii\u00advi\u00adsuu\u00adden seu\u00adrauk\u00adse\u00adna, pait\u00adsi jos tie\u00adto\u00adja s\u00e4i\u00adly\u00adte\u00adt\u00e4\u00e4n yli 20 tun\u00adtia sen j\u00e4l\u00adkeen, kun k\u00e4yt\u00adt\u00e4\u00adj\u00e4 ei tee mi\u00adt\u00e4\u00e4n.<\/p>\n<p>Huo\u00admau\u00adtus: Tie\u00adto\u00adsuo\u00adja\u00ads\u00e4\u00e4n\u00adn\u00f6k\u00adset saat\u00adta\u00advat vaa\u00adtia k\u00e4yt\u00adt\u00e4\u00adj\u00e4n ni\u00admen\u00adomai\u00adsen suos\u00adtu\u00admuk\u00adsen en\u00adnen kuin k\u00e4yt\u00adt\u00e4\u00adj\u00e4n tun\u00adnis\u00adte\u00adtie\u00addot on to\u00adden\u00adnet\u00adtu ja en\u00adnen k\u00e4yt\u00adt\u00e4\u00adj\u00e4n tie\u00adto\u00adjen tal\u00adlen\u00adta\u00admis\u00adta. Useim\u00admis\u00adsa oi\u00adkeus\u00adk\u00e4y\u00adt\u00e4n\u00adn\u00f6is\u00ads\u00e4, val\u00adtiois\u00adsa tai hal\u00adlin\u00adtoa\u00adlueil\u00adla ni\u00admen\u00adomais\u00adta suos\u00adtu\u00admus\u00adta ei voi\u00adda siir\u00adt\u00e4\u00e4 toi\u00adsel\u00adle hen\u00adki\u00adl\u00f6l\u00adle, mi\u00adk\u00e4\u00adli k\u00e4yt\u00adt\u00e4\u00adj\u00e4 on alai\u00adk\u00e4i\u00adnen. Kun k\u00e4yt\u00adt\u00e4\u00adj\u00e4n tie\u00adto\u00adjen tal\u00adlen\u00adta\u00admis\u00adta har\u00adki\u00adtaan kei\u00adno\u00adna t\u00e4\u00adm\u00e4n on\u00adnis\u00adtu\u00admis\u00adkri\u00adtee\u00adrin t\u00e4yt\u00adt\u00e4\u00admi\u00adsek\u00adsi, on suo\u00adsi\u00adtel\u00adta\u00advaa hy\u00f6\u00addyn\u00adt\u00e4\u00e4 tie\u00adto\u00adsuo\u00adja-asian\u00adtun\u00adti\u00adjoi\u00adta sek\u00e4 lai\u00adno\u00adpil\u00adlis\u00adta neu\u00advon\u00adtaa.<\/p>\n<h2>Ku\u00advaus<\/h2>\n<p>K\u00e4yt\u00adt\u00e4\u00adj\u00e4l\u00adle tu\u00adlee il\u00admoit\u00adtaa, mi\u00adk\u00e4\u00adli h\u00e4\u00adnen sy\u00f6t\u00adt\u00e4\u00adm\u00e4n\u00ads\u00e4 tie\u00addot voi\u00advat ka\u00addo\u00adta, jos si\u00advus\u00adtoa ei k\u00e4y\u00adt\u00e4 tie\u00adtyn ai\u00adka\u00adra\u00adjan si\u00ads\u00e4l\u00adl\u00e4. Usein si\u00ads\u00e4\u00e4n\u00adkir\u00adjau\u00adtu\u00admi\u00adnen on voi\u00admas\u00adsa tie\u00adtyn ajan ja kat\u00adke\u00adaa au\u00adto\u00admaat\u00adti\u00adses\u00adti, jon\u00adka j\u00e4l\u00adkeen tal\u00adlen\u00adta\u00admat\u00adto\u00admat tie\u00addot me\u00adne\u00adte\u00adt\u00e4\u00e4n. T\u00e4m\u00e4 t\u00e4y\u00adtyi\u00adsi teh\u00add\u00e4 k\u00e4yt\u00adt\u00e4\u00adj\u00e4l\u00adle sel\u00adv\u00e4k\u00adsi en\u00adnen ai\u00adka\u00adra\u00adjan um\u00adpeu\u00adtu\u00admis\u00adta.<\/p>\n<p>T\u00e4m\u00e4 kri\u00adtee\u00adri hy\u00f6\u00addyt\u00adt\u00e4\u00e4 esi\u00admer\u00adkik\u00adsi hen\u00adki\u00adl\u00f6i\u00adt\u00e4, joil\u00adla on kog\u00adni\u00adtii\u00advi\u00adsia tai mo\u00adto\u00adri\u00adsia ra\u00adjoit\u00adtei\u00adta ja toi\u00admin\u00adto\u00adjen suo\u00adrit\u00adta\u00admi\u00adnen saat\u00adtaa kes\u00adt\u00e4\u00e4 pi\u00addem\u00adp\u00e4\u00e4n.<\/p>\n<h2>Mi\u00adten tar\u00adkis\u00adte\u00adtaan<\/h2>\n<p>Jos si\u00advus\u00adtol\u00adla on mah\u00addol\u00adli\u00adsuus tal\u00adlen\u00adtaa tie\u00adtoa, anna si\u00advus\u00adton olla pit\u00adk\u00e4\u00e4n auki ja tar\u00adkis\u00adta, onko k\u00e4y\u00adt\u00f6s\u00ads\u00e4 ai\u00adka\u00adra\u00adja tie\u00adto\u00adjen tal\u00adlen\u00adta\u00admi\u00adses\u00adsa ja tu\u00adlee\u00adko ai\u00adka\u00adra\u00adjas\u00adta il\u00admoi\u00adtus k\u00e4yt\u00adt\u00e4\u00adj\u00e4l\u00adle.<\/p>\n\n","protected":false},"excerpt":{"rendered":"<p>Kri\u00adtee\u00adri (taso AAA) K\u00e4yt\u00adt\u00e4\u00adji\u00e4 va\u00adroi\u00adte\u00adtaan, jos k\u00e4yt\u00adt\u00e4\u00adj\u00e4n tie\u00adto\u00adja voi ka\u00addo\u00adta k\u00e4yt\u00adt\u00e4\u00adj\u00e4n inak\u00adtii\u00advi\u00adsuu\u00adden seu\u00adrauk\u00adse\u00adna, pait\u00adsi jos tie\u00adto\u00adja s\u00e4i\u00adly\u00adte\u00adt\u00e4\u00e4n yli 20 tun\u00adtia sen j\u00e4l\u00adkeen, kun k\u00e4yt\u00adt\u00e4\u00adj\u00e4 ei tee mi\u00adt\u00e4\u00e4n. Huo\u00admau\u00adtus: Tie\u00adto\u00adsuo\u00adja\u00ads\u00e4\u00e4n\u00adn\u00f6k\u00adset saat\u00adta\u00advat vaa\u00adtia k\u00e4yt\u00adt\u00e4\u00adj\u00e4n ni\u00admen\u00adomai\u00adsen suos\u00adtu\u00admuk\u00adsen en\u00adnen kuin [&hellip;]<span class=\"moretag\">Lue lis\u00e4\u00e4&#8230;<\/span><\/p>\n","protected":false},"author":10,"featured_media":0,"parent":130,"menu_order":0,"comment_status":"closed","ping_status":"closed","template":"","meta":{"_acf_changed":false,"footnotes":""},"class_list":["post-230","page","type-page","status-publish","hentry"],"acf":[],"_links":{"self":[{"href":"https:\/\/papunet.net\/saavutettavuus\/wp-json\/wp\/v2\/pages\/230","targetHints":{"allow":["GET"]}}],"collection":[{"href":"https:\/\/papunet.net\/saavutettavuus\/wp-json\/wp\/v2\/pages"}],"about":[{"href":"https:\/\/papunet.net\/saavutettavuus\/wp-json\/wp\/v2\/types\/page"}],"author":[{"embeddable":true,"href":"https:\/\/papunet.net\/saavutettavuus\/wp-json\/wp\/v2\/users\/10"}],"replies":[{"embeddable":true,"href":"https:\/\/papunet.net\/saavutettavuus\/wp-json\/wp\/v2\/comments?post=230"}],"version-history":[{"count":0,"href":"https:\/\/papunet.net\/saavutettavuus\/wp-json\/wp\/v2\/pages\/230\/revisions"}],"up":[{"embeddable":true,"href":"https:\/\/papunet.net\/saavutettavuus\/wp-json\/wp\/v2\/pages\/130"}],"wp:attachment":[{"href":"https:\/\/papunet.net\/saavutettavuus\/wp-json\/wp\/v2\/media?parent=230"}],"curies":[{"name":"wp","href":"https:\/\/api.w.org\/{rel}","templated":true}]}}